{"id":3813,"date":"2013-09-06T11:07:50","date_gmt":"2013-09-06T08:07:50","guid":{"rendered":"http:\/\/regilaulik.folklore.ee\/virumaa\/?page_id=3813"},"modified":"2015-11-25T16:45:41","modified_gmt":"2015-11-25T14:45:41","slug":"lauludega-mangud","status":"publish","type":"page","link":"https:\/\/regilaulik.folklore.ee\/idavirumaa\/ilmaring\/laulumangud\/lauludega-mangud\/","title":{"rendered":"Lauludega m\u00e4ngud"},"content":{"rendered":"<p>&nbsp;<\/p>\n<p>&nbsp;<\/p>\n<p>__________________________________________________________<\/p>\n<h2 class=\"post-to-page-title\">.<\/h2>\n<div class=\"post-to-page-content\">\n<\/div>\n<span class=\"post-to-page-image\"><a href=\"https:\/\/regilaulik.folklore.ee\/idavirumaa\/blog\/2015\/12\/14\/10543\/\"><\/a><\/span>\n<span class=\"post-to-page-readmore\"><a href=\"https:\/\/regilaulik.folklore.ee\/idavirumaa\/blog\/2015\/12\/14\/10543\/\">Read more...<\/a><\/span>\n<span class=\"post-to-page-comment-count\">0 comments<\/span>\n<hr class=\"post-to-page-separator\" \/>\n<h2 class=\"post-to-page-title\">__L e i n a m \u00e4 n g__<\/h2>\n<div class=\"post-to-page-content\">\n<\/div>\n<span class=\"post-to-page-image\"><a href=\"https:\/\/regilaulik.folklore.ee\/idavirumaa\/blog\/2015\/12\/14\/__l-e-i-n-a-m-a-n-g__\/\"><\/a><\/span>\n<span class=\"post-to-page-readmore\"><a href=\"https:\/\/regilaulik.folklore.ee\/idavirumaa\/blog\/2015\/12\/14\/__l-e-i-n-a-m-a-n-g__\/\">Read more...<\/a><\/span>\n<span class=\"post-to-page-comment-count\">0 comments<\/span>\n<hr class=\"post-to-page-separator\" \/>\n<h2 class=\"post-to-page-title\">1. LEINA, LEINA, NEITSIKENE (Vai) (Vai 75)<\/h2>\n<div class=\"post-to-page-content\">\n<h5 style=\"padding-left: 30px;\">Leinam\u00e4ng<\/h5>\n<h5 style=\"text-align: right;\"><em>Vaivara<\/em><\/h5>\n<p style=\"padding-left: 30px;\">x<br \/>\nLEINA, LEINA, NEITSIKENE,<br \/>\nvotta k\u00e4tte leinar\u00e4tti,<br \/>\nk\u00e4tte leinaksed k\u00e4iksed,<br \/>\nv\u00f6\u00f6le leinav\u00f6\u00f6kene,<br \/>\n\u00fcmber leina\u00fcmberiko.<\/p>\n<p style=\"padding-left: 30px;\">Linnast lensi linnukene,<br \/>\nagulista akkikene,<br \/>\npoesasta punane lindu,<br \/>\nNarva linnast nagikene,<br \/>\nse toi toed sonumed:<\/p>\n<p style=\"padding-left: 30px;\">jo sinu is\u00e4 suressa.<br \/>\nIs\u00e4 hauda kaivetie,<br \/>\nis\u00e4 hauda rauda pohja,<br \/>\ns\u00fc\u00fcli \u00fcheks\u00e4 s\u00fcg\u00e4v\u00e4,<br \/>\nk\u00e4si k\u00fc\u00fcn\u00e4r k\u00fcmmenesta &#8211;<br \/>\nsinne siu is\u00e4 maeti.<\/p>\n<p style=\"padding-left: 30px;\">Leina, leina, neitsikene,<br \/>\nvotta k\u00e4tte leinar\u00e4tti,<br \/>\nk\u00e4tte leinaksed k\u00e4iksed,<br \/>\nv\u00f6\u00f6le leinav\u00f6\u00f6kene,<br \/>\n\u00fcmber leina\u00fcmberiko.<\/p>\n<p style=\"padding-left: 30px;\">Linnast lensi linnukene,<br \/>\nagulista akkikene,<br \/>\npoesasta punane lindu,<br \/>\nNarva linnast nagikene,<br \/>\nse toi toed sonumed:<\/p>\n<p style=\"padding-left: 30px;\">jo sinu em\u00e4 suressa.<br \/>\nEm\u00e4 hauda kaivetie,<br \/>\nem\u00e4 hauda rauda pohja,<br \/>\ns\u00fc\u00fcli \u00fcheks\u00e4 s\u00fcg\u00e4v\u00e4,<br \/>\nk\u00e4si ka\u00fcn\u00e4r k\u00fcmmenesta,<br \/>\nsinne siu em\u00e4 maeti.<\/p>\n<p style=\"padding-left: 30px;\">Leina, leina, neitsikene,<br \/>\nvotta k\u00e4tte leinar\u00e4tti,<br \/>\nk\u00e4tte leinaksed k\u00e4iksed,<br \/>\nv\u00f6\u00f6le leinav\u00f6\u00f6kene,<br \/>\n\u00fcmber leina\u00fcmberiko.<\/p>\n<p style=\"padding-left: 30px;\">Linnast lensi linnukene,<br \/>\nagulista akkikene,<br \/>\npoesasta punane lindu,<br \/>\nNarva linnast nagikene,<br \/>\nse toi toed sonumed:<\/p>\n<p style=\"padding-left: 30px;\">jo sinu veli suressa.<br \/>\nVelj\u00e4 hauda kaivetie,<br \/>\nvelj\u00e4 hauda rauda pohja,<br \/>\ns\u00fc\u00fcli \u00fcheks\u00e4 s\u00fcg\u00e4v\u00e4,<br \/>\nk\u00e4si k\u00fc\u00fcn\u00e4r k\u00fcmmenesta,<br \/>\nsinne siu veli maeti.<\/p>\n<p style=\"padding-left: 30px;\">Leina, leina, neitsikene,<br \/>\nvotta k\u00e4tte leinar\u00e4tti,<br \/>\nk\u00e4tte leinaksed k\u00e4iksed,<br \/>\nv\u00f6\u00f6le leinav\u00f6\u00f6kene,<br \/>\n\u00fcmber leina\u00fcmberiko.<\/p>\n<p style=\"padding-left: 30px;\">Linnast lensi linnukene,<br \/>\nagulista akkikene,<br \/>\npoesasta punane lindu,<br \/>\nNarva linnast nagikene,<br \/>\nse toi toed sonumed:<\/p>\n<p style=\"padding-left: 30px;\">jo sinu ode suressa.<br \/>\nOe hauda kaivetie,<br \/>\noe hauda hauda pohja,<br \/>\ns\u00fc\u00fcli \u00fcheks\u00e4 s\u00fcg\u00e4v\u00e4,<br \/>\nk\u00e4si k\u00fc\u00fcnar k\u00fcmmenesta,<br \/>\nsinne siu ode maeti.<\/p>\n<p style=\"padding-left: 30px;\">H III 1, 70\/2 (6) &lt; Vaivara khk., V\u00e4ike-Soldina v. &#8211; Helene Kasikow (1888)<\/p>\n<\/div>\nTagged in: <span class=\"post-to-page-tags\"><a href=\"https:\/\/regilaulik.folklore.ee\/idavirumaa\/blog\/tag\/vaivara_\/\">vaivara_<\/a><\/span><span class=\"post-to-page-image\"><a href=\"https:\/\/regilaulik.folklore.ee\/idavirumaa\/blog\/2015\/12\/14\/1-leina-leina-neitsikene-vai-vai-75\/\"><\/a><\/span>\n<span class=\"post-to-page-readmore\"><a href=\"https:\/\/regilaulik.folklore.ee\/idavirumaa\/blog\/2015\/12\/14\/1-leina-leina-neitsikene-vai-vai-75\/\">Read more...<\/a><\/span>\n<span class=\"post-to-page-comment-count\">0 comments<\/span>\n<hr class=\"post-to-page-separator\" \/>\n<h2 class=\"post-to-page-title\">.<\/h2>\n<div class=\"post-to-page-content\">\n<\/div>\n<span class=\"post-to-page-image\"><a href=\"https:\/\/regilaulik.folklore.ee\/idavirumaa\/blog\/2015\/12\/14\/10549\/\"><\/a><\/span>\n<span class=\"post-to-page-readmore\"><a href=\"https:\/\/regilaulik.folklore.ee\/idavirumaa\/blog\/2015\/12\/14\/10549\/\">Read more...<\/a><\/span>\n<span class=\"post-to-page-comment-count\">0 comments<\/span>\n<hr class=\"post-to-page-separator\" \/>\n<h2 class=\"post-to-page-title\">.<\/h2>\n<div class=\"post-to-page-content\">\n<\/div>\n<span class=\"post-to-page-image\"><a href=\"https:\/\/regilaulik.folklore.ee\/idavirumaa\/blog\/2015\/12\/14\/10551\/\"><\/a><\/span>\n<span class=\"post-to-page-readmore\"><a href=\"https:\/\/regilaulik.folklore.ee\/idavirumaa\/blog\/2015\/12\/14\/10551\/\">Read more...<\/a><\/span>\n<span class=\"post-to-page-comment-count\">0 comments<\/span>\n<hr class=\"post-to-page-separator\" \/>\n<h2 class=\"post-to-page-title\">.<\/h2>\n<div class=\"post-to-page-content\">\n<\/div>\n<span class=\"post-to-page-image\"><a href=\"https:\/\/regilaulik.folklore.ee\/idavirumaa\/blog\/2015\/12\/14\/10553\/\"><\/a><\/span>\n<span class=\"post-to-page-readmore\"><a href=\"https:\/\/regilaulik.folklore.ee\/idavirumaa\/blog\/2015\/12\/14\/10553\/\">Read more...<\/a><\/span>\n<span class=\"post-to-page-comment-count\">0 comments<\/span>\n<hr class=\"post-to-page-separator\" \/>\n<h2 class=\"post-to-page-title\">.<\/h2>\n<div class=\"post-to-page-content\">\n<\/div>\n<span class=\"post-to-page-image\"><a href=\"https:\/\/regilaulik.folklore.ee\/idavirumaa\/blog\/2015\/12\/14\/10555\/\"><\/a><\/span>\n<span class=\"post-to-page-readmore\"><a href=\"https:\/\/regilaulik.folklore.ee\/idavirumaa\/blog\/2015\/12\/14\/10555\/\">Read more...<\/a><\/span>\n<span class=\"post-to-page-comment-count\">0 comments<\/span>\n<hr class=\"post-to-page-separator\" \/>\n<h2 class=\"post-to-page-title\">.<\/h2>\n<div class=\"post-to-page-content\">\n<\/div>\n<span class=\"post-to-page-image\"><a href=\"https:\/\/regilaulik.folklore.ee\/idavirumaa\/blog\/2015\/12\/14\/10557\/\"><\/a><\/span>\n<span class=\"post-to-page-readmore\"><a href=\"https:\/\/regilaulik.folklore.ee\/idavirumaa\/blog\/2015\/12\/14\/10557\/\">Read more...<\/a><\/span>\n<span class=\"post-to-page-comment-count\">0 comments<\/span>\n<hr class=\"post-to-page-separator\" \/>\n<h2 class=\"post-to-page-title\">__N \u00f5 e l a m \u00e4 n g__<\/h2>\n<div class=\"post-to-page-content\">\n<\/div>\n<span class=\"post-to-page-image\"><a href=\"https:\/\/regilaulik.folklore.ee\/idavirumaa\/blog\/2015\/12\/14\/__n-o-e-l-a-m-a-n-g__\/\"><\/a><\/span>\n<span class=\"post-to-page-readmore\"><a href=\"https:\/\/regilaulik.folklore.ee\/idavirumaa\/blog\/2015\/12\/14\/__n-o-e-l-a-m-a-n-g__\/\">Read more...<\/a><\/span>\n<span class=\"post-to-page-comment-count\">0 comments<\/span>\n<hr class=\"post-to-page-separator\" \/>\n<h2 class=\"post-to-page-title\">1. N\u00d5TKU, N\u00d5TKU, NIULAKENE (Vai) (vai 85)<\/h2>\n<div class=\"post-to-page-content\">\n<h5 style=\"padding-left: 30px;\">N\u00f5elam\u00e4ng<\/h5>\n<h5 style=\"text-align: right;\"><em>Vaivara<\/em><\/h5>\n<p style=\"padding-left: 30px;\">x<br \/>\nN\u00d5TKU, N\u00d5TKU, NIULAKENE,<br \/>\nn\u00f5tku, niula silmakene!<br \/>\nNiula n\u00f5mmeje kadossi,<br \/>\nkanermuie krakssasteli.<\/p>\n<p style=\"padding-left: 30px;\">Ei kadond magadessanna,<br \/>\n\u00f5itssessanna \u00f5llessanna,<br \/>\npeent lina piludessanna,<br \/>\nsuurde raami rakkendessa.<\/p>\n<p style=\"padding-left: 30px;\">L\u00e4hme niula n\u00f5udemaie,<br \/>\nt\u00fctrik teilta, t\u00f5ine meilda,<br \/>\nseppalt seitse ja kaheksa,<br \/>\nkubijalta viisi-kuusi,<br \/>\npappilta paras emanda.<\/p>\n<p style=\"padding-left: 30px;\">H II 37, 75 (6) &lt; Vaivara khk., Kurtna v. &#8211; Marie Treuberg &lt; Leena Selli (1891)<\/p>\n<\/div>\nTagged in: <span class=\"post-to-page-tags\"><a href=\"https:\/\/regilaulik.folklore.ee\/idavirumaa\/blog\/tag\/vaivara_\/\">vaivara_<\/a><\/span><span class=\"post-to-page-image\"><a href=\"https:\/\/regilaulik.folklore.ee\/idavirumaa\/blog\/2015\/12\/14\/1-notku-notku-niulakene-vai-vai-85\/\"><\/a><\/span>\n<span class=\"post-to-page-readmore\"><a href=\"https:\/\/regilaulik.folklore.ee\/idavirumaa\/blog\/2015\/12\/14\/1-notku-notku-niulakene-vai-vai-85\/\">Read more...<\/a><\/span>\n<span class=\"post-to-page-comment-count\">0 comments<\/span>\n<hr class=\"post-to-page-separator\" \/>\n<h2 class=\"post-to-page-title\">.<\/h2>\n<div class=\"post-to-page-content\">\n<\/div>\n<span class=\"post-to-page-image\"><a href=\"https:\/\/regilaulik.folklore.ee\/idavirumaa\/blog\/2015\/12\/14\/10610\/\"><\/a><\/span>\n<span class=\"post-to-page-readmore\"><a href=\"https:\/\/regilaulik.folklore.ee\/idavirumaa\/blog\/2015\/12\/14\/10610\/\">Read more...<\/a><\/span>\n<span class=\"post-to-page-comment-count\">0 comments<\/span>\n<hr class=\"post-to-page-separator\" \/>\n<h2 class=\"post-to-page-title\">.<\/h2>\n<div class=\"post-to-page-content\">\n<\/div>\n<span class=\"post-to-page-image\"><a href=\"https:\/\/regilaulik.folklore.ee\/idavirumaa\/blog\/2015\/12\/14\/10612\/\"><\/a><\/span>\n<span class=\"post-to-page-readmore\"><a href=\"https:\/\/regilaulik.folklore.ee\/idavirumaa\/blog\/2015\/12\/14\/10612\/\">Read more...<\/a><\/span>\n<span class=\"post-to-page-comment-count\">0 comments<\/span>\n<hr class=\"post-to-page-separator\" \/>\n<h2 class=\"post-to-page-title\">.<\/h2>\n<div class=\"post-to-page-content\">\n<\/div>\n<span class=\"post-to-page-image\"><a href=\"https:\/\/regilaulik.folklore.ee\/idavirumaa\/blog\/2015\/12\/14\/10614\/\"><\/a><\/span>\n<span class=\"post-to-page-readmore\"><a href=\"https:\/\/regilaulik.folklore.ee\/idavirumaa\/blog\/2015\/12\/14\/10614\/\">Read more...<\/a><\/span>\n<span class=\"post-to-page-comment-count\">0 comments<\/span>\n<hr class=\"post-to-page-separator\" \/>\n\n","protected":false},"excerpt":{"rendered":"<p>&nbsp; &nbsp; __________________________________________________________<\/p>\n","protected":false},"author":2,"featured_media":0,"parent":921,"menu_order":0,"comment_status":"closed","ping_status":"closed","template":"content-sidebar-page.php","meta":[],"_links":{"self":[{"href":"https:\/\/regilaulik.folklore.ee\/idavirumaa\/wp-json\/wp\/v2\/pages\/3813"}],"collection":[{"href":"https:\/\/regilaulik.folklore.ee\/idavirumaa\/wp-json\/wp\/v2\/pages"}],"about":[{"href":"https:\/\/regilaulik.folklore.ee\/idavirumaa\/wp-json\/wp\/v2\/types\/page"}],"author":[{"embeddable":true,"href":"https:\/\/regilaulik.folklore.ee\/idavirumaa\/wp-json\/wp\/v2\/users\/2"}],"replies":[{"embeddable":true,"href":"https:\/\/regilaulik.folklore.ee\/idavirumaa\/wp-json\/wp\/v2\/comments?post=3813"}],"version-history":[{"count":20,"href":"https:\/\/regilaulik.folklore.ee\/idavirumaa\/wp-json\/wp\/v2\/pages\/3813\/revisions"}],"predecessor-version":[{"id":9057,"href":"https:\/\/regilaulik.folklore.ee\/idavirumaa\/wp-json\/wp\/v2\/pages\/3813\/revisions\/9057"}],"up":[{"embeddable":true,"href":"https:\/\/regilaulik.folklore.ee\/idavirumaa\/wp-json\/wp\/v2\/pages\/921"}],"wp:attachment":[{"href":"https:\/\/regilaulik.folklore.ee\/idavirumaa\/wp-json\/wp\/v2\/media?parent=3813"}],"curies":[{"name":"wp","href":"https:\/\/api.w.org\/{rel}","templated":true}]}}