{"id":626,"date":"2013-07-15T12:36:15","date_gmt":"2013-07-15T09:36:15","guid":{"rendered":"http:\/\/regilaulik.folklore.ee\/virumaa\/?page_id=626"},"modified":"2015-09-07T17:13:59","modified_gmt":"2015-09-07T14:13:59","slug":"hommik","status":"publish","type":"page","link":"https:\/\/regilaulik.folklore.ee\/idavirumaa\/ajaring\/paevast-paeva\/hommik\/","title":{"rendered":"Hommikuhooled"},"content":{"rendered":"<p style=\"text-align: right;\">\n<p style=\"text-align: right;\"><strong><span style=\"font-size: large;\">P\u00e4ev, tule v\u00e4lja!<\/span><\/strong><br \/>\n<strong><span style=\"font-size: large;\"> \u00dcles, k\u00fclarahvas!<\/span><\/strong><br \/>\n<strong><span style=\"font-size: large;\"> Veere, p\u00e4ev!<\/span><\/strong><\/p>\n<p>&nbsp;<\/p>\n<h2 class=\"post-to-page-title\">.<\/h2>\n<div class=\"post-to-page-content\">\n<\/div>\n<span class=\"post-to-page-image\"><a href=\"https:\/\/regilaulik.folklore.ee\/idavirumaa\/blog\/2015\/10\/09\/9242\/\"><\/a><\/span>\n<span class=\"post-to-page-readmore\"><a href=\"https:\/\/regilaulik.folklore.ee\/idavirumaa\/blog\/2015\/10\/09\/9242\/\">Read more...<\/a><\/span>\n<span class=\"post-to-page-comment-count\">0 comments<\/span>\n<hr class=\"post-to-page-separator\" \/>\n<h2 class=\"post-to-page-title\">1. T\u00d5USKE \u00dcLES, PERERAHVAS! (Jh, L\u00fcg)<\/h2>\n<div class=\"post-to-page-content\">\n<h5 style=\"padding-left: 30px;\">\u00dcles, pererahvas!<\/h5>\n<h5 style=\"padding-left: 30px; text-align: right;\"><em>J\u00f5hvi, L\u00fcganuse<\/em><\/h5>\n<p><a href=\"http:\/\/regilaulik.folklore.ee\/idavirumaa\/wp-content\/uploads\/september_5p_touske_yles_1r_.gif\"><img loading=\"lazy\" class=\"alignnone size-full wp-image-11857\" src=\"http:\/\/regilaulik.folklore.ee\/idavirumaa\/wp-content\/uploads\/september_5p_touske_yles_1r_.gif\" alt=\"september_5p_touske_yles_1r_\" width=\"632\" height=\"113\" \/><\/a><\/p>\n<p style=\"padding-left: 30px;\">\u00c4ratamine<\/p>\n<p style=\"padding-left: 30px;\">T\u00d5USKE \u00dcLES, PERERAHVAS,<br \/>\njuba kukk on kuusi lauland,<br \/>\nkani kaarutand kaheksa,<br \/>\njuba sakste s\u00fc\u00f6maaega,<br \/>\njunkurille juomaaega!<\/p>\n<p style=\"padding-left: 30px;\">Viis: Maarja Ots (79 a) (E\u00dcS II 757 (141) &lt; J\u00f5hvi khk, J\u00e4rve v, Kukruse k &#8211; A. Sildnik ja P. Penna, 1909), tekst: Kadri Traaver (62 a) (H II 1, 182 (259) &lt; J\u00f5hvi khk, Toila k &lt; L\u00fcganuse khk &#8211; M. Ostrov ja O. Kallas, 1888).<\/p>\n<\/div>\nTagged in: <span class=\"post-to-page-tags\"><a href=\"https:\/\/regilaulik.folklore.ee\/idavirumaa\/blog\/tag\/johvi_\/\">j\u00f5hvi_<\/a><\/span><span class=\"post-to-page-tags\"><a href=\"https:\/\/regilaulik.folklore.ee\/idavirumaa\/blog\/tag\/luganuse\/\">l\u00fcganuse<\/a><\/span><span class=\"post-to-page-image\"><a href=\"https:\/\/regilaulik.folklore.ee\/idavirumaa\/blog\/2015\/10\/09\/1-touske-ules-pererahvas-jh-lug-v\/\"><\/a><\/span>\n<span class=\"post-to-page-readmore\"><a href=\"https:\/\/regilaulik.folklore.ee\/idavirumaa\/blog\/2015\/10\/09\/1-touske-ules-pererahvas-jh-lug-v\/\">Read more...<\/a><\/span>\n<span class=\"post-to-page-comment-count\">0 comments<\/span>\n<hr class=\"post-to-page-separator\" \/>\n<h2 class=\"post-to-page-title\">2. \u00dcLES, \u00dcLES, K\u00dcLANAESED! (L\u00fcg)<\/h2>\n<div class=\"post-to-page-content\">\n<p><strong>\u00dcles!<\/strong><\/p>\n<p style=\"text-align: right;\"><em><strong>L\u00fcganuse<\/strong><\/em><\/p>\n<p style=\"text-align: left;\"><a href=\"http:\/\/regilaulik.folklore.ee\/idavirumaa\/wp-content\/uploads\/laup_7_yles_1r_.gif\"><img loading=\"lazy\" class=\"alignnone size-full wp-image-11548\" src=\"http:\/\/regilaulik.folklore.ee\/idavirumaa\/wp-content\/uploads\/laup_7_yles_1r_.gif\" alt=\"laup_7_yles_1r_\" width=\"632\" height=\"113\" \/><\/a><\/p>\n<p>\u00dcLES, \u00dcLES, K\u00dcLANAESED,<br \/>\n\u00fcles lehmi l\u00fcpsemaie<br \/>\nkarja v\u00e4lja saatemaie!<br \/>\nTeiste kari kaugella,<br \/>\nmeie kari karjaaedas,<br \/>\nteiste ruunad rakkessa,<br \/>\nmeie ruunad rukkiessa.<br \/>\nTekst: E\u00dcS XII 1445\/7 (37) &lt; L\u00fcganuse khk, J\u00e4rve v, Saka k &#8211; V. Rosenstrauch &lt; Ann Nimvals, 72 a (1915), viis: E\u00dcS XII 1406 (17) &lt; Erra v \u2013 V. Rosenstrauch, Oskar K\u00f6ster &lt; Mai Alasi (1915).<\/p>\n<\/div>\nTagged in: <span class=\"post-to-page-tags\"><a href=\"https:\/\/regilaulik.folklore.ee\/idavirumaa\/blog\/tag\/luganuse_\/\">l\u00fcganuse_<\/a><\/span><span class=\"post-to-page-image\"><a href=\"https:\/\/regilaulik.folklore.ee\/idavirumaa\/blog\/2015\/10\/09\/3-ules-ules-kulanaesed-lug\/\"><\/a><\/span>\n<span class=\"post-to-page-readmore\"><a href=\"https:\/\/regilaulik.folklore.ee\/idavirumaa\/blog\/2015\/10\/09\/3-ules-ules-kulanaesed-lug\/\">Read more...<\/a><\/span>\n<span class=\"post-to-page-comment-count\">0 comments<\/span>\n<hr class=\"post-to-page-separator\" \/>\n<h2 class=\"post-to-page-title\">3. PAISTA, PAISTA, P\u00c4EVAKENE! (Jh)<\/h2>\n<div class=\"post-to-page-content\">\n<h5 style=\"padding-left: 30px;\">P\u00e4evale<\/h5>\n<h5 style=\"padding-left: 30px; text-align: right;\"><em>J\u00f5hvi<\/em><\/h5>\n<p style=\"padding-left: 30px;\"><a href=\"http:\/\/regilaulik.folklore.ee\/idavirumaa\/wp-content\/uploads\/sept_05_paista_paev_1r_.gif\"><img loading=\"lazy\" class=\"alignnone size-full wp-image-11859\" src=\"http:\/\/regilaulik.folklore.ee\/idavirumaa\/wp-content\/uploads\/sept_05_paista_paev_1r_.gif\" alt=\"sept_05_paista_paev_1r_\" width=\"632\" height=\"113\" \/><\/a><br \/>\nPAISTA, PAISTA, P\u00c4EVAKENE,<br \/>\neledaste, ilmakene!<br \/>\nSiis mina tapan tallekese,<br \/>\nIse s\u00fc\u00f6n s\u00fcdamekese,<br \/>\nAnnan sulle sarvekese,<br \/>\npea viskan p\u00e4rna p\u00f5\u00f5sa,<br \/>\nJalad Jaani allikaie,<br \/>\nk\u00f5rvad k\u00f5rtsi katusselle.<\/p>\n<p style=\"padding-left: 30px;\">Viis: E\u00dcS VI, 876 (21) &lt; J\u00f5hvi khk,Voka v, Toila k &#8211; A. Sildnik ja P. Penna &lt;\u00a0Pouliine Teniissen (53 a, s\u00fcnd Ranna Pungerjal Kose k\u00fclas, J\u00f5hvi k kasvanud ja laulud \u00f5ppind, 1909) tekst: Kai M\u00f6lder (Kadri t\u00fctar, 19 a) (H II 1, 461 (627) &lt; J\u00f5hvi khk, Kurtna v &#8211; M. Ostrov ja O. Kallas, 1888).<\/p>\n<\/div>\nTagged in: <span class=\"post-to-page-tags\"><a href=\"https:\/\/regilaulik.folklore.ee\/idavirumaa\/blog\/tag\/johvi_\/\">j\u00f5hvi_<\/a><\/span><span class=\"post-to-page-image\"><a href=\"https:\/\/regilaulik.folklore.ee\/idavirumaa\/blog\/2015\/10\/09\/2-paista-paista-paevakene-jh-v\/\"><\/a><\/span>\n<span class=\"post-to-page-readmore\"><a href=\"https:\/\/regilaulik.folklore.ee\/idavirumaa\/blog\/2015\/10\/09\/2-paista-paista-paevakene-jh-v\/\">Read more...<\/a><\/span>\n<span class=\"post-to-page-comment-count\">0 comments<\/span>\n<hr class=\"post-to-page-separator\" \/>\n<h2 class=\"post-to-page-title\">4. \u00dcLES, REIELE MINIJAD! (Jh)<\/h2>\n<div class=\"post-to-page-content\">\n<h5 style=\"padding-left: 30px;\">\u00dcles, pererahvas!<\/h5>\n<h5 style=\"text-align: right;\"><em>J\u00f5hvi<\/em><\/h5>\n<p style=\"padding-left: 30px;\"><a href=\"http:\/\/regilaulik.folklore.ee\/idavirumaa\/wp-content\/uploads\/sept_52_ules_reiele_-1r_aratus.gif\"><img loading=\"lazy\" class=\"alignnone size-full wp-image-11862\" src=\"http:\/\/regilaulik.folklore.ee\/idavirumaa\/wp-content\/uploads\/sept_52_ules_reiele_-1r_aratus.gif\" alt=\"sept_52_ules_reiele_ 1r_aratus\" width=\"3330\" height=\"600\" \/><\/a><br \/>\n\u00c4ratamine<\/p>\n<p style=\"padding-left: 30px;\">\u00dcLES, REIELE MINIJAD,<br \/>\nk\u00e4lised, k\u00e4sikivile,<br \/>\nvelje naised, veskitiele!<br \/>\nJuba \u00e4ia s\u00fc\u00f6ti \u00e4rjad,<br \/>\njuba \u00e4mma l\u00fcpsi lehmad,<br \/>\nnadu kallis saati karja,<br \/>\nsaati karja kaugeella,<br \/>\nlehmad linna uulitsalle,<br \/>\nvasikad ane pajuje,<br \/>\nkitsed kulda koppelie,<br \/>\nlambad Lauri einamaalle.<\/p>\n<p style=\"padding-left: 30px;\">Viis: Maarja Ots (79 a) (E\u00dcS VI 905 (141) &lt; J\u00f5hvi khk, J\u00e4rve v, Kukruse k &#8211; A. Sildnik ja P. Penna, 1909), tekst: Mari Villmann (63 a) (H II 1, 234 (342) &lt; J\u00f5hvi khk, K\u00e4va k &lt; Kohtla k &#8211; M. Ostrov ja O. Kallas, 1888).<\/p>\n<\/div>\nTagged in: <span class=\"post-to-page-tags\"><a href=\"https:\/\/regilaulik.folklore.ee\/idavirumaa\/blog\/tag\/johvi_\/\">j\u00f5hvi_<\/a><\/span><span class=\"post-to-page-image\"><a href=\"https:\/\/regilaulik.folklore.ee\/idavirumaa\/blog\/2015\/10\/09\/3-ules-reiele-minijad-jh\/\"><\/a><\/span>\n<span class=\"post-to-page-readmore\"><a href=\"https:\/\/regilaulik.folklore.ee\/idavirumaa\/blog\/2015\/10\/09\/3-ules-reiele-minijad-jh\/\">Read more...<\/a><\/span>\n<span class=\"post-to-page-comment-count\">0 comments<\/span>\n<hr class=\"post-to-page-separator\" \/>\n<h2 class=\"post-to-page-title\">5. JUBA N\u00dc\u00dcD VEERE, P\u00c4EVAKENE (L\u00fcg)<\/h2>\n<div class=\"post-to-page-content\">\n<p><strong>Veere, p\u00e4ev!<\/strong><\/p>\n<p style=\"text-align: right;\"><em><strong>L\u00fcganuse<\/strong><\/em><\/p>\n<p style=\"text-align: left;\"><a href=\"http:\/\/regilaulik.folklore.ee\/idavirumaa\/wp-content\/uploads\/sept_8_veere_1r_1.gif\"><img loading=\"lazy\" class=\"alignnone size-full wp-image-11864\" src=\"http:\/\/regilaulik.folklore.ee\/idavirumaa\/wp-content\/uploads\/sept_8_veere_1r_1.gif\" alt=\"sept_8_veere_1r_\" width=\"632\" height=\"113\" \/><\/a><\/p>\n<p>JUBA N\u00dc\u00dcD VEERE, P\u00c4EVAKENE,<br \/>\nalane, jumala aega,<br \/>\nveere saksuje vihale,<br \/>\nkubijuile kuulujuile &#8211;<br \/>\nsaks ei salli p\u00e4evakesta,<br \/>\nsaks ei salli veerevaie,<br \/>\nei isand \u00fclenemaie,<br \/>\nkubjas kuuda tuisevaie,<br \/>\nkilter t\u00e4hti taevaaje.<\/p>\n<p>N\u00f5nda veere, p\u00e4ivikene,<br \/>\nkui mina emasta veerin,<br \/>\narmas veerin audujasta,<br \/>\nkallis veerin kandajasta,<br \/>\nilus imetajasta.<br \/>\nTekst: E\u00dcS XII, 1473 (57) &lt; L\u00fcganuse khk, Erra v &#8211; V. Rosenstrauch &lt; Mai Alasi, 80 a (1915), viis: E\u00dcS XII 1407 (21) &lt; L\u00fcganuse khk, Aruv\u00e4lja k \u2013 V Rosenstrauch, \u00a0Oskar K\u00f6ster &lt; Ann \u00c4rme (1915).<\/p>\n<p>.<\/p>\n<\/div>\nTagged in: <span class=\"post-to-page-tags\"><a href=\"https:\/\/regilaulik.folklore.ee\/idavirumaa\/blog\/tag\/luganuse_\/\">l\u00fcganuse_<\/a><\/span><span class=\"post-to-page-image\"><a href=\"https:\/\/regilaulik.folklore.ee\/idavirumaa\/blog\/2015\/10\/09\/9250\/\"><\/a><\/span>\n<span class=\"post-to-page-readmore\"><a href=\"https:\/\/regilaulik.folklore.ee\/idavirumaa\/blog\/2015\/10\/09\/9250\/\">Read more...<\/a><\/span>\n<span class=\"post-to-page-comment-count\">0 comments<\/span>\n<hr class=\"post-to-page-separator\" \/>\n<h2 class=\"post-to-page-title\">6. JUBA P\u00c4IVE PEIDETIJE (Vai)<\/h2>\n<div class=\"post-to-page-content\">\n<h5 style=\"padding-left: 30px;\">P\u00e4eva peitmine<\/h5>\n<h5 style=\"text-align: right;\"><em>Vaivara<\/em><\/h5>\n<p style=\"padding-left: 30px;\"><a href=\"http:\/\/regilaulik.folklore.ee\/idavirumaa\/wp-content\/uploads\/2r_juba-paiva-peidetie_VAI_88_.gif\"><img loading=\"lazy\" class=\"alignnone size-full wp-image-12724\" src=\"http:\/\/regilaulik.folklore.ee\/idavirumaa\/wp-content\/uploads\/2r_juba-paiva-peidetie_VAI_88_.gif\" alt=\"2r_juba paiva peidetie_VAI_88_\" width=\"632\" height=\"237\" \/><\/a><br \/>\nJUBA P\u00c4IVE PEIDETIJE,<br \/>\nkuu-valu varastetie.<br \/>\nKesse peitas meie p\u00e4ive,<br \/>\nkumb siis kuu-valu varastis?<br \/>\nJeesus peitas meie p\u00e4ive,<br \/>\nMari kuu-valu varastis.<\/p>\n<p style=\"padding-left: 30px;\">Mis saab p\u00e4ive peitajalle,<br \/>\nkuu-valu varastajalle?<br \/>\nAnnan noa nurme-kirja,<br \/>\ntuppe tuuleristi-kirja.<\/p>\n<p style=\"padding-left: 30px;\">Tekst: H II 37, 77\/8 (9) &lt; Vaivara khk, Kurtna v &#8211; Marie Treuberg &lt; Leena Selli (1891); viis: E\u00dcS VI 891 (80) &lt; Illuka v, Kurtna m \u2013 K. Luud, P. Penna &lt; Liina Krasmann (1905).<\/p>\n<\/div>\nTagged in: <span class=\"post-to-page-tags\"><a href=\"https:\/\/regilaulik.folklore.ee\/idavirumaa\/blog\/tag\/vaivara_\/\">vaivara_<\/a><\/span><span class=\"post-to-page-image\"><a href=\"https:\/\/regilaulik.folklore.ee\/idavirumaa\/blog\/2015\/11\/10\/10579\/\"><\/a><\/span>\n<span class=\"post-to-page-readmore\"><a href=\"https:\/\/regilaulik.folklore.ee\/idavirumaa\/blog\/2015\/11\/10\/10579\/\">Read more...<\/a><\/span>\n<span class=\"post-to-page-comment-count\">0 comments<\/span>\n<hr class=\"post-to-page-separator\" \/>\n<h2 class=\"post-to-page-title\">7. S\u00d5\u00d5RI, S\u00d5\u00d5RI, P\u00c4IV\u00c4KENE (L\u00fcg)<\/h2>\n<div class=\"post-to-page-content\">\n<p><strong>Veere p\u00e4ev!<\/strong><\/p>\n<p style=\"text-align: right;\"><em><strong>L\u00fcganuse<\/strong><\/em><\/p>\n<p style=\"text-align: left;\"><a href=\"http:\/\/regilaulik.folklore.ee\/idavirumaa\/wp-content\/uploads\/laup_3_soori_1r_.gif\"><img loading=\"lazy\" class=\"alignnone size-full wp-image-11530\" src=\"http:\/\/regilaulik.folklore.ee\/idavirumaa\/wp-content\/uploads\/laup_3_soori_1r_.gif\" alt=\"laup_3_soori_1r_\" width=\"632\" height=\"113\" \/><\/a><\/p>\n<p>P\u00e4iv\u00e4 laul.<br \/>\nS\u00d5\u00d5RI, S\u00d5\u00d5RI, P\u00c4IV\u00c4KENE,<br \/>\ns\u00f5\u00f5ri, s\u00f5\u00f5ri, l\u00f5\u00f5ri, l\u00f5\u00f5ri,<br \/>\nl\u00f5\u00f5ri, l\u00f5\u00f5ri, keeri, keeri,<br \/>\nl\u00f5\u00f5ri, p\u00e4iv\u00e4, l\u00f5uneelle,<br \/>\nkeeri keske hommikulle,<br \/>\n(siis) saa saksa s\u00f6\u00f6maaiga,<br \/>\nmaamihe magami-aiga,<br \/>\nteomihe tegemi-aiga,<br \/>\nsulas-poiste suigu-aiga,<br \/>\nlinnapoiste liiguaiga,<br \/>\nm\u00f5isapoiste m\u00f5\u00f5duaiga,<br \/>\nkarjalaste kasuaiga!<br \/>\nTekst: Veske 2, 63\/5 &lt; L\u00fcganuse khk &#8211; Mihkel Veske, viis: E\u00dcS VI 880 (38) &lt; V\u00e4ike-Saka k \u2013 August Sildnik, Peeter Penna &lt; Miina Iismann (1909).<\/p>\n<\/div>\nTagged in: <span class=\"post-to-page-tags\"><a href=\"https:\/\/regilaulik.folklore.ee\/idavirumaa\/blog\/tag\/luganuse_\/\">l\u00fcganuse_<\/a><\/span><span class=\"post-to-page-image\"><a href=\"https:\/\/regilaulik.folklore.ee\/idavirumaa\/blog\/2015\/12\/14\/10581\/\"><\/a><\/span>\n<span class=\"post-to-page-readmore\"><a href=\"https:\/\/regilaulik.folklore.ee\/idavirumaa\/blog\/2015\/12\/14\/10581\/\">Read more...<\/a><\/span>\n<span class=\"post-to-page-comment-count\">0 comments<\/span>\n<hr class=\"post-to-page-separator\" \/>\n<h2 class=\"post-to-page-title\">8. PAISTA, PAISTA, P\u00c4IVAKENE (L\u00fcg)<\/h2>\n<div class=\"post-to-page-content\">\n<p><strong>Paista, p\u00e4ev!<\/strong><\/p>\n<p style=\"text-align: right;\"><em><strong>L\u00fcganuse<\/strong><\/em><\/p>\n<p style=\"text-align: left;\"><a href=\"http:\/\/regilaulik.folklore.ee\/idavirumaa\/wp-content\/uploads\/laup_4_paista_1r_.gif\"><img loading=\"lazy\" class=\"alignnone size-full wp-image-11534\" src=\"http:\/\/regilaulik.folklore.ee\/idavirumaa\/wp-content\/uploads\/laup_4_paista_1r_.gif\" alt=\"laup_4_paista_1r_\" width=\"632\" height=\"113\" \/><\/a><\/p>\n<p>PAISTA, PAISTA, P\u00c4IVAKENE,<br \/>\npaista, p\u00e4iva, palavest\u00e4\u00b4,<br \/>\n\u00fcle ilma eredest\u00e4,<br \/>\nkeigis paigus kibedest\u00e4 &#8211;<br \/>\npalavesta parmu aile,<br \/>\nheledest\u00e4 eina aile,<br \/>\nkibedest\u00e4 kiini aile.<br \/>\nSis tulev&#8217; velle vikatille,<br \/>\nnaise loogu v\u00f5ttamaie,<br \/>\ns\u00f5sare saade tegema.<br \/>\nTekst: Veske 2, 67 &lt; L\u00fcganuse khk.? &#8211; Mihkel Weske, viis: E 54129 (3) &lt; Maidla v, Savala k \u2013 Daniel Paurman, J\u00fcri V\u00e4lbe &lt; Jaan Peinman (1921).<\/p>\n<\/div>\nTagged in: <span class=\"post-to-page-tags\"><a href=\"https:\/\/regilaulik.folklore.ee\/idavirumaa\/blog\/tag\/luganuse_\/\">l\u00fcganuse_<\/a><\/span><span class=\"post-to-page-image\"><a href=\"https:\/\/regilaulik.folklore.ee\/idavirumaa\/blog\/2015\/12\/14\/10583\/\"><\/a><\/span>\n<span class=\"post-to-page-readmore\"><a href=\"https:\/\/regilaulik.folklore.ee\/idavirumaa\/blog\/2015\/12\/14\/10583\/\">Read more...<\/a><\/span>\n<span class=\"post-to-page-comment-count\">0 comments<\/span>\n<hr class=\"post-to-page-separator\" \/>\n\n","protected":false},"excerpt":{"rendered":"<p>P\u00e4ev, tule v\u00e4lja! \u00dcles, k\u00fclarahvas! Veere, p\u00e4ev! &nbsp;<\/p>\n","protected":false},"author":2,"featured_media":0,"parent":509,"menu_order":0,"comment_status":"closed","ping_status":"closed","template":"content-sidebar-page.php","meta":[],"_links":{"self":[{"href":"https:\/\/regilaulik.folklore.ee\/idavirumaa\/wp-json\/wp\/v2\/pages\/626"}],"collection":[{"href":"https:\/\/regilaulik.folklore.ee\/idavirumaa\/wp-json\/wp\/v2\/pages"}],"about":[{"href":"https:\/\/regilaulik.folklore.ee\/idavirumaa\/wp-json\/wp\/v2\/types\/page"}],"author":[{"embeddable":true,"href":"https:\/\/regilaulik.folklore.ee\/idavirumaa\/wp-json\/wp\/v2\/users\/2"}],"replies":[{"embeddable":true,"href":"https:\/\/regilaulik.folklore.ee\/idavirumaa\/wp-json\/wp\/v2\/comments?post=626"}],"version-history":[{"count":60,"href":"https:\/\/regilaulik.folklore.ee\/idavirumaa\/wp-json\/wp\/v2\/pages\/626\/revisions"}],"predecessor-version":[{"id":9034,"href":"https:\/\/regilaulik.folklore.ee\/idavirumaa\/wp-json\/wp\/v2\/pages\/626\/revisions\/9034"}],"up":[{"embeddable":true,"href":"https:\/\/regilaulik.folklore.ee\/idavirumaa\/wp-json\/wp\/v2\/pages\/509"}],"wp:attachment":[{"href":"https:\/\/regilaulik.folklore.ee\/idavirumaa\/wp-json\/wp\/v2\/media?parent=626"}],"curies":[{"name":"wp","href":"https:\/\/api.w.org\/{rel}","templated":true}]}}