{"id":638,"date":"2013-07-15T13:05:53","date_gmt":"2013-07-15T10:05:53","guid":{"rendered":"http:\/\/regilaulik.folklore.ee\/virumaa\/?page_id=638"},"modified":"2015-11-25T16:42:01","modified_gmt":"2015-11-25T14:42:01","slug":"talv","status":"publish","type":"page","link":"https:\/\/regilaulik.folklore.ee\/idavirumaa\/ajaring\/kalendrilaulud\/talv\/","title":{"rendered":"Tali lium\u00e4el"},"content":{"rendered":"<h2 class=\"post-to-page-title\">.<\/h2>\n<div class=\"post-to-page-content\">\n<\/div>\n<span class=\"post-to-page-image\"><a href=\"https:\/\/regilaulik.folklore.ee\/idavirumaa\/blog\/2015\/11\/21\/10117\/\"><\/a><\/span>\n<span class=\"post-to-page-readmore\"><a href=\"https:\/\/regilaulik.folklore.ee\/idavirumaa\/blog\/2015\/11\/21\/10117\/\">Read more...<\/a><\/span>\n<span class=\"post-to-page-comment-count\">0 comments<\/span>\n<hr class=\"post-to-page-separator\" \/>\n<h2 class=\"post-to-page-title\">__V a s t l a l a u l u d__<\/h2>\n<div class=\"post-to-page-content\">\n<\/div>\n<span class=\"post-to-page-image\"><a href=\"https:\/\/regilaulik.folklore.ee\/idavirumaa\/blog\/2015\/11\/21\/__v-a-s-t-l-a-l-a-u-l-u-d__\/\"><\/a><\/span>\n<span class=\"post-to-page-readmore\"><a href=\"https:\/\/regilaulik.folklore.ee\/idavirumaa\/blog\/2015\/11\/21\/__v-a-s-t-l-a-l-a-u-l-u-d__\/\">Read more...<\/a><\/span>\n<span class=\"post-to-page-comment-count\">0 comments<\/span>\n<hr class=\"post-to-page-separator\" \/>\n<h2 class=\"post-to-page-title\">1. LIUGU JA LAUGU (Vai) (V-Vai 17)<\/h2>\n<div class=\"post-to-page-content\">\n<h5 style=\"padding-left: 30px;\">Vastlalaul<\/h5>\n<h5 style=\"text-align: right;\"><em>Vaivara<\/em><\/h5>\n<p style=\"padding-left: 30px;\">x<br \/>\nLiugu laul.<\/p>\n<p style=\"padding-left: 30px;\">LIUGU JA LAUGU,<br \/>\nlinad pikkad liugujalle,<br \/>\ntutrad tuas istujalle,<br \/>\ntakkud taga t\u00f5ukajalle!<\/p>\n<p style=\"padding-left: 30px;\">Kes ei tule liugumaie,<br \/>\nkaski kasvab kaela peale,<br \/>\nniinepuu nisade peale,<br \/>\n\u00f5unapuu \u00f5lade peale,<br \/>\nvahter k\u00e4evarre peale,<br \/>\nk\u00fcrnap&#8217; kasvab k\u00fclle peale,<br \/>\npihlakas pia-laele. &#8211;<\/p>\n<p style=\"padding-left: 30px;\">E 40973 (4) &lt; Vaivara, Samokrassi &#8211; Friedrich Feldbach (1901).<\/p>\n<\/div>\nTagged in: <span class=\"post-to-page-tags\"><a href=\"https:\/\/regilaulik.folklore.ee\/idavirumaa\/blog\/tag\/vaivara_\/\">vaivara_<\/a><\/span><span class=\"post-to-page-image\"><a href=\"https:\/\/regilaulik.folklore.ee\/idavirumaa\/blog\/2015\/11\/21\/1-liugu-ja-laugu-vai-v-vai-17\/\"><\/a><\/span>\n<span class=\"post-to-page-readmore\"><a href=\"https:\/\/regilaulik.folklore.ee\/idavirumaa\/blog\/2015\/11\/21\/1-liugu-ja-laugu-vai-v-vai-17\/\">Read more...<\/a><\/span>\n<span class=\"post-to-page-comment-count\">0 comments<\/span>\n<hr class=\"post-to-page-separator\" \/>\n<h2 class=\"post-to-page-title\">2. LIUGE, LAUGE! (Vai) (V_Vai 48)<\/h2>\n<div class=\"post-to-page-content\">\n<h5 style=\"padding-left: 30px;\">Vastlalaul<\/h5>\n<h5 style=\"text-align: right;\"><em>Vaivara<\/em><\/h5>\n<p style=\"text-align: left; padding-left: 30px;\">x<br \/>\nLIUGE, LAUGE!<br \/>\nLinad pitkad liugujalle,<br \/>\ntakud taga jooksijalle,<br \/>\ntutrad tua(s) istujalle!<\/p>\n<p style=\"text-align: left; padding-left: 30px;\">H II 1, 35 (43) &lt; Vaivara khk., Peeterristi k. &#8211; M. Ostrov ja O. Kallas &lt; Leena Kaev, 60 a., Leena Nirgiga \u00fches toas elamas. (1888).<\/p>\n<\/div>\nTagged in: <span class=\"post-to-page-tags\"><a href=\"https:\/\/regilaulik.folklore.ee\/idavirumaa\/blog\/tag\/vaivara_\/\">vaivara_<\/a><\/span><span class=\"post-to-page-image\"><a href=\"https:\/\/regilaulik.folklore.ee\/idavirumaa\/blog\/2015\/12\/03\/10284\/\"><\/a><\/span>\n<span class=\"post-to-page-readmore\"><a href=\"https:\/\/regilaulik.folklore.ee\/idavirumaa\/blog\/2015\/12\/03\/10284\/\">Read more...<\/a><\/span>\n<span class=\"post-to-page-comment-count\">0 comments<\/span>\n<hr class=\"post-to-page-separator\" \/>\n<h2 class=\"post-to-page-title\">.<\/h2>\n<div class=\"post-to-page-content\">\n<\/div>\n<span class=\"post-to-page-image\"><a href=\"https:\/\/regilaulik.folklore.ee\/idavirumaa\/blog\/2015\/12\/14\/10503\/\"><\/a><\/span>\n<span class=\"post-to-page-readmore\"><a href=\"https:\/\/regilaulik.folklore.ee\/idavirumaa\/blog\/2015\/12\/14\/10503\/\">Read more...<\/a><\/span>\n<span class=\"post-to-page-comment-count\">0 comments<\/span>\n<hr class=\"post-to-page-separator\" \/>\n<h2 class=\"post-to-page-title\">.<\/h2>\n<div class=\"post-to-page-content\">\n<\/div>\n<span class=\"post-to-page-image\"><a href=\"https:\/\/regilaulik.folklore.ee\/idavirumaa\/blog\/2015\/12\/14\/10505\/\"><\/a><\/span>\n<span class=\"post-to-page-readmore\"><a href=\"https:\/\/regilaulik.folklore.ee\/idavirumaa\/blog\/2015\/12\/14\/10505\/\">Read more...<\/a><\/span>\n<span class=\"post-to-page-comment-count\">0 comments<\/span>\n<hr class=\"post-to-page-separator\" \/>\n<h2 class=\"post-to-page-title\">.<\/h2>\n<div class=\"post-to-page-content\">\n<\/div>\n<span class=\"post-to-page-image\"><a href=\"https:\/\/regilaulik.folklore.ee\/idavirumaa\/blog\/2015\/12\/14\/10507\/\"><\/a><\/span>\n<span class=\"post-to-page-readmore\"><a href=\"https:\/\/regilaulik.folklore.ee\/idavirumaa\/blog\/2015\/12\/14\/10507\/\">Read more...<\/a><\/span>\n<span class=\"post-to-page-comment-count\">0 comments<\/span>\n<hr class=\"post-to-page-separator\" \/>\n<h2 class=\"post-to-page-title\">.<\/h2>\n<div class=\"post-to-page-content\">\n<\/div>\n<span class=\"post-to-page-image\"><a href=\"https:\/\/regilaulik.folklore.ee\/idavirumaa\/blog\/2015\/12\/14\/10509\/\"><\/a><\/span>\n<span class=\"post-to-page-readmore\"><a href=\"https:\/\/regilaulik.folklore.ee\/idavirumaa\/blog\/2015\/12\/14\/10509\/\">Read more...<\/a><\/span>\n<span class=\"post-to-page-comment-count\">0 comments<\/span>\n<hr class=\"post-to-page-separator\" \/>\n<h2 class=\"post-to-page-title\">.<\/h2>\n<div class=\"post-to-page-content\">\n<\/div>\n<span class=\"post-to-page-image\"><a href=\"https:\/\/regilaulik.folklore.ee\/idavirumaa\/blog\/2015\/12\/14\/10511\/\"><\/a><\/span>\n<span class=\"post-to-page-readmore\"><a href=\"https:\/\/regilaulik.folklore.ee\/idavirumaa\/blog\/2015\/12\/14\/10511\/\">Read more...<\/a><\/span>\n<span class=\"post-to-page-comment-count\">0 comments<\/span>\n<hr class=\"post-to-page-separator\" \/>\n<h2 class=\"post-to-page-title\">__V a s t l a s a n d i d__<\/h2>\n<div class=\"post-to-page-content\">\n<\/div>\n<span class=\"post-to-page-image\"><a href=\"https:\/\/regilaulik.folklore.ee\/idavirumaa\/blog\/2015\/12\/14\/__v-a-s-t-l-a-s-a-n-d-i-d__\/\"><\/a><\/span>\n<span class=\"post-to-page-readmore\"><a href=\"https:\/\/regilaulik.folklore.ee\/idavirumaa\/blog\/2015\/12\/14\/__v-a-s-t-l-a-s-a-n-d-i-d__\/\">Read more...<\/a><\/span>\n<span class=\"post-to-page-comment-count\">0 comments<\/span>\n<hr class=\"post-to-page-separator\" \/>\n<h2 class=\"post-to-page-title\">1. REIE, REIE, VASSELAME (Vai)<\/h2>\n<div class=\"post-to-page-content\">\n<h5 style=\"padding-left: 30px;\">Vastlasantide laul<\/h5>\n<h5 style=\"text-align: right;\"><em>Vaivara<\/em><\/h5>\n<p style=\"padding-left: 30px;\"><a href=\"http:\/\/regilaulik.folklore.ee\/idavirumaa\/wp-content\/uploads\/1r_reiereievaselame_vai_72_.gif\"><img loading=\"lazy\" class=\"alignnone size-full wp-image-12667\" src=\"http:\/\/regilaulik.folklore.ee\/idavirumaa\/wp-content\/uploads\/1r_reiereievaselame_vai_72_.gif\" alt=\"1r_reiereievaselame_vai_72_\" width=\"632\" height=\"113\" \/><\/a><br \/>\nREIE, REIE, VASSELAME,<br \/>\nvaslamed vasesa k\u00e4iv\u00e4d,<br \/>\nhobe-elnissa helisod,<br \/>\nkulda-keedisa kelisod.<\/p>\n<p style=\"padding-left: 30px;\">Peremees, peremehike,<br \/>\nperenaine, naisukaine,<br \/>\nj\u00e4\u00e4-sulga sulas-mehike,<br \/>\nmee olen tulnud kaugeelta,<br \/>\n\u00fcle soo, \u00fcle merija,<br \/>\nminu k\u00fc\u00fcned k\u00fclmetavad,<br \/>\nja varbad valu ajavad,<br \/>\nsorme-otsad soitelevad.<\/p>\n<p style=\"padding-left: 30px;\">Mii kingin pereis\u00e4le? &#8211;<br \/>\nMii kingin nelja aita:<br \/>\n\u00fcks on aita odra-aita,<br \/>\ntoine kallis kaura-aita,<br \/>\nkolmas ruuge rukki-aita,<br \/>\nneljas on nisude-aita.<\/p>\n<p style=\"padding-left: 30px;\">Mii kingin pere em\u00e4le?<br \/>\nKuusi lehm\u00e4 l\u00fcpsikule,<br \/>\nsormed voida sotkumaie,<br \/>\nk\u00e4evarred vaalimaie.<\/p>\n<p style=\"padding-left: 30px;\">Mii kingin perepojale?<br \/>\nLauku raana latterie.<br \/>\nLopeb suvi, saab s\u00fcgise,<br \/>\nastub talvi aiga m\u00f6\u00f6da:<br \/>\nsoovin saaja soitamaie,<br \/>\nnaise korgi korvajani.<\/p>\n<p style=\"padding-left: 30px;\">Mii soovin pere t\u00fcd\u00f6le?<br \/>\nLauda t\u00e4ied lambaaida,<br \/>\nlaudad lammaste em\u00e4si.<\/p>\n<p style=\"padding-left: 30px;\">Mii soovin sulas mehele?<br \/>\nPohud t\u00e4ied porsaaida,<br \/>\npohud porsaste em\u00e4si.<\/p>\n<p style=\"padding-left: 30px;\">Peremees, peremehike,<br \/>\nlased minu tubaje tulla,<br \/>\ntoo sije toobikene,<br \/>\nkanna olle-kannukene! &#8211;<br \/>\nJuba jooja kurku kuiva,<br \/>\nlaulija lagi polekse.<\/p>\n<p style=\"padding-left: 30px;\">N\u00fc\u00fcd t\u00e4n\u00e4n pere is\u00e4d\u00e4,<br \/>\nt\u00e4\u00e4lt mulle t\u00e4isi annetie:<br \/>\nperemees, peremehike,<br \/>\nmina lopetan luguda,<br \/>\nsina kaiva karmantuida,<br \/>\nraha taskusta taota. &#8211;<br \/>\nEi mina rahata laula,<br \/>\nsuuden kullata kuluta.<br \/>\nRaha mulle laulamasta,<br \/>\nsuu kulla kulutamasta,<br \/>\npening keele peksamasta.<\/p>\n<p style=\"padding-left: 30px;\">Peremees, peremehike,<br \/>\nn\u00fc\u00fcd hakan mina menema,<br \/>\nMarijaga maad unostan.<\/p>\n<p style=\"padding-left: 30px;\">Ei mee enne teile tule,<br \/>\ntulevala neil ajulla,<br \/>\nteie ovves ollakseni,<br \/>\nteie tuppa tullakseni.<\/p>\n<p style=\"padding-left: 30px;\">Andaks siis Jumalukene,<br \/>\noluveed jokeni joossa,<br \/>\nm\u00e4ed metta m\u00e4ngimaie,<br \/>\nrukkid pino pidosed,<br \/>\nodrad aija arvulised,<br \/>\nkaurad katukse tasased.<\/p>\n<p style=\"padding-left: 30px;\">Aituma pereis\u00e4le,<br \/>\naituma perepojale,<br \/>\naituma peret\u00fcd\u00f6le,<br \/>\naituma sulas-mehele!<\/p>\n<p style=\"padding-left: 30px;\">Tekst: H III 1, 60\/62 (1) &lt; Vaivara khk, V\u00e4ike-Soldina v &#8211; Helene Kasikov (1888); viis: E\u00dcS VI 901 (117) &lt; J\u00f5hvi khk, J\u00e4rve v, K\u00e4va k \u2013 A. Sildnik ja P. Penna &lt; Kristjan Villmann, 83 a. (1909).<\/p>\n<\/div>\nTagged in: <span class=\"post-to-page-tags\"><a href=\"https:\/\/regilaulik.folklore.ee\/idavirumaa\/blog\/tag\/vaivara_\/\">vaivara_<\/a><\/span><span class=\"post-to-page-image\"><a href=\"https:\/\/regilaulik.folklore.ee\/idavirumaa\/blog\/2015\/12\/14\/1-reie-reie-vasselame-vai-vai-72\/\"><\/a><\/span>\n<span class=\"post-to-page-readmore\"><a href=\"https:\/\/regilaulik.folklore.ee\/idavirumaa\/blog\/2015\/12\/14\/1-reie-reie-vasselame-vai-vai-72\/\">Read more...<\/a><\/span>\n<span class=\"post-to-page-comment-count\">0 comments<\/span>\n<hr class=\"post-to-page-separator\" \/>\n\n","protected":false},"excerpt":{"rendered":"","protected":false},"author":2,"featured_media":0,"parent":528,"menu_order":0,"comment_status":"closed","ping_status":"closed","template":"content-sidebar-page.php","meta":[],"_links":{"self":[{"href":"https:\/\/regilaulik.folklore.ee\/idavirumaa\/wp-json\/wp\/v2\/pages\/638"}],"collection":[{"href":"https:\/\/regilaulik.folklore.ee\/idavirumaa\/wp-json\/wp\/v2\/pages"}],"about":[{"href":"https:\/\/regilaulik.folklore.ee\/idavirumaa\/wp-json\/wp\/v2\/types\/page"}],"author":[{"embeddable":true,"href":"https:\/\/regilaulik.folklore.ee\/idavirumaa\/wp-json\/wp\/v2\/users\/2"}],"replies":[{"embeddable":true,"href":"https:\/\/regilaulik.folklore.ee\/idavirumaa\/wp-json\/wp\/v2\/comments?post=638"}],"version-history":[{"count":15,"href":"https:\/\/regilaulik.folklore.ee\/idavirumaa\/wp-json\/wp\/v2\/pages\/638\/revisions"}],"predecessor-version":[{"id":9032,"href":"https:\/\/regilaulik.folklore.ee\/idavirumaa\/wp-json\/wp\/v2\/pages\/638\/revisions\/9032"}],"up":[{"embeddable":true,"href":"https:\/\/regilaulik.folklore.ee\/idavirumaa\/wp-json\/wp\/v2\/pages\/528"}],"wp:attachment":[{"href":"https:\/\/regilaulik.folklore.ee\/idavirumaa\/wp-json\/wp\/v2\/media?parent=638"}],"curies":[{"name":"wp","href":"https:\/\/api.w.org\/{rel}","templated":true}]}}