{"id":649,"date":"2013-07-15T14:57:52","date_gmt":"2013-07-15T11:57:52","guid":{"rendered":"http:\/\/regilaulik.folklore.ee\/virumaa\/?page_id=649"},"modified":"2015-09-07T17:14:21","modified_gmt":"2015-09-07T14:14:21","slug":"ohtu","status":"publish","type":"page","link":"https:\/\/regilaulik.folklore.ee\/idavirumaa\/ajaring\/paevast-paeva\/ohtu\/","title":{"rendered":"\u00d5htuks koju"},"content":{"rendered":"<p style=\"text-align: right;\"><strong><span style=\"font-size: large;\">Karjane ootab \u00f5htut<\/span><\/strong><br \/>\n<strong><span style=\"font-size: large;\"> Karjase s\u00f6\u00f6k<\/span><\/strong><br \/>\n<strong><span style=\"font-size: large;\"> Oma kodu ja kuri kodu<\/span><\/strong><br \/>\n<strong><span style=\"font-size: large;\"> \u00d5htu ja hommik<\/span><\/strong><\/p>\n<p style=\"text-align: right;\">\n<p style=\"text-align: right;\">\n<p>___________________________________________________________<br \/>\n<h2 class=\"post-to-page-title\">.<\/h2>\n<div class=\"post-to-page-content\">\n<\/div>\n<span class=\"post-to-page-image\"><a href=\"https:\/\/regilaulik.folklore.ee\/idavirumaa\/blog\/2015\/10\/09\/9260\/\"><\/a><\/span>\n<span class=\"post-to-page-readmore\"><a href=\"https:\/\/regilaulik.folklore.ee\/idavirumaa\/blog\/2015\/10\/09\/9260\/\">Read more...<\/a><\/span>\n<span class=\"post-to-page-comment-count\">0 comments<\/span>\n<hr class=\"post-to-page-separator\" \/>\n<h2 class=\"post-to-page-title\">1. VEERE, VEERE, P\u00c4IVIKENE! (Jh)<\/h2>\n<div class=\"post-to-page-content\">\n<h5 style=\"padding-left: 30px;\">Veere, p\u00e4ev!<\/h5>\n<h5 style=\"text-align: right;\"><em>J\u00f5hvi<\/em><\/h5>\n<p style=\"padding-left: 30px;\"><a href=\"http:\/\/regilaulik.folklore.ee\/idavirumaa\/wp-content\/uploads\/2r_18veere_paev_laul_1_.gif\"><img loading=\"lazy\" class=\"alignnone size-full wp-image-12073\" src=\"http:\/\/regilaulik.folklore.ee\/idavirumaa\/wp-content\/uploads\/2r_18veere_paev_laul_1_.gif\" alt=\"2r_18veere_paev_laul_1_\" width=\"632\" height=\"237\" \/><\/a><br \/>\nVEERE, VEERE, P\u00c4IVIKENE,<br \/>\nkulu, kulla tunnikene,<br \/>\n\u00f5ilu, \u00f5htapoolekene!<br \/>\nVeere puie, punane,<br \/>\naabalatva, anine,<br \/>\nkaselatva, kaunikene,<br \/>\nlepalatva linnukene!<\/p>\n<p style=\"padding-left: 30px;\">Veere orja \u00f5htaaie,<br \/>\np\u00e4ivilise p\u00e4\u00e4le p\u00f5llu!<br \/>\nOri ootab \u00f5htukesta,<br \/>\np\u00e4iviline p\u00e4ivaveeru,<br \/>\nsulane suve uluma (?).<br \/>\nOri saaneb orja palga,<br \/>\np\u00e4iviline p\u00e4iva palga,<br \/>\nmida mulle &#8211; ei midagi,<br \/>\nkeda mulle &#8211; ei kedagi!<\/p>\n<p style=\"padding-left: 30px;\">Mieled pahad paisetasse,<br \/>\ns\u00f5nad alvad annetasse &#8211;<br \/>\nsie saan vaene vaevastagi,<br \/>\npardikene palgastagi.<\/p>\n<p style=\"padding-left: 30px;\">Tekst: H II 1, 558 (728) &lt; Iisaku khk, Kurtna v, Sootaga k &#8211; M. Ostrov,\u00a0 O. Kallas &lt; Liisu P\u00f5dram, 72 a (1888); viis: E\u00dcS VI 891 80 &lt; Illuka v, Kurtna m \u2013 K.\u00a0 Luud, P. Penna &lt; Liina Krasmann (1905).<\/p>\n<\/div>\nTagged in: <span class=\"post-to-page-tags\"><a href=\"https:\/\/regilaulik.folklore.ee\/idavirumaa\/blog\/tag\/johvi_\/\">j\u00f5hvi_<\/a><\/span><span class=\"post-to-page-image\"><a href=\"https:\/\/regilaulik.folklore.ee\/idavirumaa\/blog\/2015\/10\/09\/1-veere-veere-paivikene-jh-v\/\"><\/a><\/span>\n<span class=\"post-to-page-readmore\"><a href=\"https:\/\/regilaulik.folklore.ee\/idavirumaa\/blog\/2015\/10\/09\/1-veere-veere-paivikene-jh-v\/\">Read more...<\/a><\/span>\n<span class=\"post-to-page-comment-count\">0 comments<\/span>\n<hr class=\"post-to-page-separator\" \/>\n<h2 class=\"post-to-page-title\">2. VIERE, VIERE, P\u00c4IVIKENE! (Jh)<\/h2>\n<div class=\"post-to-page-content\">\n<h5 style=\"padding-left: 30px;\">Veere, p\u00e4ev!<\/h5>\n<h5 style=\"text-align: right;\"><em>J\u00f5hvi<\/em><\/h5>\n<p style=\"padding-left: 30px;\"><a href=\"http:\/\/regilaulik.folklore.ee\/idavirumaa\/wp-content\/uploads\/2r_19veere_paev_laul_2_.gif\"><img loading=\"lazy\" class=\"alignnone size-full wp-image-12075\" src=\"http:\/\/regilaulik.folklore.ee\/idavirumaa\/wp-content\/uploads\/2r_19veere_paev_laul_2_.gif\" alt=\"2r_19veere_paev_laul_2_\" width=\"632\" height=\"237\" \/><\/a><br \/>\nVIERE, VIERE, P\u00c4IVIKENE,<br \/>\n\u00f5ilu, \u00f5htupoolekene,<br \/>\nmina l\u00f5ppin l\u00f5unet s\u00fc\u00fca,<br \/>\nl\u00f5ppin l\u00f5uneta pidada.<br \/>\nN\u00fc\u00fcd mina oodan \u00f5htakesta,<br \/>\nt\u00f5ivun t\u00f5ista p\u00e4ivikesta.<br \/>\nMis on \u00f5htast oodamista,<br \/>\nt\u00f5isest p\u00e4ivast t\u00f5ivumista?<br \/>\nSaks ei salli p\u00e4iva vieru,<br \/>\nkupjas kuud ei t\u00f5isemaie,<br \/>\nkilter t\u00e4hti taivaaie.<br \/>\nN\u00fc\u00fcd on kohus kodu minna,<br \/>\naig on matkata majaje.<br \/>\nTielle, tetred, kuoje (1), kotkad,<br \/>\narule, aned madalad,<br \/>\npessa, piened linnukesed!<\/p>\n<p style=\"padding-left: 30px;\">1 kodu (?)<\/p>\n<p style=\"padding-left: 30px;\">Tekst: H II 1, 194 (287) &lt; J\u00f5hvi khk, Kohtla k &#8211; M. Ostrow O. Kallas &lt; Mari Rawil, 53 a. (1888); viis: E\u00dcS VI 892 (83) &lt; J\u00f5hvi khk, M\u00e4etaguse v, Liiva k \u2013 A. Sildnik ja P. Penna &lt; Jakob Ploom, 74 a (1909).<\/p>\n<\/div>\nTagged in: <span class=\"post-to-page-tags\"><a href=\"https:\/\/regilaulik.folklore.ee\/idavirumaa\/blog\/tag\/johvi_\/\">j\u00f5hvi_<\/a><\/span><span class=\"post-to-page-image\"><a href=\"https:\/\/regilaulik.folklore.ee\/idavirumaa\/blog\/2015\/10\/09\/2-viere-viere-paivikene-jh-v\/\"><\/a><\/span>\n<span class=\"post-to-page-readmore\"><a href=\"https:\/\/regilaulik.folklore.ee\/idavirumaa\/blog\/2015\/10\/09\/2-viere-viere-paivikene-jh-v\/\">Read more...<\/a><\/span>\n<span class=\"post-to-page-comment-count\">0 comments<\/span>\n<hr class=\"post-to-page-separator\" \/>\n<h2 class=\"post-to-page-title\">3. VIERE, VIERE, P\u00c4IVIKENE (Jh)<\/h2>\n<div class=\"post-to-page-content\">\n<h5 style=\"padding-left: 30px;\">Veere, p\u00e4ev!<\/h5>\n<h5 style=\"text-align: right;\"><em>J\u00f5hvi<\/em><\/h5>\n<p style=\"padding-left: 30px;\"><a href=\"http:\/\/regilaulik.folklore.ee\/idavirumaa\/wp-content\/uploads\/1r_20veere_paev_laul_3_.gif\"><img loading=\"lazy\" class=\"alignnone size-full wp-image-12077\" src=\"http:\/\/regilaulik.folklore.ee\/idavirumaa\/wp-content\/uploads\/1r_20veere_paev_laul_3_.gif\" alt=\"1r_20veere_paev_laul_3_\" width=\"632\" height=\"113\" \/><\/a><br \/>\nVIERE, VIERE, P\u00c4IVIKENE,<br \/>\n\u00f5ilu, \u00f5htupoolekene!<br \/>\nViere saksuje vihale,<br \/>\nkubijulle kuuluvilla;<br \/>\nsaks ei sallind p\u00e4ivikesta,<br \/>\nsaks ei sallind vierevaida,<br \/>\nisand \u00f6\u00f6d tulemaie,<br \/>\nkupjas kuuda t\u00f5isevaida,<br \/>\nkilter t\u00e4hti taivaalla.<\/p>\n<p style=\"padding-left: 30px;\">Tekst: H II 1, 194 (288) &lt; J\u00f5hvi khk, Kohtla k &#8211; M. Ostrov,\u00a0 O. Kallas &lt; Madli Landsberg, 55 a. (1888); viis: E\u00dcS II 154 (122) &lt; J\u00f5hvi khk, Pagari v, J\u00f5etaguse k \u2013 P. Penna,\u00a0 K Luud &lt; Mari R\u00e4bin, 77 a (1905).<\/p>\n<\/div>\nTagged in: <span class=\"post-to-page-tags\"><a href=\"https:\/\/regilaulik.folklore.ee\/idavirumaa\/blog\/tag\/johvi_\/\">j\u00f5hvi_<\/a><\/span><span class=\"post-to-page-image\"><a href=\"https:\/\/regilaulik.folklore.ee\/idavirumaa\/blog\/2015\/10\/09\/3-viere-viere-paivikene-jh-v\/\"><\/a><\/span>\n<span class=\"post-to-page-readmore\"><a href=\"https:\/\/regilaulik.folklore.ee\/idavirumaa\/blog\/2015\/10\/09\/3-viere-viere-paivikene-jh-v\/\">Read more...<\/a><\/span>\n<span class=\"post-to-page-comment-count\">0 comments<\/span>\n<hr class=\"post-to-page-separator\" \/>\n<h2 class=\"post-to-page-title\">.<\/h2>\n<div class=\"post-to-page-content\">\n<\/div>\n<span class=\"post-to-page-image\"><a href=\"https:\/\/regilaulik.folklore.ee\/idavirumaa\/blog\/2015\/12\/12\/10433\/\"><\/a><\/span>\n<span class=\"post-to-page-readmore\"><a href=\"https:\/\/regilaulik.folklore.ee\/idavirumaa\/blog\/2015\/12\/12\/10433\/\">Read more...<\/a><\/span>\n<span class=\"post-to-page-comment-count\">0 comments<\/span>\n<hr class=\"post-to-page-separator\" \/>\n<h2 class=\"post-to-page-title\">.<\/h2>\n<div class=\"post-to-page-content\">\n<\/div>\n<span class=\"post-to-page-image\"><a href=\"https:\/\/regilaulik.folklore.ee\/idavirumaa\/blog\/2015\/12\/12\/10435\/\"><\/a><\/span>\n<span class=\"post-to-page-readmore\"><a href=\"https:\/\/regilaulik.folklore.ee\/idavirumaa\/blog\/2015\/12\/12\/10435\/\">Read more...<\/a><\/span>\n<span class=\"post-to-page-comment-count\">0 comments<\/span>\n<hr class=\"post-to-page-separator\" \/>\n<h2 class=\"post-to-page-title\">.<\/h2>\n<div class=\"post-to-page-content\">\n<\/div>\n<span class=\"post-to-page-image\"><a href=\"https:\/\/regilaulik.folklore.ee\/idavirumaa\/blog\/2015\/12\/12\/10437\/\"><\/a><\/span>\n<span class=\"post-to-page-readmore\"><a href=\"https:\/\/regilaulik.folklore.ee\/idavirumaa\/blog\/2015\/12\/12\/10437\/\">Read more...<\/a><\/span>\n<span class=\"post-to-page-comment-count\">0 comments<\/span>\n<hr class=\"post-to-page-separator\" \/>\n<h2 class=\"post-to-page-title\">.<\/h2>\n<div class=\"post-to-page-content\">\n<\/div>\n<span class=\"post-to-page-image\"><a href=\"https:\/\/regilaulik.folklore.ee\/idavirumaa\/blog\/2015\/12\/12\/10439\/\"><\/a><\/span>\n<span class=\"post-to-page-readmore\"><a href=\"https:\/\/regilaulik.folklore.ee\/idavirumaa\/blog\/2015\/12\/12\/10439\/\">Read more...<\/a><\/span>\n<span class=\"post-to-page-comment-count\">0 comments<\/span>\n<hr class=\"post-to-page-separator\" \/>\n<h2 class=\"post-to-page-title\">.<\/h2>\n<div class=\"post-to-page-content\">\n<\/div>\n<span class=\"post-to-page-image\"><a href=\"https:\/\/regilaulik.folklore.ee\/idavirumaa\/blog\/2015\/12\/12\/10441\/\"><\/a><\/span>\n<span class=\"post-to-page-readmore\"><a href=\"https:\/\/regilaulik.folklore.ee\/idavirumaa\/blog\/2015\/12\/12\/10441\/\">Read more...<\/a><\/span>\n<span class=\"post-to-page-comment-count\">0 comments<\/span>\n<hr class=\"post-to-page-separator\" \/>\n<h2 class=\"post-to-page-title\">__K o j u__m i n n e s__<\/h2>\n<div class=\"post-to-page-content\">\n<\/div>\n<span class=\"post-to-page-image\"><a href=\"https:\/\/regilaulik.folklore.ee\/idavirumaa\/blog\/2015\/12\/12\/__k-o-j-u__m-i-n-n-e-s__\/\"><\/a><\/span>\n<span class=\"post-to-page-readmore\"><a href=\"https:\/\/regilaulik.folklore.ee\/idavirumaa\/blog\/2015\/12\/12\/__k-o-j-u__m-i-n-n-e-s__\/\">Read more...<\/a><\/span>\n<span class=\"post-to-page-comment-count\">0 comments<\/span>\n<hr class=\"post-to-page-separator\" \/>\n<h2 class=\"post-to-page-title\">1. KOHUS ON KODUJE MINNA (Vai, L\u00fcg)<\/h2>\n<div class=\"post-to-page-content\">\n<h5 style=\"padding-left: 30px;\">Kohus koju minna<\/h5>\n<h5 style=\"text-align: right;\"><em>Vaivara\/L\u00fcganuse<\/em><\/h5>\n<p style=\"padding-left: 30px;\"><a href=\"http:\/\/regilaulik.folklore.ee\/idavirumaa\/wp-content\/uploads\/1_155_kohus_2r_.gif\"><img loading=\"lazy\" class=\"alignnone size-full wp-image-11253\" src=\"http:\/\/regilaulik.folklore.ee\/idavirumaa\/wp-content\/uploads\/1_155_kohus_2r_.gif\" alt=\"1_155_kohus_2r_\" width=\"632\" height=\"237\" \/><\/a><br \/>\nKOHUS ON KODUJE MINNA,<br \/>\naig on akata minema &#8211;<br \/>\njo vilu v\u00e4rava pe\u00e4l,<br \/>\nalla (hall) aja-vitsa pe\u00e4l,<br \/>\nkaste kaevu kaane pe\u00e4l.<\/p>\n<p style=\"padding-left: 30px;\">Ei n\u00e4e koduje minna,<br \/>\nobust uovije ajada,<br \/>\nvarssa varnale siduda,<br \/>\npanna kopli k\u00f5rvikesta,<br \/>\nahelme allikesta,<br \/>\ns\u00fc\u00f6dile siledikesta,<br \/>\nmuru pe\u00e4le mustakesta.<\/p>\n<p style=\"padding-left: 30px;\">Tekst: H II 1, 146 (211) &lt; Vaivara khk, Auvere &#8211; M. Ostrov ja O. Kallas &lt; Mari S\u00fcda, 55 a. L\u00fcganuse khk, Aa m\u00f5isa vallast (1888); viis: KKI, RLH 61:11 (2) L\u00fcganuse k &#8211; Ruth Mirov, \u00dclo Tedre &lt; Maali Kirikmar (1961).<\/p>\n<\/div>\nTagged in: <span class=\"post-to-page-tags\"><a href=\"https:\/\/regilaulik.folklore.ee\/idavirumaa\/blog\/tag\/vaivara_\/\">vaivara_<\/a><\/span><span class=\"post-to-page-image\"><a href=\"https:\/\/regilaulik.folklore.ee\/idavirumaa\/blog\/2015\/12\/12\/1-kohus-on-koduje-minna-vai-v-vai-60\/\"><\/a><\/span>\n<span class=\"post-to-page-readmore\"><a href=\"https:\/\/regilaulik.folklore.ee\/idavirumaa\/blog\/2015\/12\/12\/1-kohus-on-koduje-minna-vai-v-vai-60\/\">Read more...<\/a><\/span>\n<span class=\"post-to-page-comment-count\">0 comments<\/span>\n<hr class=\"post-to-page-separator\" \/>\n<h2 class=\"post-to-page-title\">2. KOHUS ON KODUJE MINNA (L\u00fcg)<\/h2>\n<div class=\"post-to-page-content\">\n<p><strong>Kojumineku laul<\/strong><\/p>\n<p style=\"text-align: right;\"><em><strong>L\u00fcganuse<\/strong><\/em><\/p>\n<p style=\"text-align: left;\"><a href=\"http:\/\/regilaulik.folklore.ee\/idavirumaa\/wp-content\/uploads\/esmasp_kohus_1r_.gif\"><img loading=\"lazy\" class=\"alignnone size-full wp-image-11617\" src=\"http:\/\/regilaulik.folklore.ee\/idavirumaa\/wp-content\/uploads\/esmasp_kohus_1r_.gif\" alt=\"esmasp_kohus_1r_\" width=\"632\" height=\"113\" \/><\/a><\/p>\n<p>KOHUS ON KODUJE MINNA,<br \/>\naig on akata minema &#8211;<br \/>\njo vilu v\u00e4rava pe\u00e4l,<br \/>\n(h)alla aja (aia) vitsa pe\u00e4l,<br \/>\nkaste kaevu kaane pe\u00e4l.<\/p>\n<p>Ei n\u00e4e koduje minna,<br \/>\nobust uovije ajada,<br \/>\nvarssa varnale siduda<br \/>\npanna kopli k\u00f5rvikesta,<br \/>\nahelme allikesta,<br \/>\ns\u00fc\u00f6dile siledikesta,<br \/>\nmuru pe\u00e4le mustakesta.<br \/>\nTekst: H II 1, 146 (211) &lt; Vaivara khk, Auvere k &lt; L\u00fcganuse khk, Aa m\u00f5isa v &#8211; M. Ostrov, O. Kallas &lt; Mari S\u00fcda, 55 a (1888); viis: E\u00dcS VI 872 (2) L\u00fcganuse khk \u2013 August Sildnik, Peeter Penna &lt; Abel Klement (1909).<\/p>\n<\/div>\nTagged in: <span class=\"post-to-page-tags\"><a href=\"https:\/\/regilaulik.folklore.ee\/idavirumaa\/blog\/tag\/luganuse_\/\">l\u00fcganuse_<\/a><\/span><span class=\"post-to-page-image\"><a href=\"https:\/\/regilaulik.folklore.ee\/idavirumaa\/blog\/2018\/08\/27\/2-2\/\"><\/a><\/span>\n<span class=\"post-to-page-readmore\"><a href=\"https:\/\/regilaulik.folklore.ee\/idavirumaa\/blog\/2018\/08\/27\/2-2\/\">Read more...<\/a><\/span>\n<span class=\"post-to-page-comment-count\">0 comments<\/span>\n<hr class=\"post-to-page-separator\" \/>\n<\/p>\n","protected":false},"excerpt":{"rendered":"<p>Karjane ootab \u00f5htut Karjase s\u00f6\u00f6k Oma kodu ja kuri kodu \u00d5htu ja hommik ___________________________________________________________<\/p>\n","protected":false},"author":2,"featured_media":0,"parent":509,"menu_order":0,"comment_status":"closed","ping_status":"closed","template":"content-sidebar-page.php","meta":[],"_links":{"self":[{"href":"https:\/\/regilaulik.folklore.ee\/idavirumaa\/wp-json\/wp\/v2\/pages\/649"}],"collection":[{"href":"https:\/\/regilaulik.folklore.ee\/idavirumaa\/wp-json\/wp\/v2\/pages"}],"about":[{"href":"https:\/\/regilaulik.folklore.ee\/idavirumaa\/wp-json\/wp\/v2\/types\/page"}],"author":[{"embeddable":true,"href":"https:\/\/regilaulik.folklore.ee\/idavirumaa\/wp-json\/wp\/v2\/users\/2"}],"replies":[{"embeddable":true,"href":"https:\/\/regilaulik.folklore.ee\/idavirumaa\/wp-json\/wp\/v2\/comments?post=649"}],"version-history":[{"count":28,"href":"https:\/\/regilaulik.folklore.ee\/idavirumaa\/wp-json\/wp\/v2\/pages\/649\/revisions"}],"predecessor-version":[{"id":9035,"href":"https:\/\/regilaulik.folklore.ee\/idavirumaa\/wp-json\/wp\/v2\/pages\/649\/revisions\/9035"}],"up":[{"embeddable":true,"href":"https:\/\/regilaulik.folklore.ee\/idavirumaa\/wp-json\/wp\/v2\/pages\/509"}],"wp:attachment":[{"href":"https:\/\/regilaulik.folklore.ee\/idavirumaa\/wp-json\/wp\/v2\/media?parent=649"}],"curies":[{"name":"wp","href":"https:\/\/api.w.org\/{rel}","templated":true}]}}