{"id":651,"date":"2013-07-15T14:58:22","date_gmt":"2013-07-15T11:58:22","guid":{"rendered":"http:\/\/regilaulik.folklore.ee\/virumaa\/?page_id=651"},"modified":"2015-09-07T17:14:38","modified_gmt":"2015-09-07T14:14:38","slug":"oo","status":"publish","type":"page","link":"https:\/\/regilaulik.folklore.ee\/idavirumaa\/ajaring\/paevast-paeva\/oo\/","title":{"rendered":"\u00d5htust \u00f6\u00f6sse"},"content":{"rendered":"<p><span style=\"font-size: 14pt;\">\u00d5itsilk\u00e4imine oli kohap\u00e4\u00e4l veel kombeks 60-70 aastat tagasi.<\/span> <span style=\"font-size: 12pt;\">\u00d5itsil k\u00e4idi k\u00f5ige rohkem kevadel, p\u00f5llutegemise ajal. Kui hobustel oli kange t\u00f6\u00f6, siis k\u00e4idi \u00f5itsis, n\u00e4it. s\u00f5nnikuveo ajal. Samuti k\u00e4idi \u00f5itsis p\u00fchade ajal ning laup\u00e4eviti ja p\u00fchap\u00e4eviti.<\/span><br \/>\n<span style=\"font-size: 12pt;\"> \u00d5itsil k\u00e4isid k\u00f5ik: t\u00fcdrukud, poisid ja vanemad mehed. Mehed ja poisid k\u00e4isid sellep\u00e4rast t\u00fcdrukutega kaasas, et oli palju hunte. Hobused pandi kammitsasse, aga nad olid p\u00e4eva t\u00f6\u00f6st v\u00e4sinud ja sellep\u00e4rast ei tikkunudki kuhugi minema.<\/span><br \/>\n<span style=\"font-size: 12pt;\"> P\u00e4\u00e4komme \u00f5itsil k\u00e4ies oli tuletegemine, st. \u00f5itsituli. <\/span>(Villem Roorberg Otep\u00e4\u00e4lt, 1938)<\/p>\n<p style=\"text-align: right;\"><span style=\"font-size: 14pt;\"><strong>Kuhu teeme \u00f5itsitule<\/strong><\/span><br \/>\n<span style=\"font-size: 14pt;\"> <strong> \u00d5itsiliste laulud<\/strong><\/span><\/p>\n<h2 class=\"post-to-page-title\">.<\/h2>\n<div class=\"post-to-page-content\">\n<\/div>\n<span class=\"post-to-page-image\"><a href=\"https:\/\/regilaulik.folklore.ee\/idavirumaa\/blog\/2013\/07\/15\/10297\/\"><\/a><\/span>\n<span class=\"post-to-page-readmore\"><a href=\"https:\/\/regilaulik.folklore.ee\/idavirumaa\/blog\/2013\/07\/15\/10297\/\">Read more...<\/a><\/span>\n<span class=\"post-to-page-comment-count\">0 comments<\/span>\n<hr class=\"post-to-page-separator\" \/>\n<h2 class=\"post-to-page-title\">__\u00d5 i t s i l a u l u d__<\/h2>\n<div class=\"post-to-page-content\">\n<\/div>\n<span class=\"post-to-page-image\"><a href=\"https:\/\/regilaulik.folklore.ee\/idavirumaa\/blog\/2015\/10\/10\/9268\/\"><\/a><\/span>\n<span class=\"post-to-page-readmore\"><a href=\"https:\/\/regilaulik.folklore.ee\/idavirumaa\/blog\/2015\/10\/10\/9268\/\">Read more...<\/a><\/span>\n<span class=\"post-to-page-comment-count\">0 comments<\/span>\n<hr class=\"post-to-page-separator\" \/>\n<h2 class=\"post-to-page-title\">1. \u00d5ITSILISED, P\u00c4ITSILISED (Jh)<\/h2>\n<div class=\"post-to-page-content\">\n<h5 style=\"padding-left: 30px;\">Kuhu teeme \u00f5itsitule<\/h5>\n<h5 style=\"text-align: right;\"><em>J\u00f5hvi<\/em><\/h5>\n<p style=\"padding-left: 30px;\"><a href=\"http:\/\/regilaulik.folklore.ee\/idavirumaa\/wp-content\/uploads\/aa_22_viru2_EYS_II_754_125_2r_oitse.gif\"><img loading=\"lazy\" class=\"alignnone size-full wp-image-9271\" src=\"http:\/\/regilaulik.folklore.ee\/idavirumaa\/wp-content\/uploads\/aa_22_viru2_EYS_II_754_125_2r_oitse.gif\" alt=\"aa_22_viru2_EYS_II_754_125_2r_oitse\" width=\"632\" height=\"227\" \/><\/a><\/p>\n<p style=\"padding-left: 30px;\">\u00d5itseliste laul<\/p>\n<p style=\"padding-left: 30px;\">\u00d5ITSILISED, P\u00c4ITSILISED,<br \/>\nl\u00e4hme \u00f5itsile \u00f5eksed,<br \/>\nkarja k\u00e4imee k\u00e4liksed!<br \/>\nKuhu me tule tiema<br \/>\nkuhu me, linnud, l\u00fc\u00f6me leeri,<br \/>\nkuhu me, pardid, j\u00e4\u00e4me paika?<br \/>\nKoledaie kuusikuie,<br \/>\naledaie aavikuie &#8211;<br \/>\nsinn\u00e4 me tule tiema,<br \/>\nsinn\u00e4, linnud, l\u00fc\u00f6me leeri,<br \/>\nsinn\u00e4, pardid, j\u00e4\u00e4me paika.<\/p>\n<p style=\"padding-left: 30px;\">Laulnud Mari R\u00e4bin (N\u00f5mme Mari, Mihkel Niine t\u00fctar, 60 a) (E\u00dcS II 754 (125) ja E\u00dcS II 650 (149) &#8211; P. Penna ja k Luud, 1905), t\u00e4iendatud (H II 1, 416 (577) &lt; J\u00f5hvi khk, Illuka v, N\u00f5mme t &lt; Pagari v, J\u00f5etaguse k &#8211; M. Ostrow ja O. Kallas, 1888).<\/p>\n<\/div>\nTagged in: <span class=\"post-to-page-tags\"><a href=\"https:\/\/regilaulik.folklore.ee\/idavirumaa\/blog\/tag\/johvi_\/\">j\u00f5hvi_<\/a><\/span><span class=\"post-to-page-image\"><a href=\"https:\/\/regilaulik.folklore.ee\/idavirumaa\/blog\/2015\/10\/10\/1-oitsilised-paitsilised-jh\/\"><\/a><\/span>\n<span class=\"post-to-page-readmore\"><a href=\"https:\/\/regilaulik.folklore.ee\/idavirumaa\/blog\/2015\/10\/10\/1-oitsilised-paitsilised-jh\/\">Read more...<\/a><\/span>\n<span class=\"post-to-page-comment-count\">0 comments<\/span>\n<hr class=\"post-to-page-separator\" \/>\n<h2 class=\"post-to-page-title\">2. \u00d5ITSILISED, P\u00c4ITSILISED (Vai)  viisiviide<\/h2>\n<div class=\"post-to-page-content\">\n<h5 style=\"padding-left: 30px;\">Kuhu teeme \u00f5itsitule?<\/h5>\n<h5 style=\"text-align: right;\"><em>Vaivara<\/em><\/h5>\n<p style=\"padding-left: 30px;\"><a href=\"http:\/\/regilaulik.folklore.ee\/idavirumaa\/wp-content\/uploads\/2r_oitsilisedpaitsilised_vai_29_.gif\"><img loading=\"lazy\" class=\"alignnone size-full wp-image-12758\" src=\"http:\/\/regilaulik.folklore.ee\/idavirumaa\/wp-content\/uploads\/2r_oitsilisedpaitsilised_vai_29_.gif\" alt=\"2r_oitsilisedpaitsilised_vai_29_\" width=\"632\" height=\"237\" \/><\/a><br \/>\n\u00d5ITSILISED, P\u00c4ITSILISED,<br \/>\nkuhu te&#8217; teete tule,<br \/>\nkuhu te&#8217; l\u00f6\u00f6te leeri? \u2013<\/p>\n<p style=\"padding-left: 30px;\">Tule teeme toomingale,<br \/>\nleeri l\u00f6\u00f6me lepikule,<br \/>\npimedaie pihlakale,<br \/>\nhaledale haavikule.<\/p>\n<p style=\"padding-left: 30px;\">Tekst: H III 1, 115\/6 (13) &lt; Vaivara khk &lt; J\u00f5hvi khk., Voka v. &#8211; Nikolai Heek (1889); viis: H_II_8_79_3_<\/p>\n<\/div>\nTagged in: <span class=\"post-to-page-tags\"><a href=\"https:\/\/regilaulik.folklore.ee\/idavirumaa\/blog\/tag\/vaivara_\/\">vaivara_<\/a><\/span><span class=\"post-to-page-image\"><a href=\"https:\/\/regilaulik.folklore.ee\/idavirumaa\/blog\/2015\/12\/03\/2-oitsilised-paitsilised-vai-v_vai-29\/\"><\/a><\/span>\n<span class=\"post-to-page-readmore\"><a href=\"https:\/\/regilaulik.folklore.ee\/idavirumaa\/blog\/2015\/12\/03\/2-oitsilised-paitsilised-vai-v_vai-29\/\">Read more...<\/a><\/span>\n<span class=\"post-to-page-comment-count\">0 comments<\/span>\n<hr class=\"post-to-page-separator\" \/>\n\n","protected":false},"excerpt":{"rendered":"<p>\u00d5itsilk\u00e4imine oli kohap\u00e4\u00e4l veel kombeks 60-70 aastat tagasi. \u00d5itsil k\u00e4idi k\u00f5ige rohkem kevadel, p\u00f5llutegemise ajal. Kui hobustel oli kange t\u00f6\u00f6, siis k\u00e4idi \u00f5itsis, n\u00e4it. s\u00f5nnikuveo ajal. Samuti k\u00e4idi \u00f5itsis p\u00fchade ajal ning laup\u00e4eviti ja p\u00fchap\u00e4eviti. \u00d5itsil k\u00e4isid k\u00f5ik: t\u00fcdrukud, poisid<a href=\"https:\/\/regilaulik.folklore.ee\/idavirumaa\/ajaring\/paevast-paeva\/oo\/\" class=\"read-more\">Continue Reading<\/a><\/p>\n","protected":false},"author":2,"featured_media":0,"parent":509,"menu_order":0,"comment_status":"closed","ping_status":"closed","template":"content-sidebar-page.php","meta":[],"_links":{"self":[{"href":"https:\/\/regilaulik.folklore.ee\/idavirumaa\/wp-json\/wp\/v2\/pages\/651"}],"collection":[{"href":"https:\/\/regilaulik.folklore.ee\/idavirumaa\/wp-json\/wp\/v2\/pages"}],"about":[{"href":"https:\/\/regilaulik.folklore.ee\/idavirumaa\/wp-json\/wp\/v2\/types\/page"}],"author":[{"embeddable":true,"href":"https:\/\/regilaulik.folklore.ee\/idavirumaa\/wp-json\/wp\/v2\/users\/2"}],"replies":[{"embeddable":true,"href":"https:\/\/regilaulik.folklore.ee\/idavirumaa\/wp-json\/wp\/v2\/comments?post=651"}],"version-history":[{"count":22,"href":"https:\/\/regilaulik.folklore.ee\/idavirumaa\/wp-json\/wp\/v2\/pages\/651\/revisions"}],"predecessor-version":[{"id":9036,"href":"https:\/\/regilaulik.folklore.ee\/idavirumaa\/wp-json\/wp\/v2\/pages\/651\/revisions\/9036"}],"up":[{"embeddable":true,"href":"https:\/\/regilaulik.folklore.ee\/idavirumaa\/wp-json\/wp\/v2\/pages\/509"}],"wp:attachment":[{"href":"https:\/\/regilaulik.folklore.ee\/idavirumaa\/wp-json\/wp\/v2\/media?parent=651"}],"curies":[{"name":"wp","href":"https:\/\/api.w.org\/{rel}","templated":true}]}}