{"id":909,"date":"2013-07-17T01:30:29","date_gmt":"2013-07-16T22:30:29","guid":{"rendered":"http:\/\/regilaulik.folklore.ee\/virumaa\/?page_id=909"},"modified":"2015-11-25T16:43:20","modified_gmt":"2015-11-25T14:43:20","slug":"luganuse","status":"publish","type":"page","link":"https:\/\/regilaulik.folklore.ee\/idavirumaa\/eluring\/pulmalaulud\/luganuse\/","title":{"rendered":"L\u00fcganuse"},"content":{"rendered":"<p>________________________________________________________________________<\/p>\n<h2 class=\"post-to-page-title\">__ V i i s i d__<\/h2>\n<div class=\"post-to-page-content\">\n<p>1\/\/\/L_858_KKL_RLH_62_4_II_3<\/p>\n<p><a href=\"http:\/\/regilaulik.folklore.ee\/idavirumaa\/wp-content\/uploads\/L_858_KKL_RLH_62_4_II_3_7r.gif\"><img loading=\"lazy\" class=\"alignnone size-full wp-image-12287\" src=\"http:\/\/regilaulik.folklore.ee\/idavirumaa\/wp-content\/uploads\/L_858_KKL_RLH_62_4_II_3_7r.gif\" alt=\"L_858_KKL_RLH_62_4_II_3_7r\" width=\"632\" height=\"778\" \/><\/a><\/p>\n<p>2\/\/\/ L_947_lyg_EYS_VI_897_34_<\/p>\n<p><a href=\"http:\/\/regilaulik.folklore.ee\/idavirumaa\/wp-content\/uploads\/L_947_lyg_EYS_VI_897_34_1r.gif\"><img loading=\"lazy\" class=\"alignnone size-full wp-image-12288\" src=\"http:\/\/regilaulik.folklore.ee\/idavirumaa\/wp-content\/uploads\/L_947_lyg_EYS_VI_897_34_1r.gif\" alt=\"L_947_lyg_EYS_VI_897_34_1r\" width=\"632\" height=\"113\" \/><\/a><\/p>\n<p>3\/\/\/ -857_KKI_RLH_61_16_1<\/p>\n<p><a href=\"http:\/\/regilaulik.folklore.ee\/idavirumaa\/wp-content\/uploads\/L-857_KKI_RLH_61_16_1_5r.gif\"><img loading=\"lazy\" class=\"alignnone size-full wp-image-12289\" src=\"http:\/\/regilaulik.folklore.ee\/idavirumaa\/wp-content\/uploads\/L-857_KKI_RLH_61_16_1_5r.gif\" alt=\"L-857_KKI_RLH_61_16_1_5r\" width=\"632\" height=\"579\" \/><\/a><\/p>\n<p>3\/\/\/953_lyg_EYS_VI_874_10_<\/p>\n<p><a href=\"http:\/\/regilaulik.folklore.ee\/idavirumaa\/wp-content\/uploads\/L_953_lyg_EYS_VI_874_10_2r.gif\"><img loading=\"lazy\" class=\"alignnone size-full wp-image-12292\" src=\"http:\/\/regilaulik.folklore.ee\/idavirumaa\/wp-content\/uploads\/L_953_lyg_EYS_VI_874_10_2r.gif\" alt=\"L_953_lyg_EYS_VI_874_10_2r\" width=\"632\" height=\"237\" \/><\/a><\/p>\n<p>4\/\/\/ 957_L_RKM_Mgn_II_744_g_<\/p>\n<p><a href=\"http:\/\/regilaulik.folklore.ee\/idavirumaa\/wp-content\/uploads\/L_957_L_RKM_Mgn_II_744_g_6r.gif\"><img loading=\"lazy\" class=\"alignnone size-full wp-image-12293\" src=\"http:\/\/regilaulik.folklore.ee\/idavirumaa\/wp-content\/uploads\/L_957_L_RKM_Mgn_II_744_g_6r.gif\" alt=\"L_957_L_RKM_Mgn_II_744_g_6r\" width=\"632\" height=\"702\" \/><\/a><\/p>\n<p>5\/\/\/ 962_L_ KKI_RLH_61_25_9_2<\/p>\n<p><a href=\"http:\/\/regilaulik.folklore.ee\/idavirumaa\/wp-content\/uploads\/L_962_L_-KKI_RLH_61_25_9_2r.gif\"><img loading=\"lazy\" class=\"alignnone size-full wp-image-12294\" src=\"http:\/\/regilaulik.folklore.ee\/idavirumaa\/wp-content\/uploads\/L_962_L_-KKI_RLH_61_25_9_2r.gif\" alt=\"L_962_L_ KKI_RLH_61_25_9_2r\" width=\"632\" height=\"237\" \/><\/a><\/p>\n<p>6\/\/\/ -927_L_EYS_XII_1406_14_3<\/p>\n<p><a href=\"http:\/\/regilaulik.folklore.ee\/idavirumaa\/wp-content\/uploads\/L-927_L_EYS_XII_1406_14_3r.gif\"><img loading=\"lazy\" class=\"alignnone size-full wp-image-12295\" src=\"http:\/\/regilaulik.folklore.ee\/idavirumaa\/wp-content\/uploads\/L-927_L_EYS_XII_1406_14_3r.gif\" alt=\"L-927_L_EYS_XII_1406_14_3r\" width=\"632\" height=\"379\" \/><\/a><\/p>\n<p>X\/\/\/ 859_L_KKI_RLH_62_31_(1)<\/p>\n<p><a href=\"http:\/\/regilaulik.folklore.ee\/idavirumaa\/wp-content\/uploads\/L_859_L_KKI_RLH_62_31_1_4r.gif\"><img loading=\"lazy\" class=\"alignnone size-full wp-image-12291\" src=\"http:\/\/regilaulik.folklore.ee\/idavirumaa\/wp-content\/uploads\/L_859_L_KKI_RLH_62_31_1_4r.gif\" alt=\"L_859_L_KKI_RLH_62_31_(1)_4r\" width=\"632\" height=\"560\" \/><\/a><\/p>\n<\/div>\nTagged in: <span class=\"post-to-page-tags\"><a href=\"https:\/\/regilaulik.folklore.ee\/idavirumaa\/blog\/tag\/luganuse_\/\">l\u00fcganuse_<\/a><\/span><span class=\"post-to-page-image\"><a href=\"https:\/\/regilaulik.folklore.ee\/idavirumaa\/blog\/2013\/07\/17\/11799\/\"><\/a><\/span>\n<span class=\"post-to-page-readmore\"><a href=\"https:\/\/regilaulik.folklore.ee\/idavirumaa\/blog\/2013\/07\/17\/11799\/\">Read more...<\/a><\/span>\n<span class=\"post-to-page-comment-count\">0 comments<\/span>\n<hr class=\"post-to-page-separator\" \/>\n<h2 class=\"post-to-page-title\">__P u l m a l i s e d__<\/h2>\n<div class=\"post-to-page-content\">\n<\/div>\n<span class=\"post-to-page-image\"><a href=\"https:\/\/regilaulik.folklore.ee\/idavirumaa\/blog\/2018\/09\/05\/11802\/\"><\/a><\/span>\n<span class=\"post-to-page-readmore\"><a href=\"https:\/\/regilaulik.folklore.ee\/idavirumaa\/blog\/2018\/09\/05\/11802\/\">Read more...<\/a><\/span>\n<span class=\"post-to-page-comment-count\">0 comments<\/span>\n<hr class=\"post-to-page-separator\" \/>\n<h2 class=\"post-to-page-title\">1. PULMA MIND JO KUTSUTIE (L\u00fcg)<\/h2>\n<div class=\"post-to-page-content\">\n<p><strong>Ei ole pulmariideid<\/strong><\/p>\n<p style=\"text-align: right;\"><em><strong>L\u00fcganuse<\/strong><\/em><\/p>\n<p style=\"text-align: left;\"><a href=\"http:\/\/regilaulik.folklore.ee\/idavirumaa\/wp-content\/uploads\/sept_28a_pulma_mind_1r_.gif\"><img loading=\"lazy\" class=\"alignnone size-full wp-image-11806\" src=\"http:\/\/regilaulik.folklore.ee\/idavirumaa\/wp-content\/uploads\/sept_28a_pulma_mind_1r_.gif\" alt=\"sept_28a_pulma_mind_1r_\" width=\"632\" height=\"113\" \/><\/a><\/p>\n<p>PULMA MIND JO KUTSUTIE,<br \/>\nsaaja mind jo sallitie,<br \/>\nvarrule valitsetie. &#8211;<br \/>\nMul polnd pulmariideeida,<br \/>\nega saaja saapaaida,<br \/>\nei olnd omal obusta.<\/p>\n<p>K\u00fcsisin k\u00fc\u00fclt uosta (obusta),<br \/>\nnaolt \u00f5benarmaaida,<br \/>\ns\u00f5selt s\u00f5rmikindaaida &#8211;<br \/>\nei annud k\u00fcdi uosta,<br \/>\ns\u00f5se s\u00f5rmikindaaida,<br \/>\nnadu \u00f5benarmaaida.<br \/>\nH II 1, 147 (212) &lt; Vaivara khk, Auvere k &lt; L\u00fcganuse khk, Aam\u00f5isa v &#8211; M. Ostrow, O. Kallas &lt; Mari S\u00fcda, 55 a (1888); viis: E\u00dcS XII 1407 (26) &lt; L\u00fcganuse khk, Maidla v, Tarumaa k &#8211; Oskar K\u00f6ster &lt; Katri Sirts (1915).<\/p>\n<\/div>\nTagged in: <span class=\"post-to-page-tags\"><a href=\"https:\/\/regilaulik.folklore.ee\/idavirumaa\/blog\/tag\/luganuse_\/\">l\u00fcganuse_<\/a><\/span><span class=\"post-to-page-image\"><a href=\"https:\/\/regilaulik.folklore.ee\/idavirumaa\/blog\/2018\/09\/05\/1-pulma-mind-jo-kutsutie-lug\/\"><\/a><\/span>\n<span class=\"post-to-page-readmore\"><a href=\"https:\/\/regilaulik.folklore.ee\/idavirumaa\/blog\/2018\/09\/05\/1-pulma-mind-jo-kutsutie-lug\/\">Read more...<\/a><\/span>\n<span class=\"post-to-page-comment-count\">0 comments<\/span>\n<hr class=\"post-to-page-separator\" \/>\n\n","protected":false},"excerpt":{"rendered":"<p>________________________________________________________________________<\/p>\n","protected":false},"author":2,"featured_media":0,"parent":859,"menu_order":0,"comment_status":"closed","ping_status":"closed","template":"content-sidebar-page.php","meta":[],"_links":{"self":[{"href":"https:\/\/regilaulik.folklore.ee\/idavirumaa\/wp-json\/wp\/v2\/pages\/909"}],"collection":[{"href":"https:\/\/regilaulik.folklore.ee\/idavirumaa\/wp-json\/wp\/v2\/pages"}],"about":[{"href":"https:\/\/regilaulik.folklore.ee\/idavirumaa\/wp-json\/wp\/v2\/types\/page"}],"author":[{"embeddable":true,"href":"https:\/\/regilaulik.folklore.ee\/idavirumaa\/wp-json\/wp\/v2\/users\/2"}],"replies":[{"embeddable":true,"href":"https:\/\/regilaulik.folklore.ee\/idavirumaa\/wp-json\/wp\/v2\/comments?post=909"}],"version-history":[{"count":13,"href":"https:\/\/regilaulik.folklore.ee\/idavirumaa\/wp-json\/wp\/v2\/pages\/909\/revisions"}],"predecessor-version":[{"id":9047,"href":"https:\/\/regilaulik.folklore.ee\/idavirumaa\/wp-json\/wp\/v2\/pages\/909\/revisions\/9047"}],"up":[{"embeddable":true,"href":"https:\/\/regilaulik.folklore.ee\/idavirumaa\/wp-json\/wp\/v2\/pages\/859"}],"wp:attachment":[{"href":"https:\/\/regilaulik.folklore.ee\/idavirumaa\/wp-json\/wp\/v2\/media?parent=909"}],"curies":[{"name":"wp","href":"https:\/\/api.w.org\/{rel}","templated":true}]}}