{"id":911,"date":"2013-07-17T01:30:45","date_gmt":"2013-07-16T22:30:45","guid":{"rendered":"http:\/\/regilaulik.folklore.ee\/virumaa\/?page_id=911"},"modified":"2015-11-25T16:43:10","modified_gmt":"2015-11-25T14:43:10","slug":"johvi","status":"publish","type":"page","link":"https:\/\/regilaulik.folklore.ee\/idavirumaa\/eluring\/pulmalaulud\/johvi\/","title":{"rendered":"J\u00f5hvi"},"content":{"rendered":"<p>________________________________________________________________________<\/p>\n<h2 class=\"post-to-page-title\">__V i i s i d__(Jh\/Iis)__<\/h2>\n<div class=\"post-to-page-content\">\n<ol>\n<li>_EYS_VI_896_98_<\/li>\n<\/ol>\n<p><a href=\"http:\/\/regilaulik.folklore.ee\/idavirumaa\/wp-content\/uploads\/viru1_EYS_VI_896_98_pulm1.gif\"><img loading=\"lazy\" class=\"alignnone size-full wp-image-12269\" src=\"http:\/\/regilaulik.folklore.ee\/idavirumaa\/wp-content\/uploads\/viru1_EYS_VI_896_98_pulm1.gif\" alt=\"viru1_EYS_VI_896_98_pulm\" width=\"632\" height=\"113\" \/><\/a><\/p>\n<p>2, _EYS_VI_902_123<\/p>\n<p><a href=\"http:\/\/regilaulik.folklore.ee\/idavirumaa\/wp-content\/uploads\/viru1_EYS_VI_902_123_pulm_kiigeviis1.gif\"><img loading=\"lazy\" class=\"alignnone size-full wp-image-12270\" src=\"http:\/\/regilaulik.folklore.ee\/idavirumaa\/wp-content\/uploads\/viru1_EYS_VI_902_123_pulm_kiigeviis1.gif\" alt=\"viru1_EYS_VI_902_123_pulm_kiigeviis\" width=\"632\" height=\"113\" \/><\/a><\/p>\n<p>3. _EYS_VI_904_139<\/p>\n<p><a href=\"http:\/\/regilaulik.folklore.ee\/idavirumaa\/wp-content\/uploads\/viru1_EYS_VI_904_139_pulm1.gif\"><img loading=\"lazy\" class=\"alignnone size-full wp-image-12273\" src=\"http:\/\/regilaulik.folklore.ee\/idavirumaa\/wp-content\/uploads\/viru1_EYS_VI_904_139_pulm1.gif\" alt=\"viru1_EYS_VI_904_139_pulm\" width=\"632\" height=\"113\" \/><\/a><\/p>\n<p>4. EYS_VI_904_140<\/p>\n<p><a href=\"http:\/\/regilaulik.folklore.ee\/idavirumaa\/wp-content\/uploads\/viru1_EYS_VI_904_140_pulm2.gif\"><img loading=\"lazy\" class=\"alignnone size-full wp-image-12272\" src=\"http:\/\/regilaulik.folklore.ee\/idavirumaa\/wp-content\/uploads\/viru1_EYS_VI_904_140_pulm2.gif\" alt=\"viru1_EYS_VI_904_140_pulm\" width=\"632\" height=\"113\" \/><\/a><\/p>\n<p>5. _EYS_II_754_126_<\/p>\n<p><a href=\"http:\/\/regilaulik.folklore.ee\/idavirumaa\/wp-content\/uploads\/viru2_EYS_II_754_126_kosjad1.gif\"><img loading=\"lazy\" class=\"alignnone size-full wp-image-12274\" src=\"http:\/\/regilaulik.folklore.ee\/idavirumaa\/wp-content\/uploads\/viru2_EYS_II_754_126_kosjad1.gif\" alt=\"viru2_EYS_II_754_126_kosjad\" width=\"632\" height=\"237\" \/><\/a><\/p>\n<p>6. _EYS_VI_886_64_<\/p>\n<p><a href=\"http:\/\/regilaulik.folklore.ee\/idavirumaa\/wp-content\/uploads\/viru2_EYS_VI_886_64_pulm_viin2.gif\"><img loading=\"lazy\" class=\"alignnone size-full wp-image-12275\" src=\"http:\/\/regilaulik.folklore.ee\/idavirumaa\/wp-content\/uploads\/viru2_EYS_VI_886_64_pulm_viin2.gif\" alt=\"viru2_EYS_VI_886_64_pulm_viin\" width=\"632\" height=\"237\" \/><\/a><\/p>\n<p>7. (1638)_EYS_VI_905_142<\/p>\n<p><a href=\"http:\/\/regilaulik.folklore.ee\/idavirumaa\/wp-content\/uploads\/J_1r_905_142_minaoiskan_.gif\"><img loading=\"lazy\" class=\"alignnone size-full wp-image-12298\" src=\"http:\/\/regilaulik.folklore.ee\/idavirumaa\/wp-content\/uploads\/J_1r_905_142_minaoiskan_.gif\" alt=\"J_1r_905_142_minaoiskan_\" width=\"632\" height=\"113\" \/><\/a><\/p>\n<p>8. 1636)_EYS_VI_885_56_<\/p>\n<p><a href=\"http:\/\/regilaulik.folklore.ee\/idavirumaa\/wp-content\/uploads\/J_4r_885_56_minaoiskan_.gif\"><img loading=\"lazy\" class=\"alignnone size-full wp-image-12299\" src=\"http:\/\/regilaulik.folklore.ee\/idavirumaa\/wp-content\/uploads\/J_4r_885_56_minaoiskan_.gif\" alt=\"J_4r_885_56_minaoiskan_\" width=\"632\" height=\"560\" \/><\/a><\/p>\n<p>9. 1554<\/p>\n<p>xxx<\/p>\n<p>10. 1641<\/p>\n<p>xxx<\/p>\n<\/div>\n<span class=\"post-to-page-image\"><a href=\"https:\/\/regilaulik.folklore.ee\/idavirumaa\/blog\/2016\/01\/04\/__v-i-i-s-i-d__-2\/\"><\/a><\/span>\n<span class=\"post-to-page-readmore\"><a href=\"https:\/\/regilaulik.folklore.ee\/idavirumaa\/blog\/2016\/01\/04\/__v-i-i-s-i-d__-2\/\">Read more...<\/a><\/span>\n<span class=\"post-to-page-comment-count\">0 comments<\/span>\n<hr class=\"post-to-page-separator\" \/>\n<h2 class=\"post-to-page-title\">.<\/h2>\n<div class=\"post-to-page-content\">\n<\/div>\nTagged in: <span class=\"post-to-page-tags\"><a href=\"https:\/\/regilaulik.folklore.ee\/idavirumaa\/blog\/tag\/johvi_\/\">j\u00f5hvi_<\/a><\/span><span class=\"post-to-page-image\"><a href=\"https:\/\/regilaulik.folklore.ee\/idavirumaa\/blog\/2016\/01\/04\/10785\/\"><\/a><\/span>\n<span class=\"post-to-page-readmore\"><a href=\"https:\/\/regilaulik.folklore.ee\/idavirumaa\/blog\/2016\/01\/04\/10785\/\">Read more...<\/a><\/span>\n<span class=\"post-to-page-comment-count\">0 comments<\/span>\n<hr class=\"post-to-page-separator\" \/>\n<h2 class=\"post-to-page-title\">.<\/h2>\n<div class=\"post-to-page-content\">\n<\/div>\nTagged in: <span class=\"post-to-page-tags\"><a href=\"https:\/\/regilaulik.folklore.ee\/idavirumaa\/blog\/tag\/johvi_\/\">j\u00f5hvi_<\/a><\/span><span class=\"post-to-page-image\"><a href=\"https:\/\/regilaulik.folklore.ee\/idavirumaa\/blog\/2016\/01\/04\/10787\/\"><\/a><\/span>\n<span class=\"post-to-page-readmore\"><a href=\"https:\/\/regilaulik.folklore.ee\/idavirumaa\/blog\/2016\/01\/04\/10787\/\">Read more...<\/a><\/span>\n<span class=\"post-to-page-comment-count\">0 comments<\/span>\n<hr class=\"post-to-page-separator\" \/>\n<h2 class=\"post-to-page-title\">__T e k s t i d__<\/h2>\n<div class=\"post-to-page-content\">\n<\/div>\n<span class=\"post-to-page-image\"><a href=\"https:\/\/regilaulik.folklore.ee\/idavirumaa\/blog\/2016\/01\/04\/__t-e-k-s-t-i-d__-2\/\"><\/a><\/span>\n<span class=\"post-to-page-readmore\"><a href=\"https:\/\/regilaulik.folklore.ee\/idavirumaa\/blog\/2016\/01\/04\/__t-e-k-s-t-i-d__-2\/\">Read more...<\/a><\/span>\n<span class=\"post-to-page-comment-count\">0 comments<\/span>\n<hr class=\"post-to-page-separator\" \/>\n<h2 class=\"post-to-page-title\">1. H II 8 (7 teksti)<\/h2>\n<div class=\"post-to-page-content\">\n<h5 style=\"padding-left: 30px;\">1 Pulmalaul<\/h5>\n<p style=\"padding-left: 30px;\">Laul, mis siis lauldud sai, kui pulmalised pruudiga peiu kodu s\u00f5itsivad.<\/p>\n<p style=\"padding-left: 30px;\">Peiupoolsed:<\/p>\n<p style=\"padding-left: 30px;\">Linnukeised, langukeised,<br \/>\nkuhu teie kauast viibisite?<br \/>\nKukest leida (teida?) kutsuti,<br \/>\nkana laulust kaivati,<br \/>\nsia-s\u00f6\u00f6dist saite siie,<br \/>\nahju-k\u00fctista k\u00fclaje.<\/p>\n<p style=\"padding-left: 30px;\">Pruudipoolsed vastu:<\/p>\n<p style=\"padding-left: 30px;\">Teel oli viisi viivitusta,<br \/>\nkuus oli kullal keeritusta:<br \/>\nteela lendis tetreparve,<br \/>\narula harakaparve,<br \/>\nsoossa susijaparve,<br \/>\np\u00fc\u00fcparve p\u00f5\u00f5saassa,<br \/>\nlinnuparve lepikussa.<\/p>\n<p style=\"padding-left: 30px;\">Minu hella velvianna,<br \/>\nsee (seadis?) p\u00fcssile p\u00fcreda,<br \/>\nk\u00e4si rauale k\u00e4reda,<br \/>\ntapis teele tetreparve,<br \/>\narule harakaparve,<br \/>\nsoosse susijaparve,<br \/>\np\u00fc\u00fcparve p\u00f5\u00f5saie,<br \/>\nlinnuparve lepikuie.<\/p>\n<p style=\"padding-left: 30px;\">Kui ette usu, langukeised,<br \/>\nl\u00e4hm\u00e4 teele katsumaie,<br \/>\net on teele tetre verda,<br \/>\narula haraka verda,<br \/>\nsoos susija verda,<br \/>\np\u00fc\u00fc verda p\u00f5\u00f5saessa,<br \/>\nlinnu verda lepikussa,<br \/>\nj\u00e4\u00e4la j\u00e4nesse verda.<\/p>\n<p style=\"padding-left: 30px;\">H II 8, 729\/31 (5) &lt; J\u00f5hvi khk. &#8211; J. Petrowitsch (1889)<\/p>\n<h5 style=\"padding-left: 30px;\">2 Pulmalaul<\/h5>\n<p style=\"padding-left: 30px;\">Las k\u00fcsilen, kuulalen,<br \/>\nkus on veljeni hobune,<br \/>\nanesini kaura s\u00f6\u00f6ja,<br \/>\nlinnu linnasse purija.<\/p>\n<p style=\"padding-left: 30px;\">See one kaurul kasvatetu,<br \/>\nlihutatud linnassila.<\/p>\n<p style=\"padding-left: 30px;\">\u00c4rge veega uulitsale,<br \/>\nhundid s\u00f6\u00f6vad uulitsala;<br \/>\n\u00e4rge veega karjaida,<br \/>\nkaste sa&#8217;ab karjaida;<br \/>\n\u00e4rge veega r\u00e4iste alla,<br \/>\nr\u00e4nda sa&#8217;ab r\u00e4istesta &#8211;<br \/>\nrikub need ilusad rihmad,<br \/>\nkastab karratu sadula.<\/p>\n<p style=\"padding-left: 30px;\">Veega kulles koominaie,<br \/>\nlauduseie latereie,<br \/>\nilusaie ooneie.<br \/>\nVeega ette heinusida,<br \/>\nkandke ette kaurasida!<br \/>\n\u00c4rgu mingu \u00fcksi meesta,<br \/>\nega mingu kaksi meesta,<br \/>\nmehed mengu, puud pihala,<br \/>\npoisid, kaikad kaindelassa.<\/p>\n<p style=\"padding-left: 30px;\">Minu veljeni hobune,<br \/>\nsee one kaurul kasvatetu,<br \/>\nlihutetud linnassila.<\/p>\n<p style=\"padding-left: 30px;\">H II 8, 731\/2 (6) &lt; J\u00f5hvi khk. &#8211; J. Petrowitsch (1889)<\/p>\n<h5 style=\"padding-left: 30px;\">3 Pulmalaul<\/h5>\n<p style=\"padding-left: 30px;\">Kui pruut peiu talu oli s\u00f5itnud, siis v\u00f5eti \u00fcks s\u00fclle-t\u00e4is heinu pruudi hobuse p\u00e4\u00e4lt ja viskati, v\u00f5i lahutati s\u00e4ngi laiali. Siis l\u00e4ks \u00fcks naine s\u00e4ngi, h\u00fcppas ja laulis:<\/p>\n<p style=\"padding-left: 30px;\">L\u00e4hm\u00e4 s\u00e4ngi katsumaie,<br \/>\nkas on mullu tehtu s\u00e4ngi,<br \/>\ntuna-mullu toodu lauad;<br \/>\nkas on sammas sammeldanud<br \/>\nk\u00f5rja(1)-laud one k\u00f5mmeldanud?<\/p>\n<p style=\"padding-left: 30px;\">Ei ole sammas sammeldanud<br \/>\nk\u00f5rja-laud ei k\u00f5mmeldanud.<br \/>\nVast on eile tehtu s\u00e4ngi,<br \/>\ntunaeile toodu lauad.<\/p>\n<p style=\"padding-left: 30px;\">1 (k\u00f5rva)<\/p>\n<p style=\"padding-left: 30px;\">H II 8, 732\/3 (7) &lt; J\u00f5hvi khk. &#8211; J. Petrowitsch (1889)<\/p>\n<h5 style=\"padding-left: 30px;\">4 Pulmalaul<\/h5>\n<p style=\"padding-left: 30px;\">Laul, mis linutamise ajal lauldi.<\/p>\n<p style=\"padding-left: 30px;\">N\u00fc\u00fcd panna higi linale,<br \/>\nhigi lattu p\u00e4\u00e4laele;<br \/>\nendase vanendamaie,<br \/>\nigada l\u00fchendamaie,<br \/>\np\u00e4\u00e4da hallie ajama.<\/p>\n<p style=\"padding-left: 30px;\">H II 8, 733 (8) &lt; J\u00f5hvi khk. &#8211; J. Petrowitsch (1889)<\/p>\n<h5 style=\"padding-left: 30px;\">5 pulmalaul<\/h5>\n<p style=\"padding-left: 30px;\">Seda laulu lauldi peiu kodu p\u00e4rast esimist puhkamist.<\/p>\n<p style=\"padding-left: 30px;\">L\u00e4hme n\u00fc\u00fcd kana katsumaie,<br \/>\nkas one kuke kurja tehnud:<br \/>\n\u00fcmbriku \u00fcles ajanud,<br \/>\nlinap\u00f5lle liigutanud?<\/p>\n<p style=\"padding-left: 30px;\">Ei ole kuke kurja tehnud,<br \/>\n\u00fcmbriku \u00fcles ajanud,<br \/>\nlinap\u00f5lle liigutanud.<\/p>\n<p style=\"padding-left: 30px;\">H II 8, 733 (9) &lt; J\u00f5hvi khk. &#8211; J. Petrowitsch (1889)<\/p>\n<h5 style=\"padding-left: 30px;\">6 Pulmalaul<\/h5>\n<p style=\"padding-left: 30px;\">Minu hella vellianna,<br \/>\n\u00e4ra j\u00e4ta naista teele,<br \/>\nane angeie (hange?) kaota!<\/p>\n<p style=\"padding-left: 30px;\">\u00c4ra viska viidenkuie,<br \/>\naia \u00e4\u00e4re kaaninkuie &#8211;<br \/>\nviga tuleb viidenkusta,<br \/>\naige aia k\u00e4\u00e4ningusta.<\/p>\n<p style=\"padding-left: 30px;\">J\u00e4ta teele tetre tekki,<br \/>\narule ane palaka,<br \/>\nsooje (soosse?) j\u00e4ta sulgi patja.<\/p>\n<p style=\"padding-left: 30px;\">H II 8, 734 (10) &lt; J\u00f5hvi khk. &#8211; J. Petrowitsch (1889)<\/p>\n<h5 style=\"padding-left: 30px;\">7 Pulmalaul<\/h5>\n<p style=\"padding-left: 30px;\">(\u00dcles, reiele minijad,<br \/>\nk\u00e4lised, k\u00e4si kivele,<br \/>\nvelje naised, veski teele!)<\/p>\n<p style=\"padding-left: 30px;\">Jo k\u00fc&#8217;\u00fcd (1) k\u00fclasse k\u00e4isid,<br \/>\nk\u00fclamehed meile k\u00e4isid.<br \/>\nmeie neido riideta,<br \/>\nkallis kaula r\u00e4ttikuta,<br \/>\nsula s\u00f5rmi kindaeta.<\/p>\n<p style=\"padding-left: 30px;\">Mis sina ikked, neitsikene,<br \/>\nmis sina ikked tullessana,<br \/>\nsingud sinna saajesanna?<br \/>\nEi sind viia veskiesta,<br \/>\nk\u00e4\u00e4nata k\u00e4si kivesta:<br \/>\nviis one veskit veljelana,<br \/>\nkuus one kulla keiselana.<br \/>\n\u00dcks see \u00f5\u00f5rub \u00f5trasida,<br \/>\nt\u00f5ine tallab taterida,<br \/>\nkolmas kauruja kahistab,<br \/>\nneljas nikerdab nisuja,<br \/>\nviies viina linnasida.<\/p>\n<p style=\"padding-left: 30px;\">1 (k\u00fcdid)<\/p>\n<p style=\"padding-left: 30px;\">H II 8, 734\/5 (11) &lt; J\u00f5hvi khk. &#8211; J. Petrowitsch (1889)<\/p>\n<\/div>\nTagged in: <span class=\"post-to-page-tags\"><a href=\"https:\/\/regilaulik.folklore.ee\/idavirumaa\/blog\/tag\/johvi_\/\">j\u00f5hvi_<\/a><\/span><span class=\"post-to-page-image\"><a href=\"https:\/\/regilaulik.folklore.ee\/idavirumaa\/blog\/2016\/01\/04\/1-h-ii-8-7-teksti\/\"><\/a><\/span>\n<span class=\"post-to-page-readmore\"><a href=\"https:\/\/regilaulik.folklore.ee\/idavirumaa\/blog\/2016\/01\/04\/1-h-ii-8-7-teksti\/\">Read more...<\/a><\/span>\n<span class=\"post-to-page-comment-count\">0 comments<\/span>\n<hr class=\"post-to-page-separator\" \/>\n\n","protected":false},"excerpt":{"rendered":"<p>________________________________________________________________________<\/p>\n","protected":false},"author":2,"featured_media":0,"parent":859,"menu_order":0,"comment_status":"closed","ping_status":"closed","template":"content-sidebar-page.php","meta":[],"_links":{"self":[{"href":"https:\/\/regilaulik.folklore.ee\/idavirumaa\/wp-json\/wp\/v2\/pages\/911"}],"collection":[{"href":"https:\/\/regilaulik.folklore.ee\/idavirumaa\/wp-json\/wp\/v2\/pages"}],"about":[{"href":"https:\/\/regilaulik.folklore.ee\/idavirumaa\/wp-json\/wp\/v2\/types\/page"}],"author":[{"embeddable":true,"href":"https:\/\/regilaulik.folklore.ee\/idavirumaa\/wp-json\/wp\/v2\/users\/2"}],"replies":[{"embeddable":true,"href":"https:\/\/regilaulik.folklore.ee\/idavirumaa\/wp-json\/wp\/v2\/comments?post=911"}],"version-history":[{"count":11,"href":"https:\/\/regilaulik.folklore.ee\/idavirumaa\/wp-json\/wp\/v2\/pages\/911\/revisions"}],"predecessor-version":[{"id":9045,"href":"https:\/\/regilaulik.folklore.ee\/idavirumaa\/wp-json\/wp\/v2\/pages\/911\/revisions\/9045"}],"up":[{"embeddable":true,"href":"https:\/\/regilaulik.folklore.ee\/idavirumaa\/wp-json\/wp\/v2\/pages\/859"}],"wp:attachment":[{"href":"https:\/\/regilaulik.folklore.ee\/idavirumaa\/wp-json\/wp\/v2\/media?parent=911"}],"curies":[{"name":"wp","href":"https:\/\/api.w.org\/{rel}","templated":true}]}}