{"id":913,"date":"2013-07-17T01:31:03","date_gmt":"2013-07-16T22:31:03","guid":{"rendered":"http:\/\/regilaulik.folklore.ee\/virumaa\/?page_id=913"},"modified":"2015-11-25T16:43:36","modified_gmt":"2015-11-25T14:43:36","slug":"vaivara","status":"publish","type":"page","link":"https:\/\/regilaulik.folklore.ee\/idavirumaa\/eluring\/pulmalaulud\/vaivara\/","title":{"rendered":"Vaivara"},"content":{"rendered":"<p>________________________________________________________________________<\/p>\n<h2 class=\"post-to-page-title\">.<\/h2>\n<div class=\"post-to-page-content\">\n<\/div>\n<span class=\"post-to-page-image\"><a href=\"https:\/\/regilaulik.folklore.ee\/idavirumaa\/blog\/2015\/12\/04\/10335\/\"><\/a><\/span>\n<span class=\"post-to-page-readmore\"><a href=\"https:\/\/regilaulik.folklore.ee\/idavirumaa\/blog\/2015\/12\/04\/10335\/\">Read more...<\/a><\/span>\n<span class=\"post-to-page-comment-count\">0 comments<\/span>\n<hr class=\"post-to-page-separator\" \/>\n<h2 class=\"post-to-page-title\">__V i i s i d__<\/h2>\n<div class=\"post-to-page-content\">\n<\/div>\n<span class=\"post-to-page-image\"><a href=\"https:\/\/regilaulik.folklore.ee\/idavirumaa\/blog\/2015\/12\/04\/__v-i-i-s-i-d__\/\"><\/a><\/span>\n<span class=\"post-to-page-readmore\"><a href=\"https:\/\/regilaulik.folklore.ee\/idavirumaa\/blog\/2015\/12\/04\/__v-i-i-s-i-d__\/\">Read more...<\/a><\/span>\n<span class=\"post-to-page-comment-count\">0 comments<\/span>\n<hr class=\"post-to-page-separator\" \/>\n<h2 class=\"post-to-page-title\">.<\/h2>\n<div class=\"post-to-page-content\">\n<\/div>\nTagged in: <span class=\"post-to-page-tags\"><a href=\"https:\/\/regilaulik.folklore.ee\/idavirumaa\/blog\/tag\/vaivara_\/\">vaivara_<\/a><\/span><span class=\"post-to-page-image\"><a href=\"https:\/\/regilaulik.folklore.ee\/idavirumaa\/blog\/2015\/12\/04\/10341\/\"><\/a><\/span>\n<span class=\"post-to-page-readmore\"><a href=\"https:\/\/regilaulik.folklore.ee\/idavirumaa\/blog\/2015\/12\/04\/10341\/\">Read more...<\/a><\/span>\n<span class=\"post-to-page-comment-count\">0 comments<\/span>\n<hr class=\"post-to-page-separator\" \/>\n<h2 class=\"post-to-page-title\">.<\/h2>\n<div class=\"post-to-page-content\">\n<\/div>\n<span class=\"post-to-page-image\"><a href=\"https:\/\/regilaulik.folklore.ee\/idavirumaa\/blog\/2015\/12\/04\/10343\/\"><\/a><\/span>\n<span class=\"post-to-page-readmore\"><a href=\"https:\/\/regilaulik.folklore.ee\/idavirumaa\/blog\/2015\/12\/04\/10343\/\">Read more...<\/a><\/span>\n<span class=\"post-to-page-comment-count\">0 comments<\/span>\n<hr class=\"post-to-page-separator\" \/>\n<h2 class=\"post-to-page-title\">__T e k s t i d__<\/h2>\n<div class=\"post-to-page-content\">\n<p>PULMALAULUDE TEKSTID esitatakse kogude kaupa.<\/p>\n<\/div>\n<span class=\"post-to-page-image\"><a href=\"https:\/\/regilaulik.folklore.ee\/idavirumaa\/blog\/2015\/12\/04\/__t-e-k-s-t-i-d__\/\"><\/a><\/span>\n<span class=\"post-to-page-readmore\"><a href=\"https:\/\/regilaulik.folklore.ee\/idavirumaa\/blog\/2015\/12\/04\/__t-e-k-s-t-i-d__\/\">Read more...<\/a><\/span>\n<span class=\"post-to-page-comment-count\">0 comments<\/span>\n<hr class=\"post-to-page-separator\" \/>\n<h2 class=\"post-to-page-title\">1. E\u00dcS VI  (7 teksti)<\/h2>\n<div class=\"post-to-page-content\">\n<h5 style=\"padding-left: 30px;\">Pulmalaul<\/h5>\n<p style=\"padding-left: 30px;\">Peiukene, poisikene,<br \/>\nkust sa tundsid siia tulla,<br \/>\nsiia suurie suguje,<br \/>\nrahakaje rahvaje?<br \/>\nSiin on oued louendised,<br \/>\nkarjaajad kangased.<br \/>\nEi ole meie peiu s\u00fc\u00fc,<br \/>\nvaid on teie neiu s\u00fc\u00fc:<br \/>\nmiks k\u00e4is elmissa eledis,<br \/>\ns\u00fcsimusta \u00fcmberikku,<br \/>\nr\u00e4petimpis r\u00e4\u00e4tsikussa,<br \/>\npeo all oli punane puoka,<br \/>\nlumi valgeta k\u00e4issikud?<\/p>\n<p style=\"padding-left: 30px;\">(Viis:.. )<\/p>\n<p style=\"padding-left: 30px;\">E\u00dcS VI 1138 (13) &lt; Vaivara khk., Vaivara v., S\u00f5tke k. &#8211; A. Sildnik &lt; vanaeit \u00dclesoo, u. 60 a. (1908)<\/p>\n<h5 style=\"padding-left: 30px;\">Pulmalaul<\/h5>\n<p style=\"padding-left: 30px;\">M\u00f5ilu, m\u00f5ilu, meie m\u00f5eka,<br \/>\nraiu, raiu, meie rauda!<br \/>\nM\u00f5ilu m\u00f5rsimehed toasta,<br \/>\nraiu arstid ahju pealta!<\/p>\n<p style=\"padding-left: 30px;\">E\u00dcS VI 1138 (14) &lt; Vaivara khk., Vaivara v., S\u00f5tke k. &#8211; A. Sildnik &lt; vanaeit \u00dclesoo, u. 60 a. (1908)<\/p>\n<h5 style=\"padding-left: 30px;\">Pulmalaul<\/h5>\n<p style=\"padding-left: 30px;\">Pea kinni peiukene:<br \/>\ntahan t\u00fctarta oppetata &#8211;<br \/>\nkui akkad s\u00e4rki omblema &#8211;<br \/>\npane piht pahemitte,<br \/>\niha sisse paremitte.<\/p>\n<p style=\"padding-left: 30px;\">E\u00dcS VI 1138\/9 (15) &lt; Vaivara khk., Vaivara v., S\u00f5tke k. &#8211; A. Sildnik &lt; vanaeit \u00dclesoo, u. 60 a. (1908)<\/p>\n<p style=\"padding-left: 30px;\">Pulmalaul<\/p>\n<p style=\"padding-left: 30px;\">Peiukene, poisikene,<br \/>\nKas oled teinud linasida,<br \/>\nlinasida, pienesida<br \/>\nnoore noorikule magada,<br \/>\nriva s\u00e4\u00e4re ringutada?<\/p>\n<p style=\"padding-left: 30px;\">(riva = nelja-nurgeline r\u00c4tik, pael taga, siuti alati \u00fcmber s\u00e4\u00e4rte)<\/p>\n<p style=\"padding-left: 30px;\">E\u00dcS VI 1139 (16) &lt; Vaivara khk., Vaivara v., S\u00f5tke k. &#8211; A. Sildnik &lt; vanaeit \u00dclesoo, u. 60 a. (1908)<\/p>\n<h5 style=\"padding-left: 30px;\">Pulmalaul<\/h5>\n<p style=\"padding-left: 30px;\">Ei mahu mitu minuje,<br \/>\nei teie saiata saledad,<br \/>\nei teie viinata vihavad,<br \/>\nkui ei saa neidu n\u00e4hassena.<\/p>\n<p style=\"padding-left: 30px;\">E\u00dcS VI 1139 (17) &lt; Vaivara khk., Vaivara v., S\u00f5tke k. &#8211; A. Sildnik &lt; vanaeit \u00dclesoo, u. 60 a. (1908)<\/p>\n<h5 style=\"padding-left: 30px;\">Pulmalaul<\/h5>\n<p style=\"padding-left: 30px;\">Unesta uni, m\u00e4lesta m\u00e4ngu,<br \/>\nPea noormees mieles!<\/p>\n<p style=\"padding-left: 30px;\">E\u00dcS VI 1139 (18) &lt; Vaivara khk., Vaivara v., S\u00f5tke k. &#8211; A. Sildnik &lt; vanaeit \u00dclesoo, u. 60 a. (1908)<\/p>\n<h5 style=\"padding-left: 30px;\">Pulmalaul<\/h5>\n<p style=\"padding-left: 30px;\">\u00c4ra sina kuula kuke laulu:<br \/>\nkukk sul laulab vahest vara,<br \/>\nvahest laulab valgeella<br \/>\nMine oue katsemaie,<br \/>\nl\u00f6e silmad Siulikuje,<br \/>\nvahi reie Vartateje!<br \/>\nSiulik n\u00e4itab selgeesta,<br \/>\nkuu sull n\u00e4itab korgeesta.<br \/>\nKui Siulik servi louneest,<br \/>\nkui Oda otsiti meres,<br \/>\nsiis juokse lauta katseje!<br \/>\nLeiad lehmalta vasika,<br \/>\nlambalt laugu tallekese,<br \/>\njookse tuppa \u00fctlemaie,<br \/>\nkohe r\u00e4\u00e4gi \u00e4mmale,<br \/>\nvarsti r\u00e4\u00e4gi vanemale.<\/p>\n<p style=\"padding-left: 30px;\">E\u00dcS VI 1139\/40 (19) &lt; Vaivara khk., Vaivara v., S\u00f5tke k. &#8211; A. Sildnik &lt; vanaeit \u00dclesoo, u. 60 a. (1908)<\/p>\n<\/div>\nTagged in: <span class=\"post-to-page-tags\"><a href=\"https:\/\/regilaulik.folklore.ee\/idavirumaa\/blog\/tag\/vaivara_\/\">vaivara_<\/a><\/span><span class=\"post-to-page-image\"><a href=\"https:\/\/regilaulik.folklore.ee\/idavirumaa\/blog\/2015\/12\/04\/1-eus-vi\/\"><\/a><\/span>\n<span class=\"post-to-page-readmore\"><a href=\"https:\/\/regilaulik.folklore.ee\/idavirumaa\/blog\/2015\/12\/04\/1-eus-vi\/\">Read more...<\/a><\/span>\n<span class=\"post-to-page-comment-count\">0 comments<\/span>\n<hr class=\"post-to-page-separator\" \/>\n<h2 class=\"post-to-page-title\">2. H II 37 (3 teksti)<\/h2>\n<div class=\"post-to-page-content\">\n<h5 style=\"padding-left: 30px;\">Pulmalaul<\/h5>\n<p style=\"padding-left: 30px;\">Tehka lahti laiad uksed,<br \/>\nsisse siidised tulevad,<br \/>\nkalevised krapssastavad!<br \/>\n\u00c4rge keelge kihlatunda,<br \/>\nminu venna ossetunda<br \/>\nminu veli on raha lugenud,<br \/>\npannud palju palveeida<br \/>\nenamb hellia s\u00f5nua.<\/p>\n<p style=\"padding-left: 30px;\">H II 37, 83\/4 (18) &lt; Vaivara khk., Kurtna v. &#8211; Marie Treuberg &lt; Leena Selli (1891)<\/p>\n<h5 style=\"padding-left: 30px;\">Pulmalaul<\/h5>\n<p style=\"padding-left: 30px;\">\u00c4re kurda, Marikene,<br \/>\net on meie maad madalad,<br \/>\n\u00f5lgi-kattused kadalad,<br \/>\net on peigo peenikene,<br \/>\nja kaasa kasinukene. &#8211;<br \/>\nK\u00fcll k\u00fcnnab k\u00f5va keloda,<br \/>\nrikkub peeni peendarida.<br \/>\nEi sina et tunne tuska-p\u00e4ivi<br \/>\nega n\u00e4\u00e4 n\u00e4lja-p\u00e4ivi.<\/p>\n<p style=\"padding-left: 30px;\">H II 37, 84 (19) &lt; Vaivara khk., Kurtna v. &#8211; Marie Treuberg &lt; Leena Selli (1891)<\/p>\n<h5 style=\"padding-left: 30px;\">Pulmalaul<\/h5>\n<p style=\"padding-left: 30px;\">Neitsikene, noorukene,<br \/>\nkui tahad taluje tulla<br \/>\natra poisile asuda &#8211;<br \/>\nole siis nobe nopimaje,<br \/>\nk\u00e4si k\u00e4rme leikamaje.<br \/>\nPeiul palju pikaid poldu,<br \/>\notsad jooksevad ojaje,<br \/>\nteised toa tahaje.<br \/>\nKui oled hoolas vaatamaje,<br \/>\nk\u00e4si on k\u00e4rme leikamaje,<br \/>\nsiis sind h\u00fc\u00fct\u00e4 \u00fcv\u00e4sta,<br \/>\n\u00fcv\u00e4 naise t\u00fct\u00e4rista.<br \/>\n\u00dcv\u00e4 naine \u00fcpitanud,<br \/>\nkallis naine kasvatanud.<\/p>\n<p style=\"padding-left: 30px;\">Kui j\u00e4ed kurgel vahtimaje,<br \/>\nsiis sind laiteta laisasta,<br \/>\nja laisa naise t\u00fct\u00e4rista.<br \/>\nLaiska naine laulab v\u00e4ljal,<br \/>\nvirka naine kiirest leikab.<\/p>\n<p style=\"padding-left: 30px;\">H II 37, 93\/4 (1) &lt; Vaivara khk. &#8211; Hermann Hendel (1892)<\/p>\n<\/div>\nTagged in: <span class=\"post-to-page-tags\"><a href=\"https:\/\/regilaulik.folklore.ee\/idavirumaa\/blog\/tag\/vaivara_\/\">vaivara_<\/a><\/span><span class=\"post-to-page-image\"><a href=\"https:\/\/regilaulik.folklore.ee\/idavirumaa\/blog\/2015\/12\/04\/2-h-ii-37-3-teksti\/\"><\/a><\/span>\n<span class=\"post-to-page-readmore\"><a href=\"https:\/\/regilaulik.folklore.ee\/idavirumaa\/blog\/2015\/12\/04\/2-h-ii-37-3-teksti\/\">Read more...<\/a><\/span>\n<span class=\"post-to-page-comment-count\">0 comments<\/span>\n<hr class=\"post-to-page-separator\" \/>\n<h2 class=\"post-to-page-title\">3. E kogu (1 tekst)<\/h2>\n<div class=\"post-to-page-content\">\n<h5 style=\"padding-left: 30px;\">Lapulise laul.<\/h5>\n<p style=\"padding-left: 30px;\">Mina h\u00f5iskan, mina h\u00f5iskan akna taga,<br \/>\nantke mulle, antke mulle, arvast juua,<br \/>\nkahe kolme, kahe kolme klaasi servast.<\/p>\n<p style=\"padding-left: 30px;\">Mina mekin, mina mekin, meelta m\u00f6\u00f6da,<br \/>\nt\u00f5stan toobi, t\u00f5stan toobi j\u00f5udu m\u00f6\u00f6da,<br \/>\nkatsun kannu, katsun kannu \u00e4\u00e4rta m\u00f6\u00f6da.<br \/>\nPole mina, pole mina, p\u00e4ris pulmaline,<br \/>\nkogemata, kogemata, juhtsin siia.<\/p>\n<p style=\"padding-left: 30px;\">E 20924 &lt; Vaivara, Samokrassi &#8211; Fr. Feldbach &lt; Katri Mulla (1895).<\/p>\n<\/div>\nTagged in: <span class=\"post-to-page-tags\"><a href=\"https:\/\/regilaulik.folklore.ee\/idavirumaa\/blog\/tag\/vaivara_\/\">vaivara_<\/a><\/span><span class=\"post-to-page-image\"><a href=\"https:\/\/regilaulik.folklore.ee\/idavirumaa\/blog\/2016\/01\/04\/3-e-kogu-1-tekst\/\"><\/a><\/span>\n<span class=\"post-to-page-readmore\"><a href=\"https:\/\/regilaulik.folklore.ee\/idavirumaa\/blog\/2016\/01\/04\/3-e-kogu-1-tekst\/\">Read more...<\/a><\/span>\n<span class=\"post-to-page-comment-count\">0 comments<\/span>\n<hr class=\"post-to-page-separator\" \/>\n<h2 class=\"post-to-page-title\">4. H II 1 (9 teksti)<\/h2>\n<div class=\"post-to-page-content\">\n<h5 style=\"padding-left: 30px;\">1 Pulmalaul<\/h5>\n<p style=\"padding-left: 30px;\">Ei kuulnud kuri kul\u00e4je,<br \/>\nt\u00f5re t\u00f5iseje taluje.<br \/>\nK\u00fcll kuulus kurika h\u00e4\u00e4le,<br \/>\nvie h\u00e4\u00e4li h\u00e4ilasteli.<br \/>\nK\u00e4isin pulmassa m\u00f5nessa,<br \/>\nk\u00e4isin saajassa saas (= 100) &#8211;<br \/>\nei saand neid andeid,<br \/>\nmis sain selta neiduselta:<br \/>\nsain v\u00f6\u00f6 vavermu kirja,<br \/>\npaisatie pannelkirja.<\/p>\n<p style=\"padding-left: 30px;\">Hein\u00e4-k\u00f5isi heidetie,<br \/>\npaju-k\u00f5isi paisatie.<br \/>\nKas oled punassa k\u00e4inud,<br \/>\nmaranasse matka k\u00e4inud,<br \/>\nja k\u00f5lla heinasse k\u00f5nelnud?<\/p>\n<p style=\"padding-left: 30px;\">H II 1, 39\/40 (54) &lt; Vaivara khk., Puhkova k. &#8211; M. Ostrov ja O. Kallas &lt; Liisa Ruske, 70 a. (1888).<\/p>\n<h5 style=\"padding-left: 30px;\">2 Pulmalaul<\/h5>\n<p style=\"padding-left: 30px;\">Kas luba tubaje tulla,<br \/>\nhuost oueje ajada,<br \/>\nvarsa varnaje siduda?<br \/>\nTehke lahti laiad uksed,<br \/>\nsisse siidised tulevad,<br \/>\nkalevised krapsastavad,<br \/>\nrohelised ropsastavad!<\/p>\n<p style=\"padding-left: 30px;\">Vastalaul:<\/p>\n<p style=\"padding-left: 30px;\">Luba on tubaje tulla,<br \/>\nhuost ouveje ajada;<br \/>\nmeie ouved louvendised,<br \/>\nkarjaajad kangaaised,<br \/>\npinud pitkissa ridussa,<br \/>\ntuba on siidi-sohvadessa.<\/p>\n<p style=\"padding-left: 30px;\">H II 1, 84, (110) &lt; Vaivara khk., Udria k. &#8211; M. Ostrov ja O. Kallas &lt; Mari Kontsa (1888).<\/p>\n<h5 style=\"padding-left: 30px;\">3 Pulmalaul<\/h5>\n<h5 style=\"padding-left: 30px;\">Kui pruut tuppa toodi:<\/h5>\n<p style=\"padding-left: 30px;\">S\u00fcvige, s\u00fcvige, seinad<br \/>\nminge, seinad, sinna puole,<br \/>\npaarige, paarige, parred,<br \/>\nminge parred kahe puole!<br \/>\nTrummal tuuakse tubaje,<br \/>\nparabantsik pormandulle.<\/p>\n<p style=\"padding-left: 30px;\">Liigu, liigu, liekene,<br \/>\nanna ruumi, ahjukene:<br \/>\ntrummal tuuakse tubaje,<br \/>\nparabantsik pormandulle.<\/p>\n<p style=\"padding-left: 30px;\">H II 1, 84\/5 (111) &lt; Vaivara khk., Udria k. &#8211; M. Ostrov ja O. Kallas &lt; Mari Kontsa (1888).<\/p>\n<h5 style=\"padding-left: 30px;\">4 Pulmalaul. Nooriku virkus \u00f5petus<\/h5>\n<h5 style=\"padding-left: 30px;\">H\u00e4\u00e4 n\u00f5uandmine pruudile:<\/h5>\n<p style=\"padding-left: 30px;\">Annekene, akikene,<br \/>\nAnne, aki t\u00fcttarida,<br \/>\nkui tahad \u00e4iaga elada,<br \/>\n\u00e4ia mielda mielitada:<br \/>\ns\u00fc\u00f6da h\u00e4sti \u00e4ia \u00e4rjad,<br \/>\njuoda h\u00e4sti \u00e4ia ruunad!<\/p>\n<p style=\"padding-left: 30px;\">Kui tahad \u00e4iaga elada,<br \/>\n\u00e4ia mielda mielitada,<br \/>\nalta soime anna einad,<br \/>\npealta soime kanna kaurad,<br \/>\nkeskeelta kenaste vahi,<br \/>\nkas on s\u00fc\u00f6nud \u00e4ia \u00e4rjad,<br \/>\nvoi on juonud \u00e4ia ruunad. &#8211;<\/p>\n<p style=\"padding-left: 30px;\">Annekene, akikene,<br \/>\nAnne, aki t\u00fcttarida,<br \/>\nkui tahad \u00e4mmaga elada,<br \/>\n\u00e4mma mielda mielitada:<br \/>\n\u00e4ra kuule kuke h\u00e4\u00e4lta,<br \/>\nei ka kana karjumista,<br \/>\n\u00f6\u00f6linnu h\u00fc\u00fcdamista;<br \/>\nvahest kukk varagi laulab,<br \/>\nvahest laulab valgeella,<br \/>\nvahest kukk koidikul laulab,<br \/>\nvahest koidiku eella.<\/p>\n<p style=\"padding-left: 30px;\">Kui l\u00e4\u00e4d oue ulkumaie,<br \/>\nkarjaaida katsumaie,<br \/>\nl\u00f6\u00f6 siis silmad Siulike (? t\u00e4htkuju),<br \/>\notsete Odava (t\u00e4htkuju),p\u00e4\u00e4le!<\/p>\n<p style=\"padding-left: 30px;\">Siulik n\u00e4idab selgeesta,<br \/>\nOda n\u00e4idab oigeesta,<br \/>\nReie vardad (t\u00e4htkuju)valgeesta.<\/p>\n<p style=\"padding-left: 30px;\">Kui sina nouad \u00e4mma mielta,<br \/>\n\u00e4mma mielta mielitada:<br \/>\nkui l\u00e4\u00e4d ouesta tubaje,<br \/>\nvii siis puuda tullessani,<br \/>\nlaastu laia r\u00fcppidani. &#8211;<\/p>\n<p style=\"padding-left: 30px;\">H II 1, 85\/6 (112) &lt; Vaivara khk., Udria k. &#8211; M. Ostrov ja O. Kallas &lt; Vommi Mari Kontsa (1888).<\/p>\n<h5 style=\"padding-left: 30px;\">5 Pulmalaul<\/h5>\n<h5 style=\"padding-left: 30px;\">Kui pruudi kodust mindi:<\/h5>\n<p style=\"padding-left: 30px;\">K\u00e4i neiu, eks sa joua,<br \/>\nsua neiu, saa minema,<br \/>\nsua, meie saja kuasa,<br \/>\nk\u00e4i, meie meeste kuasa,<br \/>\njo kipub k\u00fc\u00fc hobune,<br \/>\nv\u00e4i t\u00e4kku v\u00e4\u00e4nab peada.<\/p>\n<p style=\"padding-left: 30px;\">H II 1, 92 (124) &lt; Vaivara khk. &lt; Narva-J\u00f5esuu &lt; Rakvere juurest &#8211; M. Ostrov ja O. Kallas &lt; Mai Maibomm, 80 a. (1888).<\/p>\n<h5 style=\"padding-left: 30px;\">6 Pulmalaul<\/h5>\n<h5 style=\"padding-left: 30px;\">Pruudi poolt vastatakse tulijatele langudele:<\/h5>\n<p style=\"padding-left: 30px;\">Jo neidu siita l\u00e4inud,<br \/>\nPeasusta pead sugenud,<br \/>\nTriigis kingad kinnitanud,<br \/>\nUni-k\u00fclas une maganud.<\/p>\n<p style=\"padding-left: 30px;\">H II 1, 92 (125) &lt; Vaivara khk. &lt; Narva-J\u00f5esuu &lt; Rakvere juurest &#8211; M. Ostrov ja O. Kallas &lt; Mai Maibomm, 80 a. (1888).<\/p>\n<h5 style=\"padding-left: 30px;\">7 Pulmalaul<\/h5>\n<h5 style=\"padding-left: 30px;\">Peiu poolt pulmalised pruudile:<\/h5>\n<p style=\"padding-left: 30px;\">\u00c4ra kurda, \u00e4ra karda,<br \/>\nei ole k\u00fcbar k\u00fclasta,<br \/>\nei \u00fcli \u00fcle t\u00e4nava!<br \/>\nMeil on Rootsi rukkieida,<br \/>\nmullista sealihada<br \/>\ntuna-mullist lehma-v\u00f5ida.<\/p>\n<p style=\"padding-left: 30px;\">H II 1, 92 (126) &lt; Vaivara khk. &lt; Narva-J\u00f5esuu &lt; Rakvere juurest &#8211; M. Ostrov ja O. Kallas &lt; Mai Maibomm, 80 a. (1888).<\/p>\n<h5 style=\"padding-left: 30px;\">8 Pulmalaul<\/h5>\n<p style=\"padding-left: 30px;\">T\u00f5uske \u00fcles, pererahvas,<br \/>\n\u00e4rgake, pereminijad!<br \/>\nJo suitsud toasta l\u00e4inud,<br \/>\naurud l\u00e4inud akenasta.<\/p>\n<p style=\"padding-left: 30px;\">Perenaene, naesukene,<br \/>\nkas on k\u00f5rdid keedetud,<br \/>\nleivat\u00fckid leigatud?<\/p>\n<p style=\"padding-left: 30px;\">Kui pole k\u00f5rdid keedetudgi,<br \/>\nleivat\u00fckid leigatudgi,<br \/>\nkatki katelad tulelta,<br \/>\nl\u00f5hki potid l\u00f5ukeelta.<\/p>\n<p style=\"padding-left: 30px;\">H II 1, 94 (130) &lt; Vaivara khk. &lt; Narva-J\u00f5esuu &lt; Rakvere juurest &#8211; M. Ostrov ja O. Kallas &lt; Mai Maibomm, 80 a. (1888).<\/p>\n<h5 style=\"padding-left: 30px;\">9 Pulmalaul<br \/>\nKui pruut kodunt \u00e4ra saadeti:<\/h5>\n<p style=\"padding-left: 30px;\">Peiukene, poisikene,<br \/>\nkas t\u00f5id seda hoosta,<br \/>\nsaid seda saanikesta,<br \/>\nmisga viined meie virsde,<br \/>\ntaluteled meie taime (tamme)?<\/p>\n<p style=\"padding-left: 30px;\">K\u00fcl on ale andemine,<br \/>\nk\u00fcl ale \u00e4ra lahutamine,<br \/>\nt\u00f5rges teele t\u00f5stemine:<br \/>\nesimik oli einamaalla,<br \/>\np\u00f5rgolik oli p\u00e4\u00e4le p\u00f5llu,<br \/>\nviimik vihkude siduja. &#8211;<\/p>\n<p style=\"padding-left: 30px;\">H II 1, 95 (133) &lt; Vaivara khk. &lt; Narva-J\u00f5esuu &lt; Rakvere juurest &#8211; M. Ostrov ja O. Kallas &lt; Mai Maibomm, 80 a. (1888).<\/p>\n<\/div>\nTagged in: <span class=\"post-to-page-tags\"><a href=\"https:\/\/regilaulik.folklore.ee\/idavirumaa\/blog\/tag\/vaivara_\/\">vaivara_<\/a><\/span><span class=\"post-to-page-image\"><a href=\"https:\/\/regilaulik.folklore.ee\/idavirumaa\/blog\/2016\/01\/04\/4-h-ii-1-1-tekst\/\"><\/a><\/span>\n<span class=\"post-to-page-readmore\"><a href=\"https:\/\/regilaulik.folklore.ee\/idavirumaa\/blog\/2016\/01\/04\/4-h-ii-1-1-tekst\/\">Read more...<\/a><\/span>\n<span class=\"post-to-page-comment-count\">0 comments<\/span>\n<hr class=\"post-to-page-separator\" \/>\n<h2 class=\"post-to-page-title\">5. E\u00dcS VI  (4 teksti)<\/h2>\n<div class=\"post-to-page-content\">\n<h5 style=\"padding-left: 30px;\">1 Pulmalaul<\/h5>\n<p style=\"padding-left: 30px;\">Ehi neidu, joua neidu,<br \/>\nehi meie mieste kaasa,<br \/>\nsaa meie saaja kaasa!<br \/>\nJo kipub k\u00fc\u00fc obone,<br \/>\nV\u00e4h\u00fc t\u00e4kk v\u00e4\u00e4nab p\u00e4\u00e4da.<br \/>\nIsamehel elmine luoka,<br \/>\nk\u00fc\u00fcl on luoka k\u00fcnnapuune,<br \/>\npeiu luok on p\u00e4rnepuune.<br \/>\nvt. v. 15<\/p>\n<p style=\"padding-left: 30px;\">E\u00dcS VI 921 (20) &lt; J\u00f5hvi khk., Voka v., Toila k. &lt; Vaivara khk., Peetri v., Udria k. &#8211; A. Sildnik &amp; P. Penna &lt; Ann Konsa, 76 a. (1909)<\/p>\n<h5 style=\"padding-left: 30px;\">2 Pulmalaul<\/h5>\n<p style=\"padding-left: 30px;\">Neitsikene, nuorukene,<br \/>\nmis tied kaua kamberissa<br \/>\npiilud piima ouessa?<br \/>\nKas kuod k\u00fc\u00fcle s\u00e4rki,<br \/>\n\u00e4ia, ammale palaka?<br \/>\nKo&#8217;t ole elle enne teinud,<br \/>\nvaine enne valmistanud,<br \/>\ntuo siis n\u00e4pid tullessani,<br \/>\nmeil on peiu piiraseppa,<br \/>\nkangapuud k\u00fc\u00fc kassitu,<br \/>\nniied nao niksudettu.<\/p>\n<p style=\"padding-left: 30px;\">vt. v. 15<\/p>\n<p style=\"padding-left: 30px;\">E\u00dcS VI 924 (25) &lt; J\u00f5hvi khk., Voka v., Toila k. &lt; Vaivara khk., Peetri v., Udria k. &#8211; A. Sildnik &amp; P. Penna &lt; Ann Konsa, 76 a. (1909)<\/p>\n<h5 style=\"padding-left: 30px;\">3 Pulmalaul<\/h5>\n<p style=\"padding-left: 30px;\">Olgakene, ounakene,<br \/>\nOlga, ouna linnukene,<br \/>\nKui tahad \u00e4iaga elada,<br \/>\n\u00e4ia mielta mielitada:<br \/>\ns\u00fceda \u00e4sti \u00e4ia \u00e4rjad,<br \/>\njuoda \u00e4sti \u00e4ia ruunad,<br \/>\nalta soime anna einad,<br \/>\np\u00e4\u00e4lta soime kanna ka(u)rad,<br \/>\nkeskelta kenaste vahi,<br \/>\nkas on s\u00fcened \u00e4ia \u00e4rjad,<br \/>\n\u00e4ia \u00e4rjad, \u00e4ia ruunad,<br \/>\nvai on juonud \u00e4ia ruunad &#8211;<br \/>\nsiis sina nouad \u00e4ia miele,<br \/>\n\u00e4ia miele mielitelled.<\/p>\n<p style=\"padding-left: 30px;\">vt. v. 16<\/p>\n<p style=\"padding-left: 30px;\">E\u00dcS VI 929 (37) &lt; J\u00f5hvi khk., Voka v., Toila k. &lt; Vaivara khk., Peetri v., Udria k. &#8211; A. Sildnik &amp; P. Penna &lt; Ann Konsa, 76 a. (1909)<\/p>\n<h5 style=\"padding-left: 30px;\">4 Pulmalaul<\/h5>\n<p style=\"padding-left: 30px;\">Lienukene, linnukene,<br \/>\nLienu, lindu t\u00fcttarida,<br \/>\nkui tahad \u00e4mmaga elada,<br \/>\n\u00e4mma mielta mielitada,<br \/>\n\u00e4ra siis kuule kuke \u00e4\u00e4lta,<br \/>\nega kana karjumista.<\/p>\n<p style=\"padding-left: 30px;\">Vahest kukk varagi laulab,<br \/>\nvahest laulab valgeella;<br \/>\nvahest kukk koidikul laulab,<br \/>\nvahest koidiku iella.<\/p>\n<p style=\"padding-left: 30px;\">Kui l\u00e4hed oue ulkumaie,<br \/>\nkarjaaida katsumaie,<br \/>\nl\u00fce siis silmad Siulikuie,<br \/>\notsisti Odava p\u00e4\u00e4le,<br \/>\nSiulik n\u00e4itab selge&#8217;esta,<br \/>\nOda n\u00e4itab oige&#8217;esta,<br \/>\nReie Vartad valge&#8217;esta.<\/p>\n<p style=\"padding-left: 30px;\">Kui tahad \u00e4mmaga elada,<br \/>\n\u00e4mma mielta mielitada,<br \/>\nkui l\u00e4hed ouesta tubaje,<br \/>\nvie siis puida tullessani,<br \/>\nlaastu laia r\u00fcppedani,<br \/>\nsiis sina n\u00f5uad \u00e4mm\u00e4 mielda,<br \/>\n\u00e4mma mielda mieliteled.<\/p>\n<p style=\"padding-left: 30px;\">vt. v. 16<\/p>\n<p style=\"padding-left: 30px;\">E\u00dcS VI 929\/30 (38) &lt; J\u00f5hvi khk., Voka v., Toila k. &lt; Vaivara khk., Peetri v., Udria k. &#8211; A. Sildnik &amp; P. Penna &lt; Ann Konsa, 76 a. (1909)<\/p>\n<\/div>\nTagged in: <span class=\"post-to-page-tags\"><a href=\"https:\/\/regilaulik.folklore.ee\/idavirumaa\/blog\/tag\/vaivara_\/\">vaivara_<\/a><\/span><span class=\"post-to-page-image\"><a href=\"https:\/\/regilaulik.folklore.ee\/idavirumaa\/blog\/2016\/01\/04\/5-eus-vi-4-teksti\/\"><\/a><\/span>\n<span class=\"post-to-page-readmore\"><a href=\"https:\/\/regilaulik.folklore.ee\/idavirumaa\/blog\/2016\/01\/04\/5-eus-vi-4-teksti\/\">Read more...<\/a><\/span>\n<span class=\"post-to-page-comment-count\">0 comments<\/span>\n<hr class=\"post-to-page-separator\" \/>\n\n","protected":false},"excerpt":{"rendered":"<p>________________________________________________________________________<\/p>\n","protected":false},"author":2,"featured_media":0,"parent":859,"menu_order":0,"comment_status":"closed","ping_status":"closed","template":"content-sidebar-page.php","meta":[],"_links":{"self":[{"href":"https:\/\/regilaulik.folklore.ee\/idavirumaa\/wp-json\/wp\/v2\/pages\/913"}],"collection":[{"href":"https:\/\/regilaulik.folklore.ee\/idavirumaa\/wp-json\/wp\/v2\/pages"}],"about":[{"href":"https:\/\/regilaulik.folklore.ee\/idavirumaa\/wp-json\/wp\/v2\/types\/page"}],"author":[{"embeddable":true,"href":"https:\/\/regilaulik.folklore.ee\/idavirumaa\/wp-json\/wp\/v2\/users\/2"}],"replies":[{"embeddable":true,"href":"https:\/\/regilaulik.folklore.ee\/idavirumaa\/wp-json\/wp\/v2\/comments?post=913"}],"version-history":[{"count":12,"href":"https:\/\/regilaulik.folklore.ee\/idavirumaa\/wp-json\/wp\/v2\/pages\/913\/revisions"}],"predecessor-version":[{"id":10131,"href":"https:\/\/regilaulik.folklore.ee\/idavirumaa\/wp-json\/wp\/v2\/pages\/913\/revisions\/10131"}],"up":[{"embeddable":true,"href":"https:\/\/regilaulik.folklore.ee\/idavirumaa\/wp-json\/wp\/v2\/pages\/859"}],"wp:attachment":[{"href":"https:\/\/regilaulik.folklore.ee\/idavirumaa\/wp-json\/wp\/v2\/media?parent=913"}],"curies":[{"name":"wp","href":"https:\/\/api.w.org\/{rel}","templated":true}]}}