{"id":3824,"date":"2013-09-06T11:25:58","date_gmt":"2013-09-06T08:25:58","guid":{"rendered":"http:\/\/regilaulik.folklore.ee\/lounatartumaa\/?page_id=3824"},"modified":"2015-11-30T09:09:02","modified_gmt":"2015-11-30T07:09:02","slug":"uuemad-mangud","status":"publish","type":"page","link":"https:\/\/regilaulik.folklore.ee\/lounatartumaa\/louna-tartumaa\/laulumangud\/uuemad-mangud\/","title":{"rendered":"Vastsemba laulum\u00e4ngu"},"content":{"rendered":"<p><span style=\"font-size: 14pt;\">VASTSEMBA LAULUM\u00c4NGU<\/span>,<span style=\"font-size: 12pt;\"> millel olessi ka viis man, om L-Tartumaa materjaale man \u00f5igele puudus, aga Ingrid R\u00fc\u00fctli katekeitelitsen raamatun &#8220;Eesti uuemad laulum\u00e4ngud&#8221; om nii\u00e4ste m\u00e4ngude selet\u00fcsi, viise kui ka s\u00f5nnu mitmelt puult Eestist. Niisamate om leid\u00e4 s\u00f5nnu ja selet\u00fcsi \u00dclo Tedre Eesti rahvalaulude antoloogian. S\u00f5\u00f5rim\u00e4ngu (nigu &#8220;Mehil\u00e4ne aian&#8221; jmt) om siist antoloogiast v\u00e4ll\u00e4 j\u00e4etu.<\/span><\/p>\n<p>&nbsp;<\/p>\n<p>&nbsp;<\/p>\n<p>&nbsp;<\/p>\n<h2 class=\"post-to-page-title\">.<\/h2>\n<div class=\"post-to-page-content\">\n<\/div>\n<span class=\"post-to-page-image\"><a href=\"https:\/\/regilaulik.folklore.ee\/lounatartumaa\/ilmaring\/laulumangud\/uuemad-mangud\/xx-9\/\"><\/a><\/span>\n<span class=\"post-to-page-readmore\"><a href=\"https:\/\/regilaulik.folklore.ee\/lounatartumaa\/ilmaring\/laulumangud\/uuemad-mangud\/xx-9\/\">Read more...<\/a><\/span>\n<span class=\"post-to-page-comment-count\">0 comments<\/span>\n<hr class=\"post-to-page-separator\" \/>\n<h2 class=\"post-to-page-title\">1. MINU VELI VIRVIPUU (R\u00f5n)<\/h2>\n<div class=\"post-to-page-content\">\n<p style=\"padding-left: 30px;\"><strong><span style=\"font-size: 14pt;\">Ringm\u00e4ngulaul<\/span><\/strong><\/p>\n<p style=\"text-align: right;\"><em><strong><span style=\"font-size: 14pt;\">R\u00f5ngu<\/span><\/strong><\/em><\/p>\n<p style=\"padding-left: 30px;\">x<br \/>\n<span style=\"font-size: 14pt;\">MINU VELI VIRVIPUU,<\/span><br \/>\n<span style=\"font-size: 12pt;\"> virvipuu ja v\u00e4rvipuu,<\/span><br \/>\n<span style=\"font-size: 12pt;\"> \u00fcle m\u00f5tsa m\u00f5\u00f5dupuu,<\/span><br \/>\n<span style=\"font-size: 12pt;\"> \u00fcle palu pikem puu,<\/span><br \/>\n<span style=\"font-size: 12pt;\"> \u00fcle valla viksem mees,<\/span><br \/>\n<span style=\"font-size: 12pt;\"> \u00fcle k\u00fcla kenam pois!<\/span><\/p>\n<p style=\"padding-left: 30px;\"><span style=\"font-size: 12pt;\">Oijatan sind, ella velle,<\/span><br \/>\n<span style=\"font-size: 12pt;\"> annan n\u00f5u sull, oma veli,<\/span><br \/>\n<span style=\"font-size: 12pt;\"> \u00e4ra sina linnast naista v\u00f5ta,<\/span><br \/>\n<span style=\"font-size: 12pt;\"> kaasad omal kosigu &#8211;<\/span><br \/>\n<span style=\"font-size: 12pt;\"> linnas omma liiga pika,<\/span><br \/>\n<span style=\"font-size: 12pt;\"> liiga pika, loodu laisa.<\/span><br \/>\n<span style=\"font-size: 12pt;\"> V\u00f5ta maalta madal neiu,<\/span><br \/>\n<span style=\"font-size: 12pt;\"> \u00fcle p\u00f5llu peenikene,<\/span><br \/>\n<span style=\"font-size: 12pt;\"> \u00fcle nurme noorukene,<\/span><br \/>\n<span style=\"font-size: 12pt;\"> \u00fcle valla v\u00e4iksem neiu,<\/span><br \/>\n<span style=\"font-size: 12pt;\"> \u00fcle k\u00fcla k\u00e4rmam neiu,<\/span><br \/>\n<span style=\"font-size: 12pt;\"> oma kasvatatud kana,<\/span><br \/>\n<span style=\"font-size: 12pt;\"> karjap\u00f5lve kallike.<\/span><\/p>\n<p style=\"padding-left: 30px;\"><span style=\"font-size: 10pt;\">E\u00dcS III, 57\/8 (14) &lt; R\u00f5ngu khk, Aakre v, P\u00fchaste k &#8211; P. Kurg &lt; P. Kurg (1906).<\/span><\/p>\n<\/div>\nTagged in: <span class=\"post-to-page-tags\"><a href=\"https:\/\/regilaulik.folklore.ee\/lounatartumaa\/tag\/rongu_\/\">r\u00f5ngu_<\/a><\/span><span class=\"post-to-page-image\"><a href=\"https:\/\/regilaulik.folklore.ee\/lounatartumaa\/ilmaring\/laulumangud\/uuemad-mangud\/1-minu-veli-virvipuu-ron\/\"><\/a><\/span>\n<span class=\"post-to-page-readmore\"><a href=\"https:\/\/regilaulik.folklore.ee\/lounatartumaa\/ilmaring\/laulumangud\/uuemad-mangud\/1-minu-veli-virvipuu-ron\/\">Read more...<\/a><\/span>\n<span class=\"post-to-page-comment-count\">0 comments<\/span>\n<hr class=\"post-to-page-separator\" \/>\n<h2 class=\"post-to-page-title\">.<\/h2>\n<div class=\"post-to-page-content\">\n<\/div>\n<span class=\"post-to-page-image\"><a href=\"https:\/\/regilaulik.folklore.ee\/lounatartumaa\/ilmaring\/laulumangud\/uuemad-mangud\/9660\/\"><\/a><\/span>\n<span class=\"post-to-page-readmore\"><a href=\"https:\/\/regilaulik.folklore.ee\/lounatartumaa\/ilmaring\/laulumangud\/uuemad-mangud\/9660\/\">Read more...<\/a><\/span>\n<span class=\"post-to-page-comment-count\">0 comments<\/span>\n<hr class=\"post-to-page-separator\" \/>\n<h2 class=\"post-to-page-title\">__O n n i m a n n i__<\/h2>\n<div class=\"post-to-page-content\">\n<\/div>\n<span class=\"post-to-page-image\"><a href=\"https:\/\/regilaulik.folklore.ee\/lounatartumaa\/ilmaring\/laulumangud\/uuemad-mangud\/__o-n-n-i-m-a-n-n-i__\/\"><\/a><\/span>\n<span class=\"post-to-page-readmore\"><a href=\"https:\/\/regilaulik.folklore.ee\/lounatartumaa\/ilmaring\/laulumangud\/uuemad-mangud\/__o-n-n-i-m-a-n-n-i__\/\">Read more...<\/a><\/span>\n<span class=\"post-to-page-comment-count\">0 comments<\/span>\n<hr class=\"post-to-page-separator\" \/>\n<h2 class=\"post-to-page-title\">1. SOO, SOO, SOO, SOO, SOONI MAANI (San)<\/h2>\n<div class=\"post-to-page-content\">\n<p style=\"padding-left: 30px;\"><strong><span style=\"font-size: 14pt;\">Onnimanni<\/span><\/strong><\/p>\n<p style=\"text-align: right;\"><em><strong><span style=\"font-size: 14pt;\">Sangaste<\/span><\/strong><\/em><\/p>\n<p style=\"text-align: left;\">x<\/p>\n<p style=\"padding-left: 30px;\"><span style=\"font-size: 14pt;\">SOO, SOO, SOO, SOO, SOONI MAANI,<\/span><br \/>\n<span style=\"font-size: 12pt;\"> Sooni Maast sai mammaku,<\/span><br \/>\n<span style=\"font-size: 12pt;\"> mammakust sai maripilli,<\/span><br \/>\n<span style=\"font-size: 12pt;\"> maripillist sai piibuna,<\/span><br \/>\n<span style=\"font-size: 12pt;\"> piibunast sai piiterselli,<\/span><br \/>\n<span style=\"font-size: 12pt;\"> piitersellist sai s\u00f5mera,<\/span><br \/>\n<span style=\"font-size: 12pt;\"> s\u00f5merest sai soolavaka,<\/span><br \/>\n<span style=\"font-size: 12pt;\"> soolavakast sai valina,<\/span><br \/>\n<span style=\"font-size: 12pt;\"> valimast sai kabuna,<\/span><br \/>\n<span style=\"font-size: 12pt;\"> kabunast sai kalkim\u00f5tsa,<\/span><br \/>\n<span style=\"font-size: 12pt;\"> kalkim\u00f5tsast sai m\u00f5rsija,<\/span><br \/>\n<span style=\"font-size: 12pt;\"> m\u00f5rsijast sai mii-p\u00fct\u00fc. &#8211;<\/span><br \/>\n<span style=\"font-size: 12pt;\"> J\u00f5ie es\u00e4, j\u00f5ie em\u00e4,<\/span><br \/>\n<span style=\"font-size: 12pt;\"> j\u00f5ie sada saksa miist,<\/span><br \/>\n<span style=\"font-size: 12pt;\"> j\u00f5ie k\u00fcmme k\u00fclamiist.<\/span><br \/>\n<span style=\"font-size: 12pt;\"> Tek ta \u00fcte im\u00f5kese,<\/span><br \/>\n<span style=\"font-size: 12pt;\"> tipilise, t\u00e4pilise,<\/span><br \/>\n<span style=\"font-size: 12pt;\"> lambanahka piiukese.<\/span><\/p>\n<p style=\"padding-left: 30px;\"><span style=\"font-size: 10pt;\">ERM 144, 26\/7 (39) &lt; Sangaste khk., T\u00f5lliste v., Unik\u00fcla, Kaasiku t. &#8211; August Karu &lt; Anu Potsepp, 66 a. (1920).<\/span><\/p>\n<\/div>\nTagged in: <span class=\"post-to-page-tags\"><a href=\"https:\/\/regilaulik.folklore.ee\/lounatartumaa\/tag\/sangaste_\/\">sangaste_<\/a><\/span><span class=\"post-to-page-image\"><a href=\"https:\/\/regilaulik.folklore.ee\/lounatartumaa\/ilmaring\/laulumangud\/uuemad-mangud\/1-soo-soo-soo-soo-sooni-maani-san\/\"><\/a><\/span>\n<span class=\"post-to-page-readmore\"><a href=\"https:\/\/regilaulik.folklore.ee\/lounatartumaa\/ilmaring\/laulumangud\/uuemad-mangud\/1-soo-soo-soo-soo-sooni-maani-san\/\">Read more...<\/a><\/span>\n<span class=\"post-to-page-comment-count\">0 comments<\/span>\n<hr class=\"post-to-page-separator\" \/>\n<h2 class=\"post-to-page-title\">2. SOO, SOO SOONIMANI (San)<\/h2>\n<div class=\"post-to-page-content\">\n<p style=\"padding-left: 30px;\"><strong><span style=\"font-size: 14pt;\">Oldermanni<\/span><\/strong><\/p>\n<p style=\"text-align: right;\"><em><strong><span style=\"font-size: 14pt;\">Sangaste<\/span><\/strong><\/em><\/p>\n<p style=\"text-align: left;\">x<\/p>\n<p style=\"padding-left: 30px;\"><span style=\"font-size: 14pt;\">Keti laul <\/span><\/p>\n<p style=\"padding-left: 30px;\"><span style=\"font-size: 14pt;\">M\u00fcraku laul.<\/span><\/p>\n<p style=\"padding-left: 30px;\"><span style=\"font-size: 14pt;\">SOO, SOO SOONIMANI,<\/span><br \/>\n<span style=\"font-size: 12pt;\"> soonimanist sai m\u00fcraku,<\/span><br \/>\n<span style=\"font-size: 12pt;\"> mur\u00e4kust sai moderpilli,<\/span><br \/>\n<span style=\"font-size: 12pt;\"> moderpillist sai piibuna,<\/span><br \/>\n<span style=\"font-size: 12pt;\"> piibunast sai piiterselli,<\/span><br \/>\n<span style=\"font-size: 12pt;\"> piitersellist sai s\u00f5mera,<\/span><br \/>\n<span style=\"font-size: 12pt;\"> s\u00f5merast sai soolavakka,<\/span><br \/>\n<span style=\"font-size: 12pt;\"> soolavakkast sai valumaa,<\/span><br \/>\n<span style=\"font-size: 12pt;\"> valumaast sai vikkakaari,<\/span><br \/>\n<span style=\"font-size: 12pt;\"> vikkakkaarist sai kabuna,<\/span><br \/>\n<span style=\"font-size: 12pt;\"> kabunast sai kalgim\u00f5tsa,<\/span><br \/>\n<span style=\"font-size: 12pt;\"> kalgim\u00f5tsast sai m\u00f5rsija,<\/span><br \/>\n<span style=\"font-size: 12pt;\"> m\u00f5rsijast sai m\u00f5up\u00fctti &#8211;<\/span><br \/>\n<span style=\"font-size: 12pt;\"> s\u00f5i mu ema s\u00f5i mu es\u00e4,<\/span><br \/>\n<span style=\"font-size: 12pt;\"> s\u00f5i mu sada sajamiist<\/span><br \/>\n<span style=\"font-size: 12pt;\"> s\u00f5i mu k\u00fcmmek\u00fclamiist.<\/span><\/p>\n<p style=\"padding-left: 30px;\"><span style=\"font-size: 10pt;\">H III 10, 576\/7 (11) &lt; Sangaste khk., Keeni v. &#8211; M. Lepp (1889)<\/span><\/p>\n<\/div>\nTagged in: <span class=\"post-to-page-tags\"><a href=\"https:\/\/regilaulik.folklore.ee\/lounatartumaa\/tag\/sangaste_\/\">sangaste_<\/a><\/span><span class=\"post-to-page-image\"><a href=\"https:\/\/regilaulik.folklore.ee\/lounatartumaa\/ilmaring\/laulumangud\/uuemad-mangud\/2-soo-soo-soonimani-san\/\"><\/a><\/span>\n<span class=\"post-to-page-readmore\"><a href=\"https:\/\/regilaulik.folklore.ee\/lounatartumaa\/ilmaring\/laulumangud\/uuemad-mangud\/2-soo-soo-soonimani-san\/\">Read more...<\/a><\/span>\n<span class=\"post-to-page-comment-count\">0 comments<\/span>\n<hr class=\"post-to-page-separator\" \/>\n<h2 class=\"post-to-page-title\">.<\/h2>\n<div class=\"post-to-page-content\">\n<\/div>\n<span class=\"post-to-page-image\"><a href=\"https:\/\/regilaulik.folklore.ee\/lounatartumaa\/ilmaring\/laulumangud\/uuemad-mangud\/9668\/\"><\/a><\/span>\n<span class=\"post-to-page-readmore\"><a href=\"https:\/\/regilaulik.folklore.ee\/lounatartumaa\/ilmaring\/laulumangud\/uuemad-mangud\/9668\/\">Read more...<\/a><\/span>\n<span class=\"post-to-page-comment-count\">0 comments<\/span>\n<hr class=\"post-to-page-separator\" \/>\n<h2 class=\"post-to-page-title\">.<\/h2>\n<div class=\"post-to-page-content\">\n<\/div>\n<span class=\"post-to-page-image\"><a href=\"https:\/\/regilaulik.folklore.ee\/lounatartumaa\/ilmaring\/laulumangud\/uuemad-mangud\/9670\/\"><\/a><\/span>\n<span class=\"post-to-page-readmore\"><a href=\"https:\/\/regilaulik.folklore.ee\/lounatartumaa\/ilmaring\/laulumangud\/uuemad-mangud\/9670\/\">Read more...<\/a><\/span>\n<span class=\"post-to-page-comment-count\">0 comments<\/span>\n<hr class=\"post-to-page-separator\" \/>\n<h2 class=\"post-to-page-title\">__S \u00f5 e l a m \u00e4 n g__<\/h2>\n<div class=\"post-to-page-content\">\n<\/div>\n<span class=\"post-to-page-image\"><a href=\"https:\/\/regilaulik.folklore.ee\/lounatartumaa\/ilmaring\/laulumangud\/uuemad-mangud\/__s-o-e-l-a-m-a-n-g__\/\"><\/a><\/span>\n<span class=\"post-to-page-readmore\"><a href=\"https:\/\/regilaulik.folklore.ee\/lounatartumaa\/ilmaring\/laulumangud\/uuemad-mangud\/__s-o-e-l-a-m-a-n-g__\/\">Read more...<\/a><\/span>\n<span class=\"post-to-page-comment-count\">0 comments<\/span>\n<hr class=\"post-to-page-separator\" \/>\n<h2 class=\"post-to-page-title\">1. \u201eLAENA S\u00d5ELA, LANGUKENE!\u201d  (Tartu linn)<\/h2>\n<div class=\"post-to-page-content\">\n<p style=\"padding-left: 30px;\"><strong><span style=\"font-size: 14pt;\">S\u00f5elam\u00e4ng<\/span><\/strong><\/p>\n<p style=\"text-align: right;\"><em><strong><span style=\"font-size: 14pt;\">Tartu linn<\/span><\/strong><\/em><\/p>\n<p style=\"text-align: left;\">x<\/p>\n<p style=\"padding-left: 30px;\"><span style=\"font-size: 14pt;\">\u201eLAENA S\u00d5ELA, LANGUKENE!\u201d<\/span><\/p>\n<p style=\"padding-left: 30px;\"><span style=\"font-size: 12pt;\">\u201eEi mina laena, langukene! &#8211;<\/span><br \/>\n<span style=\"font-size: 12pt;\"> sull on sulikud sulased,<\/span><br \/>\n<span style=\"font-size: 12pt;\"> \u00fcle-meelsed \u00fcmardajad,<\/span><br \/>\n<span style=\"font-size: 12pt;\"> viivad s\u00f5ela s\u00f5nnikule,<\/span><br \/>\n<span style=\"font-size: 12pt;\"> tallavad, tallavad ta v\u00e4ravi.<\/span><br \/>\n<span style=\"font-size: 12pt;\"> Siga s\u00f5kub s\u00f5ela p\u00f5hja,<\/span><br \/>\n<span style=\"font-size: 12pt;\"> lammas laia matti p\u00f5hja,<\/span><br \/>\n<span style=\"font-size: 12pt;\"> hobene kehiku p\u00f5hja,<\/span><br \/>\n<span style=\"font-size: 12pt;\"> varsukene vakka p\u00f5hja!\u201d<\/span><\/p>\n<p style=\"padding-left: 30px;\"><span style=\"font-size: 12pt;\">\u201eLaene ikka, langukene!<\/span><br \/>\n<span style=\"font-size: 12pt;\"> Mull on head \u00fcmardajad,<\/span><br \/>\n<span style=\"font-size: 12pt;\"> Mull on milikud minijad,<\/span><br \/>\n<span style=\"font-size: 12pt;\"> Viivad s\u00f5ela kamerisse,<\/span><br \/>\n<span style=\"font-size: 12pt;\"> Kamerisse, kelderisse,<\/span><br \/>\n<span style=\"font-size: 12pt;\"> \u00dcle \u00f5ue aitadesse.\u201d<\/span><\/p>\n<p style=\"padding-left: 30px;\"><span style=\"font-size: 12pt;\">\u201eV\u00f5ta ise, lagukene!\u201d<\/span><\/p>\n<p style=\"padding-left: 30px;\"><span style=\"font-size: 12pt;\">Seletus:<\/span><\/p>\n<p style=\"padding-left: 30px;\"><span style=\"font-size: 12pt;\">Jnimesed seisavad kahes rias vastastiku. S\u00e4\u00e4l pool peab v\u00e4hem inimesi olema, kust poolt lainata tahetakse lainajaid peab rohkem olema. Kui lubatakse s\u00f5ela v\u00f5tta, siis l\u00e4\u00e4vad tantsides teine poole k\u00fclgi.<\/span><\/p>\n<p style=\"padding-left: 30px;\"><span style=\"font-size: 10pt;\">H III 21, 501\/2 (3) &#8211; Tartu &#8211; Johann Sirul (1894).<\/span><\/p>\n<\/div>\nTagged in: <span class=\"post-to-page-tags\"><a href=\"https:\/\/regilaulik.folklore.ee\/lounatartumaa\/tag\/tartulinn_\/\">tartulinn_<\/a><\/span><span class=\"post-to-page-image\"><a href=\"https:\/\/regilaulik.folklore.ee\/lounatartumaa\/ilmaring\/laulumangud\/uuemad-mangud\/1-laena-soela-langukene-tartu-linn\/\"><\/a><\/span>\n<span class=\"post-to-page-readmore\"><a href=\"https:\/\/regilaulik.folklore.ee\/lounatartumaa\/ilmaring\/laulumangud\/uuemad-mangud\/1-laena-soela-langukene-tartu-linn\/\">Read more...<\/a><\/span>\n<span class=\"post-to-page-comment-count\">0 comments<\/span>\n<hr class=\"post-to-page-separator\" \/>\n<h2 class=\"post-to-page-title\">.<\/h2>\n<div class=\"post-to-page-content\">\n<\/div>\n<span class=\"post-to-page-image\"><a href=\"https:\/\/regilaulik.folklore.ee\/lounatartumaa\/ilmaring\/laulumangud\/uuemad-mangud\/9676\/\"><\/a><\/span>\n<span class=\"post-to-page-readmore\"><a href=\"https:\/\/regilaulik.folklore.ee\/lounatartumaa\/ilmaring\/laulumangud\/uuemad-mangud\/9676\/\">Read more...<\/a><\/span>\n<span class=\"post-to-page-comment-count\">0 comments<\/span>\n<hr class=\"post-to-page-separator\" \/>\n<h2 class=\"post-to-page-title\">.<\/h2>\n<div class=\"post-to-page-content\">\n<\/div>\n<span class=\"post-to-page-image\"><a href=\"https:\/\/regilaulik.folklore.ee\/lounatartumaa\/ilmaring\/laulumangud\/uuemad-mangud\/9678\/\"><\/a><\/span>\n<span class=\"post-to-page-readmore\"><a href=\"https:\/\/regilaulik.folklore.ee\/lounatartumaa\/ilmaring\/laulumangud\/uuemad-mangud\/9678\/\">Read more...<\/a><\/span>\n<span class=\"post-to-page-comment-count\">0 comments<\/span>\n<hr class=\"post-to-page-separator\" \/>\n<h2 class=\"post-to-page-title\">__K u l l i m \u00e4 n g__<\/h2>\n<div class=\"post-to-page-content\">\n<\/div>\n<span class=\"post-to-page-image\"><a href=\"https:\/\/regilaulik.folklore.ee\/lounatartumaa\/ilmaring\/laulumangud\/uuemad-mangud\/__k-u-l-l-i-m-a-n-g__\/\"><\/a><\/span>\n<span class=\"post-to-page-readmore\"><a href=\"https:\/\/regilaulik.folklore.ee\/lounatartumaa\/ilmaring\/laulumangud\/uuemad-mangud\/__k-u-l-l-i-m-a-n-g__\/\">Read more...<\/a><\/span>\n<span class=\"post-to-page-comment-count\">0 comments<\/span>\n<hr class=\"post-to-page-separator\" \/>\n<h2 class=\"post-to-page-title\">1. KUUS, KUUS KULLILE (San)<\/h2>\n<div class=\"post-to-page-content\">\n<p style=\"padding-left: 30px;\"><strong><span style=\"font-size: 14pt;\">Kullim\u00e4ng<\/span><\/strong><\/p>\n<p style=\"text-align: right;\"><em><strong><span style=\"font-size: 14pt;\">Sangaste<\/span><\/strong><\/em><\/p>\n<p style=\"text-align: left;\">x<\/p>\n<p style=\"padding-left: 30px;\"><span style=\"font-size: 14pt;\">J\u00f5ululaul<\/span><\/p>\n<p style=\"padding-left: 30px;\"><span style=\"font-size: 14pt;\">MIS NE KULLI SIIN NO OTSVA?<\/span><br \/>\n<span style=\"font-size: 12pt;\"> <em>Kuus, kuus kullile, kuus kulli pojale.<\/em><\/span><br \/>\n<span style=\"font-size: 12pt;\"> Kulli otsva kukkesid,<\/span><br \/>\n<span style=\"font-size: 12pt;\"> <em>kuus, kuus kullile, kuus kulli pojale.<\/em><\/span><br \/>\n<span style=\"font-size: 12pt;\"> kaelese kanasid,<\/span><br \/>\n<span style=\"font-size: 12pt;\"> <em>kuus, kuus kullile, kuus kulli pojale.<\/em><\/span><br \/>\n<span style=\"font-size: 12pt;\"> M\u00e4\u00e4ras kulli p\u00e4\u00e4kene?<\/span><br \/>\n<span style=\"font-size: 12pt;\"> <em>Kuus, kuus kullile, kuus kulli pojale.<\/em><\/span><br \/>\n<span style=\"font-size: 12pt;\"> Nigu m\u00f5isa m\u00f5\u00f5du vakka,<\/span><br \/>\n<span style=\"font-size: 12pt;\"> <em>Kuus, kuus kullile, kuus kulli pojale.<\/em><\/span><br \/>\n<span style=\"font-size: 12pt;\"> M\u00e4\u00e4ratse kulli silm\u00e4kese?<\/span><br \/>\n<span style=\"font-size: 12pt;\"> <em>Kuus, kuus kullile, kuus kulli pojale.<\/em><\/span><br \/>\n<span style=\"font-size: 12pt;\"> kui see kuu taivan,<\/span><br \/>\n<span style=\"font-size: 12pt;\"> <em>kuus, kuus kullile,kuus kulli pojale.<\/em><\/span><br \/>\n<span style=\"font-size: 12pt;\"> M\u00e4\u00e4ras kulli nanakene?<\/span><br \/>\n<span style=\"font-size: 12pt;\"> <em>Kuus, kuus kullile, kuus kulli pojale.<\/em><\/span><br \/>\n<span style=\"font-size: 12pt;\"> Nigu k\u00fcla kao kuuk,<\/span><br \/>\n<span style=\"font-size: 12pt;\"> <em>kuus, kuus kullile, kuus kulli pojale.<\/em><\/span><br \/>\n<span style=\"font-size: 12pt;\"> M\u00e4\u00e4ntse kulli k\u00fc\u00fctsekese?<\/span><br \/>\n<span style=\"font-size: 12pt;\"> <em>Kuus, kuus kullile, kuus kulli pojale.<\/em><\/span><br \/>\n<span style=\"font-size: 12pt;\"> Nigu k\u00fcla k\u00fcnni rauda,<\/span><br \/>\n<span style=\"font-size: 12pt;\"> <em>kuus, kuus kullile,kuus kulli pojale.<\/em><\/span><br \/>\n<span style=\"font-size: 12pt;\"> M\u00e4\u00e4ras kulli kehakene?<\/span><br \/>\n<span style=\"font-size: 12pt;\"> <em>Kuus, kuus kullile, kuus kulli pojale.<\/em><\/span><br \/>\n<span style=\"font-size: 12pt;\"> Keha, ku k\u00fcla keedi katal,<\/span><br \/>\n<span style=\"font-size: 12pt;\"> <em>kuus, kuus kullile, kuus kulli pojale.<\/em><\/span><br \/>\n<span style=\"font-size: 12pt;\"> M\u00e4\u00e4ras kulli hannakene?<\/span><br \/>\n<span style=\"font-size: 12pt;\"> <em>Kuus, kuus kullile, kuus kulli pojale.<\/em><\/span><br \/>\n<span style=\"font-size: 12pt;\"> Hand, ku k\u00fcla vihu viht,<\/span><br \/>\n<span style=\"font-size: 12pt;\"> <em>kuus, kuus kullile, kuus kulli pojale.<\/em><\/span><br \/>\n<span style=\"font-size: 12pt;\"> K\u00fcpar olli p\u00e4\u00e4n,<\/span><br \/>\n<span style=\"font-size: 12pt;\"> <em>kuus, kuus kullile, kuus kulli pojale,<\/em><\/span><br \/>\n<span style=\"font-size: 12pt;\"> nigu k\u00fcla k\u00fclvi annum,<\/span><br \/>\n<span style=\"font-size: 12pt;\"> <em>kuus, kuus kullile, kuus kulli pojale,<\/em><\/span><br \/>\n<span style=\"font-size: 12pt;\"> \u00a0<\/span><br \/>\n<span style=\"font-size: 10pt;\"> E\u00dcS 71, 328\/9 (11) &lt; Sangaste khk., v., Ala-Laose t. &#8211; A. M\u00f5ttus ja J. Sossi &lt; Eva Emers, 60 a. ja Lotta Anderson, 70 a. (1911).<\/span><\/p>\n<\/div>\nTagged in: <span class=\"post-to-page-tags\"><a href=\"https:\/\/regilaulik.folklore.ee\/lounatartumaa\/tag\/sangaste_\/\">sangaste_<\/a><\/span><span class=\"post-to-page-image\"><a href=\"https:\/\/regilaulik.folklore.ee\/lounatartumaa\/ilmaring\/laulumangud\/uuemad-mangud\/1-kuus-kuus-kullile-san\/\"><\/a><\/span>\n<span class=\"post-to-page-readmore\"><a href=\"https:\/\/regilaulik.folklore.ee\/lounatartumaa\/ilmaring\/laulumangud\/uuemad-mangud\/1-kuus-kuus-kullile-san\/\">Read more...<\/a><\/span>\n<span class=\"post-to-page-comment-count\">0 comments<\/span>\n<hr class=\"post-to-page-separator\" \/>\n\n","protected":false},"excerpt":{"rendered":"<p>VASTSEMBA LAULUM\u00c4NGU, millel olessi ka viis man, om L-Tartumaa materjaale man \u00f5igele puudus, aga Ingrid R\u00fc\u00fctli katekeitelitsen raamatun &#8220;Eesti uuemad laulum\u00e4ngud&#8221; om nii\u00e4ste m\u00e4ngude selet\u00fcsi, viise kui ka s\u00f5nnu mitmelt puult Eestist. Niisamate om leid\u00e4 s\u00f5nnu ja selet\u00fcsi \u00dclo Tedre<a href=\"https:\/\/regilaulik.folklore.ee\/lounatartumaa\/louna-tartumaa\/laulumangud\/uuemad-mangud\/\" class=\"read-more\">Continue Reading<\/a><\/p>\n","protected":false},"author":2,"featured_media":0,"parent":921,"menu_order":0,"comment_status":"closed","ping_status":"closed","template":"content-sidebar-page.php","meta":{"ngg_post_thumbnail":0},"_links":{"self":[{"href":"https:\/\/regilaulik.folklore.ee\/lounatartumaa\/wp-json\/wp\/v2\/pages\/3824"}],"collection":[{"href":"https:\/\/regilaulik.folklore.ee\/lounatartumaa\/wp-json\/wp\/v2\/pages"}],"about":[{"href":"https:\/\/regilaulik.folklore.ee\/lounatartumaa\/wp-json\/wp\/v2\/types\/page"}],"author":[{"embeddable":true,"href":"https:\/\/regilaulik.folklore.ee\/lounatartumaa\/wp-json\/wp\/v2\/users\/2"}],"replies":[{"embeddable":true,"href":"https:\/\/regilaulik.folklore.ee\/lounatartumaa\/wp-json\/wp\/v2\/comments?post=3824"}],"version-history":[{"count":19,"href":"https:\/\/regilaulik.folklore.ee\/lounatartumaa\/wp-json\/wp\/v2\/pages\/3824\/revisions"}],"predecessor-version":[{"id":9471,"href":"https:\/\/regilaulik.folklore.ee\/lounatartumaa\/wp-json\/wp\/v2\/pages\/3824\/revisions\/9471"}],"up":[{"embeddable":true,"href":"https:\/\/regilaulik.folklore.ee\/lounatartumaa\/wp-json\/wp\/v2\/pages\/921"}],"wp:attachment":[{"href":"https:\/\/regilaulik.folklore.ee\/lounatartumaa\/wp-json\/wp\/v2\/media?parent=3824"}],"curies":[{"name":"wp","href":"https:\/\/api.w.org\/{rel}","templated":true}]}}