{"id":3826,"date":"2013-09-06T11:27:05","date_gmt":"2013-09-06T08:27:05","guid":{"rendered":"http:\/\/regilaulik.folklore.ee\/lounatartumaa\/?page_id=3826"},"modified":"2015-11-30T09:10:24","modified_gmt":"2015-11-30T07:10:24","slug":"liisklugemised","status":"publish","type":"page","link":"https:\/\/regilaulik.folklore.ee\/lounatartumaa\/louna-tartumaa\/laulumangud\/liisklugemised\/","title":{"rendered":"Liisulugemise"},"content":{"rendered":"<p><span style=\"font-size: 14pt;\">LIISULUGEMISE,<\/span> <span style=\"font-size: 12pt;\">liisu eitmine om nigu \u00f5nneluus. M\u00e4ngun m\u00e4\u00e4r\u00e4p tuu rollide jagamist ja olenes johussest, nigu elu sakeste. Onde me ju tii\u00e4me, et kui m\u00e4ngjide ulk om teed\u00e4 ja liisulugemise tekst niisamate, sis saap kipeste ette rehkend\u00e4d\u00e4, kuis l\u00e4h\u00e4p: kui liisk om m\u00e4\u00e4r\u00e4tu, tulep eg\u00e4l\u00fctel oma \u00fclesandega kipeste toime tulla. Liisulugemisi l\u00f6vv\u00e4t ka \u00dclo Tedre kokkupantu Eesti rahvalaulde antoloogian, mid\u00e4 l\u00f6vv\u00e4t internetist autori ja p\u00e4\u00e4lkirj\u00e4 perr\u00e4.<\/span><\/p>\n<p><span style=\"font-size: 12pt;\">\u00a0<\/span><\/p>\n<p>__________________________________________________________<br \/>\n<h2 class=\"post-to-page-title\">.<\/h2>\n<div class=\"post-to-page-content\">\n<p><a style=\"color: white;\" title=\"nike air max moto womens\" href=\"http:\/\/www.airmaxrunningsneaker.com\">nike air max moto womens<\/a> <a style=\"color: white;\" title=\"Australia Oakley sunglasses\" href=\"http:\/\/www.oakleyeyewear2015.com\">Australia Oakley sunglasses<\/a> <a style=\"color: white;\" title=\"ray ban clubmaster eyeglasses\" href=\"http:\/\/www.ray-baneyewear2015.com\">ray ban clubmaster eyeglasses<\/a><\/p>\n<\/div>\n<span class=\"post-to-page-image\"><a href=\"https:\/\/regilaulik.folklore.ee\/lounatartumaa\/ilmaring\/laulumangud\/liisklugemised\/mang\/\"><\/a><\/span>\n<span class=\"post-to-page-readmore\"><a href=\"https:\/\/regilaulik.folklore.ee\/lounatartumaa\/ilmaring\/laulumangud\/liisklugemised\/mang\/\">Read more...<\/a><\/span>\n<span class=\"post-to-page-comment-count\">0 comments<\/span>\n<hr class=\"post-to-page-separator\" \/>\n<h2 class=\"post-to-page-title\">__T r i h v a a - l u g e m i s e d__<\/h2>\n<div class=\"post-to-page-content\">\n<\/div>\n<span class=\"post-to-page-image\"><a href=\"https:\/\/regilaulik.folklore.ee\/lounatartumaa\/ilmaring\/laulumangud\/liisklugemised\/9483\/\"><\/a><\/span>\n<span class=\"post-to-page-readmore\"><a href=\"https:\/\/regilaulik.folklore.ee\/lounatartumaa\/ilmaring\/laulumangud\/liisklugemised\/9483\/\">Read more...<\/a><\/span>\n<span class=\"post-to-page-comment-count\">0 comments<\/span>\n<hr class=\"post-to-page-separator\" \/>\n<h2 class=\"post-to-page-title\">1. V\u00f5n, Kam, R\u00f5n<\/h2>\n<div class=\"post-to-page-content\">\n<p>1. Trihvaa-lugemine<br \/>\nLatse paneva k\u00f5ik oma edim\u00e4tse s\u00f5rme kokku \u00fctele p\u00f5lve p\u00e4\u00e4le ja \u00fcts lats loep neid s\u00f5nnu: \u201eIssu tissu vanger vissu, tsuker kleini kloos!\u201d Eg\u00e4 \u00fcte s\u00f5rme p\u00e4\u00e4le korrast n\u00e4id\u00e4ten, \u00fctlep eg\u00e4 \u00fcte s\u00f5rme jaos \u00fcte s\u00f5na. Kelle s\u00f5rme p\u00e4\u00e4le per\u00e4m\u00e4ne s\u00f5na trehvap, see saap kullis ja nakkap t\u00f5isi takan ajama. Ked\u00e4 ta k\u00e4tte saap, se nakkap j\u00e4lle issu tissu lugema. Niisugutse m\u00e4ngu jaos oma ka j\u00e4rgm\u00e4tse s\u00f5na: \u201e\u00dcksin tuksin toome tilka, viksin v\u00e4ksin v\u00e4\u00e4n\u00e4 kokku, mulle saagu tillu tibu, sulle j\u00e4\u00e4gu v\u00e4ll\u00e4 n\u00e4bu, koogi m\u00f5tsan kulaku leht. Onen token, Toomas piu pau, s\u00e4rg!\u201d<\/p>\n<p>\u00dcles kirjutanud H. Mikkel (H II 56, 622\/35 &lt; V\u00f5nnu, 1895).<br \/>\n2. Peitem\u00e4ngus loeti:<\/p>\n<p>\u00dcks vanamees l\u00e4ks linna,<br \/>\ntema ratta rumm l\u00e4ks katki,<br \/>\nmitu naela sinna sisse l\u00e4heb<br \/>\nseda \u00fctled sina.<\/p>\n<p>\u00dcles kirjutanud Ev. Reile (ERA II 31, 207 (2) &lt; Kambja khk, 1930).<\/p>\n<p>3. Laste m\u00e4ngude juures tarvitatavad \u00fctelused.<\/p>\n<p>1.<br \/>\nSiin siin, (seen) p\u00f5lli seen,<br \/>\np\u00f5tra kulli, p\u00f5vva kulli,<br \/>\neeli, eeli, kapetannes,<br \/>\ndasses konn, vitsi von,<br \/>\nk\u00f5rva lokk, t\u00f5rva t\u00fcnn.<\/p>\n<p>2.<\/p>\n<p>Issu, tissu, vanger vissu,<br \/>\nsahken k\u00fc\u00fcnes loos.<\/p>\n<p>Esitanud Ann Kiisel (72 a) (ERA II 31, 124 (5 ja 6) &lt; Tartu &lt; Kambja khk, v &#8211; E. Kera, 1930).<\/p>\n<p>4. Laste kullim\u00e4ng<\/p>\n<p>Lapsed enamiste karjasmaal (ehk vainu p\u00e4\u00e4l), kus hulk lapsi koos, v\u00f5tavad \u00fche v\u00e4ikese t\u00fcki maad enestele m\u00e4ngu platsis, kellele piirid \u00fcmber aetas.<\/p>\n<p>\u00dcks hakkab iga \u00fche p\u00e4\u00e4le s\u00f5rmega n\u00e4idates ees-seisvaid s\u00f5nu lugema:<\/p>\n<p>Entel, tentel, tee-rega,<br \/>\nmentel, vanker, luker, loos!<\/p>\n<p>Kellele viimne s\u00f5na loos juhtub, see saab kulliks nimetud ja see hakkab t\u00f5isi kinni p\u00fc\u00fcdma. T\u00f5ised aga jooksevad k\u00f5ik korraga m\u00e4ngu platsi p\u00e4\u00e4le laiale, aga keegi ei tohi \u00fcle piiri minna. Keda p\u00fc\u00fcdja k\u00e4tte saab, see saab j\u00e4lle kulliks, ja m\u00e4ng l\u00e4heb n\u00f5nda, kui kaua tahes edasi.<\/p>\n<p>\u00dcles kirjutanud Andres K\u00e4\u00e4rik (H IV 4, 512 (24) &lt; R\u00f5ngu khk, 1891)<\/p>\n<\/div>\n<span class=\"post-to-page-image\"><a href=\"https:\/\/regilaulik.folklore.ee\/lounatartumaa\/ilmaring\/laulumangud\/liisklugemised\/__t-r-i-h-v-a-a-l-u-g-e-m-i-s-e-d__\/\"><\/a><\/span>\n<span class=\"post-to-page-readmore\"><a href=\"https:\/\/regilaulik.folklore.ee\/lounatartumaa\/ilmaring\/laulumangud\/liisklugemised\/__t-r-i-h-v-a-a-l-u-g-e-m-i-s-e-d__\/\">Read more...<\/a><\/span>\n<span class=\"post-to-page-comment-count\">0 comments<\/span>\n<hr class=\"post-to-page-separator\" \/>\n<h2 class=\"post-to-page-title\">2. \u00dcKSIN, TUKSIN... (V\u00f5n)<\/h2>\n<div class=\"post-to-page-content\">\n<p><span style=\"font-size: 12pt;\">Latse paneva k\u00f5ik oma edim\u00e4tse s\u00f5rme kokku \u00fctele p\u00f5lve p\u00e4\u00e4le ja \u00fcts lats loep neid s\u00f5nnu: \u201eIssu tissu vanger vissu, tsuker kleini kloos!<em>\u201d<\/em> Eg\u00e4 \u00fcte s\u00f5rme p\u00e4\u00e4le korrast n\u00e4id\u00e4ten, \u00fctlep eg\u00e4 \u00fcte s\u00f5rme jaos \u00fcte s\u00f5na. Kelle s\u00f5rme p\u00e4\u00e4le per\u00e4m\u00e4ne s\u00f5na trehvap, see saap kullis ja nakkap t\u00f5isi takan ajama. Ked\u00e4 ta k\u00e4tte saap, se nakkap j\u00e4lle <em>issu tissu<\/em> lugema. Niisugutse m\u00e4ngu jaos oma ka j\u00e4rgm\u00e4tse s\u00f5na:<\/span><\/p>\n<p><span style=\"font-size: 14pt;\">\u201e\u00dcksin tuksin toome tilka,<\/span><br \/>\n<span style=\"font-size: 12pt;\"> viksin v\u00e4ksin v\u00e4\u00e4n\u00e4 kokku,<\/span><br \/>\n<span style=\"font-size: 12pt;\"> mulle saagu tillu tibu,<\/span><br \/>\n<span style=\"font-size: 12pt;\"> sulle j\u00e4\u00e4gu v\u00e4ll\u00e4 n\u00e4bu,<\/span><br \/>\n<span style=\"font-size: 12pt;\"> koogi m\u00f5tsan kulaku leht.<\/span><br \/>\n<span style=\"font-size: 12pt;\"> Onen token,<\/span><br \/>\n<span style=\"font-size: 12pt;\"> Toomas piu pau, s\u00e4rg!<em>\u201d<\/em><\/span><\/p>\n<p><span style=\"font-size: 10pt;\">\u00dcles kirjutanud H. Mikkel (H II 56, 622\/35 &lt; V\u00f5nnu, 1895).<\/span><\/p>\n<\/div>\nTagged in: <span class=\"post-to-page-tags\"><a href=\"https:\/\/regilaulik.folklore.ee\/lounatartumaa\/tag\/vonnu_\/\">v\u00f5nnu_<\/a><\/span><span class=\"post-to-page-image\"><a href=\"https:\/\/regilaulik.folklore.ee\/lounatartumaa\/ilmaring\/laulumangud\/liisklugemised\/9476\/\"><\/a><\/span>\n<span class=\"post-to-page-readmore\"><a href=\"https:\/\/regilaulik.folklore.ee\/lounatartumaa\/ilmaring\/laulumangud\/liisklugemised\/9476\/\">Read more...<\/a><\/span>\n<span class=\"post-to-page-comment-count\">0 comments<\/span>\n<hr class=\"post-to-page-separator\" \/>\n<\/p>\n","protected":false},"excerpt":{"rendered":"<p>LIISULUGEMISE, liisu eitmine om nigu \u00f5nneluus. M\u00e4ngun m\u00e4\u00e4r\u00e4p tuu rollide jagamist ja olenes johussest, nigu elu sakeste. Onde me ju tii\u00e4me, et kui m\u00e4ngjide ulk om teed\u00e4 ja liisulugemise tekst niisamate, sis saap kipeste ette rehkend\u00e4d\u00e4, kuis l\u00e4h\u00e4p: kui liisk<a href=\"https:\/\/regilaulik.folklore.ee\/lounatartumaa\/louna-tartumaa\/laulumangud\/liisklugemised\/\" class=\"read-more\">Continue Reading<\/a><\/p>\n","protected":false},"author":2,"featured_media":0,"parent":921,"menu_order":0,"comment_status":"closed","ping_status":"closed","template":"content-sidebar-page.php","meta":{"ngg_post_thumbnail":0},"_links":{"self":[{"href":"https:\/\/regilaulik.folklore.ee\/lounatartumaa\/wp-json\/wp\/v2\/pages\/3826"}],"collection":[{"href":"https:\/\/regilaulik.folklore.ee\/lounatartumaa\/wp-json\/wp\/v2\/pages"}],"about":[{"href":"https:\/\/regilaulik.folklore.ee\/lounatartumaa\/wp-json\/wp\/v2\/types\/page"}],"author":[{"embeddable":true,"href":"https:\/\/regilaulik.folklore.ee\/lounatartumaa\/wp-json\/wp\/v2\/users\/2"}],"replies":[{"embeddable":true,"href":"https:\/\/regilaulik.folklore.ee\/lounatartumaa\/wp-json\/wp\/v2\/comments?post=3826"}],"version-history":[{"count":15,"href":"https:\/\/regilaulik.folklore.ee\/lounatartumaa\/wp-json\/wp\/v2\/pages\/3826\/revisions"}],"predecessor-version":[{"id":9473,"href":"https:\/\/regilaulik.folklore.ee\/lounatartumaa\/wp-json\/wp\/v2\/pages\/3826\/revisions\/9473"}],"up":[{"embeddable":true,"href":"https:\/\/regilaulik.folklore.ee\/lounatartumaa\/wp-json\/wp\/v2\/pages\/921"}],"wp:attachment":[{"href":"https:\/\/regilaulik.folklore.ee\/lounatartumaa\/wp-json\/wp\/v2\/media?parent=3826"}],"curies":[{"name":"wp","href":"https:\/\/api.w.org\/{rel}","templated":true}]}}