{"id":638,"date":"2013-07-15T13:05:53","date_gmt":"2013-07-15T10:05:53","guid":{"rendered":"http:\/\/regilaulik.folklore.ee\/lounatartumaa\/?page_id=638"},"modified":"2022-03-04T14:53:26","modified_gmt":"2022-03-04T12:53:26","slug":"talv","status":"publish","type":"page","link":"https:\/\/regilaulik.folklore.ee\/lounatartumaa\/ajatsoor\/kalendrilaulud\/talv\/","title":{"rendered":"Talv lium\u00e4e p\u00e4\u00e4l"},"content":{"rendered":"<p><span style=\"font-size: 12pt;\"><span style=\"font-size: 14pt;\">VISTEL-VASTEL POISIKENE&#8230;<\/span> Vastla l\u00f5petiva talvitse t\u00fc\u00fc &#8211; n\u00e4ituses puude tegemise. Selle p\u00e4iv\u00e4 kottale massiva mitme t\u00fc\u00fckeelu. Et kari edenesi ja vill\u00e4 saassi ulka, et lina kasussi &#8220;kui sii linti&#8221; ja et k\u00fcl\u00e4 (kogukond) olessi \u00f5nnetuste iist oitu, sed\u00e4 pidiv\u00e4 andma mitut muudu vastlakombe. Vastlas\u00f5itu tet\u00e4s sii\u00e4maani, muu kombe (&#8220;m\u00f5tsiku&#8221; tegemine, kada-ajamine) om aga unetunu.<\/span><\/p>\n<p style=\"text-align: left;\"><span style=\"font-size: 12pt;\">&#8220;Kui me latse ollime, sis k\u00e4isime liugu laskman ja suure hobuse riige, nii et korge m\u00e4e p\u00e4\u00e4lt laskseme alla ainama p\u00e4\u00e4le, ja palju latsi rii p\u00e4\u00e4l hulgande laulva. P\u00e4rast selle l\u00e4tsime me latsi tarre. Im\u00e4 k\u00fctset\u00e4s karaski j\u00f5ulu p\u00fch\u00e4desse, tsi\u00e4 tapeti ja tetti vorsti j.n.e. j.n.e.&#8221; (Ann Egipti Sangastest (64 a), 1930).<br \/><\/span><\/p>\n<p style=\"text-align: right;\"><span style=\"font-size: 12pt;\"><strong>Vastlalaulud<\/strong><\/span><\/p>\n<p>________________________________________________________<\/p>\n<p>\u00a0<\/p>\n\n\n<p><\/p>\n","protected":false},"excerpt":{"rendered":"<p>VISTEL-VASTEL POISIKENE&#8230; Vastla l\u00f5petiva talvitse t\u00fc\u00fc &#8211; n\u00e4ituses puude tegemise. Selle p\u00e4iv\u00e4 kottale massiva mitme t\u00fc\u00fckeelu. Et kari edenesi ja vill\u00e4 saassi ulka, et lina kasussi &#8220;kui sii linti&#8221; ja et k\u00fcl\u00e4 (kogukond) olessi \u00f5nnetuste iist oitu, sed\u00e4 pidiv\u00e4 andma<a href=\"https:\/\/regilaulik.folklore.ee\/lounatartumaa\/ajatsoor\/kalendrilaulud\/talv\/\" class=\"read-more\">Continue Reading<\/a><\/p>\n","protected":false},"author":2,"featured_media":0,"parent":528,"menu_order":0,"comment_status":"closed","ping_status":"closed","template":"content-sidebar-page.php","meta":{"ngg_post_thumbnail":0},"_links":{"self":[{"href":"https:\/\/regilaulik.folklore.ee\/lounatartumaa\/wp-json\/wp\/v2\/pages\/638"}],"collection":[{"href":"https:\/\/regilaulik.folklore.ee\/lounatartumaa\/wp-json\/wp\/v2\/pages"}],"about":[{"href":"https:\/\/regilaulik.folklore.ee\/lounatartumaa\/wp-json\/wp\/v2\/types\/page"}],"author":[{"embeddable":true,"href":"https:\/\/regilaulik.folklore.ee\/lounatartumaa\/wp-json\/wp\/v2\/users\/2"}],"replies":[{"embeddable":true,"href":"https:\/\/regilaulik.folklore.ee\/lounatartumaa\/wp-json\/wp\/v2\/comments?post=638"}],"version-history":[{"count":27,"href":"https:\/\/regilaulik.folklore.ee\/lounatartumaa\/wp-json\/wp\/v2\/pages\/638\/revisions"}],"predecessor-version":[{"id":9727,"href":"https:\/\/regilaulik.folklore.ee\/lounatartumaa\/wp-json\/wp\/v2\/pages\/638\/revisions\/9727"}],"up":[{"embeddable":true,"href":"https:\/\/regilaulik.folklore.ee\/lounatartumaa\/wp-json\/wp\/v2\/pages\/528"}],"wp:attachment":[{"href":"https:\/\/regilaulik.folklore.ee\/lounatartumaa\/wp-json\/wp\/v2\/media?parent=638"}],"curies":[{"name":"wp","href":"https:\/\/api.w.org\/{rel}","templated":true}]}}