{"id":907,"date":"2013-07-17T01:30:10","date_gmt":"2013-07-16T22:30:10","guid":{"rendered":"http:\/\/regilaulik.folklore.ee\/lounatartumaa\/?page_id=907"},"modified":"2015-08-03T13:43:22","modified_gmt":"2015-08-03T10:43:22","slug":"noovonnu","status":"publish","type":"page","link":"https:\/\/regilaulik.folklore.ee\/lounatartumaa\/eluring\/pulmalaulud\/noovonnu\/","title":{"rendered":"N\u00f5o\/V\u00f5nnu"},"content":{"rendered":"<p>________________________________________________________________________<br \/>\n<h2 class=\"post-to-page-title\">__N \u00f5 o_v i i s i d__<\/h2>\n<div class=\"post-to-page-content\">\n<p style=\"padding-left: 30px;\"><span style=\"font-size: small;\">1. E\u00dcS XI 198 (11) N\u00f5o<\/span><\/p>\n<\/div>\nTagged in: <span class=\"post-to-page-tags\"><a href=\"https:\/\/regilaulik.folklore.ee\/lounatartumaa\/tag\/noo_\/\">n\u00f5o_<\/a><\/span><span class=\"post-to-page-image\"><a href=\"https:\/\/regilaulik.folklore.ee\/lounatartumaa\/eluring\/pulmalaulud\/noovonnu\/__n-o-o_v-i-i-s-i-d__\/\"><\/a><\/span>\n<span class=\"post-to-page-readmore\"><a href=\"https:\/\/regilaulik.folklore.ee\/lounatartumaa\/eluring\/pulmalaulud\/noovonnu\/__n-o-o_v-i-i-s-i-d__\/\">Read more...<\/a><\/span>\n<span class=\"post-to-page-comment-count\">0 comments<\/span>\n<hr class=\"post-to-page-separator\" \/>\n<h2 class=\"post-to-page-title\">__N \u00f5 o_t e k s t i d__<\/h2>\n<div class=\"post-to-page-content\">\n<p style=\"padding-left: 30px;\"><span style=\"font-size: medium;\">T\u00dcTAR TALUST VIIDUD. T\u00dcTRE KAHITSEMINE!<\/span><\/p>\n<p style=\"padding-left: 30px;\"><span style=\"font-size: medium;\">VIIDI T\u00dcTARI TALULTA,<\/span><br \/>\n<span style=\"font-size: medium;\"> p\u00f5lleeide p\u00f5rmandusta.<\/span><br \/>\n<span style=\"font-size: medium;\"> Tare j\u00e4i t\u00fchjas t\u00fcterista,<\/span><br \/>\n<span style=\"font-size: medium;\"> ait j\u00e4i arvasta hammeista,<\/span><br \/>\n<span style=\"font-size: medium;\"> laut j\u00e4i lehmista lagedas. &#8211;<\/span><br \/>\n<span style=\"font-size: medium;\"> Ikma j\u00e4iva esa iiru,<\/span><br \/>\n<span style=\"font-size: medium;\"> nutma velle nuuma h\u00e4rja,<\/span><br \/>\n<span style=\"font-size: medium;\"> hoigama esa hobese. &#8211;<\/span><br \/>\n<span style=\"font-size: medium;\"> Ei ole kaera kandijata,<\/span><br \/>\n<span style=\"font-size: medium;\"> heina ette andijata. &#8211;<\/span><\/p>\n<p style=\"padding-left: 30px;\"><span style=\"font-size: medium;\">H III 10, 146 (2) &lt; N\u00f5o khk, Vastse-N\u00f5o v &#8211; M. M\u00fc\u00fcr (1888)<\/span><\/p>\n<\/div>\nTagged in: <span class=\"post-to-page-tags\"><a href=\"https:\/\/regilaulik.folklore.ee\/lounatartumaa\/tag\/noo_\/\">n\u00f5o_<\/a><\/span><span class=\"post-to-page-image\"><a href=\"https:\/\/regilaulik.folklore.ee\/lounatartumaa\/eluring\/pulmalaulud\/noovonnu\/__n-o-o_t-e-k-s-t-i-d__\/\"><\/a><\/span>\n<span class=\"post-to-page-readmore\"><a href=\"https:\/\/regilaulik.folklore.ee\/lounatartumaa\/eluring\/pulmalaulud\/noovonnu\/__n-o-o_t-e-k-s-t-i-d__\/\">Read more...<\/a><\/span>\n<span class=\"post-to-page-comment-count\">0 comments<\/span>\n<hr class=\"post-to-page-separator\" \/>\n<h2 class=\"post-to-page-title\">__V \u00f5 n n u_v i i s i d__<\/h2>\n<div class=\"post-to-page-content\">\n<p style=\"padding-left: 30px;\"><span style=\"font-size: small;\">1. ERA III 6, 190 (26)\u00a0 &lt; V\u00f5nnu<\/span><\/p>\n<p style=\"padding-left: 30px;\"><span style=\"font-size: small;\">x<\/span><\/p>\n<p style=\"padding-left: 30px;\"><span style=\"font-size: small;\">2. RKM III 5, 19 (1) &lt; V\u00f5nnu<\/span><\/p>\n<p style=\"padding-left: 30px;\"><a href=\"http:\/\/regilaulik.folklore.ee\/lounatartumaa\/wp-content\/uploads\/20v_pulm_2r1.gif\"><img loading=\"lazy\" class=\"alignnone size-full wp-image-6197\" alt=\"20v_pulm_2r\" src=\"http:\/\/regilaulik.folklore.ee\/lounatartumaa\/wp-content\/uploads\/20v_pulm_2r1.gif\" width=\"632\" height=\"246\" \/><\/a><\/p>\n<\/div>\nTagged in: <span class=\"post-to-page-tags\"><a href=\"https:\/\/regilaulik.folklore.ee\/lounatartumaa\/tag\/vonnu_\/\">v\u00f5nnu_<\/a><\/span><span class=\"post-to-page-image\"><a href=\"https:\/\/regilaulik.folklore.ee\/lounatartumaa\/eluring\/pulmalaulud\/noovonnu\/__v-o-n-n-u_v-i-i-s-i-d__\/\"><\/a><\/span>\n<span class=\"post-to-page-readmore\"><a href=\"https:\/\/regilaulik.folklore.ee\/lounatartumaa\/eluring\/pulmalaulud\/noovonnu\/__v-o-n-n-u_v-i-i-s-i-d__\/\">Read more...<\/a><\/span>\n<span class=\"post-to-page-comment-count\">0 comments<\/span>\n<hr class=\"post-to-page-separator\" \/>\n<h2 class=\"post-to-page-title\">x__V \u00f5 n n u_t e k s t i d__<\/h2>\n<div class=\"post-to-page-content\">\n<p style=\"padding-left: 30px;\"><span style=\"font-size: medium;\">Make kahi. Pulma ajal tehti \u00f5lut aeti keema, pandi siirupit ehk lagritsat sisse. Kuumalt joodi, nagu teed n\u00fc\u00fcd. Iga jooja pidi panema raha.<\/span><\/p>\n<p style=\"padding-left: 30px;\"><span style=\"font-size: medium;\">Lauldi:<\/span><\/p>\n<p style=\"padding-left: 30px;\"><span style=\"font-size: medium;\">S\u00f6\u00f6ge, langu&#8217;, jooge, langu&#8217;,<\/span><br \/>\n<span style=\"font-size: medium;\"> \u00e4rge laske laua ala,<\/span><br \/>\n<span style=\"font-size: medium;\"> \u00e4rge pange pengi ala.<\/span><br \/>\n<span style=\"font-size: medium;\"> Ei te tihka tingi (1) anda,<\/span><br \/>\n<span style=\"font-size: medium;\"> kaku katek\u00fcmme kopekit.<\/span><\/p>\n<p style=\"padding-left: 30px;\"><span style=\"font-size: medium;\">1 ting = teatud vanaaegne raha.<\/span><\/p>\n<p style=\"padding-left: 30px;\"><span style=\"font-size: medium;\">ERA II 65, 227 (11) &lt; Kambja khk, Vana-Kuuste v, K\u00e4revere k &lt; V\u00f5nnu khk, Kastre-V\u00f5nnu v, Kurista k &#8211; R. Viidebaum &lt; Ann Orak (s. Suits), 76 a. (1933).<\/span><\/p>\n<p style=\"padding-left: 30px;\"><span style=\"font-size: medium;\">KAASITAMINE. KOSILASTE OOTEL.<\/span><\/p>\n<p style=\"padding-left: 30px;\"><span style=\"font-size: medium;\">IM\u00c4 EHHIT T\u00dcTERITT,<\/span><br \/>\n<span style=\"font-size: medium;\"> sini-siidi undrekitt.<\/span><br \/>\n<span style=\"font-size: medium;\"> M\u00f5ttel iks saija s\u00e4ksa mihhe,<\/span><br \/>\n<span style=\"font-size: medium;\"> ilma uhk\u00f5 es\u00e4nda.<\/span><\/p>\n<p style=\"padding-left: 30px;\"><span style=\"font-size: medium;\">Tulle vana tubaka n\u00f5na,<\/span><br \/>\n<span style=\"font-size: medium;\"> saije sarv\u00f5 koputaija.<\/span><\/p>\n<p style=\"padding-left: 30px;\"><span style=\"font-size: medium;\">Tohho hunti, tohho tonti,<\/span><br \/>\n<span style=\"font-size: medium;\"> kost tii s\u00e4\u00e4rtse v\u00e4ll\u00e4 tullit\u00f5,<\/span><br \/>\n<span style=\"font-size: medium;\"> oh tii ilma hirmutaija<\/span><br \/>\n<span style=\"font-size: medium;\"> kur\u00e4 ilma k\u00fck\u00fctaija,<\/span><br \/>\n<span style=\"font-size: medium;\"> paha ilma pak\u00f5ja.<\/span><\/p>\n<p style=\"padding-left: 30px;\"><span style=\"font-size: medium;\">E 58658 (1) &lt; V\u00f5nnu &#8211; August Kelt &lt; Klimberg, Parapalus<\/span><\/p>\n<p style=\"padding-left: 30px;\"><span style=\"font-size: medium;\">NEIUKENE, NOOREKENE,<\/span><br \/>\n<span style=\"font-size: medium;\"> kui saad oma koduje,<\/span><br \/>\n<span style=\"font-size: medium;\"> ole ommogu usina,<\/span><br \/>\n<span style=\"font-size: medium;\"> enne p\u00e4ev\u00e4 \u00f5vve p\u00e4\u00e4le,<\/span><br \/>\n<span style=\"font-size: medium;\"> enne varast valge&#8217;eda,<\/span><br \/>\n<span style=\"font-size: medium;\"> enne kuldast koidukesta.<\/span><br \/>\n<span style=\"font-size: medium;\"> enne kui \u00e4ia \u00e4ratab,<\/span><br \/>\n<span style=\"font-size: medium;\"> enne kui \u00e4mm\u00e4 \u00e4ratab<\/span><br \/>\n<span style=\"font-size: medium;\"> k\u00e4i l\u00e4bi karjalaudad,<\/span><br \/>\n<span style=\"font-size: medium;\"> lase l\u00e4bi lamba laudad,<\/span><br \/>\n<span style=\"font-size: medium;\"> leia lehmatsed vasikad,<\/span><br \/>\n<span style=\"font-size: medium;\"> lambast tillud tallekesed.<\/span><\/p>\n<p style=\"padding-left: 30px;\"><span style=\"font-size: medium;\">V\u00f5tta holpemed \u00f5lale,<\/span><br \/>\n<span style=\"font-size: medium;\"> v\u00f5tta panged holpemille:<\/span><br \/>\n<span style=\"font-size: medium;\"> vii sina vesi tubaje,<\/span><br \/>\n<span style=\"font-size: medium;\"> kalla vesi katelisse.<\/span><br \/>\n<span style=\"font-size: medium;\"> pane panged pingi p\u00e4\u00e4le,<\/span><br \/>\n<span style=\"font-size: medium;\"> p\u00fchi tuba tungimata,<\/span><br \/>\n<span style=\"font-size: medium;\"> otsi luuda luusimata,<\/span><br \/>\n<span style=\"font-size: medium;\"> siis mine \u00e4i\u00e4 h\u00e4r\u00e4t\u00e4,<\/span><br \/>\n<span style=\"font-size: medium;\"> siis mine \u00e4mm\u00e4 h\u00e4r\u00e4t\u00e4.<\/span><\/p>\n<p style=\"padding-left: 30px;\"><span style=\"font-size: medium;\">\u00d5EKENE HELLAKENE,<\/span><br \/>\n<span style=\"font-size: medium;\"> kui sa kuuled \u00e4i\u00e4st kurja,<\/span><br \/>\n<span style=\"font-size: medium;\"> kui sa kuuled \u00e4mm\u00e4st kurja,<\/span><br \/>\n<span style=\"font-size: medium;\"> paha meeltta paisuvada,<\/span><br \/>\n<span style=\"font-size: medium;\"> ehk n\u00e4ed vend vendadest vihada:<\/span><br \/>\n<span style=\"font-size: medium;\"> pane p\u00f5lle paela alla,<\/span><br \/>\n<span style=\"font-size: medium;\"> vajuta v\u00f6\u00f6 vahele!<\/span><\/p>\n<p style=\"padding-left: 30px;\"><span style=\"font-size: medium;\">Neitsikene, noorekene,<\/span><br \/>\n<span style=\"font-size: medium;\"> \u00e4r\u00e4 t\u00fcdi mehe t\u00fclista,<\/span><br \/>\n<span style=\"font-size: medium;\"> v\u00f5tta \u00f5igest oppetusta,<\/span><br \/>\n<span style=\"font-size: medium;\"> pane hooled \u00f5rre p\u00e4\u00e4le,<\/span><br \/>\n<span style=\"font-size: medium;\"> mured musta parr\u00f5 p\u00e4\u00e4le,<\/span><br \/>\n<span style=\"font-size: medium;\"> pane panged paku p\u00e4\u00e4le,<\/span><br \/>\n<span style=\"font-size: medium;\"> pane holped varna p\u00e4\u00e4le.<\/span><\/p>\n<p style=\"padding-left: 30px;\"><span style=\"font-size: medium;\">T\u00f5use hommikul \u00fclesse,<\/span><br \/>\n<span style=\"font-size: medium;\"> v\u00f5tta hooled \u00f5rre p\u00e4\u00e4lta,<\/span><br \/>\n<span style=\"font-size: medium;\"> mured musta parre p\u00e4\u00e4lta,<\/span><br \/>\n<span style=\"font-size: medium;\"> v\u00f5tta holped varnasta,<\/span><br \/>\n<span style=\"font-size: medium;\"> v\u00f5tta panged pakku p\u00e4\u00e4lta.<\/span><br \/>\n<span style=\"font-size: medium;\"> Siis too vesi kajusta,<\/span><br \/>\n<span style=\"font-size: medium;\"> kanna kattel koldeessa,<\/span><br \/>\n<span style=\"font-size: medium;\"> joostes too tuli k\u00fclasta,<\/span><br \/>\n<span style=\"font-size: medium;\"> tasa t\u00f5sta vaiba veerta,<\/span><br \/>\n<span style=\"font-size: medium;\"> kardeldes kasuka \u00e4\u00e4rta:<\/span><br \/>\n<span style=\"font-size: medium;\"> \u00c4rk\u00e4, \u00e4rk\u00e4 \u00e4mm\u00e4kene,<\/span><br \/>\n<span style=\"font-size: medium;\"> ju t\u00f5in tule k\u00fclasta,<\/span><br \/>\n<span style=\"font-size: medium;\"> kandsin katla koldeesse<\/span><\/p>\n<p style=\"padding-left: 30px;\"><span style=\"font-size: medium;\">PEIUKENE, PEENIKENE,<\/span><br \/>\n<span style=\"font-size: medium;\"> hoia mu \u00f5de ilusti,<\/span><br \/>\n<span style=\"font-size: medium;\"> \u00f5rna \u00f5ita hellasti,<\/span><br \/>\n<span style=\"font-size: medium;\"> kui tunned viha tulema,<\/span><br \/>\n<span style=\"font-size: medium;\"> paha meelta paisunema,<\/span><br \/>\n<span style=\"font-size: medium;\"> jookse uksest \u00f5uedeni,<\/span><br \/>\n<span style=\"font-size: medium;\"> v\u00e4r\u00e4v\u00e4sta v\u00e4ljadeni,<\/span><br \/>\n<span style=\"font-size: medium;\"> toa taha talli juure &#8211;<\/span><br \/>\n<span style=\"font-size: medium;\"> s\u00e4\u00e4l on t\u00e4kkud tallidesse,<\/span><br \/>\n<span style=\"font-size: medium;\"> k\u00f5rvid k\u00f5rki r\u00f5ngastesse,<\/span><br \/>\n<span style=\"font-size: medium;\"> paadid h\u00f5be pannaldesse.<\/span><br \/>\n<span style=\"font-size: medium;\"> L\u00f6\u00f6 siis riisik ruuna p\u00e4\u00e4le,<\/span><br \/>\n<span style=\"font-size: medium;\"> paha meeli paadi p\u00e4\u00e4le,<\/span><br \/>\n<span style=\"font-size: medium;\"> k\u00f5va k\u00e4mmel k\u00f5rvi p\u00e4\u00e4le,<\/span><br \/>\n<span style=\"font-size: medium;\"> ennem kui noore naise p\u00e4\u00e4le.<\/span><\/p>\n<p style=\"padding-left: 30px;\"><span style=\"font-size: medium;\">Vennakene, noorukene,<\/span><br \/>\n<span style=\"font-size: medium;\"> \u00e4ra anna \u00e4ia l\u00fcia,<\/span><br \/>\n<span style=\"font-size: medium;\"> \u00e4ra anna \u00e4mma l\u00fcia,<\/span><br \/>\n<span style=\"font-size: medium;\"> \u00f5ppeta esi ilusti,<\/span><br \/>\n<span style=\"font-size: medium;\"> \u00f5ppeta \u00fcle \u00f5lade.<\/span><br \/>\n<span style=\"font-size: medium;\"> \u00c4ra anna sulase sundi,<\/span><br \/>\n<span style=\"font-size: medium;\"> karjusside karjutata.<\/span><br \/>\n<span style=\"font-size: medium;\"> Vennakene, noorekene,<\/span><br \/>\n<span style=\"font-size: medium;\"> kui l\u00e4\u00e4t rehti peksemaie,<\/span><br \/>\n<span style=\"font-size: medium;\"> kukkepuust tee koodikene,<\/span><br \/>\n<span style=\"font-size: medium;\"> vahterane varrekene.<\/span><br \/>\n<span style=\"font-size: medium;\"> Kui ep saa kooti korda l\u00fcia,<\/span><br \/>\n<span style=\"font-size: medium;\"> tee siis niidist piitsakene,<\/span><br \/>\n<span style=\"font-size: medium;\"> \u00f5lek\u00f5rrest varrekene.<\/span><br \/>\n<span style=\"font-size: medium;\"> Mine siis naista naljutama,<\/span><br \/>\n<span style=\"font-size: medium;\"> k\u00fcll siis koodid korda k\u00e4ivad.<\/span><\/p>\n<p style=\"padding-left: 30px;\"><span style=\"font-size: medium;\">ISAKENE, TAADIKENE,<\/span><br \/>\n<span style=\"font-size: medium;\"> emakene, memmekene,<\/span><br \/>\n<span style=\"font-size: medium;\"> \u00e4ra v\u00f5itsin \u00e4ra v\u00f5tsin,<\/span><br \/>\n<span style=\"font-size: medium;\"> \u00e4ra viisin veikukese,<\/span><br \/>\n<span style=\"font-size: medium;\"> kandsin kalli k\u00e4okese,<\/span><br \/>\n<span style=\"font-size: medium;\"> \u00e4ra viisin ainu lapse,<\/span><br \/>\n<span style=\"font-size: medium;\"> \u00e4ra kallima kanakese,<\/span><br \/>\n<span style=\"font-size: medium;\"> \u00e4r\u00e4 hella \u00f5ilme p\u00e4rj\u00e4,<\/span><br \/>\n<span style=\"font-size: medium;\"> \u00e4r\u00e4 kauni kullerkupu,<\/span><br \/>\n<span style=\"font-size: medium;\"> \u00e4r\u00e4 noore nurmenuku,<\/span><br \/>\n<span style=\"font-size: medium;\"> kes siis lugu l\u00f5\u00f5ritelles,<\/span><br \/>\n<span style=\"font-size: medium;\"> kandelida kolksatelles.<\/span><\/p>\n<p style=\"padding-left: 30px;\"><span style=\"font-size: medium;\">N\u00fc\u00fcd j\u00e4\u00e4vad n\u00f5mmed nuttemaie,<\/span><br \/>\n<span style=\"font-size: medium;\"> heinamaad helisemaie,<\/span><br \/>\n<span style=\"font-size: medium;\"> p\u00f5llud silmi p\u00fchkimaie,<\/span><br \/>\n<span style=\"font-size: medium;\"> v\u00e4ljad vaikselt vaatamaie,<\/span><br \/>\n<span style=\"font-size: medium;\"> kuusik kurbust kustutama,<\/span><br \/>\n<span style=\"font-size: medium;\"> kaasik kabu kahjatsema,<\/span><br \/>\n<span style=\"font-size: medium;\"> leppik lasta leinamaie.<\/span><br \/>\n<span style=\"font-size: medium;\"> N\u00fc\u00fcd j\u00e4\u00e4vad nurgad nuttemaie,<\/span><br \/>\n<span style=\"font-size: medium;\"> pingid pilli puhkumaie,<\/span><br \/>\n<span style=\"font-size: medium;\"> istmed igatsemaie &#8211;<\/span><br \/>\n<span style=\"font-size: medium;\"> tuba t\u00fchi t\u00fcterista,<\/span><br \/>\n<span style=\"font-size: medium;\"> ait ju harva riietesta,<\/span><br \/>\n<span style=\"font-size: medium;\"> laut ju leske lehmadesta.<\/span><\/p>\n<p style=\"padding-left: 30px;\"><span style=\"font-size: medium;\">OH SINA NOORIK NOORKUKENE,<\/span><br \/>\n<span style=\"font-size: medium;\"> kui tuled omile k\u00e4ima,<\/span><br \/>\n<span style=\"font-size: medium;\"> oma isa ukse ette,<\/span><br \/>\n<span style=\"font-size: medium;\"> oma ema akna alla,<\/span><br \/>\n<span style=\"font-size: medium;\"> oma taadi taluje &#8211;<\/span><br \/>\n<span style=\"font-size: medium;\"> ei sind tunne tubane rahvas,<\/span><br \/>\n<span style=\"font-size: medium;\"> ei sind tunne toa esine,<\/span><br \/>\n<span style=\"font-size: medium;\"> ei tunne ahi ammu n\u00e4ttud,<\/span><br \/>\n<span style=\"font-size: medium;\"> ei tunne keller ammu k\u00e4idud.<\/span><br \/>\n<span style=\"font-size: medium;\"> Ei sind k\u00f5nele r\u00e4st\u00e4 sihvud,<\/span><br \/>\n<span style=\"font-size: medium;\"> ei sust lala laada uksed,<\/span><br \/>\n<span style=\"font-size: medium;\"> ei aea juttu aida uksed,<\/span><br \/>\n<span style=\"font-size: medium;\"> k\u00f5nelegi kaivu koogud.<\/span><br \/>\n<span style=\"font-size: medium;\"> Oh, sina noorik noorikukene,<\/span><br \/>\n<span style=\"font-size: medium;\"> j\u00e4t\u00e4 sa isa jumalaga,<\/span><br \/>\n<span style=\"font-size: medium;\"> j\u00e4t\u00e4 sa ema jumalaga!<\/span><\/p>\n<p style=\"padding-left: 30px;\"><span style=\"font-size: medium;\">E 19973\/9 (1-6) &lt; V\u00f5nnu khk &#8211; Jaan Rootslane (1895).<\/span><\/p>\n<\/div>\nTagged in: <span class=\"post-to-page-tags\"><a href=\"https:\/\/regilaulik.folklore.ee\/lounatartumaa\/tag\/vonnu_\/\">v\u00f5nnu_<\/a><\/span><span class=\"post-to-page-image\"><a href=\"https:\/\/regilaulik.folklore.ee\/lounatartumaa\/eluring\/pulmalaulud\/noovonnu\/__v-o-n-n-u_t-e-k-s-t-i-d__\/\"><\/a><\/span>\n<span class=\"post-to-page-readmore\"><a href=\"https:\/\/regilaulik.folklore.ee\/lounatartumaa\/eluring\/pulmalaulud\/noovonnu\/__v-o-n-n-u_t-e-k-s-t-i-d__\/\">Read more...<\/a><\/span>\n<span class=\"post-to-page-comment-count\">0 comments<\/span>\n<hr class=\"post-to-page-separator\" \/>\n<\/p>\n","protected":false},"excerpt":{"rendered":"<p>________________________________________________________________________<\/p>\n","protected":false},"author":2,"featured_media":0,"parent":859,"menu_order":0,"comment_status":"closed","ping_status":"closed","template":"content-sidebar-page.php","meta":{"ngg_post_thumbnail":0},"_links":{"self":[{"href":"https:\/\/regilaulik.folklore.ee\/lounatartumaa\/wp-json\/wp\/v2\/pages\/907"}],"collection":[{"href":"https:\/\/regilaulik.folklore.ee\/lounatartumaa\/wp-json\/wp\/v2\/pages"}],"about":[{"href":"https:\/\/regilaulik.folklore.ee\/lounatartumaa\/wp-json\/wp\/v2\/types\/page"}],"author":[{"embeddable":true,"href":"https:\/\/regilaulik.folklore.ee\/lounatartumaa\/wp-json\/wp\/v2\/users\/2"}],"replies":[{"embeddable":true,"href":"https:\/\/regilaulik.folklore.ee\/lounatartumaa\/wp-json\/wp\/v2\/comments?post=907"}],"version-history":[{"count":15,"href":"https:\/\/regilaulik.folklore.ee\/lounatartumaa\/wp-json\/wp\/v2\/pages\/907\/revisions"}],"predecessor-version":[{"id":6539,"href":"https:\/\/regilaulik.folklore.ee\/lounatartumaa\/wp-json\/wp\/v2\/pages\/907\/revisions\/6539"}],"up":[{"embeddable":true,"href":"https:\/\/regilaulik.folklore.ee\/lounatartumaa\/wp-json\/wp\/v2\/pages\/859"}],"wp:attachment":[{"href":"https:\/\/regilaulik.folklore.ee\/lounatartumaa\/wp-json\/wp\/v2\/media?parent=907"}],"curies":[{"name":"wp","href":"https:\/\/api.w.org\/{rel}","templated":true}]}}