{"id":3822,"date":"2013-09-06T11:25:04","date_gmt":"2013-09-06T08:25:04","guid":{"rendered":"http:\/\/regilaulik.folklore.ee\/virumaa\/?page_id=3822"},"modified":"2021-11-12T15:11:45","modified_gmt":"2021-11-12T13:11:45","slug":"mangu-katekone","status":"publish","type":"page","link":"https:\/\/regilaulik.folklore.ee\/mulgimaa\/ilmasoor\/laulumangu\/mangu-katekone\/","title":{"rendered":"M\u00e4ngu-katek\u00f5ne"},"content":{"rendered":"<p>&nbsp;<\/p>\n<p>&nbsp;<\/p>\n<p>__________________________________________________________<\/p>\n<h2 class=\"post-to-page-title\">_*_*_*_<\/h2>\n<div class=\"post-to-page-content\">\n<\/div>\n<span class=\"post-to-page-image\"><a href=\"https:\/\/regilaulik.folklore.ee\/mulgimaa\/blog\/2021\/11\/12\/____-2\/\"><\/a><\/span>\n<span class=\"post-to-page-readmore\"><a href=\"https:\/\/regilaulik.folklore.ee\/mulgimaa\/blog\/2021\/11\/12\/____-2\/\">Read more...<\/a><\/span>\n<span class=\"post-to-page-comment-count\">0 comments<\/span>\n<hr class=\"post-to-page-separator\" \/>\n<h2 class=\"post-to-page-title\">__L i i r i - l \u00f5 \u00f5 r i__<\/h2>\n<div class=\"post-to-page-content\">\n<\/div>\n<span class=\"post-to-page-image\"><a href=\"https:\/\/regilaulik.folklore.ee\/mulgimaa\/blog\/2021\/11\/12\/__l-i-i-r-i-l-o-o-r-i__\/\"><\/a><\/span>\n<span class=\"post-to-page-readmore\"><a href=\"https:\/\/regilaulik.folklore.ee\/mulgimaa\/blog\/2021\/11\/12\/__l-i-i-r-i-l-o-o-r-i__\/\">Read more...<\/a><\/span>\n<span class=\"post-to-page-comment-count\">0 comments<\/span>\n<hr class=\"post-to-page-separator\" \/>\n<h2 class=\"post-to-page-title\">1. LIIRI-L\u00d5\u00d5RI L\u00d5OKE (Pai)<\/h2>\n<div class=\"post-to-page-content\">\n\n<p class=\"has-text-align-right\"><em>Paistu<\/em><\/p>\n\n\n\n<p class=\"has-medium-font-size\">Liiri-l\u00f5\u00f5ri<\/p>\n\n\n\n<p>*<\/p>\n\n\n\n<p>LIIRI-L\u00d5\u00d5RI L\u00d5OKE,<br>piiri-p\u00e4\u00e4rd\u00e4 p\u00e4\u00e4suke,<br>kunnes sinu pes\u00e4ke?<br>M\u00f5tsan kuiva kuuse otsan.<br>Kunnes kuuseke?<br>Vanamiis rais kuusekse.<br>Kunnes sii vanamiis?<br>Vanamiis kooli \u00e4r\u00e4.<br>Kus tem\u00e4 mateti?<br>Pik\u00e4 p\u00f5llu piindres.<br>Kus tem\u00e4 s\u00e4\u00e4lt j\u00e4i?<br>Kana sabits v\u00e4ll\u00e4.<br>Kus sii kanake?<br>Kana lenn\u00e4s ruugu.<br>Kus sii ruuke?<br>Vikat niit ruukse.<br>Kus sii vikatike?<br>Vikat karas kandu.<br>Kunnes sii kannuke?<br>Karu j\u00fcr\u00e4s kannukse.<br>Kunnes sii karuke?<br>Karu viirse vette.<br>Kunnes sii viike?<br>Must \u00e4rg j\u00f5i viikse.<br>Kunnes sii must \u00e4rg?<br>Must \u00e4rg l\u00e4its lauta.<br>Kunnes sii laudake?<br>Tuli palut laudakse.<br>Kunnes sii tuleke?<br>Tuli l\u00e4its taevase.<br>Kellek&#8217; sinna j\u00e4rgi minna?<br>Tin&#8217;nege, tan&#8217;nege,<br>liudege, lusikidege,<br>ja padadege, pan&#8217;gege.<\/p>\n\n\n\n<p>(M\u00e4rkus: Teisik, vahetas read.)<\/p>\n\n\n\n<p class=\"has-small-font-size\">Tekst: ERA II 24, 542\/4 (3) &lt; T\u00fcri, S\u00e4revere v &#8211; Richard Viidebaum &lt; Ell Ilves (s\u00fcnd 1851 &lt; Paistu khk, Holstre v) (1930).<\/p>\n\n\n\n<p class=\"has-text-align-right\"><em> <\/em><\/p>\n<\/div>\nTagged in: <span class=\"post-to-page-tags\"><a href=\"https:\/\/regilaulik.folklore.ee\/mulgimaa\/blog\/tag\/paistu_\/\">paistu_<\/a><\/span><span class=\"post-to-page-image\"><a href=\"https:\/\/regilaulik.folklore.ee\/mulgimaa\/blog\/2021\/11\/12\/1-liiri-loori-looke-pai\/\"><\/a><\/span>\n<span class=\"post-to-page-readmore\"><a href=\"https:\/\/regilaulik.folklore.ee\/mulgimaa\/blog\/2021\/11\/12\/1-liiri-loori-looke-pai\/\">Read more...<\/a><\/span>\n<span class=\"post-to-page-comment-count\">0 comments<\/span>\n<hr class=\"post-to-page-separator\" \/>\n<h2 class=\"post-to-page-title\">2. LIIRI L\u00d5\u00d5RI L\u00d5OKE (Pai)<\/h2>\n<div class=\"post-to-page-content\">\n\n<p class=\"has-text-align-right\"><em>Paistu<\/em><\/p>\n\n\n\n<p class=\"has-medium-font-size\">Liiri-l\u00f5\u00f5ri<\/p>\n\n\n\n<p>*<\/p>\n\n\n\n<p>LIIRI L\u00d5\u00d5RI L\u00d5OKE,<br>piiri p\u00e4\u00e4d\u00e4 p\u00e4\u00e4suke,<br>kun su kulla pes\u00e4ke?<br>M\u00f5tsan kuiva kuuse otsan.<br>Kun sii kuuseke?<br>Vanamiis rais kuusekse.<br>Kun sii vanamiis?<br>Vanamiis kooli \u00e4r\u00e4.<br>Kun tem\u00e4 mateti?<br>Pik\u00e4 p\u00f5llu piindres.<br>Kun sii piindreke?<br>Kana sabis piindrekse.<br>Kunnes sii kanake?<br>Kana lenn\u00e4s ruugu.<br>Kun sii ruuke?<br>Vik\u00e4t niit ruukse.<br>Kun sii vik\u00e4tike?<br>Vik\u00e4t karas kandu.<br>Kun sii kannuke?<br>Karu j\u00fcr\u00e4s kannukse.<br>Kun sii karuke?<br>Karu viire merre.<br>Kun sii mereke?<br>Must \u00e4rg j\u00f5i merekse.<br>Kun sii must \u00e4rg?<br>Must \u00e4rg l\u00e4its lauta.<br>Kun sii laudake?<br>Tuli palut laudakse.<br>Kun sii tuleke?<br>Tuli l\u00e4its taeva.<br>Kelleg sel tulel j\u00e4rgi minn\u00e4s?<br>Padadege, pangege,<br>liudege, lusikidege.<\/p>\n\n\n\n<p class=\"has-small-font-size\">Tekst: ERA II 11, 750\/2 (9) &lt; T\u00fcri, Alliku v &#8211; Lydia Puulbert &lt; Ell Ilves, 77 a (&lt; Paistu khk, Holstre v) (1929).<\/p>\n<\/div>\nTagged in: <span class=\"post-to-page-tags\"><a href=\"https:\/\/regilaulik.folklore.ee\/mulgimaa\/blog\/tag\/paistu_\/\">paistu_<\/a><\/span><span class=\"post-to-page-image\"><a href=\"https:\/\/regilaulik.folklore.ee\/mulgimaa\/blog\/2021\/11\/12\/2-liiri-loori-looke-pai\/\"><\/a><\/span>\n<span class=\"post-to-page-readmore\"><a href=\"https:\/\/regilaulik.folklore.ee\/mulgimaa\/blog\/2021\/11\/12\/2-liiri-loori-looke-pai\/\">Read more...<\/a><\/span>\n<span class=\"post-to-page-comment-count\">0 comments<\/span>\n<hr class=\"post-to-page-separator\" \/>\n<h2 class=\"post-to-page-title\">3. SIIRI, SIIRI, SIRGAKE (Hel)<\/h2>\n<div class=\"post-to-page-content\">\n\n<p class=\"has-text-align-right\"><em>Helme<\/em><\/p>\n\n\n\n<p class=\"has-medium-font-size\">Liiri-l\u00f5\u00f5ri<\/p>\n\n\n\n<p>*<\/p>\n\n\n\n<p>SIIRI, SIIRI, SIRGAKE,<br>liiri, l\u00f5\u00f5ri l\u00f5oke,<br>kus su kulla pes\u00e4ke?<br>Taga tare tamme otsan.<br>Kus sii tamm j\u00e4i?<br>Vanamiis ragus maha.<br>Kus sii vanamiis j\u00e4i?<br>Vanamiis kooli \u00e4r\u00e4.<br>Kus tem\u00e4 mateti?<br>Pik\u00e4 p\u00f5llu piindre ala.<br>Mis sinna p\u00e4\u00e4le kasvi?<br>Penip\u00fctsik, s\u00f5najalg.<br>Kus sii penip\u00fctsik, s\u00f5najalg j\u00e4i?<br>Vikat niits maha.<br>Kus sii vikat j\u00e4i?<br>Vikat karas kandu.<br>Kus sii kand j\u00e4i?<br>Kand karas kivvi.<br>Kus sii kivi j\u00e4i?<br>Kivi viirse merde.<br>Kus sii meri j\u00e4i?<br>Mustik r\u00fcib\u00e4s \u00e4r\u00e4.<br>Kus sii Mustik j\u00e4i?<br>Mustik l\u00e4its lauta,<br>pan&#8217;ds lauda palame.<br>Kus sii lauda ase j\u00e4i?<br>Kuke, kana rehitsive \u00e4r\u00e4.<br>Kus nii kuke kana j\u00e4ive?<br>Kul&#8217;l viis taevas.<br>Kuis sinna perr\u00e4 saia?<br>Puumege, pulkege,<br>raudege, ratastege,<br>tildege, t\u00f5ldege,<br>vaskege, vangerdege,<br>liudege, lusikidege.<\/p>\n\n\n\n<p class=\"has-small-font-size\">Tekst: ERA II 21, 634\/5 &lt; Karksi khk, Ainja vaestemaja &#8211; Leida Lepp &lt; Reet Jakk, 72 a (&lt; Helme) (1931).<\/p>\n<\/div>\nTagged in: <span class=\"post-to-page-tags\"><a href=\"https:\/\/regilaulik.folklore.ee\/mulgimaa\/blog\/tag\/helme_\/\">helme_<\/a><\/span><span class=\"post-to-page-image\"><a href=\"https:\/\/regilaulik.folklore.ee\/mulgimaa\/blog\/2021\/11\/12\/3-siiri-siiri-sirgake-hel\/\"><\/a><\/span>\n<span class=\"post-to-page-readmore\"><a href=\"https:\/\/regilaulik.folklore.ee\/mulgimaa\/blog\/2021\/11\/12\/3-siiri-siiri-sirgake-hel\/\">Read more...<\/a><\/span>\n<span class=\"post-to-page-comment-count\">0 comments<\/span>\n<hr class=\"post-to-page-separator\" \/>\n<h2 class=\"post-to-page-title\">4. TILLUK-LINNUK L\u00d5OKE (Krk)<\/h2>\n<div class=\"post-to-page-content\">\n\n<p class=\"has-text-align-right\"><em>Karksi<\/em><\/p>\n\n\n\n<p class=\"has-medium-font-size\">Liiri-l\u00f5\u00f5ri<\/p>\n\n\n\n<p>*<\/p>\n\n\n\n<p>TILLUK-LINNUK L\u00d5OKE,<br>kun su kullast pes\u00e4ke?<br>Taga tare tamme otsan.<br>Kos sii tamm j\u00e4i?<br>Vanamiis ragus tamme.<br>Kos sii vanamiis j\u00e4i?<br>Vanamiis kooli \u00e4r\u00e4.<br>Kohes ted\u00e4 mateti?<br>Pik\u00e4 p\u00f5llu piindres.<br>Kun sii pikk p\u00f5ld?<br>Must \u00e4rg k\u00fcnds pik\u00e4 p\u00f5llu.<br>Kun sii must \u00e4rg?<br>Must \u00e4rg karas ruugu.<br>Kun sii ruug?<br>Vik\u00e4t&#8217; niits ruu.<br>Kun sii vik\u00e4t&#8217;?<br>Vik\u00e4t&#8217; karas kandu.<br>Kun sii kand?<br>Karu kis&#8217;k kannu.<br>Kun sii karu?<br>Karu karas merre.<br>Minkek sinna perr\u00e4 minti?<br>Lusikide liudege,<br>padadege, pangege,<br>aganeste aistege,<br>leppise riige.<\/p>\n\n\n\n<p class=\"has-small-font-size\">Tekst: ERA II 78, 123\/4 (56) &lt; Helme khk, Taagepera v &lt; Karksi khk &#8211; R. Viidebaum &lt; Reet Sari, 75 a (1934).<\/p>\n\n\n\n<p class=\"has-text-align-right\"><em> <\/em><\/p>\n<\/div>\nTagged in: <span class=\"post-to-page-tags\"><a href=\"https:\/\/regilaulik.folklore.ee\/mulgimaa\/blog\/tag\/karksi_\/\">karksi_<\/a><\/span><span class=\"post-to-page-image\"><a href=\"https:\/\/regilaulik.folklore.ee\/mulgimaa\/blog\/2021\/11\/12\/4-tilluk-linnuk-looke-krk\/\"><\/a><\/span>\n<span class=\"post-to-page-readmore\"><a href=\"https:\/\/regilaulik.folklore.ee\/mulgimaa\/blog\/2021\/11\/12\/4-tilluk-linnuk-looke-krk\/\">Read more...<\/a><\/span>\n<span class=\"post-to-page-comment-count\">0 comments<\/span>\n<hr class=\"post-to-page-separator\" \/>\n<h2 class=\"post-to-page-title\">5. LIIRI L\u00d5\u00d5RI L\u00d5OKE (Pai)<\/h2>\n<div class=\"post-to-page-content\">\n\n<p class=\"has-text-align-right\"><em>Paistu<\/em><\/p>\n\n\n\n<p class=\"has-medium-font-size\">Liiri-l\u00f5\u00f5ri <\/p>\n\n\n\n<p>*<\/p>\n\n\n\n<p>LIIRI L\u00d5\u00d5RI L\u00d5OKE,<br>piiri p\u00e4\u00e4ri p\u00e4\u00e4suke,<br>kus su kulla pes\u00e4ke?<br>M\u00f5isan kuiva kuuse otsan.<br>Kus sii kuju kuus?<br>Vanamiis rais kuiva kuuse.<br>Kus sii vana miis?<br>Vanamiis kooli \u00e4r\u00e4.<br>Kus tem\u00e4 mateti?<br>Pik\u00e4 p\u00f5llu piindre ala.<br>Kus sii pik\u00e4 p\u00f5llu peen\u00e4r?<br>Kana sabits pik\u00e4 p\u00f5llu piindre.<br>Kunes sii kanake?<br>Kull kisk kanakse.<br>Kus sii kullike?<br>Kull lenn\u00e4s ruugu,<br>Kunes sii ruuke,<br>Vik\u00e4t niit ruukse.<br>Kunes sii vik\u00e4tike?<br>Vik\u00e4t karas kandu.<br>Kunes sii kannuke?<br>Karu kisk kannukse.<br>Kunes sii karuke?<br>Karu \u00fcp\u00e4s \u00fcle mere.<br>Kunes sii mereke?<br>Must \u00e4rg j\u00f5i merekse.<br>Kunes sii must \u00e4rg?<br>Must \u00e4rg l\u00e4its lauta.<br>Kunes sii laudake?<br>Tuli palut laudakse.<br>Kunes sii tuleke?<br>Tuli lenn\u00e4s taeva.<br>Mikege sinna perr\u00e4 minnas?<br>\u00d5lgege \u00f5bedege,<br>vaskege varrastege,<br>padadege pangege,<br>lusikige liudege.<\/p>\n\n\n\n<p class=\"has-small-font-size\">Tekst: ERA II 40, 95 &lt; Paistu khk, Holstre v &#8211; Johan Loorits (1926).<\/p>\n<\/div>\nTagged in: <span class=\"post-to-page-tags\"><a href=\"https:\/\/regilaulik.folklore.ee\/mulgimaa\/blog\/tag\/paistu_\/\">paistu_<\/a><\/span><span class=\"post-to-page-image\"><a href=\"https:\/\/regilaulik.folklore.ee\/mulgimaa\/blog\/2021\/11\/12\/5-liiri-loori-looke-pai\/\"><\/a><\/span>\n<span class=\"post-to-page-readmore\"><a href=\"https:\/\/regilaulik.folklore.ee\/mulgimaa\/blog\/2021\/11\/12\/5-liiri-loori-looke-pai\/\">Read more...<\/a><\/span>\n<span class=\"post-to-page-comment-count\">0 comments<\/span>\n<hr class=\"post-to-page-separator\" \/>\n<h2 class=\"post-to-page-title\">_*_*_*_<\/h2>\n<div class=\"post-to-page-content\">\n<\/div>\n<span class=\"post-to-page-image\"><a href=\"https:\/\/regilaulik.folklore.ee\/mulgimaa\/blog\/2021\/11\/12\/____-3\/\"><\/a><\/span>\n<span class=\"post-to-page-readmore\"><a href=\"https:\/\/regilaulik.folklore.ee\/mulgimaa\/blog\/2021\/11\/12\/____-3\/\">Read more...<\/a><\/span>\n<span class=\"post-to-page-comment-count\">0 comments<\/span>\n<hr class=\"post-to-page-separator\" \/>\n<h2 class=\"post-to-page-title\">_*_*_*_<\/h2>\n<div class=\"post-to-page-content\">\n<\/div>\n<span class=\"post-to-page-image\"><a href=\"https:\/\/regilaulik.folklore.ee\/mulgimaa\/blog\/2021\/11\/12\/____-4\/\"><\/a><\/span>\n<span class=\"post-to-page-readmore\"><a href=\"https:\/\/regilaulik.folklore.ee\/mulgimaa\/blog\/2021\/11\/12\/____-4\/\">Read more...<\/a><\/span>\n<span class=\"post-to-page-comment-count\">0 comments<\/span>\n<hr class=\"post-to-page-separator\" \/>\n<h2 class=\"post-to-page-title\">_*_*_*_<\/h2>\n<div class=\"post-to-page-content\">\n<\/div>\n<span class=\"post-to-page-image\"><a href=\"https:\/\/regilaulik.folklore.ee\/mulgimaa\/blog\/2021\/11\/12\/____-5\/\"><\/a><\/span>\n<span class=\"post-to-page-readmore\"><a href=\"https:\/\/regilaulik.folklore.ee\/mulgimaa\/blog\/2021\/11\/12\/____-5\/\">Read more...<\/a><\/span>\n<span class=\"post-to-page-comment-count\">0 comments<\/span>\n<hr class=\"post-to-page-separator\" \/>\n<h2 class=\"post-to-page-title\">_*_*_*_<\/h2>\n<div class=\"post-to-page-content\">\n<\/div>\n<span class=\"post-to-page-image\"><a href=\"https:\/\/regilaulik.folklore.ee\/mulgimaa\/blog\/2021\/11\/12\/____-6\/\"><\/a><\/span>\n<span class=\"post-to-page-readmore\"><a href=\"https:\/\/regilaulik.folklore.ee\/mulgimaa\/blog\/2021\/11\/12\/____-6\/\">Read more...<\/a><\/span>\n<span class=\"post-to-page-comment-count\">0 comments<\/span>\n<hr class=\"post-to-page-separator\" \/>\n<h2 class=\"post-to-page-title\">_*_*_*_<\/h2>\n<div class=\"post-to-page-content\">\n<\/div>\n<span class=\"post-to-page-image\"><a href=\"https:\/\/regilaulik.folklore.ee\/mulgimaa\/blog\/2021\/11\/12\/____-7\/\"><\/a><\/span>\n<span class=\"post-to-page-readmore\"><a href=\"https:\/\/regilaulik.folklore.ee\/mulgimaa\/blog\/2021\/11\/12\/____-7\/\">Read more...<\/a><\/span>\n<span class=\"post-to-page-comment-count\">0 comments<\/span>\n<hr class=\"post-to-page-separator\" \/>\n<h2 class=\"post-to-page-title\">_*_*_*_<\/h2>\n<div class=\"post-to-page-content\">\n<\/div>\n<span class=\"post-to-page-image\"><a href=\"https:\/\/regilaulik.folklore.ee\/mulgimaa\/blog\/2021\/11\/12\/____-8\/\"><\/a><\/span>\n<span class=\"post-to-page-readmore\"><a href=\"https:\/\/regilaulik.folklore.ee\/mulgimaa\/blog\/2021\/11\/12\/____-8\/\">Read more...<\/a><\/span>\n<span class=\"post-to-page-comment-count\">0 comments<\/span>\n<hr class=\"post-to-page-separator\" \/>\n\n","protected":false},"excerpt":{"rendered":"<p>&nbsp; &nbsp; __________________________________________________________<\/p>\n","protected":false},"author":1,"featured_media":0,"parent":921,"menu_order":0,"comment_status":"closed","ping_status":"closed","template":"content-sidebar-page.php","meta":[],"_links":{"self":[{"href":"https:\/\/regilaulik.folklore.ee\/mulgimaa\/wp-json\/wp\/v2\/pages\/3822"}],"collection":[{"href":"https:\/\/regilaulik.folklore.ee\/mulgimaa\/wp-json\/wp\/v2\/pages"}],"about":[{"href":"https:\/\/regilaulik.folklore.ee\/mulgimaa\/wp-json\/wp\/v2\/types\/page"}],"author":[{"embeddable":true,"href":"https:\/\/regilaulik.folklore.ee\/mulgimaa\/wp-json\/wp\/v2\/users\/1"}],"replies":[{"embeddable":true,"href":"https:\/\/regilaulik.folklore.ee\/mulgimaa\/wp-json\/wp\/v2\/comments?post=3822"}],"version-history":[{"count":16,"href":"https:\/\/regilaulik.folklore.ee\/mulgimaa\/wp-json\/wp\/v2\/pages\/3822\/revisions"}],"predecessor-version":[{"id":12916,"href":"https:\/\/regilaulik.folklore.ee\/mulgimaa\/wp-json\/wp\/v2\/pages\/3822\/revisions\/12916"}],"up":[{"embeddable":true,"href":"https:\/\/regilaulik.folklore.ee\/mulgimaa\/wp-json\/wp\/v2\/pages\/921"}],"wp:attachment":[{"href":"https:\/\/regilaulik.folklore.ee\/mulgimaa\/wp-json\/wp\/v2\/media?parent=3822"}],"curies":[{"name":"wp","href":"https:\/\/api.w.org\/{rel}","templated":true}]}}