{"id":626,"date":"2013-07-15T12:36:15","date_gmt":"2013-07-15T09:36:15","guid":{"rendered":"http:\/\/regilaulik.folklore.ee\/virumaa\/?page_id=626"},"modified":"2021-11-12T22:12:36","modified_gmt":"2021-11-12T20:12:36","slug":"hommik","status":"publish","type":"page","link":"https:\/\/regilaulik.folklore.ee\/mulgimaa\/aasoor\/paevast-paeva\/hommik\/","title":{"rendered":"Hommik"},"content":{"rendered":"<p style=\"text-align: right;\">\n<p style=\"text-align: right;\"><strong><span style=\"font-size: large;\">P\u00e4ev, tule v\u00e4lja!<\/span><\/strong><br \/>\n<strong><span style=\"font-size: large;\"> \u00dcles, k\u00fclarahvas!<\/span><\/strong><br \/>\n<strong><span style=\"font-size: large;\"> Veere, p\u00e4ev!<\/span><\/strong><\/p>\n<p>&nbsp;<\/p>\n\n","protected":false},"excerpt":{"rendered":"<p>P\u00e4ev, tule v\u00e4lja! \u00dcles, k\u00fclarahvas! Veere, p\u00e4ev! &nbsp;<\/p>\n","protected":false},"author":1,"featured_media":0,"parent":509,"menu_order":0,"comment_status":"closed","ping_status":"closed","template":"content-sidebar-page.php","meta":[],"_links":{"self":[{"href":"https:\/\/regilaulik.folklore.ee\/mulgimaa\/wp-json\/wp\/v2\/pages\/626"}],"collection":[{"href":"https:\/\/regilaulik.folklore.ee\/mulgimaa\/wp-json\/wp\/v2\/pages"}],"about":[{"href":"https:\/\/regilaulik.folklore.ee\/mulgimaa\/wp-json\/wp\/v2\/types\/page"}],"author":[{"embeddable":true,"href":"https:\/\/regilaulik.folklore.ee\/mulgimaa\/wp-json\/wp\/v2\/users\/1"}],"replies":[{"embeddable":true,"href":"https:\/\/regilaulik.folklore.ee\/mulgimaa\/wp-json\/wp\/v2\/comments?post=626"}],"version-history":[{"count":61,"href":"https:\/\/regilaulik.folklore.ee\/mulgimaa\/wp-json\/wp\/v2\/pages\/626\/revisions"}],"predecessor-version":[{"id":12980,"href":"https:\/\/regilaulik.folklore.ee\/mulgimaa\/wp-json\/wp\/v2\/pages\/626\/revisions\/12980"}],"up":[{"embeddable":true,"href":"https:\/\/regilaulik.folklore.ee\/mulgimaa\/wp-json\/wp\/v2\/pages\/509"}],"wp:attachment":[{"href":"https:\/\/regilaulik.folklore.ee\/mulgimaa\/wp-json\/wp\/v2\/media?parent=626"}],"curies":[{"name":"wp","href":"https:\/\/api.w.org\/{rel}","templated":true}]}}