{"id":632,"date":"2013-07-15T13:04:20","date_gmt":"2013-07-15T10:04:20","guid":{"rendered":"http:\/\/regilaulik.folklore.ee\/virumaa\/?page_id=632"},"modified":"2021-08-24T14:58:17","modified_gmt":"2021-08-24T11:58:17","slug":"kevad","status":"publish","type":"page","link":"https:\/\/regilaulik.folklore.ee\/mulgimaa\/aasoor\/kaalendrelaulu\/kevad\/","title":{"rendered":"Kev\u00e4d kiigulavva p\u00e4\u00e4l"},"content":{"rendered":"<h2 class=\"post-to-page-title\">_*_*_*_<\/h2>\n<div class=\"post-to-page-content\">\n<\/div>\n<span class=\"post-to-page-image\"><a href=\"https:\/\/regilaulik.folklore.ee\/mulgimaa\/blog\/2021\/11\/12\/____-9\/\"><\/a><\/span>\n<span class=\"post-to-page-readmore\"><a href=\"https:\/\/regilaulik.folklore.ee\/mulgimaa\/blog\/2021\/11\/12\/____-9\/\">Read more...<\/a><\/span>\n<span class=\"post-to-page-comment-count\">0 comments<\/span>\n<hr class=\"post-to-page-separator\" \/>\n<h2 class=\"post-to-page-title\">__K i i g e l a u l u d__<\/h2>\n<div class=\"post-to-page-content\">\n<\/div>\n<span class=\"post-to-page-image\"><a href=\"https:\/\/regilaulik.folklore.ee\/mulgimaa\/blog\/2021\/11\/12\/__k-i-i-g-e-l-a-u-l-u-d__\/\"><\/a><\/span>\n<span class=\"post-to-page-readmore\"><a href=\"https:\/\/regilaulik.folklore.ee\/mulgimaa\/blog\/2021\/11\/12\/__k-i-i-g-e-l-a-u-l-u-d__\/\">Read more...<\/a><\/span>\n<span class=\"post-to-page-comment-count\">0 comments<\/span>\n<hr class=\"post-to-page-separator\" \/>\n<h2 class=\"post-to-page-title\">1. KUULI K\u00dcL\u00c4N KIIGUTEVET (Pai) (Kiigele ehtimine)<\/h2>\n<div class=\"post-to-page-content\">\n\n<p class=\"has-text-align-right\"><em>Paistu<\/em><\/p>\n\n\n\n<p class=\"has-medium-font-size\">P\u00f5rm p\u00f5lle p\u00e4\u00e4le<\/p>\n\n\n\n<p>*<\/p>\n\n\n\n<p>KUULI K\u00dcL\u00c4N KIIGUTEVET,<br>k\u00fcl\u00e4 \u00e4ll\u00fcn \u00e4ll\u00fctevet,<br>v\u00f5ti tet\u00e4 tegemisi,<br>v\u00f5ti aia askelida:<br>juusse aita ma m\u00e4ele,<br>keset usta kellerise,<br>v\u00f5ti valla vaka kaase,<br>(kisevista?kisse valla?) kirstu kaase;<br>v\u00f5ti vakast valgembida,<br>v\u00f5ti kirstust kirivesi.<br>Ai selg\u00e4 amme linatse,<br>p\u00e4\u00e4le pihta peenikse,<br>ame konseni kohisi,<br>lina liike varbieni (e &#8216;enni)<br>\u00fc\u00fcle panni suure \u00fc\u00fc,<br>kui sii vihm\u00e4vikerkaari,<br>\u00fcmmer panni suure s\u00f5pu,<br>kui sii puuli p\u00f5dranahka,<br>ette (l\u00e4en? lei?) sii laia p\u00f5lle,<br>kui sii uusi aidausse,<br>rinda panni suure s\u00f5le,<br>kui sii kuu taeva&#8217;enna,<br>kaala eidi elmek\u00f5rra,<br>kui k\u00f5rra kanamuneja,<br>p\u00e4h\u00e4 panni suure p\u00e4rj\u00e4,<br>kui sii suure kukearja,<br>s\u00f5rme liidi s\u00f5rmussida,<br>kui nii t\u00e4hte taeva&#8217;enna,<br>jalga panni suka suletse,<br>otsa panni keng\u00e4 k\u00e4beda.<\/p>\n\n\n\n<p>Sis l\u00e4tsi k\u00fcll\u00e4 kiikumaie,<br>k\u00fcl\u00e4 \u00e4ll\u00fc \u00e4ll\u00fcmaie,<br>kus s\u00e4\u00e4l k\u00e4isi ulbakida,<br>vald olli t\u00e4isi vallatumit,<br>leive kullasta kunida,<br>lei mul p\u00f5rmu p\u00f5lle p\u00e4\u00e4le,<br>udu uvve kuvve p\u00e4\u00e4le.<\/p>\n\n\n\n<p class=\"has-small-font-size\">Tekst: ERA II 24, 552\/4 (9) &lt; T\u00fcri, S\u00e4revere v &#8211; Richard Viidebaum &lt; Ell Ilves (s\u00fcnd 1851 &lt; Paistu khk, Holstre v) (1930).<\/p>\n<\/div>\nTagged in: <span class=\"post-to-page-tags\"><a href=\"https:\/\/regilaulik.folklore.ee\/mulgimaa\/blog\/tag\/paistu_\/\">paistu_<\/a><\/span><span class=\"post-to-page-image\"><a href=\"https:\/\/regilaulik.folklore.ee\/mulgimaa\/blog\/2021\/11\/12\/1-kuuli-kulan-kiigutevet-pai-kiigele-ehtimine\/\"><\/a><\/span>\n<span class=\"post-to-page-readmore\"><a href=\"https:\/\/regilaulik.folklore.ee\/mulgimaa\/blog\/2021\/11\/12\/1-kuuli-kulan-kiigutevet-pai-kiigele-ehtimine\/\">Read more...<\/a><\/span>\n<span class=\"post-to-page-comment-count\">0 comments<\/span>\n<hr class=\"post-to-page-separator\" \/>\n<h2 class=\"post-to-page-title\">2. N\u00dcID L\u00c4\u00c4ME KIRJA KIIGU P\u00c4\u00c4LE (Pai)<\/h2>\n<div class=\"post-to-page-content\">\n\n<p class=\"has-text-align-right\"><em>Paistu<\/em><\/p>\n\n\n\n<p class=\"has-medium-font-size\">Kiigelaul<\/p>\n\n\n\n<p>*<\/p>\n\n\n\n<p><\/p>\n\n\n\n<p>N\u00dcID L\u00c4\u00c4ME KIRJA KIIGU P\u00c4\u00c4LE,<br>\u00e4\u00e4nikirja \u00e4l&#8217;l\u00fc p\u00e4\u00e4le,<br>valge kablade vahele.<br>N\u00fcid me kiigum k\u00f5rge&#8217;esse,<br>k\u00f5rge&#8217;esse, kauge&#8217;elle,<br>siit ma elgi elmi&#8217;esse,<br>siit ma paista Paide&#8217;esse.<br>Et ma no esigi ei elgi &#8211;<br>elgive elme eleda;<br>et ma no esigi ei paistu &#8211;<br>paistup mu pale punane;<br>et ma no esigi ei lipu &#8211;<br>lipuve mu linajuusse.<br>Las mu k\u00e4i\u00e4, las vaate,<br>las mu kaia lavva ala (aita lavva),<br>kas om siinn\u00e4 sed\u00e4 miista,<br>sed\u00e4 miist, sed\u00e4 k\u00fcb\u00e4rd\u00e4,<br>sed\u00e4 puulta poisikesta,<br>kes v\u00f5tap kirja kiigu p\u00e4\u00e4lt\u00e4,<br>allikirja \u00e4ll\u00fc p\u00e4\u00e4lt\u00e4,<br>valge kablade vahelta.<br>Kui ei ole, ei ma&#8217;i ooli,<br>kui ei saa, ei ma&#8217;i salli,<br>mul tulep miisi muilta mailta,<br>mul tulep kaasa kauge&#8217;elta,<br>peig tulep poola piiri p\u00e4\u00e4lt\u00e4,<br>tuup kulda k\u00fcb\u00e4ret\u00e4vve,<br>\u00f5bet selge \u00f5lmat\u00e4vve.<\/p>\n\n\n\n<p>Kes tuup \u00e4i\u00e4le obese,<br>kes tuup \u00e4mm\u00e4le sadule,<br>k\u00fc\u00fcl tuup \u00f5be k\u00fcb\u00e4re,<br>naol tuup keng\u00e4 naastulise.<\/p>\n\n\n\n<p class=\"has-small-font-size\">Tekst: ERA II 24, 554\/5 (10) &lt; T\u00fcri, S\u00e4revere v &#8211; Richard Viidebaum &lt; Ell Ilves (s\u00fcnd 1851 &lt; Paistu khk, Holstre v) (1930).<\/p>\n<\/div>\nTagged in: <span class=\"post-to-page-tags\"><a href=\"https:\/\/regilaulik.folklore.ee\/mulgimaa\/blog\/tag\/paistu_\/\">paistu_<\/a><\/span><span class=\"post-to-page-image\"><a href=\"https:\/\/regilaulik.folklore.ee\/mulgimaa\/blog\/2021\/11\/12\/2-nuid-laame-kirja-kiigu-paale-pai\/\"><\/a><\/span>\n<span class=\"post-to-page-readmore\"><a href=\"https:\/\/regilaulik.folklore.ee\/mulgimaa\/blog\/2021\/11\/12\/2-nuid-laame-kirja-kiigu-paale-pai\/\">Read more...<\/a><\/span>\n<span class=\"post-to-page-comment-count\">0 comments<\/span>\n<hr class=\"post-to-page-separator\" \/>\n<h2 class=\"post-to-page-title\">3. KUULI K\u00dcL\u00c4N KIIGUTEVET (Pai) (Kiigele ehtimine)<\/h2>\n<div class=\"post-to-page-content\">\n\n<p class=\"has-text-align-right\"><em>Paistu<\/em><\/p>\n\n\n\n<p class=\"has-medium-font-size\">Kiigelaul<\/p>\n\n\n\n<p>*<\/p>\n\n\n\n<p>KUULI K\u00dcL\u00c4N KIIGUTEVET,<br>k\u00fcl\u00e4 \u00e4ll\u00fcn \u00e4ll\u00fctevet,<br>v\u00f5ti tet\u00e4 tegemisi,<br>v\u00f5ti aia askelida:<br>juusse aita ma m\u00e4ele,<br>keset usta kellerise,<br>v\u00f5ti valla vaka kaase,<br>(kisevista?kisse valla?) kirstu kaase;<br>v\u00f5ti vakast valgembida,<br>v\u00f5ti kirstust kirivesi.<br>Ai selg\u00e4 amme linatse,<br>p\u00e4\u00e4le pihta peenikse,<br>ame konseni kohisi,<br>lina liike varbieni (e &#8216;enni)<br>\u00fc\u00fcle panni suure \u00fc\u00fc,<br>kui sii vihm\u00e4vikerkaari,<br>\u00fcmmer panni suure s\u00f5pu,<br>kui sii puuli p\u00f5dranahka,<br>ette (l\u00e4en? lei?) sii laia p\u00f5lle,<br>kui sii uusi aidausse,<br>rinda panni suure s\u00f5le,<br>kui sii kuu taeva&#8217;enna,<br>kaala eidi elmek\u00f5rra,<br>kui k\u00f5rra kanamuneja,<br>p\u00e4h\u00e4 panni suure p\u00e4rj\u00e4,<br>kui sii suure kukearja,<br>s\u00f5rme liidi s\u00f5rmussida,<br>kui nii t\u00e4hte taeva&#8217;enna,<br>jalga panni suka suletse,<br>otsa panni keng\u00e4 k\u00e4beda.<\/p>\n\n\n\n<p>Sis l\u00e4tsi k\u00fcll\u00e4 kiikumaie,<br>k\u00fcl\u00e4 \u00e4ll\u00fc \u00e4ll\u00fcmaie,<br>kus s\u00e4\u00e4l k\u00e4isi ulbakida,<br>vald olli t\u00e4isi vallatumit,<br>leive kullasta kunida,<br>lei mul p\u00f5rmu p\u00f5lle p\u00e4\u00e4le,<br>udu uvve kuvve p\u00e4\u00e4le.<\/p>\n\n\n\n<p class=\"has-small-font-size\">Tekst: ERA II 24, 552\/4 (9) &lt; T\u00fcri, S\u00e4revere v &#8211; Richard Viidebaum &lt; Ell Ilves (s\u00fcnd 1851 &lt; Paistu khk, Holstre v) (1930).<\/p>\n<\/div>\nTagged in: <span class=\"post-to-page-tags\"><a href=\"https:\/\/regilaulik.folklore.ee\/mulgimaa\/blog\/tag\/paistu_\/\">paistu_<\/a><\/span><span class=\"post-to-page-image\"><a href=\"https:\/\/regilaulik.folklore.ee\/mulgimaa\/blog\/2021\/11\/16\/3-kuuli-kulan-kiigutevet-pai-kiigele-ehtimine\/\"><\/a><\/span>\n<span class=\"post-to-page-readmore\"><a href=\"https:\/\/regilaulik.folklore.ee\/mulgimaa\/blog\/2021\/11\/16\/3-kuuli-kulan-kiigutevet-pai-kiigele-ehtimine\/\">Read more...<\/a><\/span>\n<span class=\"post-to-page-comment-count\">0 comments<\/span>\n<hr class=\"post-to-page-separator\" \/>\n<h2 class=\"post-to-page-title\">4. OH MU KULLA KIIGUTEJE (Pai)<\/h2>\n<div class=\"post-to-page-content\">\n\n<p class=\"has-text-align-right\"><em>Paistu<\/em><\/p>\n\n\n\n<p class=\"has-medium-font-size\">Kiigu laul<\/p>\n\n\n\n<p>*<\/p>\n\n\n\n<p>OH MU KULLA KIIGUTEJE,<br>\u00f5be ella \u00e4l&#8217;l\u00fcteje,<br>\u00e4r\u00e4 visake vihaste,<br>\u00e4r\u00e4 t\u00f5mmake t\u00f5este.<br>Siin om kivi alla kiigu,<br>siin om auda alla \u00e4l&#8217;l\u00fc,<br>s\u00fcg\u00e4v auda, rauda p\u00f5hja,<br>\u00f6hess\u00e4 s\u00fcld\u00e4 s\u00fcg\u00e4ve,<br>kahessa s\u00fcld\u00e4 kavale.<br>Johtup mul kul&#8217;lus kukuteme,<br>ristikene rihvateme,<br>margake maha sadame,<br>ei ole es\u00e4t, ei ole em\u00e4t alla \u00e4l&#8217;l\u00fc,<br>kes mu kul&#8217;lasta koguve,<br>kes mu marga maasta v\u00f5tap,<br>kes mu risti maasta riisup.<br>Venelene alla \u00e4ll\u00fc,<br>sii mu risti maasta riisup,<br>sii mu marga maasta v\u00f5tap,<br>sii mu kul&#8217;lasta kogup.<\/p>\n\n\n\n<p class=\"has-small-font-size\">Tekst: ERA II 24, 556\/7 (11) &lt; Paistu khk, Holstre v ( &lt; T\u00fcri khk, u. 30 a) &#8211; Richard Viidebaum &lt; Ell Ilves (s\u00fcnd Ritson) (s\u00fcnd 1851) (1930).<\/p>\n<\/div>\nTagged in: <span class=\"post-to-page-tags\"><a href=\"https:\/\/regilaulik.folklore.ee\/mulgimaa\/blog\/tag\/paistu_\/\">paistu_<\/a><\/span><span class=\"post-to-page-image\"><a href=\"https:\/\/regilaulik.folklore.ee\/mulgimaa\/blog\/2021\/11\/16\/4-oh-mu-kulla-kiiguteje-pai\/\"><\/a><\/span>\n<span class=\"post-to-page-readmore\"><a href=\"https:\/\/regilaulik.folklore.ee\/mulgimaa\/blog\/2021\/11\/16\/4-oh-mu-kulla-kiiguteje-pai\/\">Read more...<\/a><\/span>\n<span class=\"post-to-page-comment-count\">0 comments<\/span>\n<hr class=\"post-to-page-separator\" \/>\n<h2 class=\"post-to-page-title\">5. SII KIIK OM SIALIHASTA (Pai)<\/h2>\n<div class=\"post-to-page-content\">\n\n<p class=\"has-text-align-right\"><em>Paistu<\/em><\/p>\n\n\n\n<p class=\"has-medium-font-size\">Kiigu laul<\/p>\n\n\n\n<p>*<\/p>\n\n\n\n<p>SII KIIK OM SIALIHASTA,<br>nii kabla kanamunesta,<br>laba latiku &#8211; kalasta.<br>Kessi tulli meile kiikumaie,<br>meie \u00e4l&#8217;l\u00fc \u00e4l&#8217;l\u00fcmaie?<br>Riiast tulli ritrepoiga,<br>Soomest suuri \u00e4rr\u00e4 poiga,<br>Paidi&#8217;est tulli papipoiga;<br>ehen olli urta urmikaala,<br>taga olli rakka raudal\u00f5\u00f5ga,<br>per\u00e4n olli peni punane.<br>. .<br>Sii kiigu sialihasta,<br>sii kabla kanamunesta,<br>laba latiku-kalasta\u2026<\/p>\n\n\n\n<p><strong>(Laulik:<\/strong> koerad s\u00f5id kiigu \u00e4ra, noh)<\/p>\n\n\n\n<p>SII KIIKU SIALIHANE,<br>nii kabla kanamunatse,<br>lavva latiku kalasta.<br>Kes tulli meile kiikumaie,<br>mede \u00e4ll\u00fc \u00e4ll\u00fcmaie?<br>Riiast tulli ritrepoiga,<br>Paidest tulli papi poiga,<br>Soomest suure \u00e4rr\u00e4 poiga.<br>Ihen olli urta urmikaala,<br>taga raka randal\u00f5\u00f5ga,<br>per\u00e4n olli peni punane.<br>Sii ei kiigu sialihasta,<br>sii ei kabla kanamunasta,<br>lavva latiku kalasta.<\/p>\n\n\n\n<p class=\"has-small-font-size\">Tekst: ERA II 24, 557 (12) &lt; T\u00fcri, S\u00e4revere v &#8211; Richard Viidebaum &lt; Ell Ilves (s\u00fcnd 1851 &lt; Paistu, Holstre v) (1930) &amp; ERA II 11, 707 (2) &lt; T\u00fcri, Alliku v.- Lydia Puulbert &lt; Ell Ilves, 77 a \u00a0(&lt; Paistu khk, Holstre v) (1929).<\/p>\n<\/div>\nTagged in: <span class=\"post-to-page-tags\"><a href=\"https:\/\/regilaulik.folklore.ee\/mulgimaa\/blog\/tag\/paistu_\/\">paistu_<\/a><\/span><span class=\"post-to-page-image\"><a href=\"https:\/\/regilaulik.folklore.ee\/mulgimaa\/blog\/2021\/11\/16\/5-sii-kiik-om-sialihasta-pai\/\"><\/a><\/span>\n<span class=\"post-to-page-readmore\"><a href=\"https:\/\/regilaulik.folklore.ee\/mulgimaa\/blog\/2021\/11\/16\/5-sii-kiik-om-sialihasta-pai\/\">Read more...<\/a><\/span>\n<span class=\"post-to-page-comment-count\">0 comments<\/span>\n<hr class=\"post-to-page-separator\" \/>\n<h2 class=\"post-to-page-title\">6. KUS SII KIIKU V\u00c4L'L\u00c4 TUUDU? (Pai)<\/h2>\n<div class=\"post-to-page-content\">\n\n<p class=\"has-text-align-right\"><em>Paistu<\/em><\/p>\n\n\n\n<p class=\"has-medium-font-size\">Kiigu laul<\/p>\n\n\n\n<p>*<\/p>\n\n\n\n<p>KUS SII KIIKU V\u00c4L&#8217;L\u00c4 TUUDU?<br>Kiiku tuudu Kirjussesta,<br>kiigu lauda Laiussesta,<br>kiigu puu Purjussesta.<br>Tuhat olli obest toomannagi,<br>sada olli saamannagi.<br>Kunnes kiik \u00fc\u00fc magasi?<br>\u00dcitsk\u00fcl\u00e4n \u00fc\u00fc magasi.<br>Kunnes kiik p\u00e4\u00e4 sugisi?<br>P\u00e4itsk\u00fcl\u00e4n p\u00e4\u00e4 sugisi.<br>Siit ma kiigu k\u00f5rge&#8217;esse.<br>Mis s\u00e4\u00e4lt k\u00f5rge&#8217;est n\u00e4isse?<br>N\u00e4is s\u00e4\u00e4lt kolmi uibukesta,<br>eg\u00e4n uibun s\u00e4\u00e4l ubine,<br>eg\u00e4n tipun s\u00e4\u00e4l tigane,<br>eg\u00e4n ladvan laululindu.<br>\u00dcits ubin meele v\u00f5itu,<br>t\u00f5ine vaabatu vahale,<br>kolmas kullal kirjutetu.<br>Mis ubin meele v\u00f5itu,<br>selle anni ma em\u00e4le;<br>mis olli vaabatu vahale,<br>selle anni ma es\u00e4le;<br>mis olli kullal kirjutetu,<br>selle pitsiti peosse,<br>selle k\u00e4\u00e4ni k\u00e4isse&#8217;esse,<br>k\u00e4\u00e4ni k\u00e4isside per\u00e4le.<br>Selle&#8217;g petti peiu noore,<br>augudi kaasa kavale;<br>petti peiu kammerise,<br>kaien kaasa kombe&#8217;ida.<br>kas olli ulpi v\u00f5i olli alpi,<br>kas olli ulpi \u00f5llellagi,<br>v\u00f5i olli alpi aanikalle,<br>kas olli viinale vihane?<br>K\u00fcll olli ulpi, k\u00fcll olli alpi,<br>k\u00fcll olli ulpi \u00f5llellagi,<br>k\u00fcll olli alpi aanikalle,<br>k\u00fcll olli viinale vihane.<br>Taas ma \u00fctle t\u00f5isipidi,<br>\u00fctle \u00fcmmer \u00fctsipidi:<br>k\u00fcll olli miista, k\u00fcll olli miilta,<br>k\u00fcll olli p\u00e4\u00e4d k\u00fcb\u00e4re t\u00e4isi,<br>pihta peene amme t\u00e4isi<br>jalga suure suka t\u00e4isi,<br>k\u00e4tt\u00e4 kirju kinda t\u00e4isi.<\/p>\n\n\n\n<p class=\"has-small-font-size\">Tekst: ERA II 2S, 558\/60 (13) &lt; T\u00fcri, S\u00e4revere v &#8211; Richard Viidebaum &lt; Ell Ilves (s\u00fcnd 1851 &lt; Paistu khk, Holstre v) (1930).<\/p>\n<\/div>\nTagged in: <span class=\"post-to-page-tags\"><a href=\"https:\/\/regilaulik.folklore.ee\/mulgimaa\/blog\/tag\/paistu_\/\">paistu_<\/a><\/span><span class=\"post-to-page-image\"><a href=\"https:\/\/regilaulik.folklore.ee\/mulgimaa\/blog\/2021\/11\/16\/6-kus-sii-kiiku-valla-tuudu-pai\/\"><\/a><\/span>\n<span class=\"post-to-page-readmore\"><a href=\"https:\/\/regilaulik.folklore.ee\/mulgimaa\/blog\/2021\/11\/16\/6-kus-sii-kiiku-valla-tuudu-pai\/\">Read more...<\/a><\/span>\n<span class=\"post-to-page-comment-count\">0 comments<\/span>\n<hr class=\"post-to-page-separator\" \/>\n<h2 class=\"post-to-page-title\">7. OSSA ULLU KIIGUSSEPP\u00c4 (Pai)<\/h2>\n<div class=\"post-to-page-content\">\n\n<p class=\"has-text-align-right\"><em>Paistu<\/em><\/p>\n\n\n\n<p class=\"has-medium-font-size\">Kiigu laul<\/p>\n\n\n\n<p>*<\/p>\n\n\n\n<p>OSSA ULLU KIIGUSSEPP\u00c4,<em> kiigulee!<\/em><br>Kus ta tennu neiu kiigu?<br>Tennu vii veere p\u00e4\u00e4le,<br>tennu oja otsa p\u00e4\u00e4le,<br>tennu kajo kallakulle.<br>M\u00f5tel mu ojja uppuvada,<br>m\u00f5tel vette veerevada,<br>m\u00f5tel kajju kalduvada.<br>Ma ole vii vellenaine,<br>ma ole ojale omane,<br>ma ole kajo kasvandikku,<br>ei ma upugi ojasse,<br>ei ma veerigi viisse,<br>ei ma`i kaldugi kajosse.<br>Mul om veli kiigu tennu,<br>veli kiigu kirjutenu,<br>kudanu kuke sulista,<br>aanu ani sulista,<br>pandan kokku pardsisulgist.<br>Kuramaalt t\u00f5i kuke sule,<br>Arjumaalt anede sule,<br>Paide j\u00f5est t\u00f5i pardsisulge,<br>meie maa mehika sulge.<\/p>\n\n\n\n<p class=\"has-small-font-size\">Tekst: ERA II 24, 560\/1 (14) &lt; T\u00fcri, S\u00e4revere v &#8211; Richard Viidebaum &lt; Ell Ilves (s\u00fcnd 1851 &lt; Paistu khk, Holstre v) (1930).<\/p>\n<\/div>\nTagged in: <span class=\"post-to-page-tags\"><a href=\"https:\/\/regilaulik.folklore.ee\/mulgimaa\/blog\/tag\/paistu_\/\">paistu_<\/a><\/span><span class=\"post-to-page-image\"><a href=\"https:\/\/regilaulik.folklore.ee\/mulgimaa\/blog\/2021\/11\/16\/7-ossa-ullu-kiigusseppa-pai\/\"><\/a><\/span>\n<span class=\"post-to-page-readmore\"><a href=\"https:\/\/regilaulik.folklore.ee\/mulgimaa\/blog\/2021\/11\/16\/7-ossa-ullu-kiigusseppa-pai\/\">Read more...<\/a><\/span>\n<span class=\"post-to-page-comment-count\">0 comments<\/span>\n<hr class=\"post-to-page-separator\" \/>\n<h2 class=\"post-to-page-title\">8. L\u00c4TSI K\u00dcLL\u00c4 KIIKUMAIE (Pai)<\/h2>\n<div class=\"post-to-page-content\">\n\n<p class=\"has-text-align-right\"><em>Paistu<\/em><\/p>\n\n\n\n<p class=\"has-medium-font-size\">Kiigulaul<\/p>\n\n\n\n<p>*<\/p>\n\n\n\n<p>L\u00c4TSI K\u00dcLL\u00c4 KIIKUMAIE, kiigule,<br>panni selg\u00e4 siidileidi,<br>ai alla amme linatse.<br>Et ma n\u00fcid esig ei paistu &#8211;<br>paistuv mul p\u00f5lle punatse;<br>et ma n\u00fcid esig ei lipu &#8211;<br>lipuv mul lina ju-usse.<br>Kiigu kiiku, kiigukene,<br>kiigu kiiku k\u00f5rgeesse!<br>Mis s\u00e4\u00e4lt k\u00f5rgesta n\u00e4hi&#8217;sse?<br>S\u00e4\u00e4lt n\u00e4is kolme uibukesta &#8211;<br>eg\u00e4n ossan s\u00e4\u00e4l ubina,<br>eg\u00e4n ladvan laululindu.<\/p>\n\n\n\n<p class=\"has-small-font-size\">Tekst: ERA II 21, 260\/1 (111) &lt; Paistu khk, Holstre as &#8211; H. Paukson, V. Koch &lt; Ann Ratas, 67 a (1929).<\/p>\n<\/div>\nTagged in: <span class=\"post-to-page-tags\"><a href=\"https:\/\/regilaulik.folklore.ee\/mulgimaa\/blog\/tag\/paistu_\/\">paistu_<\/a><\/span><span class=\"post-to-page-image\"><a href=\"https:\/\/regilaulik.folklore.ee\/mulgimaa\/blog\/2021\/11\/16\/8-latsi-kulla-kiikumaie-pai\/\"><\/a><\/span>\n<span class=\"post-to-page-readmore\"><a href=\"https:\/\/regilaulik.folklore.ee\/mulgimaa\/blog\/2021\/11\/16\/8-latsi-kulla-kiikumaie-pai\/\">Read more...<\/a><\/span>\n<span class=\"post-to-page-comment-count\">0 comments<\/span>\n<hr class=\"post-to-page-separator\" \/>\n<h2 class=\"post-to-page-title\">9. VELI, ELLA VELLEKE (Hel) (Kiik halval kohal)<\/h2>\n<div class=\"post-to-page-content\">\n\n<p class=\"has-text-align-right\"><em>Helme<\/em><\/p>\n\n\n\n<p class=\"has-medium-font-size\">Puu ja linnu.\u00a0 Kiigu laul<\/p>\n\n\n\n<p>*<\/p>\n\n\n\n<p>VELI, ELLA VELLEKE,<br>tii meil kiiku kiitusmaal,<br>\u00e4r\u00e4 tii oja veere p\u00e4\u00e4le,<br>eg\u00e4 kaju kaldale.<br>Neid l\u00e4\u00e4p kiiku katsumaie,<br>kardap ojja uppude,<br>kardap vette veerevada,<br>kardap kajju kadude.<br>Kiigu, kiigu k\u00f5rgeessa,<br>\u00fcle \u00f5rre, p\u00e4\u00e4lta parta,<br>\u00fcle vastsede varrude,<br>\u00fcle tamme talade.<br>Mis s\u00e4\u00e4lt kaugeelta n\u00e4ikse?<br>N\u00e4ikse kolme uibukest,<br>eg\u00e4n ossan ubinaida,<br>eg\u00e4n ladvan laululind.<\/p>\n\n\n\n<p class=\"has-small-font-size\">Tekst: ERA II 116, 359 (6) &lt; Helme khk, Riidaja k &#8211; H. Martin &lt; Anu Martin (1936).<\/p>\n\n\n\n<p><\/p>\n<\/div>\nTagged in: <span class=\"post-to-page-tags\"><a href=\"https:\/\/regilaulik.folklore.ee\/mulgimaa\/blog\/tag\/helme_\/\">helme_<\/a><\/span><span class=\"post-to-page-image\"><a href=\"https:\/\/regilaulik.folklore.ee\/mulgimaa\/blog\/2021\/11\/16\/9-veli-ella-velleke-hel-kiik-halval-kohal\/\"><\/a><\/span>\n<span class=\"post-to-page-readmore\"><a href=\"https:\/\/regilaulik.folklore.ee\/mulgimaa\/blog\/2021\/11\/16\/9-veli-ella-velleke-hel-kiik-halval-kohal\/\">Read more...<\/a><\/span>\n<span class=\"post-to-page-comment-count\">0 comments<\/span>\n<hr class=\"post-to-page-separator\" \/>\n<h2 class=\"post-to-page-title\">10. KUULI K\u00dcL\u00c4N KIIGUTEVET (Pai)<\/h2>\n<div class=\"post-to-page-content\">\n\n<p class=\"has-text-align-right\"><em>Paistu<\/em><\/p>\n\n\n\n<p class=\"has-medium-font-size\">Kiigule ehtimine<\/p>\n\n\n\n<p>*<\/p>\n\n\n\n<p>KUULI K\u00dcL\u00c4N KIIGUTEVET,<br>k\u00fcl\u00e4 \u00e4ll\u00fcn \u00e4ll\u00fctevet.<br>V\u00f5ti tet\u00e4 tegemisi,<br>v\u00f5ti asklit aade,<br>juusse aita ma m\u00e4ele,<br>keset \u00f5vve kellerista,<br>v\u00f5ti valla vakakaase,<br>kisse valla kirstukaase.<br>V\u00f5ti vakast valgembida,<br>v\u00f5ti kirstust kirivesi,<br>ai s\u00e4lg\u00e4 ammelina,<br>p\u00e4\u00e4le pihta peeniksi,<br>ame konsani kohisi,<br>lina liikse varbeeni.<br>\u00dcle panni suure \u00fc\u00fc,<br>kui sii vihm\u00e4 vikerkaari,<br>\u00fcmmer panni suure s\u00f5pu,<br>kui sii puuli p\u00f5dranahka,<br>ette laansi laia p\u00f5lle,<br>kui sii ussi aidausse,<br>rinda panni suure s\u00f5le,<br>kui sii kuu taevaenna,<br>kaala eiti elmek\u00f5rra,<br>kui k\u00f5rra kanamuneje,<br>s\u00f5rmelidi s\u00f5rmussida,<br>kui nii uusi tubeja,<br>jalga panni suka sulitse,<br>otsa panni keng\u00e4 k\u00e4beda.<br>Sis l\u00e4tsi k\u00fcll\u00e4 kiikumaie,<br>k\u00fcl\u00e4 \u00e4ll\u00fc \u00e4ll\u00fcmaie.<br>Uss olli t\u00e4isi ulbakida,<br>vald olli t\u00e4isi vallatumit,<br>leive kullasta kuninda?,<br>leive karrasta kasada,<br>leive mul p\u00f5rmu p\u00f5lle p\u00e4\u00e4le,<br>udu uvve kuvve p\u00e4\u00e4le.<\/p>\n\n\n\n<p class=\"has-small-font-size\">Tekst: ERA II 11, 703\/5 (1) &lt; T\u00fcri, Alliku v &#8211; Lydia Puulbert &lt; Ell Ilves, 77 a (&lt; Paistu khk, Holstre) (1929).<\/p>\n<\/div>\nTagged in: <span class=\"post-to-page-tags\"><a href=\"https:\/\/regilaulik.folklore.ee\/mulgimaa\/blog\/tag\/paistu_\/\">paistu_<\/a><\/span><span class=\"post-to-page-image\"><a href=\"https:\/\/regilaulik.folklore.ee\/mulgimaa\/blog\/2021\/11\/16\/10-kuuli-kulan-kiigutevet-pai\/\"><\/a><\/span>\n<span class=\"post-to-page-readmore\"><a href=\"https:\/\/regilaulik.folklore.ee\/mulgimaa\/blog\/2021\/11\/16\/10-kuuli-kulan-kiigutevet-pai\/\">Read more...<\/a><\/span>\n<span class=\"post-to-page-comment-count\">0 comments<\/span>\n<hr class=\"post-to-page-separator\" \/>\n<h2 class=\"post-to-page-title\">11. KIIGU IKKI, KIIGUKENE (Pai)<\/h2>\n<div class=\"post-to-page-content\">\n\n<p class=\"has-text-align-right\"><em>Paistu<\/em><\/p>\n\n\n\n<p class=\"has-medium-font-size\">Kiik k\u00f5rgese<\/p>\n\n\n\n<p>*<\/p>\n\n\n\n<p>KIIGU IKKI, KIIGUKENE,<br>kiigu, kiigu k\u00f5rgeesse,<br>k\u00f5rgeesse, kaugeelle.<br>Mis s\u00e4\u00e4lt k\u00f5rgest n\u00e4isse?<br>S\u00e4\u00e4lt n\u00e4is kolme uibukest,<br>eg\u00e4n uibun s\u00e4\u00e4l ubine,<br>eg\u00e4n tipun s\u00e4\u00e4l tigane.<br>\u00dcits ubin meele v\u00f5itu,<br>t\u00f5ine vaabatu vahale,<br>kolmas kullal kirjutetu.<br>Mis ubin meele v\u00f5itu,<br>selle anni ma em\u00e4le,<br>mis olli vahal vaabatetu,<br>selle anni ma es\u00e4le,<br>mis olli kullal kirjutetu,<br>selle k\u00e4\u00e4ni k\u00e4iseesse,<br>k\u00e4\u00e4ni k\u00e4iside per\u00e4le,<br>selleg petti peiu nuuri,<br>auguti kaasa kavale.<br>Peti peiu kammerise,<br>kaien kaasa kombeida,<br>kas om ulpi v\u00f5i om alpi,<br>kas om ulpi \u00f5lle ligi<br>v\u00f5i om alpi aanikalle.<br>K\u00fcll olli ulpi, k\u00fcll olli alpi,<br>k\u00fcll olli ulpi \u00f5lle ligi,<br>k\u00fcll olli alpi aanikalle.<br>Taas ma \u00fctle t\u00f5isipidi,<br>\u00fctle \u00fcmmer \u00fctsipidi.<br>K\u00fcll olli miista, k\u00fcll olli miilta,<br>k\u00fcll p\u00e4\u00e4d k\u00fcb\u00e4re t\u00e4isi,<br>selg\u00e4 siidi s\u00e4rgi t\u00e4isi,<br>jalga suure suka t\u00e4isi,<br>k\u00e4tt\u00e4 kirju kinda t\u00e4isi.<\/p>\n\n\n\n<p class=\"has-small-font-size\">Tekst: ERA II 11, 711\/3 (4) &lt; T\u00fcri, Alliku v &#8211; Lydia Puulbert &lt; Ell Ilves, 77 a (&lt; Paistu khk, Holstre v) (1929).<\/p>\n<\/div>\nTagged in: <span class=\"post-to-page-tags\"><a href=\"https:\/\/regilaulik.folklore.ee\/mulgimaa\/blog\/tag\/paistu_\/\">paistu_<\/a><\/span><span class=\"post-to-page-image\"><a href=\"https:\/\/regilaulik.folklore.ee\/mulgimaa\/blog\/2021\/11\/16\/11\/\"><\/a><\/span>\n<span class=\"post-to-page-readmore\"><a href=\"https:\/\/regilaulik.folklore.ee\/mulgimaa\/blog\/2021\/11\/16\/11\/\">Read more...<\/a><\/span>\n<span class=\"post-to-page-comment-count\">0 comments<\/span>\n<hr class=\"post-to-page-separator\" \/>\n\n\n\n<p><\/p>\n","protected":false},"excerpt":{"rendered":"","protected":false},"author":1,"featured_media":0,"parent":528,"menu_order":0,"comment_status":"closed","ping_status":"closed","template":"content-sidebar-page.php","meta":[],"_links":{"self":[{"href":"https:\/\/regilaulik.folklore.ee\/mulgimaa\/wp-json\/wp\/v2\/pages\/632"}],"collection":[{"href":"https:\/\/regilaulik.folklore.ee\/mulgimaa\/wp-json\/wp\/v2\/pages"}],"about":[{"href":"https:\/\/regilaulik.folklore.ee\/mulgimaa\/wp-json\/wp\/v2\/types\/page"}],"author":[{"embeddable":true,"href":"https:\/\/regilaulik.folklore.ee\/mulgimaa\/wp-json\/wp\/v2\/users\/1"}],"replies":[{"embeddable":true,"href":"https:\/\/regilaulik.folklore.ee\/mulgimaa\/wp-json\/wp\/v2\/comments?post=632"}],"version-history":[{"count":21,"href":"https:\/\/regilaulik.folklore.ee\/mulgimaa\/wp-json\/wp\/v2\/pages\/632\/revisions"}],"predecessor-version":[{"id":12890,"href":"https:\/\/regilaulik.folklore.ee\/mulgimaa\/wp-json\/wp\/v2\/pages\/632\/revisions\/12890"}],"up":[{"embeddable":true,"href":"https:\/\/regilaulik.folklore.ee\/mulgimaa\/wp-json\/wp\/v2\/pages\/528"}],"wp:attachment":[{"href":"https:\/\/regilaulik.folklore.ee\/mulgimaa\/wp-json\/wp\/v2\/media?parent=632"}],"curies":[{"name":"wp","href":"https:\/\/api.w.org\/{rel}","templated":true}]}}