{"id":638,"date":"2013-07-15T13:05:53","date_gmt":"2013-07-15T10:05:53","guid":{"rendered":"http:\/\/regilaulik.folklore.ee\/virumaa\/?page_id=638"},"modified":"2021-08-24T15:00:15","modified_gmt":"2021-08-24T12:00:15","slug":"tali","status":"publish","type":"page","link":"https:\/\/regilaulik.folklore.ee\/mulgimaa\/aasoor\/kaalendrelaulu\/tali\/","title":{"rendered":"Tali lium\u00e4e p\u00e4\u00e4l"},"content":{"rendered":"\n","protected":false},"excerpt":{"rendered":"","protected":false},"author":1,"featured_media":0,"parent":528,"menu_order":0,"comment_status":"closed","ping_status":"closed","template":"content-sidebar-page.php","meta":[],"_links":{"self":[{"href":"https:\/\/regilaulik.folklore.ee\/mulgimaa\/wp-json\/wp\/v2\/pages\/638"}],"collection":[{"href":"https:\/\/regilaulik.folklore.ee\/mulgimaa\/wp-json\/wp\/v2\/pages"}],"about":[{"href":"https:\/\/regilaulik.folklore.ee\/mulgimaa\/wp-json\/wp\/v2\/types\/page"}],"author":[{"embeddable":true,"href":"https:\/\/regilaulik.folklore.ee\/mulgimaa\/wp-json\/wp\/v2\/users\/1"}],"replies":[{"embeddable":true,"href":"https:\/\/regilaulik.folklore.ee\/mulgimaa\/wp-json\/wp\/v2\/comments?post=638"}],"version-history":[{"count":15,"href":"https:\/\/regilaulik.folklore.ee\/mulgimaa\/wp-json\/wp\/v2\/pages\/638\/revisions"}],"predecessor-version":[{"id":12892,"href":"https:\/\/regilaulik.folklore.ee\/mulgimaa\/wp-json\/wp\/v2\/pages\/638\/revisions\/12892"}],"up":[{"embeddable":true,"href":"https:\/\/regilaulik.folklore.ee\/mulgimaa\/wp-json\/wp\/v2\/pages\/528"}],"wp:attachment":[{"href":"https:\/\/regilaulik.folklore.ee\/mulgimaa\/wp-json\/wp\/v2\/media?parent=638"}],"curies":[{"name":"wp","href":"https:\/\/api.w.org\/{rel}","templated":true}]}}