{"id":653,"date":"2013-07-15T14:58:51","date_gmt":"2013-07-15T11:58:51","guid":{"rendered":"http:\/\/regilaulik.folklore.ee\/virumaa\/?page_id=653"},"modified":"2021-11-12T22:13:40","modified_gmt":"2021-11-12T20:13:40","slug":"paevatood","status":"publish","type":"page","link":"https:\/\/regilaulik.folklore.ee\/mulgimaa\/aasoor\/paevast-paeva\/paevatood\/","title":{"rendered":"P\u00e4evat\u00f6\u00f6d"},"content":{"rendered":"<p style=\"text-align: right;\"><span style=\"font-size: large;\">Ketramine ja kangakudumine<\/span><br \/>\n<span style=\"font-size: large;\">V\u00f5itegemine, t<\/span><span style=\"font-size: large;\">aar hapnema<br \/>\nKari ja karjane, Karjane ja vihm<br \/>\nL\u00f5ikuslaulud ja rehepeks<br \/>\nHeinat\u00f6\u00f6d<\/span><\/p>\n<p>____________________________________________________________<\/p>\n<p><span style=\"font-size: small;\"><h2 class=\"post-to-page-title\">__P\u00c4EVAT\u00d6\u00d6D__<\/h2>\n<div class=\"post-to-page-content\">\n<\/div>\n<span class=\"post-to-page-image\"><a href=\"https:\/\/regilaulik.folklore.ee\/mulgimaa\/blog\/2021\/11\/12\/__paevatood__\/\"><\/a><\/span>\n<span class=\"post-to-page-readmore\"><a href=\"https:\/\/regilaulik.folklore.ee\/mulgimaa\/blog\/2021\/11\/12\/__paevatood__\/\">Read more...<\/a><\/span>\n<span class=\"post-to-page-comment-count\">0 comments<\/span>\n<hr class=\"post-to-page-separator\" \/>\n<\/span><\/p>\n","protected":false},"excerpt":{"rendered":"<p>Ketramine ja kangakudumine V\u00f5itegemine, taar hapnema Kari ja karjane, Karjane ja vihm L\u00f5ikuslaulud ja rehepeks Heinat\u00f6\u00f6d ____________________________________________________________<\/p>\n","protected":false},"author":1,"featured_media":0,"parent":509,"menu_order":0,"comment_status":"closed","ping_status":"closed","template":"content-sidebar-page.php","meta":[],"_links":{"self":[{"href":"https:\/\/regilaulik.folklore.ee\/mulgimaa\/wp-json\/wp\/v2\/pages\/653"}],"collection":[{"href":"https:\/\/regilaulik.folklore.ee\/mulgimaa\/wp-json\/wp\/v2\/pages"}],"about":[{"href":"https:\/\/regilaulik.folklore.ee\/mulgimaa\/wp-json\/wp\/v2\/types\/page"}],"author":[{"embeddable":true,"href":"https:\/\/regilaulik.folklore.ee\/mulgimaa\/wp-json\/wp\/v2\/users\/1"}],"replies":[{"embeddable":true,"href":"https:\/\/regilaulik.folklore.ee\/mulgimaa\/wp-json\/wp\/v2\/comments?post=653"}],"version-history":[{"count":43,"href":"https:\/\/regilaulik.folklore.ee\/mulgimaa\/wp-json\/wp\/v2\/pages\/653\/revisions"}],"predecessor-version":[{"id":12981,"href":"https:\/\/regilaulik.folklore.ee\/mulgimaa\/wp-json\/wp\/v2\/pages\/653\/revisions\/12981"}],"up":[{"embeddable":true,"href":"https:\/\/regilaulik.folklore.ee\/mulgimaa\/wp-json\/wp\/v2\/pages\/509"}],"wp:attachment":[{"href":"https:\/\/regilaulik.folklore.ee\/mulgimaa\/wp-json\/wp\/v2\/media?parent=653"}],"curies":[{"name":"wp","href":"https:\/\/api.w.org\/{rel}","templated":true}]}}