{"id":868,"date":"2013-07-16T21:37:20","date_gmt":"2013-07-16T18:37:20","guid":{"rendered":"http:\/\/regilaulik.folklore.ee\/virumaa\/?page_id=868"},"modified":"2021-08-24T15:03:08","modified_gmt":"2021-08-24T12:03:08","slug":"nuurus","status":"publish","type":"page","link":"https:\/\/regilaulik.folklore.ee\/mulgimaa\/elusoor\/polvest-polve\/nuurus\/","title":{"rendered":"Nuurus &#8211; r\u00f5\u00f5mu ja otsuste tegemise aig"},"content":{"rendered":"<p>&nbsp;<\/p>\n<p>__________________________________________________________<\/p>\n<h2 class=\"post-to-page-title\">1. \u00d5LGA VIKSID, T\u00dcTARLAPSED (L\u00fcg)<\/h2>\n<div class=\"post-to-page-content\">\n<h5 style=\"padding-left: 30px;\">Virkuse \u00f5petus<\/h5>\n<h5 style=\"text-align: right;\"><em>L\u00fcganuse<\/em><\/h5>\n<p style=\"padding-left: 30px;\"><a href=\"http:\/\/regilaulik.folklore.ee\/mulgimaa\/wp-content\/uploads\/1_1031_2r_.gif\"><img loading=\"lazy\" class=\"alignnone size-full wp-image-11277\" src=\"http:\/\/regilaulik.folklore.ee\/mulgimaa\/wp-content\/uploads\/1_1031_2r_.gif\" alt=\"1_1031_2r_\" width=\"632\" height=\"237\" \/><\/a><br \/>\n\u00d5LGA VIKSID, T\u00dcTARLAPSED,<br \/>\n\u00f5lga viksid, k\u00e4ige k\u00f5rgid;<br \/>\nvirgud viiasse mehele,<br \/>\nk\u00f5rgid kaugele k\u00f5sita;<br \/>\nvirgud viia viisi t\u00f5ttu,<br \/>\nk\u00f5rged suure k\u00f5nni (1) t\u00f5ttu,<br \/>\nlaisad laia lindi t\u00f5ttu,<br \/>\nja pahad palaka t\u00f5ttu.<\/p>\n<p style=\"padding-left: 30px;\">T\u00fc\u00f6 t\u00f5ttu viia t\u00fctar,<br \/>\nvaiva t\u00f5ttu vainelapsi.<br \/>\nK\u00e4si t\u00f5ttu k\u00e4ia k\u00f5sjas,<br \/>\ns\u00f5rmi t\u00f5ttu s\u00f5idetasse,<\/p>\n<p style=\"padding-left: 30px;\">1 k\u00e4ima<\/p>\n<p style=\"padding-left: 30px;\">H II 1, 628 (812) &lt; L\u00fcganuse khk., Aidu k. &#8211; M. Ostrow &amp; O. Kallas &lt; Liisa Kriisa (1888) &amp; KKI RLH 61:25 (25) Rebu k &#8211; Ruth Mirov, \u00dclo Tedre &lt; Miina M\u00e4nni, 1961.<\/p>\n<\/div>\nTagged in: <span class=\"post-to-page-tags\"><a href=\"https:\/\/regilaulik.folklore.ee\/mulgimaa\/blog\/tag\/luganuse_\/\">l\u00fcganuse_<\/a><\/span><span class=\"post-to-page-image\"><a href=\"https:\/\/regilaulik.folklore.ee\/mulgimaa\/blog\/2018\/09\/17\/1-olga-viksid-tutarlapsed-lug-v_l_6\/\"><\/a><\/span>\n<span class=\"post-to-page-readmore\"><a href=\"https:\/\/regilaulik.folklore.ee\/mulgimaa\/blog\/2018\/09\/17\/1-olga-viksid-tutarlapsed-lug-v_l_6\/\">Read more...<\/a><\/span>\n<span class=\"post-to-page-comment-count\">0 comments<\/span>\n<hr class=\"post-to-page-separator\" \/>\n\n","protected":false},"excerpt":{"rendered":"<p>&nbsp; __________________________________________________________<\/p>\n","protected":false},"author":1,"featured_media":0,"parent":857,"menu_order":0,"comment_status":"closed","ping_status":"closed","template":"content-sidebar-page.php","meta":[],"_links":{"self":[{"href":"https:\/\/regilaulik.folklore.ee\/mulgimaa\/wp-json\/wp\/v2\/pages\/868"}],"collection":[{"href":"https:\/\/regilaulik.folklore.ee\/mulgimaa\/wp-json\/wp\/v2\/pages"}],"about":[{"href":"https:\/\/regilaulik.folklore.ee\/mulgimaa\/wp-json\/wp\/v2\/types\/page"}],"author":[{"embeddable":true,"href":"https:\/\/regilaulik.folklore.ee\/mulgimaa\/wp-json\/wp\/v2\/users\/1"}],"replies":[{"embeddable":true,"href":"https:\/\/regilaulik.folklore.ee\/mulgimaa\/wp-json\/wp\/v2\/comments?post=868"}],"version-history":[{"count":25,"href":"https:\/\/regilaulik.folklore.ee\/mulgimaa\/wp-json\/wp\/v2\/pages\/868\/revisions"}],"predecessor-version":[{"id":12895,"href":"https:\/\/regilaulik.folklore.ee\/mulgimaa\/wp-json\/wp\/v2\/pages\/868\/revisions\/12895"}],"up":[{"embeddable":true,"href":"https:\/\/regilaulik.folklore.ee\/mulgimaa\/wp-json\/wp\/v2\/pages\/857"}],"wp:attachment":[{"href":"https:\/\/regilaulik.folklore.ee\/mulgimaa\/wp-json\/wp\/v2\/media?parent=868"}],"curies":[{"name":"wp","href":"https:\/\/api.w.org\/{rel}","templated":true}]}}