{"id":21,"date":"2013-06-30T15:10:00","date_gmt":"2013-06-30T12:10:00","guid":{"rendered":"http:\/\/regilaulik.folklore.ee\/pohjatartumaa\/\/?page_id=21"},"modified":"2013-10-16T13:23:40","modified_gmt":"2013-10-16T10:23:40","slug":"kasutajale","status":"publish","type":"page","link":"https:\/\/regilaulik.folklore.ee\/pohjatartumaa\/kasutajale\/","title":{"rendered":"V\u00c4IKE KANNEL"},"content":{"rendered":"<p style=\"text-align: left;\"><a href=\"http:\/\/regilaulik.folklore.ee\/pohjatartumaa\/\">Tagasi avalehele <\/a><\/p>\n<p style=\"text-align: right;\"><a href=\"http:\/\/regilaulik.folklore.ee\/pohjatartumaa\/\/\">P-Tartumaa<\/a><br \/>\n<a href=\"http:\/\/www.folklore.ee\/Kannel\" target=\"_blank\">V\u00f5rumaa<\/a><\/p>\n<p><span style=\"font-size: large;\">V\u00c4IKE KANNEL <\/span><span style=\"font-size: medium;\">on regilauluprojekti \u00fcldnimetus, mis paljudele assotsieerub\u00a0 sarjanimetusega Vana Kannel. Kahte VK-d seostava nimetuse taga on mitmed \u00fchisjooned ja p\u00f5him\u00f5tted. Vana Kandle iga k\u00f6ide sisaldab\u00a0 k\u00f5iki \u00fchest kihelkonnast kogutud regilaule &#8211; niih\u00e4sti terviktekste kui ka\u00a0 <\/span><span style=\"font-size: medium;\">poolikuid laule ja f<\/span><span style=\"font-size: medium;\">ragmente ning viise (P\u00f5lva ja Kolga-Jaani k\u00f6idetes viiside \u00fcleskirjutusi pole), lisatud on regilaulutekstide ja viiside teaduslikud uurimused, kommentaarid, registrid jpm. Sellisena on Vana Kannel \u00fchtaegu pikaajalise teadusliku t\u00f6\u00f6 tulemus ja\u00a0 edasise teadust\u00f6\u00f6 alus. Vana Kannel on regilaulusari kogu suulise p\u00e4rimuse v\u00e4ljaanneteseerias.<br \/>\n<\/span><\/p>\n<p><span style=\"font-size: medium;\">V\u00e4ikese Kandle koostamisel on silmas peetud regilauluhuvilisi &#8211; eelk\u00f5ige lauljaid, aga ka p\u00e4rimusmuusikuid \u00fcldse. V\u00e4ikese Kandle \u00fcheks osaks on regilaulikud, millest\u00a0 P\u00f5hja-Tartumaa <a href=\"http:\/\/regilaulik.folklore.ee\/pohjatartumaa\/\/\">\u201eL\u00e4hme Loojale loole\u201c <\/a>(umbes 550 laulu) on esimene internetiv\u00e4ljaanne. V\u00f5rumaa <a href=\"http:\/\/www.folklore.ee\/Kannel\" target=\"_blank\">\u201eTar\u00f5 taivahe\u201c <\/a>samast sarjast (1200 laulu) on keele- ja murdetoimetamisel.<br \/>\n<\/span><\/p>\n<p><span style=\"font-size: medium;\">V\u00e4ikese Kandle regilaulikud on koostatud suuremate laulualade kaupa: V\u00f5rumaa, P-Tartumaa, koostamisel on L-Tartumaa. Igas regilaulikus on valik 8-9 kihelkonna regilauludest: esitatud on k\u00f5ik viisid koos sobiva terviktekstiga. V\u00f5i t\u00e4psemalt \u00fcmber \u00f6eldes: igale terviklikule tekstile on otsitud sobiv viis. Kui v\u00f5imalik, on poolikuid tekste t\u00e4iendatud v\u00f5i omavahel tervikuks liidetud, kasutades sama kihelkonna sama laulu erinevaid \u00fcleskirjutusi.\u00a0<\/span><\/p>\n<p><span style=\"font-size: medium;\">Arusaadavatel p\u00f5hjustel ei ole tekste murdeliselt toimetatud (korrastatud on peamiselt kirjavahem\u00e4rke), kuid kui leidub vastava murde tundja, siis j\u00e4rgmiseks t\u00f6\u00f6ks ongi tekstide murdeline toimetamine. See on ka regilauliku(te) raamatu(te)na\u00a0 v\u00e4ljaandmise eelduseks. Kui Veljo Tormise &#8220;Regilaulikus&#8221; on suur osa laule tehtud kirjakeelseiks (ka \u00dclo Tedre ERLA-s on osa tekste kirjakeelse(ma)ks kohendatud), siis selles osas on V\u00e4ike Kannel murdetruu &#8211; eesm\u00e4rgiks on vastava murde s\u00e4ilitamine, mitmesuguste murdejoonte arvestamine.<br \/>\n<\/span><\/p>\n<p><span style=\"font-size: medium;\">Lisaks regilauludele ja regiviisidele v\u00f5iks V\u00e4ike Kannel edaspidi sisaldada mitmesuguseid regilauludega seotud materjale: laulikute elulugusid, kogujate m\u00e4lestusi ja kogumisp\u00e4evikuid, aga ka m\u00e4ngude videosid, \u00f5pitubade salvestusi, artikleid v\u00f5i viiteid artiklitele.<\/span><\/p>\n<p><span style=\"font-size: large;\">*\u00a0 *\u00a0 *<\/span><\/p>\n<p><span style=\"font-size: medium;\"><span style=\"font-size: large;\">K\u00f5ike korraga ei saa kunagi.<\/span> V\u00e4ikese Kandle koostajana on minu esimeseks peamiseks eesm\u00e4rgiks teha regilauluhuvilistele k\u00e4ttesaadavaks v\u00f5imalikult palju h\u00e4id regilaulutekste koos viisidega. Iga laulja soovib ju vabalt improviseerida, kuid selle eelduseks on v\u00e4hemalt poolesaja autentse laulu oskamine ning variantide (varieerimise) tundmine, ja siin v\u00f5ibki VK regilaulikule toetuda.<br \/>\n<\/span><\/p>\n<p><span style=\"font-size: medium;\">Olen ise pikka aega regilaule laulnud (avastasin rahvaluule-maailma\u00a0 enda jaoks 1972. aastal) ning k\u00f5ige suuremat puudust olengi tundnud lauludest \u2013 ilusatest lauludest, millel oleks ka viis juures. Otsisin endale laule Tartu kirjandusmuuseumi rahvaluule osakonnas: kuulasin linte, lugesin tuhandete lehek\u00fclgede kaupa regilaule, sorisin kartoteekides, koopiates ja k\u00e4sikirjades. Mis on autentne ja mis omaloominguline, mida v\u00f5tta ja mida mitte, kuidas leida viis tekstile, mis mind vaimustab &#8212; selles r\u00e4gastikus oli innukale v\u00f5hikule abiks kogu toonane v\u00e4gi: Ingrid R\u00fc\u00fctel, Kristi Salve, Olli K\u00f5iva, Erna Tampere, Arvo Krikmann, \u00dclo Tedre, Ingrid Sarv; peagi sain tuttavaks Eha Viluoja ja Marje Joalaiuga&#8230;<\/span><\/p>\n<p><span style=\"font-size: medium;\">K\u00f5ik oma kogemused ja arusaamised, mida on regilauluhuvilisele vaja, olen ma V\u00e4ikest Kannelt koostades kokku v\u00f5tnud. K\u00f5ige olulisemat, seda k\u00f5ige-k\u00f5igemat ma muidugi ei saa anda: kooslaulmist, arutamist, m\u00f5tete ja arvamuste vahetamist. Aga selles osas on Eestis (ja ka mujal maailmas) palju muutunud: kui nelik\u00fcmmend aastat tagasi oli autentse rahvalaulu\u00a0\u00a0 r\u00fchmi Eestis v\u00e4hem kui \u00fchel k\u00e4el s\u00f5rmi (Tartus \u201eHellero\u201c, Tallinnas \u201eLeegajus\u201c), siis n\u00fc\u00fcd ei oska umbkaudugi oletada, kus ja kes ja kui palju neid on.<\/span><\/p>\n<p><span style=\"font-size: medium;\">Kui V\u00e4ike Kannel kedagi kunagi kusagil veidikenegi innustab&#8230;.<\/span><\/p>\n<p><span style=\"font-size: medium;\">Edakai Simmermann,<\/span><br \/>\n<span style=\"font-size: medium;\"> Tartus, juuli\u00a0 2013<\/span><\/p>\n<p><span style=\"font-size: large;\">Vaata lisaks<\/span> <a href=\" http:\/\/regilaulik.folklore.ee\/pohjatartumaa\/\/?page_id=591\">&#8220;Kui laulud veel r\u00e4\u00e4kisid&#8230;&#8221;<\/a><\/p>\n<p>&nbsp;<\/p>\n","protected":false},"excerpt":{"rendered":"<p>Tagasi avalehele P-Tartumaa V\u00f5rumaa V\u00c4IKE KANNEL on regilauluprojekti \u00fcldnimetus, mis paljudele assotsieerub\u00a0 sarjanimetusega Vana Kannel. Kahte VK-d seostava nimetuse taga on mitmed \u00fchisjooned ja p\u00f5him\u00f5tted. Vana Kandle iga k\u00f6ide sisaldab\u00a0 k\u00f5iki \u00fchest kihelkonnast kogutud regilaule &#8211; niih\u00e4sti terviktekste kui ka\u00a0<span class=\"ellipsis\">&hellip;<\/span><\/p>\n<div class=\"read-more\"><a href=\"https:\/\/regilaulik.folklore.ee\/pohjatartumaa\/kasutajale\/\">Loe veel &#8250;<\/a><\/div>\n<p><!-- end of .read-more --><\/p>\n","protected":false},"author":2,"featured_media":0,"parent":0,"menu_order":0,"comment_status":"closed","ping_status":"closed","template":"landing-page.php","meta":{"ngg_post_thumbnail":0},"_links":{"self":[{"href":"https:\/\/regilaulik.folklore.ee\/pohjatartumaa\/wp-json\/wp\/v2\/pages\/21"}],"collection":[{"href":"https:\/\/regilaulik.folklore.ee\/pohjatartumaa\/wp-json\/wp\/v2\/pages"}],"about":[{"href":"https:\/\/regilaulik.folklore.ee\/pohjatartumaa\/wp-json\/wp\/v2\/types\/page"}],"author":[{"embeddable":true,"href":"https:\/\/regilaulik.folklore.ee\/pohjatartumaa\/wp-json\/wp\/v2\/users\/2"}],"replies":[{"embeddable":true,"href":"https:\/\/regilaulik.folklore.ee\/pohjatartumaa\/wp-json\/wp\/v2\/comments?post=21"}],"version-history":[{"count":51,"href":"https:\/\/regilaulik.folklore.ee\/pohjatartumaa\/wp-json\/wp\/v2\/pages\/21\/revisions"}],"predecessor-version":[{"id":29,"href":"https:\/\/regilaulik.folklore.ee\/pohjatartumaa\/wp-json\/wp\/v2\/pages\/21\/revisions\/29"}],"wp:attachment":[{"href":"https:\/\/regilaulik.folklore.ee\/pohjatartumaa\/wp-json\/wp\/v2\/media?parent=21"}],"curies":[{"name":"wp","href":"https:\/\/api.w.org\/{rel}","templated":true}]}}