{"id":3822,"date":"2013-09-06T11:25:04","date_gmt":"2013-09-06T08:25:04","guid":{"rendered":"http:\/\/regilaulik.folklore.ee\/pohjatartumaa\/\/?page_id=3822"},"modified":"2022-10-11T17:42:24","modified_gmt":"2022-10-11T14:42:24","slug":"mangud-dialoogid","status":"publish","type":"page","link":"https:\/\/regilaulik.folklore.ee\/pohjatartumaa\/louna-tartumaa\/laulumangud\/mangud-dialoogid\/","title":{"rendered":"M\u00e4ngud-dialoogid"},"content":{"rendered":"<p><span style=\"font-size: large;\">ILMA VIISITA,<\/span> <span style=\"font-size: medium;\">ainult dialoogile \u00fcles ehitatud m\u00e4nge on meist enamus lapsena m\u00e4nginud. \u00dcleskirjutusi, mida P-Tartumaa m\u00e4ngude juurde lisada, pole koostaja siiani leidnud. Ka &#8220;Pajam\u00e4ngu&#8221; v\u00e4rsilisi osi on kindlasti lauldud, viisi \u00fcleskirjutusi kahjuks pole. <\/span><br \/>\n<span style=\"font-size: medium;\">M\u00e4ngimisel v\u00f5ib kasutada retsitatiivset improvisatsiooni v\u00f5i otsida Herbert Tampere rahvalaulude antoloogia kolmandast osast p\u00f5hjaeestiline viis. M\u00e4ngude kirjeldusi ja tekste on ka \u00dclo Tedre koostatud Eesti rahvalaulude antoloogias. Lisaks neile on ilmunud Mall Hiiem\u00e4e koostatud &#8220;Virumaa vanad lastem\u00e4ngud&#8221;. K\u00f5ik need raamatud&nbsp; on internetis leitavad autori ja pealkirja j\u00e4rgi.<br \/>\n<\/span><\/p>\n<h2 class=\"post-to-page-title\">__P a j a m \u00e4 n g__<\/h2>\n<div class=\"post-to-page-content\">\n<\/div>\n<span class=\"post-to-page-image\"><a href=\"https:\/\/regilaulik.folklore.ee\/pohjatartumaa\/ilamring\/laulumangud\/mangud-dialoogid\/__p-a-j-a-m-a-n-g__\/\"><\/a><\/span>\n<span class=\"post-to-page-readmore\"><a href=\"https:\/\/regilaulik.folklore.ee\/pohjatartumaa\/ilamring\/laulumangud\/mangud-dialoogid\/__p-a-j-a-m-a-n-g__\/\">Read more...<\/a><\/span>\n<span class=\"post-to-page-comment-count\">0 comments<\/span>\n<hr class=\"post-to-page-separator\" \/>\n<h2 class=\"post-to-page-title\">1. AIT\u00dcMA \u00c4IALE<\/h2>\n<div class=\"post-to-page-content\">\n<p><span style=\"font-size: large;\">Pajam\u00e4ng<\/span><\/p>\n<p style=\"text-align: right;\"><em><span style=\"font-size: large;\">Palamuse<\/span><\/em><\/p>\n<p><span style=\"font-size: large;\">Lapsed s\u00e4\u00e4davad endid \u00fcheteise ette ridasse<\/span>. <span style=\"font-size: medium;\">K\u00f5ige viimane l\u00e4heb esimese juurde ja hakkab temaga r\u00e4\u00e4kima: \u201eTere-tere\u201c. Vastus: \u201eTere, mis sa otsid?\u201c &#8211; \u201eMul varastati pada \u00e4ra, ehk on ta sinu k\u00f6\u00f6gis.\u201c &#8211; \u201eOtsi otsi, kui sa&#8217;i leia, siis v\u00f5ta \u00fcks minu padade seast enesele kingituseks.\u201c &#8211; Otsija k\u00e4ib n\u00fc\u00fcd \u00fche lapse juurest teise juurde, katsub ja raputab iga\u00fchte, \u00fchele \u00fchte viga, teisele teist lugedes. Viimati v\u00f5tab ta ometegi \u00fche hulgast \u00e4ra ja viib ta kaugemale nurka, kus ta maha k\u00fckitab. Ise hakkab siis \u00fcmber rida tantsides laulma:<\/span><\/p>\n<p><span style=\"font-size: large;\">AIT\u00dcMA \u00c4IALE,<\/span><br \/>\n<span style=\"font-size: medium;\">ait\u00fcma \u00e4mmale &#8211;<\/span><br \/>\n<span style=\"font-size: medium;\"> andis paja pangelise,<\/span><br \/>\n<span style=\"font-size: medium;\"> sehest siiru-viirulise,<\/span><br \/>\n<span style=\"font-size: medium;\"> pealt kullakarvalise!<\/span><br \/>\n<span style=\"font-size: medium;\"> Kee pada kullale,<\/span><br \/>\n<span style=\"font-size: medium;\"> ilma puita t\u00f5rvale.<\/span><\/p>\n<p><span style=\"font-size: medium;\">Aga selle aja sees on pada \u201enurgast \u00fclest\u00f5usnud ja salaja rida\u201c otsa ennast \u00fclesse s\u00e4\u00e4dnud. Kui laulja teda enam nurgast ei leia, ohib ja kaebab ta t\u00fckk aega ja l\u00e4heb siis j\u00e4lle esimese juurde, kes tema \u201etervist\u201d karmi s\u00f5nadega vastu v\u00f5tab: \u201eNoh, mis sa j\u00e4lle tahad, eks ma andnud sulle pada?\u201c &#8211; \u201eAndsid k\u00fcll,\u201c vastab otsija haleliselt, \u201eaga ma panin ta keeva k\u00f6rdiga akna peale, k\u00e4rbes lendas tal serva peale, pada kukkus \u00fcmber, akna pealt p\u00f5randale ja l\u00e4ks puruks.\u201d &#8211; \u201eNoh v\u00f5ta veel viimast korda \u00fcks teine pada, aga siis ole ettevaatlikum.\u201c N\u00fc\u00fcd tehakse niisamuti kui esimesel korralgi, aga igal korral olgu otsijal isesugune vale ette tuua. Kui k\u00f5ik lapsed ju \u201epadad\u201c on olnuvad, siis pannakse uus otsija ehk l\u00f5petatakse m\u00e4ng.<\/span><\/p>\n<p><span style=\"font-size: small;\">\u00dcles kirjutanud Helene Maasen (H III 8, 815\/6 (2) &lt; Palamuse khk, Kaarepere v, 1890).<\/span><\/p>\n<\/div>\nTagged in: <span class=\"post-to-page-tags\"><a href=\"https:\/\/regilaulik.folklore.ee\/pohjatartumaa\/tag\/mang_\/\">m\u00e4ng_<\/a><\/span><span class=\"post-to-page-tags\"><a href=\"https:\/\/regilaulik.folklore.ee\/pohjatartumaa\/tag\/palamuse_\/\">palamuse_<\/a><\/span><span class=\"post-to-page-image\"><a href=\"https:\/\/regilaulik.folklore.ee\/pohjatartumaa\/ilamring\/laulumangud\/mangud-dialoogid\/aituma-aiale\/\"><\/a><\/span>\n<span class=\"post-to-page-readmore\"><a href=\"https:\/\/regilaulik.folklore.ee\/pohjatartumaa\/ilamring\/laulumangud\/mangud-dialoogid\/aituma-aiale\/\">Read more...<\/a><\/span>\n<span class=\"post-to-page-comment-count\">0 comments<\/span>\n<hr class=\"post-to-page-separator\" \/>\n\n","protected":false},"excerpt":{"rendered":"<p>ILMA VIISITA, ainult dialoogile \u00fcles ehitatud m\u00e4nge on meist enamus lapsena m\u00e4nginud. \u00dcleskirjutusi, mida P-Tartumaa m\u00e4ngude juurde lisada, pole koostaja siiani leidnud. Ka &#8220;Pajam\u00e4ngu&#8221; v\u00e4rsilisi osi on kindlasti lauldud, viisi \u00fcleskirjutusi kahjuks pole. M\u00e4ngimisel v\u00f5ib kasutada retsitatiivset improvisatsiooni v\u00f5i otsida<span class=\"ellipsis\">&hellip;<\/span><\/p>\n<div class=\"read-more\"><a href=\"https:\/\/regilaulik.folklore.ee\/pohjatartumaa\/louna-tartumaa\/laulumangud\/mangud-dialoogid\/\">Loe veel &#8250;<\/a><\/div>\n<p><!-- end of .read-more --><\/p>\n","protected":false},"author":2,"featured_media":0,"parent":921,"menu_order":0,"comment_status":"closed","ping_status":"closed","template":"content-sidebar-page.php","meta":{"ngg_post_thumbnail":0},"_links":{"self":[{"href":"https:\/\/regilaulik.folklore.ee\/pohjatartumaa\/wp-json\/wp\/v2\/pages\/3822"}],"collection":[{"href":"https:\/\/regilaulik.folklore.ee\/pohjatartumaa\/wp-json\/wp\/v2\/pages"}],"about":[{"href":"https:\/\/regilaulik.folklore.ee\/pohjatartumaa\/wp-json\/wp\/v2\/types\/page"}],"author":[{"embeddable":true,"href":"https:\/\/regilaulik.folklore.ee\/pohjatartumaa\/wp-json\/wp\/v2\/users\/2"}],"replies":[{"embeddable":true,"href":"https:\/\/regilaulik.folklore.ee\/pohjatartumaa\/wp-json\/wp\/v2\/comments?post=3822"}],"version-history":[{"count":10,"href":"https:\/\/regilaulik.folklore.ee\/pohjatartumaa\/wp-json\/wp\/v2\/pages\/3822\/revisions"}],"predecessor-version":[{"id":5763,"href":"https:\/\/regilaulik.folklore.ee\/pohjatartumaa\/wp-json\/wp\/v2\/pages\/3822\/revisions\/5763"}],"up":[{"embeddable":true,"href":"https:\/\/regilaulik.folklore.ee\/pohjatartumaa\/wp-json\/wp\/v2\/pages\/921"}],"wp:attachment":[{"href":"https:\/\/regilaulik.folklore.ee\/pohjatartumaa\/wp-json\/wp\/v2\/media?parent=3822"}],"curies":[{"name":"wp","href":"https:\/\/api.w.org\/{rel}","templated":true}]}}