{"id":3824,"date":"2013-09-06T11:25:58","date_gmt":"2013-09-06T08:25:58","guid":{"rendered":"http:\/\/regilaulik.folklore.ee\/pohjatartumaa\/\/?page_id=3824"},"modified":"2013-10-09T15:28:09","modified_gmt":"2013-10-09T12:28:09","slug":"uuemad-mangud","status":"publish","type":"page","link":"https:\/\/regilaulik.folklore.ee\/pohjatartumaa\/louna-tartumaa\/laulumangud\/uuemad-mangud\/","title":{"rendered":"Uuemad m\u00e4ngud"},"content":{"rendered":"<p><span style=\"font-size: large;\">UUEMAD LAULUM\u00c4NGUD,<\/span> <span style=\"font-size: medium;\">millel oleks ka viis juures, P-Tartumaa materjalide hulgas sisuliselt puuduvad, kuid Ingrid R\u00fc\u00fctli kahek\u00f6itelises raamatus &#8220;Eesti uuemad laulum\u00e4ngud&#8221; on niih\u00e4sti m\u00e4ngude kirjeldusi, viise kui ka tekste mitmelt poolt Eestist, osa neist ka P-Tartumaa l\u00e4hinaabrusest.<\/span> <span style=\"font-size: medium;\">Samuti leidub <\/span><span style=\"font-size: medium;\">tekste ja kirjeldusi <\/span><span style=\"font-size: medium;\">\u00dclo Tedre Eesti rahvalaulude antoloogias. Ringm\u00e4ngud (nagu &#8220;Mesilane aias&#8221; jmt) on k\u00e4esolevast kogumikust k\u00f5rvale j\u00e4etud. \u00a0 <\/span><\/p>\n<p style=\"text-align: right;\"><span style=\"font-size: large;\">Kelle litter<\/span><br \/>\n<span style=\"font-size: large;\"> Tule tuppa<\/span><\/p>\n<h2 class=\"post-to-page-title\">__K e l l e__l i t t e r__<\/h2>\n<div class=\"post-to-page-content\">\n<p>_________________________________________<\/p>\n<p><span style=\"font-size: large;\">Laulum\u00e4ng<\/span><\/p>\n<p style=\"text-align: right;\"><em><span style=\"font-size: large;\">Laiuse<\/span><\/em><\/p>\n<p style=\"text-align: left;\"><a href=\"http:\/\/regilaulik.folklore.ee\/pohjatartumaa\/\/wp-content\/uploads\/litter_1r.gif\"><img loading=\"lazy\" class=\"alignnone size-full wp-image-4027\" alt=\"litter_1r\" src=\"http:\/\/regilaulik.folklore.ee\/pohjatartumaa\/\/wp-content\/uploads\/litter_1r.gif\" width=\"632\" height=\"113\"><\/a><\/p>\n<p><span style=\"font-size: large;\">KELLE LITTER, KELLE LITTER MAKSIS LEHMA,<\/span><br \/>\n<span style=\"font-size: medium;\">kelle paater, kelle paater paari h\u00e4rgi,<\/span><br \/>\n<span style=\"font-size: medium;\"> kelle s\u00f5lge, kelle s\u00f5lge s\u00f5idu ruuna?<\/span><br \/>\n<span style=\"font-size: medium;\"> Anne litter, Anne litter maksis lehma,<\/span><br \/>\n<span style=\"font-size: medium;\"> Anne paater, Anne paater paari h\u00e4rgi,<\/span><br \/>\n<span style=\"font-size: medium;\"> Anne s\u00f5lge, anne s\u00f5lge s\u00f5idu ruuna.<\/span><\/p>\n<p>________________________________________<\/p>\n<p><span style=\"font-size: large;\">Sama viisiga m\u00e4ngiti ka&nbsp; j\u00e4rgmist m\u00e4ngu:.<\/span><\/p>\n<p><span style=\"font-size: large;\">Tule tuppa&#8230;<\/span><\/p>\n<p><span style=\"font-size: large;\">TULE TUPPA, TULE TUPPA, VANA MEES,<\/span><br \/>\n<span style=\"font-size: medium;\">istu maha, istu maha, vana mees,<\/span><br \/>\n<span style=\"font-size: medium;\"> p\u00fcksid jalga, p\u00fcksid jalga, vana mees,<\/span><br \/>\n<span style=\"font-size: medium;\"> s\u00e4rk selga, s\u00e4rk selga, vana mees,<\/span><br \/>\n<span style=\"font-size: medium;\"> k\u00fcbar p\u00e4he, k\u00fcbar p\u00e4he, vana mees,<\/span><br \/>\n<span style=\"font-size: medium;\"> piip suhu, piip suhu, vana mees!<\/span><\/p>\n<p><span style=\"font-size: small;\">Laulnud Leena Leinberg (77 a) (E\u00dcS VIII 1149 (3), (E\u00dcS VIII, 1155 (11,12) &lt; Laiuse khk (&lt; Koeru khk) \u2013 K. Viljak ja V. Rosenstrauch, 1911).<br \/>\n<\/span><\/p>\n<\/div>\nTagged in: <span class=\"post-to-page-tags\"><a href=\"https:\/\/regilaulik.folklore.ee\/pohjatartumaa\/tag\/laiuse_\/\">laiuse_<\/a><\/span><span class=\"post-to-page-tags\"><a href=\"https:\/\/regilaulik.folklore.ee\/pohjatartumaa\/tag\/mang_\/\">m\u00e4ng_<\/a><\/span><span class=\"post-to-page-image\"><a href=\"https:\/\/regilaulik.folklore.ee\/pohjatartumaa\/ilamring\/laulumangud\/uuemad-mangud\/kelle-litter-kelle-liter-maksis-lehma\/\"><\/a><\/span>\n<span class=\"post-to-page-readmore\"><a href=\"https:\/\/regilaulik.folklore.ee\/pohjatartumaa\/ilamring\/laulumangud\/uuemad-mangud\/kelle-litter-kelle-liter-maksis-lehma\/\">Read more...<\/a><\/span>\n<span class=\"post-to-page-comment-count\">0 comments<\/span>\n<hr class=\"post-to-page-separator\" \/>\n<h2 class=\"post-to-page-title\">__R o o t s i t a n t s__<\/h2>\n<div class=\"post-to-page-content\">\n<p><span style=\"font-size: large;\">Tere, T\u00f5nu<\/span><\/p>\n<p style=\"text-align: center;\">&nbsp;<em><span style=\"font-size: large;\">Kursi<\/span><\/em><\/p>\n<p style=\"text-align: left;\"><a href=\"http:\/\/regilaulik.folklore.ee\/pohjatartumaa\/\/wp-content\/uploads\/krs_8.gif\"><img loading=\"lazy\" class=\"alignnone size-full wp-image-4063\" src=\"http:\/\/regilaulik.folklore.ee\/pohjatartumaa\/\/wp-content\/uploads\/krs_8.gif\" alt=\"krs_8\" width=\"632\" height=\"118\"><\/a><\/p>\n<p><span style=\"font-size: large;\">TERE, T\u00d5NU, TEILE!<\/span><br \/>\n<span style=\"font-size: medium;\">Tulge hommen meile:<\/span><br \/>\n<span style=\"font-size: medium;\"> meil on hommen rootsitants,<\/span><br \/>\n<span style=\"font-size: medium;\"> kahe siku sarve tants,<\/span><br \/>\n<span style=\"font-size: medium;\"> kolme munakoore tants,<\/span><br \/>\n<span style=\"font-size: medium;\"> nell\u00e4 neitsi nisa tants.<\/span><br \/>\n<span style=\"font-size: medium;\"> siis k\u00f5ik tantsma tulevad.<\/span><br \/>\n<span style=\"font-size: medium;\"> Saks tuleb saaniga,<\/span><br \/>\n<span style=\"font-size: medium;\"> muamees maaniga,<\/span><br \/>\n<span style=\"font-size: medium;\"> poiss puureega,<\/span><br \/>\n<span style=\"font-size: medium;\"> mina kelguga keerides \u2013<\/span><br \/>\n<span style=\"font-size: medium;\"> tagast tulin, ette sain.<\/span><\/p>\n<p><span style=\"font-size: small;\">Laulnud Madli Saeble (E\u00dcS VIII 288 (15) ja E\u00dcS VIII 1 &lt; Kursi khk, Puurmanni v \u2013 J. ja M. K\u00e4rt, 1911).<\/span><\/p>\n<\/div>\nTagged in: <span class=\"post-to-page-tags\"><a href=\"https:\/\/regilaulik.folklore.ee\/pohjatartumaa\/tag\/kursi_\/\">kursi_<\/a><\/span><span class=\"post-to-page-tags\"><a href=\"https:\/\/regilaulik.folklore.ee\/pohjatartumaa\/tag\/mang_\/\">m\u00e4ng_<\/a><\/span><span class=\"post-to-page-image\"><a href=\"https:\/\/regilaulik.folklore.ee\/pohjatartumaa\/ilamring\/laulumangud\/uuemad-mangud\/tere-tonu-teile\/\"><\/a><\/span>\n<span class=\"post-to-page-readmore\"><a href=\"https:\/\/regilaulik.folklore.ee\/pohjatartumaa\/ilamring\/laulumangud\/uuemad-mangud\/tere-tonu-teile\/\">Read more...<\/a><\/span>\n<span class=\"post-to-page-comment-count\">0 comments<\/span>\n<hr class=\"post-to-page-separator\" \/>\n\n","protected":false},"excerpt":{"rendered":"<p>UUEMAD LAULUM\u00c4NGUD, millel oleks ka viis juures, P-Tartumaa materjalide hulgas sisuliselt puuduvad, kuid Ingrid R\u00fc\u00fctli kahek\u00f6itelises raamatus &#8220;Eesti uuemad laulum\u00e4ngud&#8221; on niih\u00e4sti m\u00e4ngude kirjeldusi, viise kui ka tekste mitmelt poolt Eestist, osa neist ka P-Tartumaa l\u00e4hinaabrusest. Samuti leidub tekste ja<span class=\"ellipsis\">&hellip;<\/span><\/p>\n<div class=\"read-more\"><a href=\"https:\/\/regilaulik.folklore.ee\/pohjatartumaa\/louna-tartumaa\/laulumangud\/uuemad-mangud\/\">Loe veel &#8250;<\/a><\/div>\n<p><!-- end of .read-more --><\/p>\n","protected":false},"author":2,"featured_media":0,"parent":921,"menu_order":0,"comment_status":"closed","ping_status":"closed","template":"content-sidebar-page.php","meta":{"ngg_post_thumbnail":0},"_links":{"self":[{"href":"https:\/\/regilaulik.folklore.ee\/pohjatartumaa\/wp-json\/wp\/v2\/pages\/3824"}],"collection":[{"href":"https:\/\/regilaulik.folklore.ee\/pohjatartumaa\/wp-json\/wp\/v2\/pages"}],"about":[{"href":"https:\/\/regilaulik.folklore.ee\/pohjatartumaa\/wp-json\/wp\/v2\/types\/page"}],"author":[{"embeddable":true,"href":"https:\/\/regilaulik.folklore.ee\/pohjatartumaa\/wp-json\/wp\/v2\/users\/2"}],"replies":[{"embeddable":true,"href":"https:\/\/regilaulik.folklore.ee\/pohjatartumaa\/wp-json\/wp\/v2\/comments?post=3824"}],"version-history":[{"count":14,"href":"https:\/\/regilaulik.folklore.ee\/pohjatartumaa\/wp-json\/wp\/v2\/pages\/3824\/revisions"}],"predecessor-version":[{"id":4020,"href":"https:\/\/regilaulik.folklore.ee\/pohjatartumaa\/wp-json\/wp\/v2\/pages\/3824\/revisions\/4020"}],"up":[{"embeddable":true,"href":"https:\/\/regilaulik.folklore.ee\/pohjatartumaa\/wp-json\/wp\/v2\/pages\/921"}],"wp:attachment":[{"href":"https:\/\/regilaulik.folklore.ee\/pohjatartumaa\/wp-json\/wp\/v2\/media?parent=3824"}],"curies":[{"name":"wp","href":"https:\/\/api.w.org\/{rel}","templated":true}]}}