{"id":3826,"date":"2013-09-06T11:27:05","date_gmt":"2013-09-06T08:27:05","guid":{"rendered":"http:\/\/regilaulik.folklore.ee\/pohjatartumaa\/\/?page_id=3826"},"modified":"2022-10-11T20:05:01","modified_gmt":"2022-10-11T17:05:01","slug":"liisklugemised","status":"publish","type":"page","link":"https:\/\/regilaulik.folklore.ee\/pohjatartumaa\/louna-tartumaa\/laulumangud\/liisklugemised\/","title":{"rendered":"Liisklugemised"},"content":{"rendered":"<p><span style=\"font-size: large;\">LIISKLUGEMISED,<\/span> <span style=\"font-size: medium;\">liisu heitmine on nagu \u00f5nneloos. M\u00e4ngus m\u00e4\u00e4rab see rollide jagamist ja on juhuslik nagu elu&nbsp; sageli. Samas me ju teame, et kui m\u00e4ngijate arv on teada ja liisulugemise tekst samuti, saab tulemust kiiresti&nbsp; ennustada: kui liisk on&nbsp; langenud, tuleb&nbsp; iga\u00fchel oma \u00fclesandega kiiresti toime tulla.<\/span><br \/>\n<span style=\"font-size: medium;\"> Liisklugemisi ja ka \u00dclo Tedre koostatud Eesti rahvalaulude antoloogias, mis on internetis leitav autori ja pealkirja j\u00e4rgi.<\/span><\/p>\n<p style=\"text-align: right;\"><span style=\"font-size: large;\">Aa suu &#8211; suka roka<\/span><br \/>\n<span style=\"font-size: large;\"> Iksi-tiksi \u2013 toome-tiksi<\/span><br \/>\n<span style=\"font-size: large;\"> Vanamiis-vanamiis<\/span><br \/>\n<span style=\"font-size: large;\"> Entel tentel trika trei<\/span><\/p>\n<h2 class=\"post-to-page-title\">__L i i s k l u g e m i s e d__<\/h2>\n<div class=\"post-to-page-content\">\n<p>______________________________________________<\/p>\n<p style=\"text-align: center;\"><em><span style=\"font-size: large;\">M-Magdaleena<\/span><\/em><\/p>\n<p><span style=\"font-size: large;\">Kulli tegemine<\/span><br \/>\n<span style=\"font-size: large;\"> Laste l\u00f5bustused<\/span><\/p>\n<p><span style=\"font-size: large;\">Lapsed seavad ennast rinda.<\/span> <span style=\"font-size: medium;\">\u00dcks astub hulgast ja loeb kulli s\u00f5nu. Kelle p\u00e4\u00e4le viimane s\u00f5na langes, nimetakse kulliks, ja peab teisi, kanu, kinni p\u00fc\u00fcdma. Saab ta m\u00f5ne k\u00e4tte, see on siis kulli abi, kelledega nad k\u00f5ik eneste abilisteks teevad, seega k\u00f5ik kanad kinni p\u00fc\u00fcavad. Kulli s\u00f5nad on:<\/span><\/p>\n<p><strong><span style=\"font-size: medium;\">a)<\/span><\/strong><br \/>\n<span style=\"font-size: large;\">Aa suu &#8211; suka roka,<\/span><br \/>\n<span style=\"font-size: medium;\"> p\u00e4he panti p\u00e4tas suka \u2013<\/span><br \/>\n<span style=\"font-size: medium;\"> kohe j\u00e4i, kruus komm,<\/span><br \/>\n<span style=\"font-size: medium;\"> v\u00f5ta kinni, vitsi-vonn.<\/span><\/p>\n<p><strong><span style=\"font-size: medium;\">b)<\/span><\/strong><br \/>\n<span style=\"font-size: large;\"> Iksi-tiksi \u2013 toome-tiksi,<\/span><br \/>\n<span style=\"font-size: medium;\"> Viksi vaksi vaame-koor,<\/span><br \/>\n<span style=\"font-size: medium;\"> silla \u00e4\u00e4res tiller-tipud,<\/span><br \/>\n<span style=\"font-size: medium;\"> kuku-metsa kulli toomas.<\/span><\/p>\n<p><strong><span style=\"font-size: medium;\">d)<\/span><\/strong><br \/>\n<span style=\"font-size: large;\"> Vanamiis-vanamiis,<\/span><br \/>\n<span style=\"font-size: medium;\"> v\u00f5\u00f5psis-vaapsis,<\/span><br \/>\n<span style=\"font-size: medium;\"> kulle-kalle,<\/span><br \/>\n<span style=\"font-size: medium;\"> tape-poiss.<\/span><\/p>\n<p><span style=\"font-size: small;\">\u00dcles kirjutanud Hindrik Ostrat (H II 28, 479\/80 (1) &lt; M-Magdaleena khk, Kudina v, 1889).<\/span><\/p>\n<p>_________________<br \/>\n<span style=\"font-size: large;\">M\u00e4ng, lugemine.<\/span><\/p>\n<p><span style=\"font-size: large;\">Lapsed istuvad ringi,<\/span> <span style=\"font-size: medium;\">\u00fcts l\u00e4heb ringi sisse ja hakkab lugema, s\u00f5rmega iga\u00fche p\u00e4\u00e4le n\u00e4idates:<\/span><\/p>\n<p><span style=\"font-size: large;\">1.<\/span><br \/>\n<span style=\"font-size: large;\"> Entel tentel trika trei,<\/span><br \/>\n<span style=\"font-size: medium;\"> treisi kinder komnia trei,<\/span><br \/>\n<span style=\"font-size: medium;\"> in-proot triise proot,<\/span><br \/>\n<span style=\"font-size: medium;\"> siira viira tupis toot.<\/span><\/p>\n<p><span style=\"font-size: large;\">2.<\/span><br \/>\n<span style=\"font-size: large;\"> Entel tentel seraku mentel,<\/span><br \/>\n<span style=\"font-size: medium;\"> issu tissu vangis vissu,<\/span><br \/>\n<span style=\"font-size: medium;\"> sukker k\u00fc\u00fcnis loos.<\/span><\/p>\n<p><span style=\"font-size: large;\">3.<\/span><br \/>\n<span style=\"font-size: large;\"> \u00dcksin tuksin toome tilken,<\/span><br \/>\n<span style=\"font-size: medium;\"> viksin v\u00e4ksin v\u00e4\u00e4na konken,<\/span><br \/>\n<span style=\"font-size: medium;\"> sulle olgu, mulle tulgu,<\/span><br \/>\n<span style=\"font-size: medium;\"> tillu tibu, n\u00e4lla n\u00e4bu,<\/span><br \/>\n<span style=\"font-size: medium;\"> koogi metsas kolaku leht.<\/span><\/p>\n<p>\u00dcles kirjutanud Voldemar Lille (E 59991 a &lt; M-Magdaleena khk, Elistvere, 1927).<\/p>\n<\/div>\nTagged in: <span class=\"post-to-page-tags\"><a href=\"https:\/\/regilaulik.folklore.ee\/pohjatartumaa\/tag\/m-magdaleena_\/\">m-magdaleena_<\/a><\/span><span class=\"post-to-page-tags\"><a href=\"https:\/\/regilaulik.folklore.ee\/pohjatartumaa\/tag\/mang_\/\">m\u00e4ng_<\/a><\/span><span class=\"post-to-page-image\"><a href=\"https:\/\/regilaulik.folklore.ee\/pohjatartumaa\/ilamring\/laulumangud\/liisklugemised\/entel-tentel\/\"><\/a><\/span>\n<span class=\"post-to-page-readmore\"><a href=\"https:\/\/regilaulik.folklore.ee\/pohjatartumaa\/ilamring\/laulumangud\/liisklugemised\/entel-tentel\/\">Read more...<\/a><\/span>\n<span class=\"post-to-page-comment-count\">0 comments<\/span>\n<hr class=\"post-to-page-separator\" \/>\n\n","protected":false},"excerpt":{"rendered":"<p>LIISKLUGEMISED, liisu heitmine on nagu \u00f5nneloos. M\u00e4ngus m\u00e4\u00e4rab see rollide jagamist ja on juhuslik nagu elu&nbsp; sageli. Samas me ju teame, et kui m\u00e4ngijate arv on teada ja liisulugemise tekst samuti, saab tulemust kiiresti&nbsp; ennustada: kui liisk on&nbsp; langenud, tuleb&nbsp;<span class=\"ellipsis\">&hellip;<\/span><\/p>\n<div class=\"read-more\"><a href=\"https:\/\/regilaulik.folklore.ee\/pohjatartumaa\/louna-tartumaa\/laulumangud\/liisklugemised\/\">Loe veel &#8250;<\/a><\/div>\n<p><!-- end of .read-more --><\/p>\n","protected":false},"author":2,"featured_media":0,"parent":921,"menu_order":0,"comment_status":"closed","ping_status":"closed","template":"content-sidebar-page.php","meta":{"ngg_post_thumbnail":0},"_links":{"self":[{"href":"https:\/\/regilaulik.folklore.ee\/pohjatartumaa\/wp-json\/wp\/v2\/pages\/3826"}],"collection":[{"href":"https:\/\/regilaulik.folklore.ee\/pohjatartumaa\/wp-json\/wp\/v2\/pages"}],"about":[{"href":"https:\/\/regilaulik.folklore.ee\/pohjatartumaa\/wp-json\/wp\/v2\/types\/page"}],"author":[{"embeddable":true,"href":"https:\/\/regilaulik.folklore.ee\/pohjatartumaa\/wp-json\/wp\/v2\/users\/2"}],"replies":[{"embeddable":true,"href":"https:\/\/regilaulik.folklore.ee\/pohjatartumaa\/wp-json\/wp\/v2\/comments?post=3826"}],"version-history":[{"count":8,"href":"https:\/\/regilaulik.folklore.ee\/pohjatartumaa\/wp-json\/wp\/v2\/pages\/3826\/revisions"}],"predecessor-version":[{"id":5765,"href":"https:\/\/regilaulik.folklore.ee\/pohjatartumaa\/wp-json\/wp\/v2\/pages\/3826\/revisions\/5765"}],"up":[{"embeddable":true,"href":"https:\/\/regilaulik.folklore.ee\/pohjatartumaa\/wp-json\/wp\/v2\/pages\/921"}],"wp:attachment":[{"href":"https:\/\/regilaulik.folklore.ee\/pohjatartumaa\/wp-json\/wp\/v2\/media?parent=3826"}],"curies":[{"name":"wp","href":"https:\/\/api.w.org\/{rel}","templated":true}]}}