{"id":430,"date":"2013-07-11T17:13:11","date_gmt":"2013-07-11T14:13:11","guid":{"rendered":"http:\/\/regilaulik.folklore.ee\/pohjatartumaa\/\/?page_id=430"},"modified":"2013-10-16T13:40:55","modified_gmt":"2013-10-16T10:40:55","slug":"impressum-2","status":"publish","type":"page","link":"https:\/\/regilaulik.folklore.ee\/pohjatartumaa\/impressum-2\/","title":{"rendered":"IMPRESSUM"},"content":{"rendered":"<p>ISMN\u00a0 &#8212;-<br \/>\n<span style=\"font-size: large;\">P\u00f5hja-Tartumaa regilaulik &#8220;L\u00e4hme Loojale loole&#8221;<\/span><br \/>\n<span style=\"font-size: medium;\">Koostas <span style=\"font-size: large;\">Edakai Simmermann<\/span><\/span><br \/>\n<span style=\"font-size: medium;\"> Illustratsioonide autor on<span style=\"font-size: large;\"> Lembit Karu<\/span><\/span><\/p>\n<p><span style=\"font-size: medium;\">Kujundus ja IT-lahendused: <span style=\"font-size: large;\">Anne Rudanovski<\/span><\/span><br \/>\n<span style=\"font-size: medium;\">Noodikiri: Edakai Simmermann<\/span><br \/>\n<span style=\"font-size: medium;\"> Tehniline teostus: Anne Rudanovski, Edakai Simmermann, Tarmo Teekivi<\/span><\/p>\n<p><span style=\"font-size: medium;\">Autori\u00f5igustega on kaitstud Lembit Karu tushijoonistused<\/span><br \/>\n<span style=\"font-size: medium;\"> ja regilaulik &#8220;L\u00e4hme Loojale loole&#8221; (koostaja Edakai Simmermann (edakai(at)kirmus.ee)<\/span><\/p>\n<p><span style=\"font-size: large;\">Regilauliku koostamisel on kasutatud Eesti Kirjandusmuuseumi Rahvaluule Arhiivi kogusid. <\/span><br \/>\n<span style=\"font-size: large;\">Regilauliku valmimist on toetanud Eesti Kultuurkapital ja Tartu Kultuurkapital.<\/span><\/p>\n<p><span style=\"font-size: medium;\">T\u00e4nan Eesti Kirjandusmuuseumi rahvaluule arhiivi inimesi (Kadri Tamm, Risto J\u00e4rv jt) ning Edna Tuvi etnomusikoloogia osakonnast.<\/span><br \/>\n<span style=\"font-size: medium;\">Regilauliku valmimisele on kaasa aidanud MT\u00dc Tartumaa Rahvakultuuri Keskselts.<br \/>\nT\u00e4nan seltsi tegevjuhti Liina Vainumetsat ja tegevjuhi kohuset\u00e4itjat Tiinamai Keskpaika, samuti koordinaatorit Ellen Napisat.<\/span><\/p>\n<p><span style=\"font-size: large;\">SUUR T\u00c4NU K\u00d5IGILE!<\/span><\/p>\n<p><span style=\"font-size: medium;\">Osa t\u00f6\u00f6dest on tehtud tasuta.<\/span><\/p>\n<p><span style=\"font-size: medium;\">Reg<\/span><span style=\"font-size: medium;\">ilauliku materjale v\u00f5ib \u00f5ppimiseks ja \u00f5petamiseks\u00a0 kopeerida ja paljundada.<\/span><br \/>\n<span style=\"font-size: medium;\"><span style=\"font-size: large;\"> Keelatud on\u00a0 kommertslik tegevus<\/span> ja\/v\u00f5i regilauliku \u00fcksikute osade v\u00f5i terviku v\u00e4ljaandmine (kirjastamine) ilma koostaja n\u00f5usolekuta.<\/span><\/p>\n","protected":false},"excerpt":{"rendered":"<p>ISMN\u00a0 &#8212;- P\u00f5hja-Tartumaa regilaulik &#8220;L\u00e4hme Loojale loole&#8221; Koostas Edakai Simmermann Illustratsioonide autor on Lembit Karu Kujundus ja IT-lahendused: Anne Rudanovski Noodikiri: Edakai Simmermann Tehniline teostus: Anne Rudanovski, Edakai Simmermann, Tarmo Teekivi Autori\u00f5igustega on kaitstud Lembit Karu tushijoonistused ja regilaulik &#8220;L\u00e4hme<span class=\"ellipsis\">&hellip;<\/span><\/p>\n<div class=\"read-more\"><a href=\"https:\/\/regilaulik.folklore.ee\/pohjatartumaa\/impressum-2\/\">Loe veel &#8250;<\/a><\/div>\n<p><!-- end of .read-more --><\/p>\n","protected":false},"author":2,"featured_media":0,"parent":0,"menu_order":0,"comment_status":"closed","ping_status":"closed","template":"","meta":{"ngg_post_thumbnail":0},"_links":{"self":[{"href":"https:\/\/regilaulik.folklore.ee\/pohjatartumaa\/wp-json\/wp\/v2\/pages\/430"}],"collection":[{"href":"https:\/\/regilaulik.folklore.ee\/pohjatartumaa\/wp-json\/wp\/v2\/pages"}],"about":[{"href":"https:\/\/regilaulik.folklore.ee\/pohjatartumaa\/wp-json\/wp\/v2\/types\/page"}],"author":[{"embeddable":true,"href":"https:\/\/regilaulik.folklore.ee\/pohjatartumaa\/wp-json\/wp\/v2\/users\/2"}],"replies":[{"embeddable":true,"href":"https:\/\/regilaulik.folklore.ee\/pohjatartumaa\/wp-json\/wp\/v2\/comments?post=430"}],"version-history":[{"count":18,"href":"https:\/\/regilaulik.folklore.ee\/pohjatartumaa\/wp-json\/wp\/v2\/pages\/430\/revisions"}],"predecessor-version":[{"id":432,"href":"https:\/\/regilaulik.folklore.ee\/pohjatartumaa\/wp-json\/wp\/v2\/pages\/430\/revisions\/432"}],"wp:attachment":[{"href":"https:\/\/regilaulik.folklore.ee\/pohjatartumaa\/wp-json\/wp\/v2\/media?parent=430"}],"curies":[{"name":"wp","href":"https:\/\/api.w.org\/{rel}","templated":true}]}}