{"id":634,"date":"2013-07-15T13:04:51","date_gmt":"2013-07-15T10:04:51","guid":{"rendered":"http:\/\/regilaulik.folklore.ee\/pohjatartumaa\/\/?page_id=634"},"modified":"2013-08-27T11:34:31","modified_gmt":"2013-08-27T08:34:31","slug":"suvi","status":"publish","type":"page","link":"https:\/\/regilaulik.folklore.ee\/pohjatartumaa\/ajaring\/kalendrilaulud\/suvi\/","title":{"rendered":"Suvi jaanikul"},"content":{"rendered":"<p><span style=\"font-size: large;\">TULGE JAANIKU TULELE!<\/span> <span style=\"font-size: medium;\">Jaanilaule on P-Tartumaalt k\u00f5igest paar-kolm teksti ja nendelegi tuli viisid v\u00f5tta Viljandimaalt p\u00e4rit laulikutelt. Samas v\u00f5isid need viisid Tartumaal ka k\u00f5lada: kui Viljandimaa noorik J\u00e4rvamaale v\u00f5i Tartumaale kositi, v\u00f5ttis ta oma laulud ju kaasa. Jaanitule tegemise komme on s\u00e4ilinud siiani, ainult et algselt oli see seotud kombestikuga, millega taotleti karja- ja vilja\u00f5nne. Usuti ka, et jaanitule kuma kaitseb kurjade olevuste eest, kes eriti jaani\u00f6\u00f6l ringi liiguvad.<\/span><\/p>\n<p style=\"text-align: right;\"><span style=\"font-size: large;\">Jaanilaulud<\/span><\/p>\n<h2 class=\"post-to-page-title\">__J a a n i k e n e__p o i s i k e n e__<\/h2>\n<div class=\"post-to-page-content\">\n<\/div>\n<span class=\"post-to-page-image\"><a href=\"https:\/\/regilaulik.folklore.ee\/pohjatartumaa\/1\/kalendrilaulud\/suvi\/__j-a-a-n-i-k-e-n-e__p-o-i-s-i-k-e-n-e__\/\"><\/a><\/span>\n<span class=\"post-to-page-readmore\"><a href=\"https:\/\/regilaulik.folklore.ee\/pohjatartumaa\/1\/kalendrilaulud\/suvi\/__j-a-a-n-i-k-e-n-e__p-o-i-s-i-k-e-n-e__\/\">Read more...<\/a><\/span>\n<span class=\"post-to-page-comment-count\">0 comments<\/span>\n<hr class=\"post-to-page-separator\" \/>\n<h2 class=\"post-to-page-title\">1. MIS IIST JAANI OODETESSE? <\/h2>\n<div class=\"post-to-page-content\">\n<p style=\"padding-left: 30px;\"><span style=\"font-size: large;\">Jaanilaul<\/span><\/p>\n<p style=\"text-align: right;\"><em><span style=\"font-size: large;\">Karksi\/Ta-Maarja<\/span><\/em><\/p>\n<p style=\"text-align: left;\"><a href=\"http:\/\/regilaulik.folklore.ee\/pohjatartumaa\/\/wp-content\/uploads\/1_1r18.gif\"><img loading=\"lazy\" class=\"alignnone size-full wp-image-2636\" alt=\"1_1r\" src=\"http:\/\/regilaulik.folklore.ee\/pohjatartumaa\/\/wp-content\/uploads\/1_1r18.gif\" width=\"632\" height=\"113\" \/><\/a><\/p>\n<p><span style=\"font-size: large;\">MIS IIST JAANI OODETESSE<\/span>,<em><span style=\"font-size: medium;\"> jaaniku,<\/span><\/em><br \/>\n<span style=\"font-size: medium;\"> Jaani kahja kannetesse,<em> jaaniku?<\/em><\/span><br \/>\n<span style=\"font-size: medium;\"> Meie h\u00e4rja om h\u00e4d\u00e4tse, <em>jaaniku,<\/em><\/span><br \/>\n<span style=\"font-size: medium;\"> vasigu vana t\u00f5bena,<em> jaaniku,<\/em><\/span><br \/>\n<span style=\"font-size: medium;\"> piim\u00e4lehm\u00e4 pindeetse, <em>jaaniku \u2013<\/em><\/span><br \/>\n<span style=\"font-size: medium;\"> sest ep jaani oodetesse, <em>jaaniku,<\/em><\/span><br \/>\n<span style=\"font-size: medium;\"> Jaani kahja kannetesse,<em> jaaniku.<\/em><\/span><br \/>\n<span style=\"font-size: medium;\"> P\u00e4st\u00e4me h\u00e4rj\u00e4 h\u00e4d\u00e4st\u00e4, <em>jaaniku,<\/em><\/span><br \/>\n<span style=\"font-size: medium;\"> vasigu vana t\u00f5besta, <em>jaaniku,<\/em><\/span><br \/>\n<span style=\"font-size: medium;\"> piim\u00e4lehm\u00e4 pindeesta, <em>jaaniku!<\/em><\/span><\/p>\n<p><span style=\"font-size: medium;\">Jaan tegis saani saarikuna, <em>jaaniku,<\/em><\/span><br \/>\n<span style=\"font-size: medium;\"> eg\u00e4 p\u00e4ev\u00e4 p\u00e4sti lastu, <em>jaaniku,<\/em><\/span><br \/>\n<span style=\"font-size: medium;\"> ega kuu koputs k\u00f5dare, <em>jaaniku.<\/em><\/span><br \/>\n<span style=\"font-size: medium;\"> Sai sii saani valmiesse, <em>jaaniku,<\/em><\/span><br \/>\n<span style=\"font-size: medium;\"> sisse istus Siimukene, <em>jaaniku,<\/em><\/span><br \/>\n<span style=\"font-size: medium;\"> sisse Siimu naesekene, <em>jaaniku,<\/em><\/span><br \/>\n<span style=\"font-size: medium;\"> t\u00f5lda istus T\u00f5ndsukene, <em>jaaniku,<\/em><\/span><br \/>\n<span style=\"font-size: medium;\"> t\u00f5lda T\u00f5ndsu naesekene, <em>jaaniku,<\/em><\/span><br \/>\n<span style=\"font-size: medium;\"> jala joosi Jaanikene, <em>jaaniku,<\/em><\/span><br \/>\n<span style=\"font-size: medium;\"> jala Jaani naesukene, <em>jaaniku,<\/em><\/span><br \/>\n<span style=\"font-size: medium;\"> per\u00e4n joosi Peedukene, <em>jaaniku,<\/em><\/span><br \/>\n<span style=\"font-size: medium;\"> per\u00e4n Peedu naesekene, <em>jaaniku.<\/em><\/span><\/p>\n<p><span style=\"font-size: medium;\">Mis iist Jaani oodetes, <em>jaaniku,<\/em><\/span><br \/>\n<span style=\"font-size: medium;\"> Jaani kahja kannetesse, <em>jaaniku?<\/em><\/span><br \/>\n<span style=\"font-size: medium;\"> Jaan tege Riiani r\u00fcgida, <em>jaaniku,<\/em><\/span><br \/>\n<span style=\"font-size: medium;\"> ette Riia tege hernid,<em> jaaniku,<\/em><\/span><br \/>\n<span style=\"font-size: medium;\"> taga Riia tatterida, <em>jaaniku,<\/em><\/span><br \/>\n<span style=\"font-size: medium;\"> Jaan tege ube Uuluni, <em>jaaniku. \u2013<\/em><\/span><br \/>\n<span style=\"font-size: medium;\"> Sest ep jaani oodetesse, <em>jaaniku,<\/em><\/span><br \/>\n<span style=\"font-size: medium;\"> Jaani kahja kannetesse,<em> jaaniku.<\/em><\/span><\/p>\n<p><span style=\"font-size: small;\">Viis: Ann Lott (64 a) (E\u00dcS V 234 (65) &lt; Karksi khk, Karksi v, Rebase t &#8211; A. Martin, 1908); teksti on \u00fcles kirjutanud Joh. M\u00e4gi (H III 9, 466\/7 (1) &lt; Ta-Maarja khk, Kavastu v &lt; Karksi khk, 1888).<\/span><\/p>\n<\/div>\nTagged in: <span class=\"post-to-page-tags\"><a href=\"https:\/\/regilaulik.folklore.ee\/pohjatartumaa\/tag\/jaanilaul_\/\">jaanilaul_<\/a><\/span><span class=\"post-to-page-tags\"><a href=\"https:\/\/regilaulik.folklore.ee\/pohjatartumaa\/tag\/ta-maarja_\/\">ta-maarja_<\/a><\/span><span class=\"post-to-page-image\"><a href=\"https:\/\/regilaulik.folklore.ee\/pohjatartumaa\/1\/kalendrilaulud\/suvi\/1-mis-iist-jaani-oodetesse\/\"><\/a><\/span>\n<span class=\"post-to-page-readmore\"><a href=\"https:\/\/regilaulik.folklore.ee\/pohjatartumaa\/1\/kalendrilaulud\/suvi\/1-mis-iist-jaani-oodetesse\/\">Read more...<\/a><\/span>\n<span class=\"post-to-page-comment-count\">0 comments<\/span>\n<hr class=\"post-to-page-separator\" \/>\n<h2 class=\"post-to-page-title\">2. TULGE JAANIKU TULELE!<\/h2>\n<div class=\"post-to-page-content\">\n<p style=\"padding-left: 30px;\"><span style=\"font-size: large;\">Jaanilaul<\/span><\/p>\n<p style=\"text-align: right;\"><em><span style=\"font-size: large;\">Kodavere(&lt; K-Jaani)\/Ta-Maarja<\/span><\/em><\/p>\n<p style=\"text-align: left;\"><a href=\"http:\/\/regilaulik.folklore.ee\/pohjatartumaa\/\/wp-content\/uploads\/2_1r14.gif\"><img loading=\"lazy\" class=\"alignnone size-full wp-image-2640\" alt=\"2_1r\" src=\"http:\/\/regilaulik.folklore.ee\/pohjatartumaa\/\/wp-content\/uploads\/2_1r14.gif\" width=\"632\" height=\"113\" \/><\/a><\/p>\n<p><span style=\"font-size: large;\">TULGE JAANIKU TULELE,<\/span> <em><span style=\"font-size: medium;\">jaaniku, jaaniku,<\/span><\/em><br \/>\n<span style=\"font-size: medium;\"> tulge tulda hoidemaie, <em>jaaniku, jaaniku!<\/em><\/span><br \/>\n<span style=\"font-size: medium;\"> Tuli t\u00fckkib hoone\u00b4eie, <em>jaaniku, jaaniku,<\/em><\/span><br \/>\n<span style=\"font-size: medium;\"> s\u00e4de kipub katusselle,<em> jaaniku, jaaniku,<\/em><\/span><br \/>\n<span style=\"font-size: medium;\"> tuletukk(i) tuasse,<em> jaaniku, jaaniku,<\/em><\/span><br \/>\n<span style=\"font-size: medium;\"> helehelk(i) heintesse, <em>jaaniku, jaaniku.<\/em><\/span><\/p>\n<p><span style=\"font-size: small;\">Viis: Ann Peep (s\u00fcnd Keerd, 1849 &lt; K-Jaani) (E\u00dcS II 291 (83) &lt; Kodavere khk, Kokora v, Torila k &#8211; A. Liiv ja J. Raja, 1909); teksti on \u00fcles kirjutanud Joh. M\u00e4gi (H II 29, 509 &lt; Ta-Maarja khk, Kavastu v, 1890)<\/span><\/p>\n<\/div>\nTagged in: <span class=\"post-to-page-tags\"><a href=\"https:\/\/regilaulik.folklore.ee\/pohjatartumaa\/tag\/jaanilaul_\/\">jaanilaul_<\/a><\/span><span class=\"post-to-page-tags\"><a href=\"https:\/\/regilaulik.folklore.ee\/pohjatartumaa\/tag\/ta-maarja_\/\">ta-maarja_<\/a><\/span><span class=\"post-to-page-image\"><a href=\"https:\/\/regilaulik.folklore.ee\/pohjatartumaa\/1\/kalendrilaulud\/suvi\/2-tulge-jaaniku-tulele\/\"><\/a><\/span>\n<span class=\"post-to-page-readmore\"><a href=\"https:\/\/regilaulik.folklore.ee\/pohjatartumaa\/1\/kalendrilaulud\/suvi\/2-tulge-jaaniku-tulele\/\">Read more...<\/a><\/span>\n<span class=\"post-to-page-comment-count\">0 comments<\/span>\n<hr class=\"post-to-page-separator\" \/>\n<h2 class=\"post-to-page-title\">3. MIS\u00b4TES JAANI OODETESSE? <\/h2>\n<div class=\"post-to-page-content\">\n<p style=\"padding-left: 30px;\"><span style=\"font-size: large;\">Jaanilaul<\/span><\/p>\n<p style=\"text-align: right;\"><em><span style=\"font-size: large;\">Kodavere (&lt; K-Jaani)\/Palamuse<\/span><\/em><\/p>\n<p style=\"text-align: left;\"><a href=\"http:\/\/regilaulik.folklore.ee\/pohjatartumaa\/\/wp-content\/uploads\/3_1r12.gif\"><img loading=\"lazy\" class=\"alignnone size-full wp-image-2643\" alt=\"3_1r\" src=\"http:\/\/regilaulik.folklore.ee\/pohjatartumaa\/\/wp-content\/uploads\/3_1r12.gif\" width=\"632\" height=\"113\" \/><\/a><\/p>\n<p><span style=\"font-size: large;\">MIS\u00b4TES JAANI OODETESSE,<\/span> <em><span style=\"font-size: medium;\">jaaniku, jaaniku,<\/span><\/em><br \/>\n<span style=\"font-size: medium;\"> Jaani kaevu kannetesse, <em>jaaniku, jaaniku?<\/em><\/span><br \/>\n<span style=\"font-size: medium;\"> Sest ep Jaani oodetesse, <em>jaaniku, jaaniku,<\/em><\/span><br \/>\n<span style=\"font-size: medium;\"> Jaani kaevu kannetesse, <em>jaaniku, jaaniku:<\/em><\/span><br \/>\n<span style=\"font-size: medium;\"> p\u00e4\u00e4stame&#8217; h\u00e4rja h\u00e4d\u00e4sta,<em> jaaniku, jaaniku,<\/em><\/span><br \/>\n<span style=\"font-size: medium;\"> piimalehma pindeesta, <em>jaaniku, jaaniku,<\/em><\/span><br \/>\n<span style=\"font-size: medium;\"> vasiku vana t\u00f5besta, <em>jaaniku, jaaniku.<\/em><\/span><\/p>\n<p><span style=\"font-size: medium;\">Jaanikene, poisikene, <em>jaaniku, jaaniku!<\/em><\/span><br \/>\n<span style=\"font-size: medium;\"> Jaan tei saani saarikusse, <em>jaaniku, jaaniku,<\/em><\/span><br \/>\n<span style=\"font-size: medium;\"> kirju korju kuusikusse, <em>jaaniku, jaaniku.<\/em><\/span><br \/>\n<span style=\"font-size: medium;\"> Ega p\u00e4\u00e4va p\u00e4\u00e4sti laastu, <em>jaaniku, jaaniku,<\/em><\/span><br \/>\n<span style=\"font-size: medium;\"> ega kuu kopputs&#8217; k\u00f5dara, <em>jaaniku, jaaniku.<\/em><\/span><\/p>\n<p><span style=\"font-size: medium;\">Sai see saani valmiesse, <em>jaaniku, jaaniku.<\/em><\/span><br \/>\n<span style=\"font-size: medium;\"> Kesse sisse istunesse, <em>jaaniku, jaaniku? \u2013<\/em><\/span><br \/>\n<span style=\"font-size: medium;\"> Sisse istus Simmukene,<em> jaaniku, jaaniku,<\/em><\/span><br \/>\n<span style=\"font-size: medium;\"> sisse Simmu naisekene, <em>jaaniku, jaaniku.<\/em><\/span><\/p>\n<p><span style=\"font-size: medium;\">Kesse peran joosiesse, <em>jaaniku, jaaniku? \u2013<\/em><\/span><br \/>\n<span style=\"font-size: medium;\"> Peran joosi Peedukene, <em>jaaniku, jaaniku,<\/em><\/span><br \/>\n<span style=\"font-size: medium;\"> peran Peedu naisekene,<em> jaaniku, jaaniku!<\/em><\/span><\/p>\n<p><span style=\"font-size: small;\">Viis: Ann Peep (s\u00fcnd Keerd, 1849 &lt; K-Jaani) (E\u00dcS II 291 (83) &lt; Kodavere khk, Kokora v, Torila k &#8211; A. Liiv ja J. Raja, 1909); teksti on \u00fcles kirjutanud H.Maasen \/H III 8, 411\/2 (17) &lt; Palamuse khk, Luua, 1888)<\/span><\/p>\n<\/div>\nTagged in: <span class=\"post-to-page-tags\"><a href=\"https:\/\/regilaulik.folklore.ee\/pohjatartumaa\/tag\/jaanilaulud_\/\">jaanilaulud_<\/a><\/span><span class=\"post-to-page-tags\"><a href=\"https:\/\/regilaulik.folklore.ee\/pohjatartumaa\/tag\/palamuse_\/\">palamuse_<\/a><\/span><span class=\"post-to-page-image\"><a href=\"https:\/\/regilaulik.folklore.ee\/pohjatartumaa\/1\/kalendrilaulud\/suvi\/3-mis%c2%b4tes-jaani-oodetesse\/\"><\/a><\/span>\n<span class=\"post-to-page-readmore\"><a href=\"https:\/\/regilaulik.folklore.ee\/pohjatartumaa\/1\/kalendrilaulud\/suvi\/3-mis%c2%b4tes-jaani-oodetesse\/\">Read more...<\/a><\/span>\n<span class=\"post-to-page-comment-count\">0 comments<\/span>\n<hr class=\"post-to-page-separator\" \/>\n\n","protected":false},"excerpt":{"rendered":"<p>TULGE JAANIKU TULELE! Jaanilaule on P-Tartumaalt k\u00f5igest paar-kolm teksti ja nendelegi tuli viisid v\u00f5tta Viljandimaalt p\u00e4rit laulikutelt. Samas v\u00f5isid need viisid Tartumaal ka k\u00f5lada: kui Viljandimaa noorik J\u00e4rvamaale v\u00f5i Tartumaale kositi, v\u00f5ttis ta oma laulud ju kaasa. Jaanitule tegemise komme<span class=\"ellipsis\">&hellip;<\/span><\/p>\n<div class=\"read-more\"><a href=\"https:\/\/regilaulik.folklore.ee\/pohjatartumaa\/ajaring\/kalendrilaulud\/suvi\/\">Loe veel &#8250;<\/a><\/div>\n<p><!-- end of .read-more --><\/p>\n","protected":false},"author":2,"featured_media":0,"parent":528,"menu_order":0,"comment_status":"closed","ping_status":"closed","template":"content-sidebar-page.php","meta":{"ngg_post_thumbnail":0},"_links":{"self":[{"href":"https:\/\/regilaulik.folklore.ee\/pohjatartumaa\/wp-json\/wp\/v2\/pages\/634"}],"collection":[{"href":"https:\/\/regilaulik.folklore.ee\/pohjatartumaa\/wp-json\/wp\/v2\/pages"}],"about":[{"href":"https:\/\/regilaulik.folklore.ee\/pohjatartumaa\/wp-json\/wp\/v2\/types\/page"}],"author":[{"embeddable":true,"href":"https:\/\/regilaulik.folklore.ee\/pohjatartumaa\/wp-json\/wp\/v2\/users\/2"}],"replies":[{"embeddable":true,"href":"https:\/\/regilaulik.folklore.ee\/pohjatartumaa\/wp-json\/wp\/v2\/comments?post=634"}],"version-history":[{"count":10,"href":"https:\/\/regilaulik.folklore.ee\/pohjatartumaa\/wp-json\/wp\/v2\/pages\/634\/revisions"}],"predecessor-version":[{"id":2627,"href":"https:\/\/regilaulik.folklore.ee\/pohjatartumaa\/wp-json\/wp\/v2\/pages\/634\/revisions\/2627"}],"up":[{"embeddable":true,"href":"https:\/\/regilaulik.folklore.ee\/pohjatartumaa\/wp-json\/wp\/v2\/pages\/528"}],"wp:attachment":[{"href":"https:\/\/regilaulik.folklore.ee\/pohjatartumaa\/wp-json\/wp\/v2\/media?parent=634"}],"curies":[{"name":"wp","href":"https:\/\/api.w.org\/{rel}","templated":true}]}}