{"id":12903,"date":"2021-07-22T16:07:11","date_gmt":"2021-07-22T13:07:11","guid":{"rendered":"http:\/\/regilaulik.folklore.ee\/vorumaa\/?page_id=12903"},"modified":"2022-04-11T07:15:21","modified_gmt":"2022-04-11T04:15:21","slug":"vahtsoliina","status":"publish","type":"page","link":"https:\/\/regilaulik.folklore.ee\/vorumaa\/elotsoor\/saajalauluq\/vahtsoliina\/","title":{"rendered":"Vahts\u00f5liina"},"content":{"rendered":"\n<p>________________________________________________________________________<\/p>\n\n\n<h2 class=\"post-to-page-title\">1. MUL UM VIHA VELE P\u00c4\u00c4LE<\/h2>\n<div class=\"post-to-page-content\">\n\n<p>*<\/p>\n\n\n\n<p>MUL UM VIHA VELE P\u00c4\u00c4LE, kasso, masso,<br>paha parhillaki,<br>veli veie viina tuuhu viirde,<br>kos\u00f5 naas\u00f5 tuust veerest.<br>Tuu nurm\u00f5 nulga p\u00e4\u00e4lt,<br>tuu kodo kolga p\u00e4\u00e4lt.<br>Tu olll\u00b4 kolgah k\u00f5k\u00f5 kur\u00b4\u00f5mb ,<br>veereh k\u00f5g\u00f5 vihasamb .<br>K\u00f5\u00f5 sa ihksi\u2019 uma i\u00e4,<br>kai\u00f5\u2019 uma kasup\u00f5lv\u00f5.<br>\u00c4r\u00e4\u2019 sa s\u00f5ki\u2019 s\u00f5\u00f5ruveere\u2019,<br>pitsitelli\u2019 j\u00f5\u00f5perve\u2019,<br>ummi nisso nirgut\u00f5ll\u00f5h,<br>ummi n\u00e4nni n\u00e4\u00fctelleh.<br>Veeri\u2019 sa mu vele vildi ala,<br>kargsi\u2019 sa mu vele kaabu ala,<br>sinis\u00e4rgi siilo ala.<\/p>\n\n\n\n<p class=\"has-small-font-size\">Tekst: E 29300\/1, &lt; Vastseliina &#8211; A. Suurkask (1896).<\/p>\n<\/div>\n<span class=\"post-to-page-image\"><a href=\"https:\/\/regilaulik.folklore.ee\/vorumaa\/elotsoor\/saajalauluq\/vahtsoliina\/1-mul-um-viha-vele-paale\/\"><\/a><\/span>\n<span class=\"post-to-page-readmore\"><a href=\"https:\/\/regilaulik.folklore.ee\/vorumaa\/elotsoor\/saajalauluq\/vahtsoliina\/1-mul-um-viha-vele-paale\/\">Read more...<\/a><\/span>\n<span class=\"post-to-page-comment-count\">0 comments<\/span>\n<hr class=\"post-to-page-separator\" \/>\n\n","protected":false},"excerpt":{"rendered":"<p>________________________________________________________________________<\/p>\n","protected":false},"author":3,"featured_media":0,"parent":859,"menu_order":0,"comment_status":"closed","ping_status":"closed","template":"content-sidebar-page.php","meta":{"ngg_post_thumbnail":0},"_links":{"self":[{"href":"https:\/\/regilaulik.folklore.ee\/vorumaa\/wp-json\/wp\/v2\/pages\/12903"}],"collection":[{"href":"https:\/\/regilaulik.folklore.ee\/vorumaa\/wp-json\/wp\/v2\/pages"}],"about":[{"href":"https:\/\/regilaulik.folklore.ee\/vorumaa\/wp-json\/wp\/v2\/types\/page"}],"author":[{"embeddable":true,"href":"https:\/\/regilaulik.folklore.ee\/vorumaa\/wp-json\/wp\/v2\/users\/3"}],"replies":[{"embeddable":true,"href":"https:\/\/regilaulik.folklore.ee\/vorumaa\/wp-json\/wp\/v2\/comments?post=12903"}],"version-history":[{"count":3,"href":"https:\/\/regilaulik.folklore.ee\/vorumaa\/wp-json\/wp\/v2\/pages\/12903\/revisions"}],"predecessor-version":[{"id":16396,"href":"https:\/\/regilaulik.folklore.ee\/vorumaa\/wp-json\/wp\/v2\/pages\/12903\/revisions\/16396"}],"up":[{"embeddable":true,"href":"https:\/\/regilaulik.folklore.ee\/vorumaa\/wp-json\/wp\/v2\/pages\/859"}],"wp:attachment":[{"href":"https:\/\/regilaulik.folklore.ee\/vorumaa\/wp-json\/wp\/v2\/media?parent=12903"}],"curies":[{"name":"wp","href":"https:\/\/api.w.org\/{rel}","templated":true}]}}