{"id":3826,"date":"2013-09-06T11:27:05","date_gmt":"2013-09-06T08:27:05","guid":{"rendered":"http:\/\/regilaulik.folklore.ee\/virumaa\/?page_id=3826"},"modified":"2021-07-22T16:36:54","modified_gmt":"2021-07-22T13:36:54","slug":"liisulugomisoq","status":"publish","type":"page","link":"https:\/\/regilaulik.folklore.ee\/vorumaa\/ilmatsoor\/laulumangoq\/liisulugomisoq\/","title":{"rendered":"Liisulug\u00f5mis\u00f5q"},"content":{"rendered":"<p>&nbsp;<\/p>\n<p>&nbsp;<\/p>\n<p>__________________________________________________________<br \/>\n<h2 class=\"post-to-page-title\">_*_<\/h2>\n<div class=\"post-to-page-content\">\n<\/div>\n<span class=\"post-to-page-image\"><a href=\"https:\/\/regilaulik.folklore.ee\/vorumaa\/ilmatroor\/laulumangoq\/liisulugomisoq\/__-54\/\"><\/a><\/span>\n<span class=\"post-to-page-readmore\"><a href=\"https:\/\/regilaulik.folklore.ee\/vorumaa\/ilmatroor\/laulumangoq\/liisulugomisoq\/__-54\/\">Read more...<\/a><\/span>\n<span class=\"post-to-page-comment-count\">0 comments<\/span>\n<hr class=\"post-to-page-separator\" \/>\n<h2 class=\"post-to-page-title\">_M \u00e4 n g u l i s e d__l u g e m i s e d_<\/h2>\n<div class=\"post-to-page-content\">\n<\/div>\n<span class=\"post-to-page-image\"><a href=\"https:\/\/regilaulik.folklore.ee\/vorumaa\/ilmatroor\/laulumangoq\/liisulugomisoq\/_m-a-n-g-u-l-i-s-e-d__l-u-g-e-m-i-s-e-d_\/\"><\/a><\/span>\n<span class=\"post-to-page-readmore\"><a href=\"https:\/\/regilaulik.folklore.ee\/vorumaa\/ilmatroor\/laulumangoq\/liisulugomisoq\/_m-a-n-g-u-l-i-s-e-d__l-u-g-e-m-i-s-e-d_\/\">Read more...<\/a><\/span>\n<span class=\"post-to-page-comment-count\">0 comments<\/span>\n<hr class=\"post-to-page-separator\" \/>\n<h2 class=\"post-to-page-title\">1. TS\u00c4KU, N\u00c4KU (Rg)<\/h2>\n<div class=\"post-to-page-content\">\n\n<p class=\"has-text-align-right\"><em>R\u00f5ug\u00f5<\/em><\/p>\n\n\n\n<p class=\"has-medium-font-size\">Lug\u00f5mis\u00f5 m\u00e4ng<\/p>\n\n\n\n<p>*<\/p>\n\n\n\n<p>\u00dctlej\u00e4l um kirv\u00f5s k\u00e4ehn, rago vasta puud ehk palki ja lug\u00f5:<\/p>\n\n\n\n<p>\u201eTS\u00c4KU, N\u00c4KU, t\u00e4ku, t\u00e4ku, t\u00e4i ludi,<br>kes ei usu\u2019 tulk\u00f5 kaema, et siin um viist\u00f5ist,\u201c<\/p>\n\n\n\n<p>ja l\u00fc\u00fc nii v\u00f5imalikult ruttu luk\u00f5hn 15 ts\u00e4lka puu sisse.<\/p>\n\n\n\n<p class=\"has-small-font-size\">Tekst: H II 60, 225\/6 (16) &#8211; R\u00f5uge &#8211; Aug. Perli (1896).<\/p>\n<\/div>\nTagged in: <span class=\"post-to-page-tags\"><a href=\"https:\/\/regilaulik.folklore.ee\/vorumaa\/tag\/mangud_\/\">m\u00e4ngud_<\/a><\/span><span class=\"post-to-page-tags\"><a href=\"https:\/\/regilaulik.folklore.ee\/vorumaa\/tag\/rouge_\/\">r\u00f5uge_<\/a><\/span><span class=\"post-to-page-image\"><a href=\"https:\/\/regilaulik.folklore.ee\/vorumaa\/ilmatroor\/laulumangoq\/liisulugomisoq\/1-tsaku-naku-rg\/\"><\/a><\/span>\n<span class=\"post-to-page-readmore\"><a href=\"https:\/\/regilaulik.folklore.ee\/vorumaa\/ilmatroor\/laulumangoq\/liisulugomisoq\/1-tsaku-naku-rg\/\">Read more...<\/a><\/span>\n<span class=\"post-to-page-comment-count\">0 comments<\/span>\n<hr class=\"post-to-page-separator\" \/>\n<h2 class=\"post-to-page-title\">2. \u00c4TT AI H\u00c4R\u00c4 JORRU (Urv)<\/h2>\n<div class=\"post-to-page-content\">\n\n<p class=\"has-text-align-right\"><em>Urvast\u00f5<\/em><\/p>\n\n\n\n<p class=\"has-medium-font-size\">Latsi lug\u00f5min\u00f5<\/p>\n\n\n\n<p>*<\/p>\n\n\n\n<p>\u00c4TT AI H\u00c4R\u00c4 JORRU,<br>n\u00e4nn kasts\u00f5 karaskit,<br>paa sisse, pangi sisse,<br>kirev\u00e4dse kipi sisse.<\/p>\n\n\n\n<p class=\"has-small-font-size\">Tekst: H III 9, 709 (25) &lt; Urvaste khk, Koigu v &#8211; Gustav Seen (1889).<\/p>\n\n\n\n<p><\/p>\n<\/div>\nTagged in: <span class=\"post-to-page-tags\"><a href=\"https:\/\/regilaulik.folklore.ee\/vorumaa\/tag\/mangud_\/\">m\u00e4ngud_<\/a><\/span><span class=\"post-to-page-tags\"><a href=\"https:\/\/regilaulik.folklore.ee\/vorumaa\/tag\/urvaste_\/\">urvaste_<\/a><\/span><span class=\"post-to-page-image\"><a href=\"https:\/\/regilaulik.folklore.ee\/vorumaa\/ilmatroor\/laulumangoq\/liisulugomisoq\/2-att-ai-hara-jorru-urv\/\"><\/a><\/span>\n<span class=\"post-to-page-readmore\"><a href=\"https:\/\/regilaulik.folklore.ee\/vorumaa\/ilmatroor\/laulumangoq\/liisulugomisoq\/2-att-ai-hara-jorru-urv\/\">Read more...<\/a><\/span>\n<span class=\"post-to-page-comment-count\">0 comments<\/span>\n<hr class=\"post-to-page-separator\" \/>\n<h2 class=\"post-to-page-title\">3. LUU\u2019 P\u00c4TSI! (Plv)<\/h2>\n<div class=\"post-to-page-content\">\n\n<p class=\"has-text-align-right\"><em>P\u00f5lva<\/em><\/p>\n\n\n\n<p class=\"has-medium-font-size\">Lug\u00f5min\u00f5<\/p>\n\n\n\n<p>*<\/p>\n\n\n\n<p>LUU\u2019 P\u00c4TSI,<br>kuku p\u00e4tsi,<br>pai p\u00e4tsi,<br>pan\u00f5\u2019 ahjo,<br>v\u00f5ta\u2019 v\u00e4ll\u00e4,<br>anna\u2019 mull\u00f5 ka amps!<br>Pai, pai, pai!<\/p>\n\n\n\n<p><strong>Inne l\u00fcvv\u00e4s k\u00e4ssi kokko ja per\u00e4st tet\u00e4s pai.<\/strong><\/p>\n\n\n\n<p class=\"has-small-font-size\">Tekst: RKM II 208, 140 (27) &lt; P\u00f5lva khk, Eoste k, Ala t \u2013 Erna ja Herbert Tampere &lt; Liisa Plakk, 81 a (1966).<\/p>\n\n\n\n<p><\/p>\n<\/div>\nTagged in: <span class=\"post-to-page-tags\"><a href=\"https:\/\/regilaulik.folklore.ee\/vorumaa\/tag\/polva\/\">p\u00f5lva_<\/a><\/span><span class=\"post-to-page-image\"><a href=\"https:\/\/regilaulik.folklore.ee\/vorumaa\/ilmatroor\/laulumangoq\/liisulugomisoq\/3-luu-patsi-plv\/\"><\/a><\/span>\n<span class=\"post-to-page-readmore\"><a href=\"https:\/\/regilaulik.folklore.ee\/vorumaa\/ilmatroor\/laulumangoq\/liisulugomisoq\/3-luu-patsi-plv\/\">Read more...<\/a><\/span>\n<span class=\"post-to-page-comment-count\">0 comments<\/span>\n<hr class=\"post-to-page-separator\" \/>\n<h2 class=\"post-to-page-title\">4. TII\u2019 P\u00c4TSI, TIPPA P\u00c4TSI! (Kan)<\/h2>\n<div class=\"post-to-page-content\">\n\n<p class=\"has-text-align-right\"><em>Kanepi<\/em><\/p>\n\n\n\n<p class=\"has-medium-font-size\">Latsil\u00f5 laul<\/p>\n\n\n\n<p>*<\/p>\n\n\n\n<p>TII\u2019 P\u00c4TSI, TIPPA P\u00c4TSI,<br>luu\u2019 p\u00e4tsi, tuppa p\u00e4tsi;<br>tsiiri tsialihaga,<br>kaari kanamunaga.<br>Heid\u00e4\u2019 ahjo, haara\u2019 v\u00e4ll\u00e4,<br>suvv\u00f5 lopst.<\/p>\n\n\n\n<p class=\"has-small-font-size\">Tekst: H II 45, 67 (2) &lt; Kanepi khk \u2013 J. V\u00e4ggi (1892).<\/p>\n<\/div>\nTagged in: <span class=\"post-to-page-tags\"><a href=\"https:\/\/regilaulik.folklore.ee\/vorumaa\/tag\/kanepi_\/\">kanepi_<\/a><\/span><span class=\"post-to-page-image\"><a href=\"https:\/\/regilaulik.folklore.ee\/vorumaa\/ilmatroor\/laulumangoq\/liisulugomisoq\/4-tii-patsi-tippa-patsi-kan\/\"><\/a><\/span>\n<span class=\"post-to-page-readmore\"><a href=\"https:\/\/regilaulik.folklore.ee\/vorumaa\/ilmatroor\/laulumangoq\/liisulugomisoq\/4-tii-patsi-tippa-patsi-kan\/\">Read more...<\/a><\/span>\n<span class=\"post-to-page-comment-count\">0 comments<\/span>\n<hr class=\"post-to-page-separator\" \/>\n<h2 class=\"post-to-page-title\">5. TII\u2019 P\u00c4TSI, KASTA\u2019 KAKKU (Krl)<\/h2>\n<div class=\"post-to-page-content\">\n\n<p class=\"has-text-align-right\"><em>Karula<\/em><\/p>\n\n\n\n<p class=\"has-medium-font-size\">Lats\u00f5l\u00f5 laulti<\/p>\n\n\n\n<p>*<\/p>\n\n\n\n<p>TII\u2019 P\u00c4TSI, KASTA\u2019 KAKKU,<br>hiid\u00e4\u2019 ahju, v\u00f5ta\u2019 v\u00e4ll\u00e4,<br>tsiirud\u00f5 tsia liha,<br>kapud\u00f5 kana liha.<br>Hampsti! Pai, hampsti!<\/p>\n\n\n\n<p class=\"has-small-font-size\">Tekst: RKM II 394, 36 (12) &lt; Karula khk \u2013 A. P\u00e4rsim\u00e4gi &lt; Anna P\u00e4rsim\u00e4gi (s\u00fcnd 1887), (1976).<\/p>\n<\/div>\nTagged in: <span class=\"post-to-page-tags\"><a href=\"https:\/\/regilaulik.folklore.ee\/vorumaa\/tag\/karula_\/\">Karula_<\/a><\/span><span class=\"post-to-page-image\"><a href=\"https:\/\/regilaulik.folklore.ee\/vorumaa\/ilmatroor\/laulumangoq\/liisulugomisoq\/5-tii-patsi-kasta-kakku-krl\/\"><\/a><\/span>\n<span class=\"post-to-page-readmore\"><a href=\"https:\/\/regilaulik.folklore.ee\/vorumaa\/ilmatroor\/laulumangoq\/liisulugomisoq\/5-tii-patsi-kasta-kakku-krl\/\">Read more...<\/a><\/span>\n<span class=\"post-to-page-comment-count\">0 comments<\/span>\n<hr class=\"post-to-page-separator\" \/>\n<h2 class=\"post-to-page-title\">6. IISP\u00c4 - ERNET K\u00dcLVETI (Urv) (N\u00e4dalap\u00e4evad)<\/h2>\n<div class=\"post-to-page-content\">\n\n<p class=\"has-text-align-right\"><em>Urvast\u00f5<\/em><\/p>\n\n\n\n<p class=\"has-medium-font-size\">N\u00e4d\u00e4lip\u00e4ivi t\u00fc\u00fc\u2019<\/p>\n\n\n\n<p>*<\/p>\n\n\n\n<p>IISP\u00c4 &#8211; ERNET K\u00dcLVETI,<br>t\u00f5s\u00f5pa &#8211; t\u00f5ugu tetti,<br>kolmaba &#8211; kott\u00f5 koeti,<br>nell\u00e4b\u00e4 &#8211; joba niideti,<br>riidi &#8211; riiht pesti,<br>puulba &#8211; putru keedeti,<br>p\u00fch\u00e4b\u00e4 &#8211; kerkun k\u00e4\u00fcti.<\/p>\n\n\n\n<p class=\"has-small-font-size\">Tekst: ERA II 2, 347 (6) &lt; Urvaste khk, Vana-Antsla v \u2013 Herbert Tampere &lt; Sohvi Leess, 69 a (1928).<\/p>\n<\/div>\nTagged in: <span class=\"post-to-page-tags\"><a href=\"https:\/\/regilaulik.folklore.ee\/vorumaa\/tag\/urvasto\/\">urvast\u00f5_<\/a><\/span><span class=\"post-to-page-image\"><a href=\"https:\/\/regilaulik.folklore.ee\/vorumaa\/ilmatroor\/laulumangoq\/liisulugomisoq\/6-iispa-ernet-kulveti-urv-nadalapaevad\/\"><\/a><\/span>\n<span class=\"post-to-page-readmore\"><a href=\"https:\/\/regilaulik.folklore.ee\/vorumaa\/ilmatroor\/laulumangoq\/liisulugomisoq\/6-iispa-ernet-kulveti-urv-nadalapaevad\/\">Read more...<\/a><\/span>\n<span class=\"post-to-page-comment-count\">0 comments<\/span>\n<hr class=\"post-to-page-separator\" \/>\n<h2 class=\"post-to-page-title\">7. IISP\u00c4 IK\u00d5TI (Urv) (N\u00e4dalap\u00e4evad)<\/h2>\n<div class=\"post-to-page-content\">\n\n<p class=\"has-text-align-right\"><em>Urvast\u00f5<\/em><\/p>\n\n\n\n<p class=\"has-medium-font-size\">N\u00e4d\u00e4lip\u00e4\u00e4v\u00e4\u2019*<\/p>\n\n\n\n<p><\/p>\n\n\n\n<p>IISP\u00c4 IK\u00d5TI,<br>t\u00f5s\u00f5p\u00e4 t\u00f5r\u00f5ldi,<br>kolmap\u00e4 koira tap\u00f5ti,<br>nel\u00e4p\u00e4 nahka niluti,<br>riidi riiht pesti,<br>puulp\u00e4 putru pombati,<br>p\u00fch\u00e4p\u00e4 p\u00fc\u00fcdlit lasti.<\/p>\n\n\n\n<p class=\"has-small-font-size\">Tekst: H III 9, 904 (3) &lt; Urvaste khk, Koigu v \u2013 Gustav Seen (g\u00fcmn. \u00f5pilane) (1888).<\/p>\n\n\n\n<p><\/p>\n<\/div>\nTagged in: <span class=\"post-to-page-tags\"><a href=\"https:\/\/regilaulik.folklore.ee\/vorumaa\/tag\/urvaste_\/\">urvaste_<\/a><\/span><span class=\"post-to-page-image\"><a href=\"https:\/\/regilaulik.folklore.ee\/vorumaa\/ilmatroor\/laulumangoq\/liisulugomisoq\/7-iispa-ikoti-urv-nadalapaevad\/\"><\/a><\/span>\n<span class=\"post-to-page-readmore\"><a href=\"https:\/\/regilaulik.folklore.ee\/vorumaa\/ilmatroor\/laulumangoq\/liisulugomisoq\/7-iispa-ikoti-urv-nadalapaevad\/\">Read more...<\/a><\/span>\n<span class=\"post-to-page-comment-count\">0 comments<\/span>\n<hr class=\"post-to-page-separator\" \/>\n<h2 class=\"post-to-page-title\">8. MIS \u00dcTS? (Urv)<\/h2>\n<div class=\"post-to-page-content\">\n\n<p class=\"has-text-align-right\"><em>Urvast\u00f5<\/em><\/p>\n\n\n\n<p class=\"has-medium-font-size\">Latsi lug\u00f5min\u00f5<\/p>\n\n\n\n<p>*<\/p>\n\n\n\n<p>MIS \u00dcTS? &#8211; \u00dcts ei ol\u00f5\u2019 mid\u00e4gi.<br>Mis kats? &#8211; Kats silm\u00e4 p\u00e4\u00e4n.<br>Mis kolm? &#8211; Kolm lats\u00f5 pudrupoti jalga.<br>Mis neli? &#8211; Neli lehm\u00e4 nissa.<br>Mis viis? &#8211; Viis s\u00f5rm\u00f5 peon.<br>Mis kuus? &#8211; Kuus hob\u00f5seravva mulku.<br>Mis s\u00e4idse? &#8211; S\u00e4idse taivas\u00f5gla t\u00e4hte.<br>Mis katessa? &#8211; Kat\u00f5ssa riik\u00f5darat.<br>Mis \u00fctess\u00e4? &#8211; \u00dctess\u00e4 inemise ihumulku.<br>Mis k\u00fcmme? &#8211; K\u00fcmne p\u00e4\u00e4le ei ol\u00f5\u2019 lepingut tett\u00fc.<\/p>\n\n\n\n<p class=\"has-small-font-size\">Tekst: ERA II 2, 363 (1) &lt; Urvaste khk, Vastse-Antsla v \u2013 H. Tampere &lt; Katri Konov, 78 a (1928).<\/p>\n\n\n\n<p><\/p>\n\n\n\n<p><\/p>\n<\/div>\nTagged in: <span class=\"post-to-page-tags\"><a href=\"https:\/\/regilaulik.folklore.ee\/vorumaa\/tag\/urvasto\/\">urvast\u00f5_<\/a><\/span><span class=\"post-to-page-image\"><a href=\"https:\/\/regilaulik.folklore.ee\/vorumaa\/ilmatroor\/laulumangoq\/liisulugomisoq\/8-mis-uts-urv\/\"><\/a><\/span>\n<span class=\"post-to-page-readmore\"><a href=\"https:\/\/regilaulik.folklore.ee\/vorumaa\/ilmatroor\/laulumangoq\/liisulugomisoq\/8-mis-uts-urv\/\">Read more...<\/a><\/span>\n<span class=\"post-to-page-comment-count\">0 comments<\/span>\n<hr class=\"post-to-page-separator\" \/>\n<h2 class=\"post-to-page-title\">9. MIS \u00dcTS? EI MID\u00c4GI! (Hrg)<\/h2>\n<div class=\"post-to-page-content\">\n\n<p class=\"has-text-align-right\"><em>Hargl\u00f5<\/em><\/p>\n\n\n\n<p class=\"has-medium-font-size\">Latsilug\u00f5min\u00f5<\/p>\n\n\n\n<p>*<\/p>\n\n\n\n<p>MIS \u00dcTS? &#8211; EI MID\u00c4GI!<br>Mis kats? &#8211; Kats silm\u00e4 p\u00e4\u00e4n.<br>Mis kolm? &#8211; Kolm\u00f5 jalaga lats\u00f5 pudrupott.<br>Mis neli? &#8211; Lehm\u00e4l neli nissa.<br>Mis viis? &#8211; Mihel viis p\u00e4kk\u00e4 peon.<br>Mis kuus? &#8211; Hop\u00f5n um kuu\u00f5 naalaga rauan.<br>Mis s\u00e4idse? &#8211; S\u00e4idse t\u00e4hte taivas\u00f5glan.<br>Mis kat\u00f5sa? &#8211; Katsa h\u00e4r\u00e4ga haku veeti.<br>Mis \u00fctes\u00e4? &#8211; Reb\u00e4se\u2019 reke tekki\u2019.<br>Mis k\u00fcmme? &#8211; Kassi\u2019 kangast kotti\u2019.<br>Mis \u00fctst\u00f5isk\u00fcmmend? &#8211; Hiire\u2019 l\u00f5iki\u2019 l\u00f5pendiid.<br>Mis katst\u00f5isk\u00fcmmend? &#8211; Katst\u00f5isk\u00fcmme s\u00f5numit sa pi\u00e4t tuuma.<\/p>\n\n\n\n<p class=\"has-small-font-size\">Tekst: ERA II 132, 68 (35) &lt; Hargla khk \u2013 I. Trusman &lt; Hipp Reisberg (1936).<\/p>\n<\/div>\nTagged in: <span class=\"post-to-page-tags\"><a href=\"https:\/\/regilaulik.folklore.ee\/vorumaa\/tag\/hargla_\/\">hargla_<\/a><\/span><span class=\"post-to-page-image\"><a href=\"https:\/\/regilaulik.folklore.ee\/vorumaa\/ilmatroor\/laulumangoq\/liisulugomisoq\/9-mis-uts-ei-midagi-hrg\/\"><\/a><\/span>\n<span class=\"post-to-page-readmore\"><a href=\"https:\/\/regilaulik.folklore.ee\/vorumaa\/ilmatroor\/laulumangoq\/liisulugomisoq\/9-mis-uts-ei-midagi-hrg\/\">Read more...<\/a><\/span>\n<span class=\"post-to-page-comment-count\">0 comments<\/span>\n<hr class=\"post-to-page-separator\" \/>\n<h2 class=\"post-to-page-title\">10. MIS NIMI? (Kan)<\/h2>\n<div class=\"post-to-page-content\">\n\n<p class=\"has-text-align-right\"><em>Kanepi<\/em><\/p>\n\n\n\n<p class=\"has-medium-font-size\">Lug\u00f5min\u00f5<\/p>\n\n\n\n<p>*<\/p>\n\n\n\n<p>MIS NIMI? &#8211; Nipitiri.<br>Mis v\u00e4\u00e4rnimi? &#8211; V\u00e4idse ots.<br>Mis kolmas nimi? &#8211; Koira saba.<br>Mis nel\u00e4s nimi? &#8211; Nelliku nisa.<br>Mis viies nimi? &#8211; Viksi Villem.<br>Mis kuvv\u00f5s nimi? &#8211; Kuputil.<br>Mis s\u00e4itsmes nimi? &#8211; Karva K\u00f5rv\u00f5k\u00f5n\u00f5.<br>Mis \u00fcts\u00e4s nimi? &#8211; H\u00fclbi Hansuk\u00f5n\u00f5.<br>Mis k\u00fcmnes nimi? &#8211; K\u00fc\u00fcr\u00e4 J\u00fcrikene.<\/p>\n\n\n\n<p class=\"has-small-font-size\">Tekst: E 56383 (3) &lt; Kanepi khk, K\u00f5lleste v \u2013 Ev. Gr\u00fcnberg &lt; Anna Himalane, 62 a (1925).<\/p>\n<\/div>\nTagged in: <span class=\"post-to-page-tags\"><a href=\"https:\/\/regilaulik.folklore.ee\/vorumaa\/tag\/kanepi_\/\">kanepi_<\/a><\/span><span class=\"post-to-page-image\"><a href=\"https:\/\/regilaulik.folklore.ee\/vorumaa\/ilmatroor\/laulumangoq\/liisulugomisoq\/10-mis-nimi-kan\/\"><\/a><\/span>\n<span class=\"post-to-page-readmore\"><a href=\"https:\/\/regilaulik.folklore.ee\/vorumaa\/ilmatroor\/laulumangoq\/liisulugomisoq\/10-mis-nimi-kan\/\">Read more...<\/a><\/span>\n<span class=\"post-to-page-comment-count\">0 comments<\/span>\n<hr class=\"post-to-page-separator\" \/>\n<h2 class=\"post-to-page-title\">11. T\u00c4ITAPJA JA KOTIN\u00d5KLJA (Krl)<\/h2>\n<div class=\"post-to-page-content\">\n\n<p class=\"has-text-align-right\"><em>Karula<\/em><\/p>\n\n\n\n<p class=\"has-medium-font-size\">S\u00f5rmi nime\u2019<\/p>\n\n\n\n<p>*<\/p>\n\n\n\n<p>S\u00f5rmi opati lats\u00f5l\u00f5.<\/p>\n\n\n\n<p>T\u00c4ITAPJA,          p\u00e4ss,<br>Kotin\u00f5klja,        edim\u00e4ne s\u00f5rm,<br>Pikk Piitre,        t\u00f5\u00f5n\u00f5,<br>Nimet\u00e4 Mats,   kolmas,<br>V\u00e4ikene Ants,   v\u00e4iku s\u00f5rm.<\/p>\n\n\n\n<p class=\"has-small-font-size\">Tekst: RKM I 13, 518 &lt; Karula &#8211; Anna P\u00e4rsim\u00e4gi (1976).<\/p>\n<\/div>\n<span class=\"post-to-page-image\"><a href=\"https:\/\/regilaulik.folklore.ee\/vorumaa\/ilmatroor\/laulumangoq\/liisulugomisoq\/11-taitapja-ja-kotinoklja-krl\/\"><\/a><\/span>\n<span class=\"post-to-page-readmore\"><a href=\"https:\/\/regilaulik.folklore.ee\/vorumaa\/ilmatroor\/laulumangoq\/liisulugomisoq\/11-taitapja-ja-kotinoklja-krl\/\">Read more...<\/a><\/span>\n<span class=\"post-to-page-comment-count\">0 comments<\/span>\n<hr class=\"post-to-page-separator\" \/>\n<h2 class=\"post-to-page-title\">12. \u00dcKSI\u2019 T\u00dcKSI\u2019, TOOM\u00d5 TILKA  (Urv)<\/h2>\n<div class=\"post-to-page-content\">\n\n<p class=\"has-text-align-right\"><em>Urvast\u00f5<\/em><\/p>\n\n\n\n<p class=\"has-medium-font-size\">Latsi lug\u00f5min\u00f5<\/p>\n\n\n\n<p>*<\/p>\n\n\n\n<p>\u00dcKSI\u2019 T\u00dcKSI\u2019, TOOM\u00d5 TILKA,<br>viksi\u2019 vaksi\u2019, vainas kukku,<br>sull\u00f5 olgu\u2019 tille tibu,<br>nall&#8217;a nabu,<br>kooga m\u00f5tsa,<br>kolaku leib.<\/p>\n\n\n\n<p class=\"has-small-font-size\">Tekst: H III 9, 795 (6) &lt; Urvaste kh., Koigu v \u2013 Gustav Seen (1889).<\/p>\n<\/div>\nTagged in: <span class=\"post-to-page-tags\"><a href=\"https:\/\/regilaulik.folklore.ee\/vorumaa\/tag\/urvaste_\/\">urvaste_<\/a><\/span><span class=\"post-to-page-image\"><a href=\"https:\/\/regilaulik.folklore.ee\/vorumaa\/ilmatroor\/laulumangoq\/liisulugomisoq\/12-uksi-tuksi-toomo-tilka-urv\/\"><\/a><\/span>\n<span class=\"post-to-page-readmore\"><a href=\"https:\/\/regilaulik.folklore.ee\/vorumaa\/ilmatroor\/laulumangoq\/liisulugomisoq\/12-uksi-tuksi-toomo-tilka-urv\/\">Read more...<\/a><\/span>\n<span class=\"post-to-page-comment-count\">0 comments<\/span>\n<hr class=\"post-to-page-separator\" \/>\n<h2 class=\"post-to-page-title\">13. \u00dcKSIS TUKSIS TOOM\u00d5 TILKU (Kan) (lisatud m\u00e4ngu kirjeldus)<\/h2>\n<div class=\"post-to-page-content\">\n\n<p class=\"has-text-align-right\"><em>Kanepi<\/em><\/p>\n\n\n\n<p class=\"has-medium-font-size\">M\u00e4ng, lug\u00f5min\u00f5<\/p>\n\n\n\n<p>*<\/p>\n\n\n\n<p>\u00dcKSIS, TUKSIS TOOM\u00d5 TILKU,<br>veeme kolku,<br>sull\u00f5 olgu\u2019 tille tipu,<br>tille tipu, v\u00e4ll\u00e4 n\u00e4pu,<br>kulaku leht. &#8211;<\/p>\n\n\n\n<p><strong>Lats\u00f5\u2019 loiva\u2019 seod ts\u00f5\u00f5rin saist\u00f5n, eg\u00e4 s\u00f5naga \u00fctte n\u00e4\u00fcd\u00e4ten; kink(kelle) p\u00e4\u00e4le &#8220;kulaku leht&#8221; satt\u00f5, tuu pidi mid\u00e4gi tegem\u00e4, mi\u00e4 inne oll&#8217; \u00e4r\u2019 m\u00e4\u00e4r\u00e4t.<\/strong><\/p>\n\n\n\n<p class=\"has-small-font-size\">Tekst: H II 28, 295\/6 (4) &lt; Kanepi khk, Valgj\u00e4rve v \u2013 G. E. Luiga (1888).<\/p>\n<\/div>\nTagged in: <span class=\"post-to-page-tags\"><a href=\"https:\/\/regilaulik.folklore.ee\/vorumaa\/tag\/kanepi_\/\">kanepi_<\/a><\/span><span class=\"post-to-page-image\"><a href=\"https:\/\/regilaulik.folklore.ee\/vorumaa\/ilmatroor\/laulumangoq\/liisulugomisoq\/13-uksis-tuksis-toomo-tilku-kan-lisatud-mangu-kirjeldus\/\"><\/a><\/span>\n<span class=\"post-to-page-readmore\"><a href=\"https:\/\/regilaulik.folklore.ee\/vorumaa\/ilmatroor\/laulumangoq\/liisulugomisoq\/13-uksis-tuksis-toomo-tilku-kan-lisatud-mangu-kirjeldus\/\">Read more...<\/a><\/span>\n<span class=\"post-to-page-comment-count\">0 comments<\/span>\n<hr class=\"post-to-page-separator\" \/>\n<h2 class=\"post-to-page-title\">14. ENTEL, TENTEL TRIKA TREI (Vst)<\/h2>\n<div class=\"post-to-page-content\">\n\n<p class=\"has-text-align-right\"><em>Vahts\u00f5liina<\/em><\/p>\n\n\n\n<p class=\"has-medium-font-size\">Latsilug\u00f5min\u00f5<\/p>\n\n\n\n<p>*<\/p>\n\n\n\n<p>ENTEL, TENTEL TRIKA TREI,<br>viib\u00f5r, vaab\u00f5r, kup\u00f5rkoi,<br>Ints, tints tibula tamm kriisk.<\/p>\n\n\n\n<p class=\"has-small-font-size\">Tekst: ERA II 60, 573 (23) &lt; Vastseliina khk, v, as \u2013 Vambola Erik, 10 a (Vastseliina as. algkool) (1933).<\/p>\n<\/div>\n<span class=\"post-to-page-image\"><a href=\"https:\/\/regilaulik.folklore.ee\/vorumaa\/ilmatroor\/laulumangoq\/liisulugomisoq\/14-entel-tentel-trika-trei-vst\/\"><\/a><\/span>\n<span class=\"post-to-page-readmore\"><a href=\"https:\/\/regilaulik.folklore.ee\/vorumaa\/ilmatroor\/laulumangoq\/liisulugomisoq\/14-entel-tentel-trika-trei-vst\/\">Read more...<\/a><\/span>\n<span class=\"post-to-page-comment-count\">0 comments<\/span>\n<hr class=\"post-to-page-separator\" \/>\n<h2 class=\"post-to-page-title\">15. UDINA\u2019 ADINA\u2019 SEKSE SEM (Urv)<\/h2>\n<div class=\"post-to-page-content\">\n\n<p class=\"has-text-align-right\"><em>Urvast\u00f5<\/em><\/p>\n\n\n\n<p class=\"has-medium-font-size\">Latsilug\u00f5min\u00f5<\/p>\n\n\n\n<p>*<\/p>\n\n\n\n<p>UDINA\u2019 ADINA\u2019 SEKSE SEM,<br>vesper valla, kup\u00f5r koi,<br>tits&#8217; kits&#8217;, tib\u00f5na tits&#8217;,<br>tamm\u00f5 kriiska.<\/p>\n\n\n\n<p class=\"has-small-font-size\">Tekst: H III 9, 795 (7) &lt; Urvaste khk, Koigu v \u2013 Gustav Seen (1889).<\/p>\n<\/div>\nTagged in: <span class=\"post-to-page-tags\"><a href=\"https:\/\/regilaulik.folklore.ee\/vorumaa\/tag\/urvaste_\/\">urvaste_<\/a><\/span><span class=\"post-to-page-image\"><a href=\"https:\/\/regilaulik.folklore.ee\/vorumaa\/ilmatroor\/laulumangoq\/liisulugomisoq\/15-udina-adina-sekse-sem-urv\/\"><\/a><\/span>\n<span class=\"post-to-page-readmore\"><a href=\"https:\/\/regilaulik.folklore.ee\/vorumaa\/ilmatroor\/laulumangoq\/liisulugomisoq\/15-udina-adina-sekse-sem-urv\/\">Read more...<\/a><\/span>\n<span class=\"post-to-page-comment-count\">0 comments<\/span>\n<hr class=\"post-to-page-separator\" \/>\n<h2 class=\"post-to-page-title\">16. SING\u00d5L VING\u00d5L N\u00d5NAPRILL (Kan)<\/h2>\n<div class=\"post-to-page-content\">\n\n<p class=\"has-text-align-right\"><em>Kanepi<\/em><\/p>\n\n\n\n<p class=\"has-medium-font-size\">Lug\u00f5min\u00f5<\/p>\n\n\n\n<p>*<\/p>\n\n\n\n<p>SING\u00d5L VING\u00d5L N\u00d5NAPRILL<br>meil oll&#8217; koton krookutill,<br>krookutill tekk&#8217; pall&#8217;o nall&#8217;a,<br>ai lats\u00f5\u2019 tar\u00f5st v\u00e4ll\u00e4.<\/p>\n\n\n\n<p class=\"has-small-font-size\">Tekst: E 56384 (7) &lt; Kanepi khk, K\u00f5lleste v \u2013 Ev. Gr\u00fcnberg &lt; Anna Himalane, 62 a (1925).<\/p>\n<\/div>\nTagged in: <span class=\"post-to-page-tags\"><a href=\"https:\/\/regilaulik.folklore.ee\/vorumaa\/tag\/kanepi\/\">kanepi<\/a><\/span><span class=\"post-to-page-image\"><a href=\"https:\/\/regilaulik.folklore.ee\/vorumaa\/ilmatroor\/laulumangoq\/liisulugomisoq\/16-singol-vingol-nonaprill-kan\/\"><\/a><\/span>\n<span class=\"post-to-page-readmore\"><a href=\"https:\/\/regilaulik.folklore.ee\/vorumaa\/ilmatroor\/laulumangoq\/liisulugomisoq\/16-singol-vingol-nonaprill-kan\/\">Read more...<\/a><\/span>\n<span class=\"post-to-page-comment-count\">0 comments<\/span>\n<hr class=\"post-to-page-separator\" \/>\n<h2 class=\"post-to-page-title\">17. KUTSA HAUK' KOP\u00d5LIN (Urv) (Loomade h\u00e4\u00e4litsemised)<\/h2>\n<div class=\"post-to-page-content\">\n\n<p class=\"has-text-align-right\"><em>Urvast\u00f5<\/em><\/p>\n\n\n\n<p class=\"has-text-align-left has-medium-font-size\">El\u00e4jide hel\u00fc\u2019<\/p>\n\n\n\n<p>*<\/p>\n\n\n\n<p>KUTSA HAUK&#8217; KOP\u00d5LIN:<br>\u201eLuid saa \u00fcrr\u00e4\u2019.\u201c<br>M\u00e4r\u00e4 m\u00e4nge m\u00e4e p\u00e4\u00e4l:<br>\u201ePulma s\u00f5ita\u2019.\u201c<br>Lammas laudan\u00f5 m\u00e4\u00e4ge:<br>\u201eM\u00f5rsja s\u00e4rki.\u201c<\/p>\n\n\n\n<p class=\"has-small-font-size\">Tekst: H II 36, 200 (260) &lt; Urvaste khk, Karula \u2013 Gustav Seen &lt; mitu &#8220;roomak\u00f5ist\u00f5&#8221; naist (1893).<\/p>\n<\/div>\nTagged in: <span class=\"post-to-page-tags\"><a href=\"https:\/\/regilaulik.folklore.ee\/vorumaa\/tag\/urvaste_\/\">urvaste_<\/a><\/span><span class=\"post-to-page-image\"><a href=\"https:\/\/regilaulik.folklore.ee\/vorumaa\/ilmatroor\/laulumangoq\/liisulugomisoq\/__-57\/\"><\/a><\/span>\n<span class=\"post-to-page-readmore\"><a href=\"https:\/\/regilaulik.folklore.ee\/vorumaa\/ilmatroor\/laulumangoq\/liisulugomisoq\/__-57\/\">Read more...<\/a><\/span>\n<span class=\"post-to-page-comment-count\">0 comments<\/span>\n<hr class=\"post-to-page-separator\" \/>\n<h2 class=\"post-to-page-title\">18. SUSI SUUN, SARV\u00d5\u2019 P\u00c4\u00c4N (Urv)<\/h2>\n<div class=\"post-to-page-content\">\n\n<p class=\"has-text-align-right\"><em>Urvast\u00f5<\/em><\/p>\n\n\n\n<p class=\"has-medium-font-size\">Latsi lug\u00f5min\u00f5<\/p>\n\n\n\n<p>*<\/p>\n\n\n\n<p>SUSI SUUN, SARV\u00d5\u2019 P\u00c4\u00c4N,<br>j\u00e4nes m\u00f5tsan, jala\u2019 all,<br>kahru karjan, kampson s\u00e4l\u00e4n,<br>suurt s\u00e4rki sukugi.<\/p>\n\n\n\n<p class=\"has-small-font-size\">Tekst: H III 9, 709 (26) &lt; Urvaste khk, Koigu v \u2013 Gustav Seen (1889).<\/p>\n<\/div>\nTagged in: <span class=\"post-to-page-tags\"><a href=\"https:\/\/regilaulik.folklore.ee\/vorumaa\/tag\/urvaste_\/\">urvaste_<\/a><\/span><span class=\"post-to-page-image\"><a href=\"https:\/\/regilaulik.folklore.ee\/vorumaa\/ilmatroor\/laulumangoq\/liisulugomisoq\/18-susi-suun-sarvo-paan-urv\/\"><\/a><\/span>\n<span class=\"post-to-page-readmore\"><a href=\"https:\/\/regilaulik.folklore.ee\/vorumaa\/ilmatroor\/laulumangoq\/liisulugomisoq\/18-susi-suun-sarvo-paan-urv\/\">Read more...<\/a><\/span>\n<span class=\"post-to-page-comment-count\">0 comments<\/span>\n<hr class=\"post-to-page-separator\" \/>\n<\/p>\n","protected":false},"excerpt":{"rendered":"<p>&nbsp; &nbsp; __________________________________________________________<\/p>\n","protected":false},"author":1,"featured_media":0,"parent":921,"menu_order":0,"comment_status":"closed","ping_status":"closed","template":"content-sidebar-page.php","meta":{"ngg_post_thumbnail":0},"_links":{"self":[{"href":"https:\/\/regilaulik.folklore.ee\/vorumaa\/wp-json\/wp\/v2\/pages\/3826"}],"collection":[{"href":"https:\/\/regilaulik.folklore.ee\/vorumaa\/wp-json\/wp\/v2\/pages"}],"about":[{"href":"https:\/\/regilaulik.folklore.ee\/vorumaa\/wp-json\/wp\/v2\/types\/page"}],"author":[{"embeddable":true,"href":"https:\/\/regilaulik.folklore.ee\/vorumaa\/wp-json\/wp\/v2\/users\/1"}],"replies":[{"embeddable":true,"href":"https:\/\/regilaulik.folklore.ee\/vorumaa\/wp-json\/wp\/v2\/comments?post=3826"}],"version-history":[{"count":14,"href":"https:\/\/regilaulik.folklore.ee\/vorumaa\/wp-json\/wp\/v2\/pages\/3826\/revisions"}],"predecessor-version":[{"id":12920,"href":"https:\/\/regilaulik.folklore.ee\/vorumaa\/wp-json\/wp\/v2\/pages\/3826\/revisions\/12920"}],"up":[{"embeddable":true,"href":"https:\/\/regilaulik.folklore.ee\/vorumaa\/wp-json\/wp\/v2\/pages\/921"}],"wp:attachment":[{"href":"https:\/\/regilaulik.folklore.ee\/vorumaa\/wp-json\/wp\/v2\/media?parent=3826"}],"curies":[{"name":"wp","href":"https:\/\/api.w.org\/{rel}","templated":true}]}}