{"id":509,"date":"2013-07-12T13:44:19","date_gmt":"2013-07-12T10:44:19","guid":{"rendered":"http:\/\/regilaulik.folklore.ee\/virumaa\/?page_id=509"},"modified":"2021-08-26T16:14:21","modified_gmt":"2021-08-26T13:14:21","slug":"paavast-paiva","status":"publish","type":"page","link":"https:\/\/regilaulik.folklore.ee\/vorumaa\/aotsoor\/paavast-paiva\/","title":{"rendered":"P\u00e4\u00e4v\u00e4st p\u00e4iv\u00e4"},"content":{"rendered":"<p><img loading=\"lazy\" class=\"alignnone size-full wp-image-12855\" src=\"http:\/\/regilaulik.folklore.ee\/vorumaa\/wp-content\/uploads\/P\u00e4evast-p\u00e4eva_MG_0956-e1541102258364.jpg\" alt=\"\" width=\"1080\" height=\"1619\"><\/p>\n","protected":false},"excerpt":{"rendered":"","protected":false},"author":1,"featured_media":0,"parent":442,"menu_order":1,"comment_status":"closed","ping_status":"closed","template":"content-sidebar-page.php","meta":{"ngg_post_thumbnail":0},"_links":{"self":[{"href":"https:\/\/regilaulik.folklore.ee\/vorumaa\/wp-json\/wp\/v2\/pages\/509"}],"collection":[{"href":"https:\/\/regilaulik.folklore.ee\/vorumaa\/wp-json\/wp\/v2\/pages"}],"about":[{"href":"https:\/\/regilaulik.folklore.ee\/vorumaa\/wp-json\/wp\/v2\/types\/page"}],"author":[{"embeddable":true,"href":"https:\/\/regilaulik.folklore.ee\/vorumaa\/wp-json\/wp\/v2\/users\/1"}],"replies":[{"embeddable":true,"href":"https:\/\/regilaulik.folklore.ee\/vorumaa\/wp-json\/wp\/v2\/comments?post=509"}],"version-history":[{"count":43,"href":"https:\/\/regilaulik.folklore.ee\/vorumaa\/wp-json\/wp\/v2\/pages\/509\/revisions"}],"predecessor-version":[{"id":12883,"href":"https:\/\/regilaulik.folklore.ee\/vorumaa\/wp-json\/wp\/v2\/pages\/509\/revisions\/12883"}],"up":[{"embeddable":true,"href":"https:\/\/regilaulik.folklore.ee\/vorumaa\/wp-json\/wp\/v2\/pages\/442"}],"wp:attachment":[{"href":"https:\/\/regilaulik.folklore.ee\/vorumaa\/wp-json\/wp\/v2\/media?parent=509"}],"curies":[{"name":"wp","href":"https:\/\/api.w.org\/{rel}","templated":true}]}}