{"id":634,"date":"2013-07-15T13:04:51","date_gmt":"2013-07-15T10:04:51","guid":{"rendered":"http:\/\/regilaulik.folklore.ee\/virumaa\/?page_id=634"},"modified":"2021-08-26T15:08:11","modified_gmt":"2021-08-26T12:08:11","slug":"suvi","status":"publish","type":"page","link":"https:\/\/regilaulik.folklore.ee\/vorumaa\/aotsoor\/kallondrilauluq\/suvi\/","title":{"rendered":"Suvi jaanitul\u00f5l"},"content":{"rendered":"\n<p class=\"has-text-align-right\">Jaan tull&#8217; pikk\u00e4 p\u00f5ldu m\u00fc\u00fcd\u00e4<br>Jaan tull&#8217; ummi latsi kaem\u00f5<br>Kaaratsimm<br>P\u00fch\u00e4\u2019 l\u00e4\u00e4v\u00e4\u2019 \u00e4r&#8217;<\/p>\n\n\n<h2 class=\"post-to-page-title\">_____________________________<\/h2>\n<div class=\"post-to-page-content\">\n<\/div>\n<span class=\"post-to-page-image\"><a href=\"https:\/\/regilaulik.folklore.ee\/vorumaa\/1\/kallondrilauluq\/suvi\/__-8\/\"><\/a><\/span>\n<span class=\"post-to-page-readmore\"><a href=\"https:\/\/regilaulik.folklore.ee\/vorumaa\/1\/kallondrilauluq\/suvi\/__-8\/\">Read more...<\/a><\/span>\n<span class=\"post-to-page-comment-count\">0 comments<\/span>\n<hr class=\"post-to-page-separator\" \/>\n<h2 class=\"post-to-page-title\">_J a a n i l a u l u_<\/h2>\n<div class=\"post-to-page-content\">\n<\/div>\n<span class=\"post-to-page-image\"><a href=\"https:\/\/regilaulik.folklore.ee\/vorumaa\/1\/kallondrilauluq\/suvi\/_j-a-a-n-i-l-a-u-l-u_\/\"><\/a><\/span>\n<span class=\"post-to-page-readmore\"><a href=\"https:\/\/regilaulik.folklore.ee\/vorumaa\/1\/kallondrilauluq\/suvi\/_j-a-a-n-i-l-a-u-l-u_\/\">Read more...<\/a><\/span>\n<span class=\"post-to-page-comment-count\">0 comments<\/span>\n<hr class=\"post-to-page-separator\" \/>\n<h2 class=\"post-to-page-title\">1. JAANI, SAANI (Hrg)<\/h2>\n<div class=\"post-to-page-content\">\n\n<p class=\"has-text-align-right\"><em>Hargla<\/em><\/p>\n\n\n\n<p class=\"has-medium-font-size\">Jaanip\u00e4\u00e4v\u00e4 kombist<\/p>\n\n\n\n<ol><li><\/li><\/ol>\n\n\n\n<figure class=\"wp-block-image size-large\"><img loading=\"lazy\" width=\"632\" height=\"237\" src=\"https:\/\/regilaulik.folklore.ee\/vorumaa\/wp-content\/uploads\/1_intern_1var_Harg_RKM_II_64_434_11_2r_liigo_.gif\" alt=\"\" class=\"wp-image-13434\"\/><\/figure>\n\n\n\n<p>2.<\/p>\n\n\n\n<figure class=\"wp-block-image size-large\"><img loading=\"lazy\" width=\"632\" height=\"237\" src=\"https:\/\/regilaulik.folklore.ee\/vorumaa\/wp-content\/uploads\/1_intern_2var_Harg_RKM_II_64_434_11_2r_jaani_.gif\" alt=\"\" class=\"wp-image-13435\"\/><\/figure>\n\n\n\n<p><em>Jaanip\u00e4\u00e4v\u00e4 puulp\u00e4\u00e4v\u00e4 minti \u00f5dagu nurm\u00f5. K\u00e4\u00fcti \u00fcmbre vil\u00e4 ja pall\u00f5ldi Jaani:<\/em><\/p>\n\n\n\n<p>JAAN, SA OL\u00d5T RIKAS MIIS,<br><em>jaani, jaani,<\/em><br>tul\u00f5q miiq tulits\u00f5il\u00f5,<br>tuuq meile pall&#8217;u vilja,<br>r\u00fcp\u00fct\u00e4\u00fcs r\u00fcki,<br>seegat\u00e4\u00fcs se\u00e4tseid,<br>kausit\u00e4\u00fcs kaaru,<br>vakat\u00e4\u00fcs vannaraha.<\/p>\n\n\n\n<p>Nurm\u00f5 l\u00e4tsiq \u00f5nn\u00f5 uma perre liikm\u00f5q, es\u00e4, im\u00e4, lats\u00f5q jne. Es lauldaq mitte \u00fcmbre vil\u00e4 k\u00e4vven, a loeti h\u00fcmisten. Tuud teiq \u00f5nn\u00f5 van\u00f5mbaq inemiseq, a noor\u00f5q ja \u00fctentulnuq lats\u00f5q niisama k\u00e4veq.<\/p>\n\n\n\n<p class=\"has-small-font-size\">Viis: RKM II 64, 434 (11) &lt; Hargla (Valga raj) \u2013 Helgi Sirmais &lt; Aliide Saag, 71 a (1957).<br>Tekst: E 73074\/5 &lt; Hargla khk, M\u00f5niste v \u2013 Valga Poeglaste G\u00fcmnaasiumi \u00f5pilane &lt; Hipp Jakobson (1931).<\/p>\n<\/div>\nTagged in: <span class=\"post-to-page-tags\"><a href=\"https:\/\/regilaulik.folklore.ee\/vorumaa\/tag\/hargla_\/\">hargla_<\/a><\/span><span class=\"post-to-page-tags\"><a href=\"https:\/\/regilaulik.folklore.ee\/vorumaa\/tag\/jaanilaulud_\/\">jaanilaulud_<\/a><\/span><span class=\"post-to-page-image\"><a href=\"https:\/\/regilaulik.folklore.ee\/vorumaa\/1\/kallondrilauluq\/suvi\/1-jaani-saani-hrg\/\"><\/a><\/span>\n<span class=\"post-to-page-readmore\"><a href=\"https:\/\/regilaulik.folklore.ee\/vorumaa\/1\/kallondrilauluq\/suvi\/1-jaani-saani-hrg\/\">Read more...<\/a><\/span>\n<span class=\"post-to-page-comment-count\">0 comments<\/span>\n<hr class=\"post-to-page-separator\" \/>\n<h2 class=\"post-to-page-title\">2. JAAN TULL' PIKK\u00c4 P\u00d5LDU M\u00dc\u00dcD\u00c4 (Hrg)<\/h2>\n<div class=\"post-to-page-content\">\n\n<p class=\"has-text-align-right\"><em>Hargla<\/em><\/p>\n\n\n\n<p class=\"has-medium-font-size\">Jaanilaul<\/p>\n\n\n\n<ol><li><\/li><\/ol>\n\n\n\n<figure class=\"wp-block-image size-large\"><img loading=\"lazy\" width=\"632\" height=\"465\" src=\"https:\/\/regilaulik.folklore.ee\/vorumaa\/wp-content\/uploads\/2_intern_1_pool_Hrg_ERA_Pl_24_B3_4rr_lisaAB.gif\" alt=\"\" class=\"wp-image-13438\"\/><\/figure>\n\n\n\n<figure class=\"wp-block-image size-large\"><img loading=\"lazy\" width=\"632\" height=\"579\" src=\"https:\/\/regilaulik.folklore.ee\/vorumaa\/wp-content\/uploads\/2_intern_2_pool_Hrg_ERA_Pl_24_B3_5r_lisaAB.gif\" alt=\"\" class=\"wp-image-13439\"\/><\/figure>\n\n\n\n<p>2.<\/p>\n\n\n\n<figure class=\"wp-block-image size-large\"><img loading=\"lazy\" width=\"632\" height=\"237\" src=\"https:\/\/regilaulik.folklore.ee\/vorumaa\/wp-content\/uploads\/2_intern_viis2_Hrg_ERA_III_7_127_8_6_2rr_.gif\" alt=\"\" class=\"wp-image-13440\"\/><\/figure>\n\n\n\n<p>JAAN TULL&#8217; PIKK\u00c4 P\u00d5LDU M\u00dc\u00dcD\u00c4,<em> liiga, liiga,<\/em><br>Jaan tull&#8217; kuldakondu m\u00fc\u00fcd\u00e4, liiga, liiga,<br>ligi t\u00f5i ta liia\u00f5nn\u00f5,<em> liiga, liiga,<\/em><br>kaasa t\u00f5i\u00f5 karja\u00f5nn\u00f5, l<em>iiga, liiga,<\/em><br>Jaan t\u00f5i pik\u00e4 piim\u00e4p\u00fct\u00fc, <em>liiga, liiga,<\/em><br>Jaan t\u00f5i korg\u00f5 koor\u00f5kanni, <em>liiga, liiga,<\/em><br>madaliku v\u00f5iupunna, <em>liiga, liiga,<\/em><br>Jaan t\u00f5i r\u00fc\u00e4 r\u00fcp\u00fcga,<em> liiga, liiga,<\/em><br>kaara t\u00f5i\u00f5 kaindl\u00f5n, <em>liiga, liiga,<\/em><br>kesv\u00e4 t\u00f5i\u00f5 kindan, <em>liiga, liiga.<\/em><\/p>\n\n\n\n<p class=\"has-small-font-size\">Tekst ja viis: ERA Pl 24 B3 &lt; Hargla khk, Taheva v, Hargla al \u2013 Heliplaadistatud Riigi Ringh\u00e4\u00e4lingus &lt; Liis Peltser, 78 a (1936).<br>Viis 2: ERA III 7, 127\/8 (6) &lt; Hargla khk, Taheva v \u2013 H. Tampere &lt; Liis Peltser (s\u00fcnd M\u00f5niste v), 77 a (1935).<\/p>\n<\/div>\nTagged in: <span class=\"post-to-page-tags\"><a href=\"https:\/\/regilaulik.folklore.ee\/vorumaa\/tag\/hargla_\/\">hargla_<\/a><\/span><span class=\"post-to-page-tags\"><a href=\"https:\/\/regilaulik.folklore.ee\/vorumaa\/tag\/jaanilaulud_\/\">jaanilaulud_<\/a><\/span><span class=\"post-to-page-image\"><a href=\"https:\/\/regilaulik.folklore.ee\/vorumaa\/1\/kallondrilauluq\/suvi\/2-jaan-tull-pikka-poldu-muuda-hrg\/\"><\/a><\/span>\n<span class=\"post-to-page-readmore\"><a href=\"https:\/\/regilaulik.folklore.ee\/vorumaa\/1\/kallondrilauluq\/suvi\/2-jaan-tull-pikka-poldu-muuda-hrg\/\">Read more...<\/a><\/span>\n<span class=\"post-to-page-comment-count\">0 comments<\/span>\n<hr class=\"post-to-page-separator\" \/>\n<h2 class=\"post-to-page-title\">3. JAAN TULL' SII\u00c4\u2019 MAAL\u00d5 (Hrg)<\/h2>\n<div class=\"post-to-page-content\">\n\n<p class=\"has-text-align-right\"><em>Hargla<\/em><\/p>\n\n\n\n<p class=\"has-medium-font-size\">Jaanilaul<\/p>\n\n\n\n<p>*<\/p>\n\n\n\n<p>JAAN TULL&#8217; SII\u00c4\u2019 MAAL\u00d5,<br><em>liiga, liiga,<\/em><br>ommi latsi \u00fcle kaema.<br>Mis na seiv\u00e4\u2019, mis na jeiv\u00e4\u2019?<br>\u00d5lut jeiv\u00e4\u2019, saia seiv\u00e4\u2019.<br>Jaan t\u00f5i kesvi kindaga,<br>kaaru t\u00f5 kaputaga,<br>r\u00fcki t\u00f5ie r\u00fcp\u00fcga.<br>T\u00f5ie pik\u00e4 p\u00e4\u00e4l\u00fcsep\u00fct\u00fc.<br>Vatsk oll&#8217; vakalaiun\u00f5,<br>s\u00f5ir oll&#8217; s\u00f5glasuurun\u00f5.<br>Jaanil naan\u00f5 kaonu\u2019,<br>t\u00f5\u00f5s\u00f5l p\u00e4\u00e4v\u00e4l k\u00e4tte saie.<br>Kuul\u00f5\u2019, vana jaaniim\u00e4,<br>kui ei anna\u2019 s\u00f5irapiim\u00e4,<br>sis su lehm\u00e4\u2019 ahtr\u00f5s j\u00e4\u00e4v\u00e4\u2019.<br>Kuul\u00f5\u2019, vana jaanies\u00e4,<br>kui ei anna\u2019 l\u00e4mmind \u00f5lut,<br>sis sul kesv\u00e4\u2019 hukka l\u00e4\u00e4v\u00e4\u2019.<\/p>\n\n\n\n<p>S. L\u00e4tt: No kus niimoodi lauldi?<br>A. Mesin: Jaanitul\u00f5 man. K\u00f5ik tands\u00f5\u2019 \u00fcmbre jaanitul\u00f5 ja lauli\u2019 ja m\u00e4ngiti ja mis tetti k\u00f5kk\u00f5 vigurit.<\/p>\n\n\n\n<p class=\"has-small-font-size\">RKM, Mgn. II 746 a &lt; Hargla khk, M\u00f5niste v, Saru k \u2013 S. L\u00e4tt &lt; Anne Mesin, 75 a (1962). Lit. E. Tampere (1983).<\/p>\n<\/div>\nTagged in: <span class=\"post-to-page-tags\"><a href=\"https:\/\/regilaulik.folklore.ee\/vorumaa\/tag\/hargla_\/\">hargla_<\/a><\/span><span class=\"post-to-page-tags\"><a href=\"https:\/\/regilaulik.folklore.ee\/vorumaa\/tag\/jaanilaulud_\/\">jaanilaulud_<\/a><\/span><span class=\"post-to-page-image\"><a href=\"https:\/\/regilaulik.folklore.ee\/vorumaa\/1\/kallondrilauluq\/suvi\/3-jaan-tull-siia-maalo-hrg\/\"><\/a><\/span>\n<span class=\"post-to-page-readmore\"><a href=\"https:\/\/regilaulik.folklore.ee\/vorumaa\/1\/kallondrilauluq\/suvi\/3-jaan-tull-siia-maalo-hrg\/\">Read more...<\/a><\/span>\n<span class=\"post-to-page-comment-count\">0 comments<\/span>\n<hr class=\"post-to-page-separator\" \/>\n<h2 class=\"post-to-page-title\">4,  JAAN TULL' UMMI LATSI KAEM\u00d5 (Hrg)<\/h2>\n<div class=\"post-to-page-content\">\n\n<p class=\"has-text-align-right\"><em>Hargla<\/em><\/p>\n\n\n\n<p class=\"has-medium-font-size\">Jaanilaul<\/p>\n\n\n\n<figure class=\"wp-block-image size-large\"><img loading=\"lazy\" width=\"632\" height=\"778\" src=\"https:\/\/regilaulik.folklore.ee\/vorumaa\/wp-content\/uploads\/4_intern_Hrg_ERA_III_7_138_9_17_7rr_.gif\" alt=\"\" class=\"wp-image-13446\"\/><\/figure>\n\n\n\n<p>JAAN TULL UMMI LATSI KAEM\u00d5,<br><em>liigu, liigu,<\/em><br>mis n\u00e4 s\u00f6\u00f6v\u00e4\u2019, mis n\u00e4 joova\u2019.<br>Saia s\u00f6\u00f6v\u00e4\u2019, olut joova\u2019.<br>Jaan l\u00e4ts&#8217; \u00fcle ninniniid\u00fc,<br>ninniniid\u00fc, kulla konnu.<br>Jaaniliht l\u00f5igas&#8217; jala,<br>pilliruugu pistse silm\u00e4.<\/p>\n\n\n\n<p class=\"has-small-font-size\">ERA III 7, 138\/9 (17) &lt; Hargla khk, Taheva v, Kirepi t \u2013 H. Tampere &lt; Leena Kahr (Karh), 78 a (1935)<\/p>\n<\/div>\nTagged in: <span class=\"post-to-page-tags\"><a href=\"https:\/\/regilaulik.folklore.ee\/vorumaa\/tag\/hargla_\/\">hargla_<\/a><\/span><span class=\"post-to-page-tags\"><a href=\"https:\/\/regilaulik.folklore.ee\/vorumaa\/tag\/jaanilaulud_\/\">jaanilaulud_<\/a><\/span><span class=\"post-to-page-image\"><a href=\"https:\/\/regilaulik.folklore.ee\/vorumaa\/1\/kallondrilauluq\/suvi\/4-jaan-tull-ummi-latsi-kaemo-hrg\/\"><\/a><\/span>\n<span class=\"post-to-page-readmore\"><a href=\"https:\/\/regilaulik.folklore.ee\/vorumaa\/1\/kallondrilauluq\/suvi\/4-jaan-tull-ummi-latsi-kaemo-hrg\/\">Read more...<\/a><\/span>\n<span class=\"post-to-page-comment-count\">0 comments<\/span>\n<hr class=\"post-to-page-separator\" \/>\n<h2 class=\"post-to-page-title\">5, KAARA-JAAN, AI KAARA-JAAN (Kan)<\/h2>\n<div class=\"post-to-page-content\">\n\n<p class=\"has-text-align-right\"><em>Kanepi<\/em><\/p>\n\n\n\n<p class=\"has-medium-font-size\">Tandsulaul<\/p>\n\n\n\n<p>*<\/p>\n\n\n\n<p>AI KAARA-JAAN, AI KAARA JAAN,<br>ai karga\u2019 v\u00e4ll\u00e4 kaema,<br>kas omma\u2019 kesv\u00e4\u2019 keerulids\u00f5\u2019,<br>kaara\u2019 katsakandilids\u00f5\u2019.<br>Ai kaara Jaan, ai kaara Jaan,<br>ai karga\u2019 tarr\u00f5 kaema,<br>kas omma\u2019 parr\u00f5\u2019 paaristikku,<br>vai omma\u2019 vaia\u2019 vastastikku.<br>Ai kaara Jaan, ai kaara Jaan,<br>ai karga\u2019 v\u00e4ll\u00e4 kaema,<br>kas om kikas kesv\u00e4n k\u00e4\u00fcn\u00fc\u2019,<br>s\u00e4idse terr\u00e4 \u00e4r\u00e4\u2019 s\u00f6\u00f6n\u00fc\u2019.<\/p>\n\n\n\n<p class=\"has-small-font-size\">Viis: RKM, Mgn. II 1406 a &lt; Tartu l &lt; Kanepi \u2013 I. R\u00fc\u00fctel &lt; Rosalie Kelus (s\u00fcnd 1904, p\u00e4rit Puskarust) (1968).<br>Tekst: ERA II 36, 215 (1) &lt; Kanepi khk, Erastvere v, Kanepi kirikum\u00f5is \u2013 R. Viidebaum &lt; Liljanna Heimann, 7 a (kuuldud kirikum\u00f5isa teenijalt Alma Heiterilt, kes p\u00e4rit Kanepi kihelkonnast) (1931). Fon 245 h.<\/p>\n<\/div>\nTagged in: <span class=\"post-to-page-tags\"><a href=\"https:\/\/regilaulik.folklore.ee\/vorumaa\/tag\/jaanilaulud_\/\">jaanilaulud_<\/a><\/span><span class=\"post-to-page-tags\"><a href=\"https:\/\/regilaulik.folklore.ee\/vorumaa\/tag\/kanepi_\/\">kanepi_<\/a><\/span><span class=\"post-to-page-image\"><a href=\"https:\/\/regilaulik.folklore.ee\/vorumaa\/1\/kallondrilauluq\/suvi\/5-kaara-jaan-ai-kaara-jaan-kan\/\"><\/a><\/span>\n<span class=\"post-to-page-readmore\"><a href=\"https:\/\/regilaulik.folklore.ee\/vorumaa\/1\/kallondrilauluq\/suvi\/5-kaara-jaan-ai-kaara-jaan-kan\/\">Read more...<\/a><\/span>\n<span class=\"post-to-page-comment-count\">0 comments<\/span>\n<hr class=\"post-to-page-separator\" \/>\n<h2 class=\"post-to-page-title\">6.  KAARATSIMM (Kan)<\/h2>\n<div class=\"post-to-page-content\">\n\n<p class=\"has-text-align-right\"><em>Kanepi<\/em><\/p>\n\n\n\n<p class=\"has-medium-font-size\">Tandsulaul<\/p>\n\n\n\n<p>*<\/p>\n\n\n\n<p>AI KAARATSIMM, AI KAARATSIMM,<br>ai karga\u2019 v\u00e4ll\u00e4 kaema,<br>kas omma\u2019 kesv\u00e4\u2019 keerulids\u00f5\u2019,<br>kaara\u2019 katsakandilids\u00f5\u2019.<br>Ai kaaratsimm, ai kaaratsimm,<br>ai karga\u2019 tarr\u00f5 kaema,<br>kas omma\u2019 parr\u00f5\u2019 paaristikku,<br>vai omma\u2019 vaia\u2019 vastastikku.<br>Ai kaaratsimm, ai kaaratsimm,<br>ai karga\u2019 v\u00e4ll\u00e4 kaema,<br>kas om kikas kesv\u00e4n k\u00e4\u00fcn\u00fc\u2019,<br>s\u00e4idse terr\u00e4 \u00e4r\u00e4\u2019 s\u00f6\u00f6n\u00fc\u2019.<\/p>\n\n\n\n<p>Seo om \u00fcts vanaaign\u00f5 kaaratsimm, mis vanaim\u00e4 meile opas&#8217;. Per\u00e4n mi naksi tandsma kaaratsimmi, laulma Kaara-Jaani.<\/p>\n\n\n\n<p class=\"has-small-font-size\">RKM, Mgn. II 1406 a &lt; Tartu l \u2013 I. R\u00fc\u00fctel &lt; Rosalie Kelus, 64 a (p\u00e4rit Puskarust, Kanepi khk) (1968). Lit. E. Tampere (1988).<\/p>\n\n\n\n<p><\/p>\n<\/div>\nTagged in: <span class=\"post-to-page-tags\"><a href=\"https:\/\/regilaulik.folklore.ee\/vorumaa\/tag\/jaanilaulud_\/\">jaanilaulud_<\/a><\/span><span class=\"post-to-page-tags\"><a href=\"https:\/\/regilaulik.folklore.ee\/vorumaa\/tag\/kanepi_\/\">kanepi_<\/a><\/span><span class=\"post-to-page-image\"><a href=\"https:\/\/regilaulik.folklore.ee\/vorumaa\/1\/kallondrilauluq\/suvi\/6-kaaratsimm-kan\/\"><\/a><\/span>\n<span class=\"post-to-page-readmore\"><a href=\"https:\/\/regilaulik.folklore.ee\/vorumaa\/1\/kallondrilauluq\/suvi\/6-kaaratsimm-kan\/\">Read more...<\/a><\/span>\n<span class=\"post-to-page-comment-count\">0 comments<\/span>\n<hr class=\"post-to-page-separator\" \/>\n<h2 class=\"post-to-page-title\">7. \u00c4R\u00c4\u2019 L\u00c4\u00c4V\u00c4\u2019 P\u00dcHIKESE\u2019 (Rp)<\/h2>\n<div class=\"post-to-page-content\">\n\n<p class=\"has-text-align-right\"><em>\u00a0R\u00e4pin\u00e4<\/em><\/p>\n\n\n\n<p class=\"has-medium-font-size\">P\u00fch\u00e4\u2019 l\u00e4\u00e4v\u00e4\u2019 \u00e4r\u2019<\/p>\n\n\n\n<figure class=\"wp-block-image size-large\"><img loading=\"lazy\" width=\"632\" height=\"341\" src=\"https:\/\/regilaulik.folklore.ee\/vorumaa\/wp-content\/uploads\/7_intern_Rap_EYS_VIII_168_40_3rr_.gif\" alt=\"\" class=\"wp-image-13453\"\/><\/figure>\n\n\n\n<p>\u00c4R\u00c4\u2019 L\u00c4\u00c4V\u00c4\u2019 P\u00dcHIKESE\u2019,<br>\u00e4r\u00e4\u2019 kaos kallis aigo,<br><em>ai kaaratsimm, ai kaaratsimm,<br>ai karga\u2019 v\u00e4ll\u00e4 kaema.<\/em><br>Tulk\u00f5\u2019 j\u00e4lle\u2019 t\u00f5\u00f5s\u00f5 k\u00f5rra,<br>astk\u00f5\u2019 j\u00e4lle\u2019 t\u00f5\u00f5s\u00f5l aas\u00b4tal,<br><em>ai kaaratsimm, ai kaaratsimm,<br>ai karga\u2019 v\u00e4ll\u00e4 kaema.<\/em><br>Tulk\u00f5\u2019 ilmal ilosal,<br>tulk\u00f5\u2019 taival tasats\u00f5l,<br><em>ai kaaratsimm, ai kaaratsimm,<br>ai karga\u2019 v\u00e4ll\u00e4 kaema.<\/em><br>L\u00e4tsi ma kurku kumat\u00f5n,<br>l\u00e4tsi s\u00e4lg\u00e4 sirot\u00f5n,<br><em>ai kaaratsimm, ai kaaratsimm,<br>ai karga\u2019 v\u00e4ll\u00e4 kaema.<\/em><br>M\u00f5la kuusine kumasi<br>aar\u00b4o\u2019 valg\u00f5\u2019 vaht\u00f5ritse\u2019,<br><em>ai kaaratsimm, ai kaaratsimm,<br>ai karga\u2019 v\u00e4ll\u00e4 kaema.<\/em><\/p>\n\n\n\n<p class=\"has-small-font-size\">Viis: E\u00dcS VIII 168 (40) &lt; R\u00e4pina khk, Veriora v \u2013 A. Sibul &lt; Alide V. (1912 &lt; 1903\/5).<br>Tekst: H II 32, 825\/6 (7) &lt; R\u00e4pina khk \u2013 J. Poolakess (1889).<\/p>\n<\/div>\nTagged in: <span class=\"post-to-page-tags\"><a href=\"https:\/\/regilaulik.folklore.ee\/vorumaa\/tag\/jaanilaulud_\/\">jaanilaulud_<\/a><\/span><span class=\"post-to-page-tags\"><a href=\"https:\/\/regilaulik.folklore.ee\/vorumaa\/tag\/rapina_\/\">r\u00e4pina_<\/a><\/span><span class=\"post-to-page-image\"><a href=\"https:\/\/regilaulik.folklore.ee\/vorumaa\/1\/kallondrilauluq\/suvi\/7-ara-laava-puhikese-rp\/\"><\/a><\/span>\n<span class=\"post-to-page-readmore\"><a href=\"https:\/\/regilaulik.folklore.ee\/vorumaa\/1\/kallondrilauluq\/suvi\/7-ara-laava-puhikese-rp\/\">Read more...<\/a><\/span>\n<span class=\"post-to-page-comment-count\">0 comments<\/span>\n<hr class=\"post-to-page-separator\" \/>\n","protected":false},"excerpt":{"rendered":"<p>Jaan tull&#8217; pikk\u00e4 p\u00f5ldu m\u00fc\u00fcd\u00e4Jaan tull&#8217; ummi latsi kaem\u00f5KaaratsimmP\u00fch\u00e4\u2019 l\u00e4\u00e4v\u00e4\u2019 \u00e4r&#8217;<\/p>\n","protected":false},"author":1,"featured_media":0,"parent":528,"menu_order":0,"comment_status":"closed","ping_status":"closed","template":"content-sidebar-page.php","meta":{"ngg_post_thumbnail":0},"_links":{"self":[{"href":"https:\/\/regilaulik.folklore.ee\/vorumaa\/wp-json\/wp\/v2\/pages\/634"}],"collection":[{"href":"https:\/\/regilaulik.folklore.ee\/vorumaa\/wp-json\/wp\/v2\/pages"}],"about":[{"href":"https:\/\/regilaulik.folklore.ee\/vorumaa\/wp-json\/wp\/v2\/types\/page"}],"author":[{"embeddable":true,"href":"https:\/\/regilaulik.folklore.ee\/vorumaa\/wp-json\/wp\/v2\/users\/1"}],"replies":[{"embeddable":true,"href":"https:\/\/regilaulik.folklore.ee\/vorumaa\/wp-json\/wp\/v2\/comments?post=634"}],"version-history":[{"count":16,"href":"https:\/\/regilaulik.folklore.ee\/vorumaa\/wp-json\/wp\/v2\/pages\/634\/revisions"}],"predecessor-version":[{"id":13605,"href":"https:\/\/regilaulik.folklore.ee\/vorumaa\/wp-json\/wp\/v2\/pages\/634\/revisions\/13605"}],"up":[{"embeddable":true,"href":"https:\/\/regilaulik.folklore.ee\/vorumaa\/wp-json\/wp\/v2\/pages\/528"}],"wp:attachment":[{"href":"https:\/\/regilaulik.folklore.ee\/vorumaa\/wp-json\/wp\/v2\/media?parent=634"}],"curies":[{"name":"wp","href":"https:\/\/api.w.org\/{rel}","templated":true}]}}