{"id":651,"date":"2013-07-15T14:58:22","date_gmt":"2013-07-15T11:58:22","guid":{"rendered":"http:\/\/regilaulik.folklore.ee\/virumaa\/?page_id=651"},"modified":"2021-07-22T16:13:34","modified_gmt":"2021-07-22T13:13:34","slug":"odagust-yyniq","status":"publish","type":"page","link":"https:\/\/regilaulik.folklore.ee\/vorumaa\/aotsoor\/paavast-paiva\/odagust-yyniq\/","title":{"rendered":"\u00d5dagust \u00fc\u00fcniq"},"content":{"rendered":"<p><span style=\"font-size: 14pt;\">\u00d5itsilk\u00e4imine oli kohap\u00e4\u00e4l veel kombeks 60-70 aastat tagasi.<\/span> <span style=\"font-size: 12pt;\">\u00d5itsil k\u00e4idi k\u00f5ige rohkem kevadel, p\u00f5llutegemise ajal. Kui hobustel oli kange t\u00f6\u00f6, siis k\u00e4idi \u00f5itsis, n\u00e4it. s\u00f5nnikuveo ajal. Samuti k\u00e4idi \u00f5itsis p\u00fchade ajal ning laup\u00e4eviti ja p\u00fchap\u00e4eviti.<\/span><br \/>\n<span style=\"font-size: 12pt;\"> \u00d5itsil k\u00e4isid k\u00f5ik: t\u00fcdrukud, poisid ja vanemad mehed. Mehed ja poisid k\u00e4isid sellep\u00e4rast t\u00fcdrukutega kaasas, et oli palju hunte. Hobused pandi kammitsasse, aga nad olid p\u00e4eva t\u00f6\u00f6st v\u00e4sinud ja sellep\u00e4rast ei tikkunudki kuhugi minema.<\/span><br \/>\n<span style=\"font-size: 12pt;\"> P\u00e4\u00e4komme \u00f5itsil k\u00e4ies oli tuletegemine, st. \u00f5itsituli. <\/span>(Villem Roorberg Otep\u00e4\u00e4lt, 1938)<\/p>\n<p style=\"text-align: right;\"><span style=\"font-size: 14pt;\"><strong>Kuhu teeme \u00f5itsitule<\/strong><\/span><br \/>\n<span style=\"font-size: 14pt;\"> <strong> \u00d5itsiliste laulud<\/strong><\/span><\/p>\n\n","protected":false},"excerpt":{"rendered":"<p>\u00d5itsilk\u00e4imine oli kohap\u00e4\u00e4l veel kombeks 60-70 aastat tagasi. \u00d5itsil k\u00e4idi k\u00f5ige rohkem kevadel, p\u00f5llutegemise ajal. Kui hobustel oli kange t\u00f6\u00f6, siis k\u00e4idi \u00f5itsis, n\u00e4it. s\u00f5nnikuveo ajal. Samuti k\u00e4idi \u00f5itsis p\u00fchade ajal ning laup\u00e4eviti ja p\u00fchap\u00e4eviti. \u00d5itsil k\u00e4isid k\u00f5ik: t\u00fcdrukud, poisid<a href=\"https:\/\/regilaulik.folklore.ee\/vorumaa\/aotsoor\/paavast-paiva\/odagust-yyniq\/\" class=\"read-more\">Continue Reading<\/a><\/p>\n","protected":false},"author":1,"featured_media":0,"parent":509,"menu_order":0,"comment_status":"closed","ping_status":"closed","template":"content-sidebar-page.php","meta":{"ngg_post_thumbnail":0},"_links":{"self":[{"href":"https:\/\/regilaulik.folklore.ee\/vorumaa\/wp-json\/wp\/v2\/pages\/651"}],"collection":[{"href":"https:\/\/regilaulik.folklore.ee\/vorumaa\/wp-json\/wp\/v2\/pages"}],"about":[{"href":"https:\/\/regilaulik.folklore.ee\/vorumaa\/wp-json\/wp\/v2\/types\/page"}],"author":[{"embeddable":true,"href":"https:\/\/regilaulik.folklore.ee\/vorumaa\/wp-json\/wp\/v2\/users\/1"}],"replies":[{"embeddable":true,"href":"https:\/\/regilaulik.folklore.ee\/vorumaa\/wp-json\/wp\/v2\/comments?post=651"}],"version-history":[{"count":22,"href":"https:\/\/regilaulik.folklore.ee\/vorumaa\/wp-json\/wp\/v2\/pages\/651\/revisions"}],"predecessor-version":[{"id":12885,"href":"https:\/\/regilaulik.folklore.ee\/vorumaa\/wp-json\/wp\/v2\/pages\/651\/revisions\/12885"}],"up":[{"embeddable":true,"href":"https:\/\/regilaulik.folklore.ee\/vorumaa\/wp-json\/wp\/v2\/pages\/509"}],"wp:attachment":[{"href":"https:\/\/regilaulik.folklore.ee\/vorumaa\/wp-json\/wp\/v2\/media?parent=651"}],"curies":[{"name":"wp","href":"https:\/\/api.w.org\/{rel}","templated":true}]}}